{"id":12345,"date":"2023-02-01T21:37:46","date_gmt":"2023-02-01T20:37:46","guid":{"rendered":"https:\/\/maison1934.com\/in-der-umgebung\/die-natur-erkunden\/randonnees\/"},"modified":"2025-03-16T01:01:31","modified_gmt":"2025-03-16T00:01:31","slug":"wanderungen","status":"publish","type":"page","link":"https:\/\/maison1934.com\/de\/in-der-umgebung\/die-natur-erkunden\/wanderungen\/","title":{"rendered":"Wanderungen"},"content":{"rendered":"\t\t<div data-elementor-type=\"wp-page\" data-elementor-id=\"12345\" class=\"elementor elementor-12345 elementor-12246\">\n\t\t\t\t\t\t<section class=\"elementor-section elementor-top-section elementor-element elementor-element-76b53e5 elementor-section-full_width elementor-section-height-min-height elementor-section-height-default elementor-section-items-middle\" data-id=\"76b53e5\" data-element_type=\"section\" data-settings=\"{&quot;background_background&quot;:&quot;classic&quot;}\">\n\t\t\t\t\t\t\t<div class=\"elementor-background-overlay\"><\/div>\n\t\t\t\t\t\t\t<div class=\"elementor-container elementor-column-gap-default\">\n\t\t\t\t\t<div class=\"elementor-column elementor-col-100 elementor-top-column elementor-element elementor-element-00cde44\" data-id=\"00cde44\" data-element_type=\"column\">\n\t\t\t<div class=\"elementor-widget-wrap elementor-element-populated\">\n\t\t\t\t\t\t<div class=\"elementor-element elementor-element-63af8ce elementor-widget elementor-widget-spacer\" data-id=\"63af8ce\" data-element_type=\"widget\" data-widget_type=\"spacer.default\">\n\t\t\t\t<div class=\"elementor-widget-container\">\n\t\t\t\t\t\t\t<div class=\"elementor-spacer\">\n\t\t\t<div class=\"elementor-spacer-inner\"><\/div>\n\t\t<\/div>\n\t\t\t\t\t\t<\/div>\n\t\t\t\t<\/div>\n\t\t\t\t<div class=\"elementor-element elementor-element-a361878 elementor-view-default elementor-position-top elementor-invisible elementor-widget elementor-widget-themo-header\" data-id=\"a361878\" data-element_type=\"widget\" data-settings=\"{&quot;_animation&quot;:&quot;fadeIn&quot;}\" data-widget_type=\"themo-header.default\">\n\t\t\t\t<div class=\"elementor-widget-container\">\n\t\t\t\t\t\t\t<div class=\"th-header-wrap\">\n        <div class=\"elementor-icon-box-wrapper \">\n                            <div class=\"elementor-icon-box-content\">\n                    <h1 class=\"elementor-icon-box-title\">\n                        Sport der Entdeckung und Kontemplation                    <\/h1>\n                                        <p class=\"elementor-icon-box-description\">Um sich einigen der sch\u00f6nsten Wanderungen hinzugeben, frische Luft zu schnappen und die Wege rund um das Maison 1934 in Colmar zu erkunden.<\/p>\n\n                                    <\/div>\n            <\/div>\n\n        <\/div>\n\n\t\t\t\t\t\t<\/div>\n\t\t\t\t<\/div>\n\t\t\t\t\t<\/div>\n\t\t<\/div>\n\t\t\t\t\t<\/div>\n\t\t<\/section>\n\t\t\t\t<section class=\"elementor-section elementor-top-section elementor-element elementor-element-2d03381 elementor-section-full_width elementor-section-height-default elementor-section-height-default\" data-id=\"2d03381\" data-element_type=\"section\">\n\t\t\t\t\t\t<div class=\"elementor-container elementor-column-gap-default\">\n\t\t\t\t\t<div class=\"elementor-column elementor-col-50 elementor-top-column elementor-element elementor-element-76733db\" data-id=\"76733db\" data-element_type=\"column\" data-settings=\"{&quot;background_background&quot;:&quot;classic&quot;}\">\n\t\t\t<div class=\"elementor-widget-wrap elementor-element-populated\">\n\t\t\t\t\t\t<div class=\"elementor-element elementor-element-e0d0317 elementor-position-left elementor-view-default elementor-widget elementor-widget-themo-header\" data-id=\"e0d0317\" data-element_type=\"widget\" data-widget_type=\"themo-header.default\">\n\t\t\t\t<div class=\"elementor-widget-container\">\n\t\t\t\t\t\t\t<div class=\"th-header-wrap\">\n        <div class=\"elementor-icon-box-wrapper \">\n                            <div class=\"elementor-icon-box-content\">\n                    <h3 class=\"elementor-icon-box-title\">\n                        Ein au\u00dfergew\u00f6hnliches Spielfeld                    <\/h3>\n                                        <p class=\"elementor-icon-box-description\">Ob sportlich und\/oder kontemplativ, Wandern ist im Elsass zu jeder Jahreszeit m\u00f6glich!  \r\nDie vom Rhein umflossene und von den Vogesen umschlossene Region verf\u00fcgt \u00fcber ein wundersch\u00f6nes Naturerbe und eine Vielzahl an vom Vogesenclub markierten Wanderwegen, zwischen Burgen, die hinter einer Wegbiegung auftauchen, und tiefen W\u00e4ldern, in denen man frische Luft atmen und sich an der Natur erfreuen kann.\r\nFernab des st\u00e4dtischen L\u00e4rms k\u00f6nnen Sie auf diesen Wanderungen die Zeit anhalten: ein Eintauchen in die wilde Sch\u00f6nheit direkt vor unserer Haust\u00fcr.\r\n\r\n<\/p>\n\n                                    <\/div>\n            <\/div>\n\n        <\/div>\n\n\t\t\t\t\t\t<\/div>\n\t\t\t\t<\/div>\n\t\t\t\t<div class=\"elementor-element elementor-element-3ff40f5 th-btn-align-center elementor-widget elementor-widget-themo-button\" data-id=\"3ff40f5\" data-element_type=\"widget\" data-widget_type=\"themo-button.default\">\n\t\t\t\t<div class=\"elementor-widget-container\">\n\t\t\t\t\t\n                \t\t\t<a class=\"btn-1 btn th-btn btn-standard-primary\" href=\"https:\/\/maison1934.com\/wp-content\/uploads\/2023\/02\/Randonnee-balade-aux-Trois-Chateaux-de-Ribeauville-Maison-1934-bnb-Colmar.pdf\" target=\"_blank\">\n\t\t\t\t\t\t\t\t\tDownload Wanderung zu den drei Schl\u00f6ssern\t\t\t\t\t\t\t<\/a>\n\t\t\n        \n\t\t\t\t\t\t<\/div>\n\t\t\t\t<\/div>\n\t\t\t\t\t<\/div>\n\t\t<\/div>\n\t\t\t\t<div class=\"elementor-column elementor-col-50 elementor-top-column elementor-element elementor-element-2768605\" data-id=\"2768605\" data-element_type=\"column\" data-settings=\"{&quot;background_background&quot;:&quot;classic&quot;}\">\n\t\t\t<div class=\"elementor-widget-wrap elementor-element-populated\">\n\t\t\t\t\t\t<div class=\"elementor-element elementor-element-a0caef6 elementor-widget elementor-widget-spacer\" data-id=\"a0caef6\" data-element_type=\"widget\" data-widget_type=\"spacer.default\">\n\t\t\t\t<div class=\"elementor-widget-container\">\n\t\t\t\t\t\t\t<div class=\"elementor-spacer\">\n\t\t\t<div class=\"elementor-spacer-inner\"><\/div>\n\t\t<\/div>\n\t\t\t\t\t\t<\/div>\n\t\t\t\t<\/div>\n\t\t\t\t\t<\/div>\n\t\t<\/div>\n\t\t\t\t\t<\/div>\n\t\t<\/section>\n\t\t\t\t<section class=\"elementor-section elementor-top-section elementor-element elementor-element-d7c7dd4 elementor-section-full_width elementor-section-height-default elementor-section-height-default\" data-id=\"d7c7dd4\" data-element_type=\"section\" data-settings=\"{&quot;background_background&quot;:&quot;slideshow&quot;,&quot;background_slideshow_gallery&quot;:[{&quot;id&quot;:1858,&quot;url&quot;:&quot;https:\\\/\\\/maison1934.com\\\/wp-content\\\/uploads\\\/2022\\\/04\\\/PSX_20220129_203558-scaled.jpg&quot;}],&quot;background_slideshow_loop&quot;:&quot;yes&quot;,&quot;background_slideshow_slide_duration&quot;:5000,&quot;background_slideshow_slide_transition&quot;:&quot;fade&quot;,&quot;background_slideshow_transition_duration&quot;:500}\">\n\t\t\t\t\t\t<div class=\"elementor-container elementor-column-gap-default\">\n\t\t\t\t\t<div class=\"elementor-column elementor-col-50 elementor-top-column elementor-element elementor-element-9f8f89e\" data-id=\"9f8f89e\" data-element_type=\"column\" data-settings=\"{&quot;background_background&quot;:&quot;classic&quot;}\">\n\t\t\t<div class=\"elementor-widget-wrap elementor-element-populated\">\n\t\t\t\t\t\t<div class=\"elementor-element elementor-element-5eec8c2 elementor-widget elementor-widget-menu-anchor\" data-id=\"5eec8c2\" data-element_type=\"widget\" data-widget_type=\"menu-anchor.default\">\n\t\t\t\t<div class=\"elementor-widget-container\">\n\t\t\t\t\t\t\t<div class=\"elementor-menu-anchor\" id=\"more1\"><\/div>\n\t\t\t\t\t\t<\/div>\n\t\t\t\t<\/div>\n\t\t\t\t<div class=\"elementor-element elementor-element-59ace73 elementor-widget elementor-widget-spacer\" data-id=\"59ace73\" data-element_type=\"widget\" data-widget_type=\"spacer.default\">\n\t\t\t\t<div class=\"elementor-widget-container\">\n\t\t\t\t\t\t\t<div class=\"elementor-spacer\">\n\t\t\t<div class=\"elementor-spacer-inner\"><\/div>\n\t\t<\/div>\n\t\t\t\t\t\t<\/div>\n\t\t\t\t<\/div>\n\t\t\t\t\t<\/div>\n\t\t<\/div>\n\t\t\t\t<div class=\"elementor-column elementor-col-50 elementor-top-column elementor-element elementor-element-1f97a03\" data-id=\"1f97a03\" data-element_type=\"column\" data-settings=\"{&quot;background_background&quot;:&quot;classic&quot;}\">\n\t\t\t<div class=\"elementor-widget-wrap elementor-element-populated\">\n\t\t\t\t\t\t<div class=\"elementor-element elementor-element-621b5c4 elementor-position-left elementor-view-default elementor-widget elementor-widget-themo-header\" data-id=\"621b5c4\" data-element_type=\"widget\" data-widget_type=\"themo-header.default\">\n\t\t\t\t<div class=\"elementor-widget-container\">\n\t\t\t\t\t\t\t<div class=\"th-header-wrap\">\n        <div class=\"elementor-icon-box-wrapper \">\n                            <div class=\"elementor-icon-box-content\">\n                    <h3 class=\"elementor-icon-box-title\">\n                        Ideen f\u00fcr Spazierg\u00e4nge in der Natur                    <\/h3>\n                                        <p class=\"elementor-icon-box-description\">Eine Wanderung ist eine gute Gelegenheit, sich wieder mit der Natur zu verbinden und etwas \u00fcber die lokale Tier- und Pflanzenwelt zu lernen.\r\nZahlreiche gesch\u00fctzte und angelegte Naturgebiete bieten Spazierg\u00e4ngern sch\u00f6ne Routen, um sich zu erholen.  \r\nEin \u00dcberblick \u00fcber 10 kleine Flecken Natur, die es nicht weit von Colmar entfernt zu entdecken gibt :\r\n\r\n1. See von Kruth\r\n2. Die drei Schl\u00f6sser von Ribeauvill\u00e9\r\n3. Der Maria-Raydt-Pfad\r\n4. Der Wei\u00dfe See, der Schwarze See, der Forlet (Forellensee) und der Gr\u00fcne See\r\n5. Der Felsenpfad\r\n6. Burgertsmatt in Fischboedle\r\n7. Der Mont Sainte-Odile und die Schl\u00f6sser von Ottrott\r\n8. Der Rundweg zum Wasserfall von Le Hohwald\r\n9. Das Schlachtfeld von Vieil Armand\r\n10. Der See von Schiessrothried und das Hohneck<\/p>\n\n                                            <div class=\"th-btn-wrap\">\n                                                            <a class=\"btn-1 btn th-btn btn-standard-primary\" href=\"https:\/\/www.visit.alsace\/activites-et-loisirs\/randonnees-balades\/\" target=\"_blank\">\n                                                                            Mehr zu Wanderungen und Spazierg\u00e4ngen                                                                    <\/a>\n                            \n                                                    <\/div>\n                                    <\/div>\n            <\/div>\n\n        <\/div>\n\n\t\t\t\t\t\t<\/div>\n\t\t\t\t<\/div>\n\t\t\t\t\t<\/div>\n\t\t<\/div>\n\t\t\t\t\t<\/div>\n\t\t<\/section>\n\t\t\t\t<section class=\"elementor-section elementor-top-section elementor-element elementor-element-735d80f elementor-section-full_width elementor-section-height-default elementor-section-height-default\" data-id=\"735d80f\" data-element_type=\"section\">\n\t\t\t\t\t\t<div class=\"elementor-container elementor-column-gap-default\">\n\t\t\t\t\t<div class=\"elementor-column elementor-col-50 elementor-top-column elementor-element elementor-element-5b07ac8\" data-id=\"5b07ac8\" data-element_type=\"column\" data-settings=\"{&quot;background_background&quot;:&quot;classic&quot;}\">\n\t\t\t<div class=\"elementor-widget-wrap elementor-element-populated\">\n\t\t\t\t\t\t<div class=\"elementor-element elementor-element-c980e7c elementor-position-left elementor-view-default elementor-widget elementor-widget-themo-header\" data-id=\"c980e7c\" data-element_type=\"widget\" data-widget_type=\"themo-header.default\">\n\t\t\t\t<div class=\"elementor-widget-container\">\n\t\t\t\t\t\t\t<div class=\"th-header-wrap\">\n        <div class=\"elementor-icon-box-wrapper \">\n                            <div class=\"elementor-icon-box-content\">\n                    <h3 class=\"elementor-icon-box-title\">\n                        Ein Traumziel f\u00fcr Outdoor-Fans                    <\/h3>\n                                        <p class=\"elementor-icon-box-description\">Von den G\u00e4rten \u00fcber die zahlreichen Parks bis hin zum Mittelgebirge ist Colmar auch ein Traumziel f\u00fcr Wanderfreunde.\r\n\r\nAuf der einen Seite an das Weinbaugebiet Piemont du Haut-Rhin und auf der anderen Seite an den Regionalen Naturpark Ballons des Vosges angelehnt, k\u00f6nnen Sie einige Stunden wandern, um das Erbe der Schl\u00f6sser, die Weinh\u00e4nge und Weinberge mit endlosen Panoramen zu entdecken und die Natursch\u00e4tze der Vogesen zu erkunden.\r\n\r\nFragen Sie uns: Wir haben zahlreiche Touren f\u00fcr Sie im Angebot!<\/p>\n\n                                            <div class=\"th-btn-wrap\">\n                                                            <a class=\"btn-1 btn th-btn btn-standard-primary\" href=\"https:\/\/maison1934.com\/decouvrez-les-sommets-des-vosges-avec-la-navette-des-cretes\/\" target=\"_blank\">\n                                                                            Mehr erfahren \u00fcber die Navette des Cr\u00eates (die Bergshuttle)                                                                    <\/a>\n                            \n                                                    <\/div>\n                                    <\/div>\n            <\/div>\n\n        <\/div>\n\n\t\t\t\t\t\t<\/div>\n\t\t\t\t<\/div>\n\t\t\t\t\t<\/div>\n\t\t<\/div>\n\t\t\t\t<div class=\"elementor-column elementor-col-50 elementor-top-column elementor-element elementor-element-f979e0c\" data-id=\"f979e0c\" data-element_type=\"column\" data-settings=\"{&quot;background_background&quot;:&quot;classic&quot;}\">\n\t\t\t<div class=\"elementor-widget-wrap elementor-element-populated\">\n\t\t\t\t\t\t<div class=\"elementor-element elementor-element-519ff9d elementor-widget elementor-widget-spacer\" data-id=\"519ff9d\" data-element_type=\"widget\" data-widget_type=\"spacer.default\">\n\t\t\t\t<div class=\"elementor-widget-container\">\n\t\t\t\t\t\t\t<div class=\"elementor-spacer\">\n\t\t\t<div class=\"elementor-spacer-inner\"><\/div>\n\t\t<\/div>\n\t\t\t\t\t\t<\/div>\n\t\t\t\t<\/div>\n\t\t\t\t\t<\/div>\n\t\t<\/div>\n\t\t\t\t\t<\/div>\n\t\t<\/section>\n\t\t\t\t<\/div>\n\t\t","protected":false},"excerpt":{"rendered":"<p>Sport der Entdeckung und Kontemplation Um sich einigen der sch\u00f6nsten Wanderungen hinzugeben, frische Luft zu schnappen und die Wege rund um das Maison 1934 in Colmar zu erkunden. Ein au\u00dfergew\u00f6hnliches Spielfeld Ob sportlich und\/oder kontemplativ, Wandern ist im Elsass zu &hellip; <a href=\"https:\/\/maison1934.com\/de\/in-der-umgebung\/die-natur-erkunden\/wanderungen\/\">Read More<\/a><\/p>\n","protected":false},"author":1,"featured_media":12292,"parent":8642,"menu_order":1,"comment_status":"closed","ping_status":"closed","template":"","meta":{"_acf_changed":false,"footnotes":""},"class_list":["post-12345","page","type-page","status-publish","has-post-thumbnail","hentry"],"acf":[],"yoast_head":"<!-- This site is optimized with the Yoast SEO plugin v26.7 - https:\/\/yoast.com\/wordpress\/plugins\/seo\/ -->\n<title>Wanderungen - Maison 1934<\/title>\n<meta name=\"description\" content=\"Um diesem Sport, bei dem es sowohl um Entdeckung als auch um Kontemplation geht, nachzugehen, finden Sie hier einige Wege, um frische Luft zu schnappen und die Wege rund um das Maison 1934 in Colmar zu erkunden.\" \/>\n<meta name=\"robots\" content=\"index, follow, max-snippet:-1, max-image-preview:large, max-video-preview:-1\" \/>\n<link rel=\"canonical\" href=\"https:\/\/maison1934.com\/de\/in-der-umgebung\/die-natur-erkunden\/wanderungen\/\" \/>\n<meta property=\"og:locale\" content=\"de_DE\" \/>\n<meta property=\"og:type\" content=\"article\" \/>\n<meta property=\"og:title\" content=\"Spazierg\u00e4nge und Wanderungen\" \/>\n<meta property=\"og:description\" content=\"Um diesem Sport, bei dem es sowohl um Entdeckung als auch um Kontemplation geht, nachzugehen, finden Sie hier einige Wege, um frische Luft zu schnappen und die Wege rund um das Maison 1934 in Colmar zu erkunden.\" \/>\n<meta property=\"og:url\" content=\"https:\/\/maison1934.com\/de\/in-der-umgebung\/die-natur-erkunden\/wanderungen\/\" \/>\n<meta property=\"og:site_name\" content=\"Maison 1934\" \/>\n<meta property=\"article:modified_time\" content=\"2025-03-16T00:01:31+00:00\" \/>\n<meta property=\"og:image\" content=\"https:\/\/maison1934.com\/wp-content\/uploads\/2023\/02\/Randonnees-au-grand-air-Maison-1934-bnb-a-Colmar-10-1024x576.jpg\" \/>\n<meta name=\"twitter:card\" content=\"summary_large_image\" \/>\n<meta name=\"twitter:title\" content=\"Spazierg\u00e4nge und Wanderungen\" \/>\n<meta name=\"twitter:description\" content=\"Um diesem Sport, bei dem es sowohl um Entdeckung als auch um Kontemplation geht, nachzugehen, finden Sie hier einige Wege, um frische Luft zu schnappen und die Wege rund um das Maison 1934 in Colmar zu erkunden.\" \/>\n<meta name=\"twitter:image\" content=\"https:\/\/maison1934.com\/wp-content\/uploads\/2023\/02\/Randonnees-au-grand-air-Maison-1934-bnb-a-Colmar-10-1024x576.jpg\" \/>\n<meta name=\"twitter:label1\" content=\"Gesch\u00e4tzte Lesezeit\" \/>\n\t<meta name=\"twitter:data1\" content=\"2\u00a0Minuten\" \/>\n<script type=\"application\/ld+json\" class=\"yoast-schema-graph\">{\"@context\":\"https:\/\/schema.org\",\"@graph\":[{\"@type\":\"WebPage\",\"@id\":\"https:\/\/maison1934.com\/de\/in-der-umgebung\/die-natur-erkunden\/wanderungen\/\",\"url\":\"https:\/\/maison1934.com\/de\/in-der-umgebung\/die-natur-erkunden\/wanderungen\/\",\"name\":\"Wanderungen - Maison 1934\",\"isPartOf\":{\"@id\":\"https:\/\/maison1934.com\/de\/#website\"},\"primaryImageOfPage\":{\"@id\":\"https:\/\/maison1934.com\/de\/in-der-umgebung\/die-natur-erkunden\/wanderungen\/#primaryimage\"},\"image\":{\"@id\":\"https:\/\/maison1934.com\/de\/in-der-umgebung\/die-natur-erkunden\/wanderungen\/#primaryimage\"},\"thumbnailUrl\":\"https:\/\/maison1934.com\/wp-content\/uploads\/2023\/02\/Randonnees-au-grand-air-Maison-1934-bnb-a-Colmar-9.jpg\",\"datePublished\":\"2023-02-01T20:37:46+00:00\",\"dateModified\":\"2025-03-16T00:01:31+00:00\",\"description\":\"Um diesem Sport, bei dem es sowohl um Entdeckung als auch um Kontemplation geht, nachzugehen, finden Sie hier einige Wege, um frische Luft zu schnappen und die Wege rund um das Maison 1934 in Colmar zu erkunden.\",\"breadcrumb\":{\"@id\":\"https:\/\/maison1934.com\/de\/in-der-umgebung\/die-natur-erkunden\/wanderungen\/#breadcrumb\"},\"inLanguage\":\"de\",\"potentialAction\":[{\"@type\":\"ReadAction\",\"target\":[\"https:\/\/maison1934.com\/de\/in-der-umgebung\/die-natur-erkunden\/wanderungen\/\"]}]},{\"@type\":\"ImageObject\",\"inLanguage\":\"de\",\"@id\":\"https:\/\/maison1934.com\/de\/in-der-umgebung\/die-natur-erkunden\/wanderungen\/#primaryimage\",\"url\":\"https:\/\/maison1934.com\/wp-content\/uploads\/2023\/02\/Randonnees-au-grand-air-Maison-1934-bnb-a-Colmar-9.jpg\",\"contentUrl\":\"https:\/\/maison1934.com\/wp-content\/uploads\/2023\/02\/Randonnees-au-grand-air-Maison-1934-bnb-a-Colmar-9.jpg\",\"width\":1920,\"height\":1080},{\"@type\":\"BreadcrumbList\",\"@id\":\"https:\/\/maison1934.com\/de\/in-der-umgebung\/die-natur-erkunden\/wanderungen\/#breadcrumb\",\"itemListElement\":[{\"@type\":\"ListItem\",\"position\":1,\"name\":\"Accueil\",\"item\":\"https:\/\/maison1934.com\/de\/\"},{\"@type\":\"ListItem\",\"position\":2,\"name\":\"In der Umgebung\",\"item\":\"https:\/\/maison1934.com\/de\/aux-alentours\/\"},{\"@type\":\"ListItem\",\"position\":3,\"name\":\"Die Natur erkunden\",\"item\":\"https:\/\/maison1934.com\/de\/aux-alentours\/nature-sport\/\"},{\"@type\":\"ListItem\",\"position\":4,\"name\":\"Wanderungen\"}]},{\"@type\":\"WebSite\",\"@id\":\"https:\/\/maison1934.com\/de\/#website\",\"url\":\"https:\/\/maison1934.com\/de\/\",\"name\":\"Maison 1934\",\"description\":\"Vos appart&#039;h\u00f4tels \u00e0 Colmar\",\"potentialAction\":[{\"@type\":\"SearchAction\",\"target\":{\"@type\":\"EntryPoint\",\"urlTemplate\":\"https:\/\/maison1934.com\/de\/?s={search_term_string}\"},\"query-input\":{\"@type\":\"PropertyValueSpecification\",\"valueRequired\":true,\"valueName\":\"search_term_string\"}}],\"inLanguage\":\"de\"}]}<\/script>\n<!-- \/ Yoast SEO plugin. -->","yoast_head_json":{"title":"Wanderungen - Maison 1934","description":"Um diesem Sport, bei dem es sowohl um Entdeckung als auch um Kontemplation geht, nachzugehen, finden Sie hier einige Wege, um frische Luft zu schnappen und die Wege rund um das Maison 1934 in Colmar zu erkunden.","robots":{"index":"index","follow":"follow","max-snippet":"max-snippet:-1","max-image-preview":"max-image-preview:large","max-video-preview":"max-video-preview:-1"},"canonical":"https:\/\/maison1934.com\/de\/in-der-umgebung\/die-natur-erkunden\/wanderungen\/","og_locale":"de_DE","og_type":"article","og_title":"Spazierg\u00e4nge und Wanderungen","og_description":"Um diesem Sport, bei dem es sowohl um Entdeckung als auch um Kontemplation geht, nachzugehen, finden Sie hier einige Wege, um frische Luft zu schnappen und die Wege rund um das Maison 1934 in Colmar zu erkunden.","og_url":"https:\/\/maison1934.com\/de\/in-der-umgebung\/die-natur-erkunden\/wanderungen\/","og_site_name":"Maison 1934","article_modified_time":"2025-03-16T00:01:31+00:00","og_image":[{"url":"https:\/\/maison1934.com\/wp-content\/uploads\/2023\/02\/Randonnees-au-grand-air-Maison-1934-bnb-a-Colmar-10-1024x576.jpg","type":"","width":"","height":""}],"twitter_card":"summary_large_image","twitter_title":"Spazierg\u00e4nge und Wanderungen","twitter_description":"Um diesem Sport, bei dem es sowohl um Entdeckung als auch um Kontemplation geht, nachzugehen, finden Sie hier einige Wege, um frische Luft zu schnappen und die Wege rund um das Maison 1934 in Colmar zu erkunden.","twitter_image":"https:\/\/maison1934.com\/wp-content\/uploads\/2023\/02\/Randonnees-au-grand-air-Maison-1934-bnb-a-Colmar-10-1024x576.jpg","twitter_misc":{"Gesch\u00e4tzte Lesezeit":"2\u00a0Minuten"},"schema":{"@context":"https:\/\/schema.org","@graph":[{"@type":"WebPage","@id":"https:\/\/maison1934.com\/de\/in-der-umgebung\/die-natur-erkunden\/wanderungen\/","url":"https:\/\/maison1934.com\/de\/in-der-umgebung\/die-natur-erkunden\/wanderungen\/","name":"Wanderungen - Maison 1934","isPartOf":{"@id":"https:\/\/maison1934.com\/de\/#website"},"primaryImageOfPage":{"@id":"https:\/\/maison1934.com\/de\/in-der-umgebung\/die-natur-erkunden\/wanderungen\/#primaryimage"},"image":{"@id":"https:\/\/maison1934.com\/de\/in-der-umgebung\/die-natur-erkunden\/wanderungen\/#primaryimage"},"thumbnailUrl":"https:\/\/maison1934.com\/wp-content\/uploads\/2023\/02\/Randonnees-au-grand-air-Maison-1934-bnb-a-Colmar-9.jpg","datePublished":"2023-02-01T20:37:46+00:00","dateModified":"2025-03-16T00:01:31+00:00","description":"Um diesem Sport, bei dem es sowohl um Entdeckung als auch um Kontemplation geht, nachzugehen, finden Sie hier einige Wege, um frische Luft zu schnappen und die Wege rund um das Maison 1934 in Colmar zu erkunden.","breadcrumb":{"@id":"https:\/\/maison1934.com\/de\/in-der-umgebung\/die-natur-erkunden\/wanderungen\/#breadcrumb"},"inLanguage":"de","potentialAction":[{"@type":"ReadAction","target":["https:\/\/maison1934.com\/de\/in-der-umgebung\/die-natur-erkunden\/wanderungen\/"]}]},{"@type":"ImageObject","inLanguage":"de","@id":"https:\/\/maison1934.com\/de\/in-der-umgebung\/die-natur-erkunden\/wanderungen\/#primaryimage","url":"https:\/\/maison1934.com\/wp-content\/uploads\/2023\/02\/Randonnees-au-grand-air-Maison-1934-bnb-a-Colmar-9.jpg","contentUrl":"https:\/\/maison1934.com\/wp-content\/uploads\/2023\/02\/Randonnees-au-grand-air-Maison-1934-bnb-a-Colmar-9.jpg","width":1920,"height":1080},{"@type":"BreadcrumbList","@id":"https:\/\/maison1934.com\/de\/in-der-umgebung\/die-natur-erkunden\/wanderungen\/#breadcrumb","itemListElement":[{"@type":"ListItem","position":1,"name":"Accueil","item":"https:\/\/maison1934.com\/de\/"},{"@type":"ListItem","position":2,"name":"In der Umgebung","item":"https:\/\/maison1934.com\/de\/aux-alentours\/"},{"@type":"ListItem","position":3,"name":"Die Natur erkunden","item":"https:\/\/maison1934.com\/de\/aux-alentours\/nature-sport\/"},{"@type":"ListItem","position":4,"name":"Wanderungen"}]},{"@type":"WebSite","@id":"https:\/\/maison1934.com\/de\/#website","url":"https:\/\/maison1934.com\/de\/","name":"Maison 1934","description":"Vos appart&#039;h\u00f4tels \u00e0 Colmar","potentialAction":[{"@type":"SearchAction","target":{"@type":"EntryPoint","urlTemplate":"https:\/\/maison1934.com\/de\/?s={search_term_string}"},"query-input":{"@type":"PropertyValueSpecification","valueRequired":true,"valueName":"search_term_string"}}],"inLanguage":"de"}]}},"_links":{"self":[{"href":"https:\/\/maison1934.com\/de\/wp-json\/wp\/v2\/pages\/12345","targetHints":{"allow":["GET"]}}],"collection":[{"href":"https:\/\/maison1934.com\/de\/wp-json\/wp\/v2\/pages"}],"about":[{"href":"https:\/\/maison1934.com\/de\/wp-json\/wp\/v2\/types\/page"}],"author":[{"embeddable":true,"href":"https:\/\/maison1934.com\/de\/wp-json\/wp\/v2\/users\/1"}],"replies":[{"embeddable":true,"href":"https:\/\/maison1934.com\/de\/wp-json\/wp\/v2\/comments?post=12345"}],"version-history":[{"count":9,"href":"https:\/\/maison1934.com\/de\/wp-json\/wp\/v2\/pages\/12345\/revisions"}],"predecessor-version":[{"id":14748,"href":"https:\/\/maison1934.com\/de\/wp-json\/wp\/v2\/pages\/12345\/revisions\/14748"}],"up":[{"embeddable":true,"href":"https:\/\/maison1934.com\/de\/wp-json\/wp\/v2\/pages\/8642"}],"wp:featuredmedia":[{"embeddable":true,"href":"https:\/\/maison1934.com\/de\/wp-json\/wp\/v2\/media\/12292"}],"wp:attachment":[{"href":"https:\/\/maison1934.com\/de\/wp-json\/wp\/v2\/media?parent=12345"}],"curies":[{"name":"wp","href":"https:\/\/api.w.org\/{rel}","templated":true}]}}