{"id":14616,"date":"2024-12-18T17:39:09","date_gmt":"2024-12-18T16:39:09","guid":{"rendered":"https:\/\/maison1934.com\/livret-daccueil\/"},"modified":"2026-03-22T10:16:51","modified_gmt":"2026-03-22T09:16:51","slug":"aufenthalt-fuehrer","status":"publish","type":"page","link":"https:\/\/maison1934.com\/de\/aufenthalt-fuehrer\/","title":{"rendered":"Aufenthalt F\u00fchrer"},"content":{"rendered":"","protected":true},"excerpt":{"rendered":"","protected":true},"author":3,"featured_media":11530,"parent":0,"menu_order":4,"comment_status":"closed","ping_status":"closed","template":"","meta":{"_acf_changed":false,"footnotes":""},"class_list":["post-14616","page","type-page","status-publish","post-password-required","hentry"],"acf":[],"yoast_head":"<!-- This site is optimized with the Yoast SEO plugin v26.7 - https:\/\/yoast.com\/wordpress\/plugins\/seo\/ -->\n<title>Aufenthalt F\u00fchrer - Maison 1934<\/title>\n<meta name=\"description\" content=\"Entdecken Sie alle wesentlichen Informationen f\u00fcr Ihren Aufenthalt im Maison 1934: \u00d6ffnungszeiten, Dienstleistungen, Ausstattungen, Hausregeln und FAQ.\" \/>\n<meta name=\"robots\" content=\"noindex, follow\" \/>\n<meta property=\"og:locale\" content=\"de_DE\" \/>\n<meta property=\"og:type\" content=\"article\" \/>\n<meta property=\"og:title\" content=\"Aufenthaltsf\u00fchrer Maison 1934\" \/>\n<meta property=\"og:description\" content=\"Entdecken Sie alle wesentlichen Informationen f\u00fcr Ihren Aufenthalt im Maison 1934: \u00d6ffnungszeiten, Dienstleistungen, Ausstattungen, Hausregeln und FAQ.\" \/>\n<meta property=\"og:url\" content=\"https:\/\/maison1934.com\/de\/aufenthalt-fuehrer\/\" \/>\n<meta property=\"og:site_name\" content=\"Maison 1934\" \/>\n<meta property=\"article:modified_time\" content=\"2026-03-22T09:16:51+00:00\" \/>\n<meta name=\"twitter:card\" content=\"summary_large_image\" \/>\n<meta name=\"twitter:title\" content=\"Aufenthaltsf\u00fchrer Maison 1934\" \/>\n<meta name=\"twitter:description\" content=\"Entdecken Sie alle wesentlichen Informationen f\u00fcr Ihren Aufenthalt im Maison 1934: \u00d6ffnungszeiten, Dienstleistungen, Ausstattungen, Hausregeln und FAQ.\" \/>\n<meta name=\"twitter:label1\" content=\"Gesch\u00e4tzte Lesezeit\" \/>\n\t<meta name=\"twitter:data1\" content=\"53\u00a0Minuten\" \/>\n<script type=\"application\/ld+json\" class=\"yoast-schema-graph\">{\"@context\":\"https:\/\/schema.org\",\"@graph\":[{\"@type\":\"WebPage\",\"@id\":\"https:\/\/maison1934.com\/de\/aufenthalt-fuehrer\/\",\"url\":\"https:\/\/maison1934.com\/de\/aufenthalt-fuehrer\/\",\"name\":\"Aufenthalt F\u00fchrer - Maison 1934\",\"isPartOf\":{\"@id\":\"https:\/\/maison1934.com\/de\/#website\"},\"datePublished\":\"2024-12-18T16:39:09+00:00\",\"dateModified\":\"2026-03-22T09:16:51+00:00\",\"breadcrumb\":{\"@id\":\"https:\/\/maison1934.com\/de\/aufenthalt-fuehrer\/#breadcrumb\"},\"inLanguage\":\"de\"},{\"@type\":\"WebSite\",\"@id\":\"https:\/\/maison1934.com\/de\/#website\",\"url\":\"https:\/\/maison1934.com\/de\/\",\"name\":\"Maison 1934\",\"description\":\"Vos appart&#039;h\u00f4tels \u00e0 Colmar\",\"potentialAction\":[{\"@type\":\"SearchAction\",\"target\":{\"@type\":\"EntryPoint\",\"urlTemplate\":\"https:\/\/maison1934.com\/de\/?s={search_term_string}\"},\"query-input\":{\"@type\":\"PropertyValueSpecification\",\"valueRequired\":true,\"valueName\":\"search_term_string\"}}],\"inLanguage\":\"de\"}]}<\/script>\n<!-- \/ Yoast SEO plugin. -->","yoast_head_json":{"title":"Aufenthalt F\u00fchrer - Maison 1934","description":"Entdecken Sie alle wesentlichen Informationen f\u00fcr Ihren Aufenthalt im Maison 1934: \u00d6ffnungszeiten, Dienstleistungen, Ausstattungen, Hausregeln und FAQ.","robots":{"index":"noindex","follow":"follow"},"og_locale":"de_DE","og_type":"article","og_title":"Aufenthaltsf\u00fchrer Maison 1934","og_description":"Entdecken Sie alle wesentlichen Informationen f\u00fcr Ihren Aufenthalt im Maison 1934: \u00d6ffnungszeiten, Dienstleistungen, Ausstattungen, Hausregeln und FAQ.","og_url":"https:\/\/maison1934.com\/de\/aufenthalt-fuehrer\/","og_site_name":"Maison 1934","article_modified_time":"2026-03-22T09:16:51+00:00","twitter_card":"summary_large_image","twitter_title":"Aufenthaltsf\u00fchrer Maison 1934","twitter_description":"Entdecken Sie alle wesentlichen Informationen f\u00fcr Ihren Aufenthalt im Maison 1934: \u00d6ffnungszeiten, Dienstleistungen, Ausstattungen, Hausregeln und FAQ.","twitter_misc":{"Gesch\u00e4tzte Lesezeit":"53\u00a0Minuten"},"schema":{"@context":"https:\/\/schema.org","@graph":[{"@type":"WebPage","@id":"https:\/\/maison1934.com\/de\/aufenthalt-fuehrer\/","url":"https:\/\/maison1934.com\/de\/aufenthalt-fuehrer\/","name":"Aufenthalt F\u00fchrer - Maison 1934","isPartOf":{"@id":"https:\/\/maison1934.com\/de\/#website"},"datePublished":"2024-12-18T16:39:09+00:00","dateModified":"2026-03-22T09:16:51+00:00","breadcrumb":{"@id":"https:\/\/maison1934.com\/de\/aufenthalt-fuehrer\/#breadcrumb"},"inLanguage":"de"},{"@type":"WebSite","@id":"https:\/\/maison1934.com\/de\/#website","url":"https:\/\/maison1934.com\/de\/","name":"Maison 1934","description":"Vos appart&#039;h\u00f4tels \u00e0 Colmar","potentialAction":[{"@type":"SearchAction","target":{"@type":"EntryPoint","urlTemplate":"https:\/\/maison1934.com\/de\/?s={search_term_string}"},"query-input":{"@type":"PropertyValueSpecification","valueRequired":true,"valueName":"search_term_string"}}],"inLanguage":"de"}]}},"_links":{"self":[{"href":"https:\/\/maison1934.com\/de\/wp-json\/wp\/v2\/pages\/14616","targetHints":{"allow":["GET"]}}],"collection":[{"href":"https:\/\/maison1934.com\/de\/wp-json\/wp\/v2\/pages"}],"about":[{"href":"https:\/\/maison1934.com\/de\/wp-json\/wp\/v2\/types\/page"}],"author":[{"embeddable":true,"href":"https:\/\/maison1934.com\/de\/wp-json\/wp\/v2\/users\/3"}],"replies":[{"embeddable":true,"href":"https:\/\/maison1934.com\/de\/wp-json\/wp\/v2\/comments?post=14616"}],"version-history":[{"count":19,"href":"https:\/\/maison1934.com\/de\/wp-json\/wp\/v2\/pages\/14616\/revisions"}],"predecessor-version":[{"id":14902,"href":"https:\/\/maison1934.com\/de\/wp-json\/wp\/v2\/pages\/14616\/revisions\/14902"}],"wp:featuredmedia":[{"embeddable":true,"href":"https:\/\/maison1934.com\/de\/wp-json\/wp\/v2\/media\/11530"}],"wp:attachment":[{"href":"https:\/\/maison1934.com\/de\/wp-json\/wp\/v2\/media?parent=14616"}],"curies":[{"name":"wp","href":"https:\/\/api.w.org\/{rel}","templated":true}]}}