{"id":8357,"date":"2019-03-22T02:45:03","date_gmt":"2019-03-22T01:45:03","guid":{"rendered":"https:\/\/maison1934.com\/bestaetigung-der-buchung\/bestaetigte-reservierung\/"},"modified":"2022-10-05T14:39:34","modified_gmt":"2022-10-05T12:39:34","slug":"bestaetigte-reservierung","status":"publish","type":"page","link":"https:\/\/maison1934.com\/de\/bestaetigung-der-buchung\/bestaetigte-reservierung\/","title":{"rendered":"Best\u00e4tigte Reservierung"},"content":{"rendered":"\t\t<div data-elementor-type=\"wp-post\" data-elementor-id=\"8357\" class=\"elementor elementor-8357 elementor-184\">\n\t\t\t\t\t\t<section class=\"elementor-section elementor-top-section elementor-element elementor-element-2562aa63 elementor-section-height-min-height elementor-section-boxed elementor-section-height-default elementor-section-items-middle\" data-id=\"2562aa63\" data-element_type=\"section\" data-settings=\"{&quot;background_background&quot;:&quot;classic&quot;}\">\n\t\t\t\t\t\t\t<div class=\"elementor-background-overlay\"><\/div>\n\t\t\t\t\t\t\t<div class=\"elementor-container elementor-column-gap-default\">\n\t\t\t\t\t<div class=\"elementor-column elementor-col-100 elementor-top-column elementor-element elementor-element-7fc2632a\" data-id=\"7fc2632a\" data-element_type=\"column\">\n\t\t\t<div class=\"elementor-widget-wrap elementor-element-populated\">\n\t\t\t\t\t\t<div class=\"elementor-element elementor-element-79333d83 elementor-widget elementor-widget-spacer\" data-id=\"79333d83\" data-element_type=\"widget\" data-widget_type=\"spacer.default\">\n\t\t\t\t<div class=\"elementor-widget-container\">\n\t\t\t\t\t\t\t<div class=\"elementor-spacer\">\n\t\t\t<div class=\"elementor-spacer-inner\"><\/div>\n\t\t<\/div>\n\t\t\t\t\t\t<\/div>\n\t\t\t\t<\/div>\n\t\t\t\t<div class=\"elementor-element elementor-element-6e0243d elementor-view-default elementor-position-top elementor-widget elementor-widget-themo-header\" data-id=\"6e0243d\" data-element_type=\"widget\" data-widget_type=\"themo-header.default\">\n\t\t\t\t<div class=\"elementor-widget-container\">\n\t\t\t\t\t\t\t<div class=\"th-header-wrap\">\n        <div class=\"elementor-icon-box-wrapper \">\n                            <div class=\"elementor-icon-box-content\">\n                    <h1 class=\"elementor-icon-box-title\">\n                        Aktuelle Buchung                    <\/h1>\n                                        <p class=\"elementor-icon-box-description\"><\/p>\n\n                                    <\/div>\n            <\/div>\n\n        <\/div>\n\n\t\t\t\t\t\t<\/div>\n\t\t\t\t<\/div>\n\t\t\t\t\t<\/div>\n\t\t<\/div>\n\t\t\t\t\t<\/div>\n\t\t<\/section>\n\t\t\t\t<section class=\"elementor-section elementor-top-section elementor-element elementor-element-58e77258 elementor-section-boxed elementor-section-height-default elementor-section-height-default\" data-id=\"58e77258\" data-element_type=\"section\">\n\t\t\t\t\t\t<div class=\"elementor-container elementor-column-gap-default\">\n\t\t\t\t\t<div class=\"elementor-column elementor-col-100 elementor-top-column elementor-element elementor-element-6869c5f0\" data-id=\"6869c5f0\" data-element_type=\"column\">\n\t\t\t<div class=\"elementor-widget-wrap elementor-element-populated\">\n\t\t\t\t\t\t<div class=\"elementor-element elementor-element-7252c08b elementor-widget elementor-widget-spacer\" data-id=\"7252c08b\" data-element_type=\"widget\" data-widget_type=\"spacer.default\">\n\t\t\t\t<div class=\"elementor-widget-container\">\n\t\t\t\t\t\t\t<div class=\"elementor-spacer\">\n\t\t\t<div class=\"elementor-spacer-inner\"><\/div>\n\t\t<\/div>\n\t\t\t\t\t\t<\/div>\n\t\t\t\t<\/div>\n\t\t\t\t<div class=\"elementor-element elementor-element-1c327c82 elementor-widget elementor-widget-text-editor\" data-id=\"1c327c82\" data-element_type=\"widget\" data-widget_type=\"text-editor.default\">\n\t\t\t\t<div class=\"elementor-widget-container\">\n\t\t\t\t\t\t\t\t\t<p>Wir freuen uns, Ihnen mitteilen zu k\u00f6nnen, dass Ihre Buchungsanfrage so schnell wie m\u00f6glich bearbeitet wird.&nbsp;<\/p>\n<p>Diese wird best\u00e4tigt und die von Ihnen gew\u00e4hlten Daten werden blockiert, sobald wir Ihre Zahlung von 30% des Betrags f\u00fcr Ihren Aufenthalt (einschlie\u00dflich Steuern) erhalten haben.<\/p><p>Achten Sie darauf, dass Sie diesen Betrag an uns weiterleiten, damit Sie nicht riskieren, Ihre Buchung zu verlieren.<\/p>\t\t\t\t\t\t\t\t<\/div>\n\t\t\t\t<\/div>\n\t\t\t\t<div class=\"elementor-element elementor-element-7ea7a54a elementor-widget elementor-widget-spacer\" data-id=\"7ea7a54a\" data-element_type=\"widget\" data-widget_type=\"spacer.default\">\n\t\t\t\t<div class=\"elementor-widget-container\">\n\t\t\t\t\t\t\t<div class=\"elementor-spacer\">\n\t\t\t<div class=\"elementor-spacer-inner\"><\/div>\n\t\t<\/div>\n\t\t\t\t\t\t<\/div>\n\t\t\t\t<\/div>\n\t\t\t\t\t<\/div>\n\t\t<\/div>\n\t\t\t\t\t<\/div>\n\t\t<\/section>\n\t\t\t\t<\/div>\n\t\t","protected":false},"excerpt":{"rendered":"<p>Aktuelle Buchung Wir freuen uns, Ihnen mitteilen zu k\u00f6nnen, dass Ihre Buchungsanfrage so schnell wie m\u00f6glich bearbeitet wird.&nbsp; Diese wird best\u00e4tigt und die von Ihnen gew\u00e4hlten Daten werden blockiert, sobald wir Ihre Zahlung von 30% des Betrags f\u00fcr Ihren Aufenthalt &hellip; <a href=\"https:\/\/maison1934.com\/de\/bestaetigung-der-buchung\/bestaetigte-reservierung\/\">Read More<\/a><\/p>\n","protected":false},"author":2,"featured_media":0,"parent":8290,"menu_order":0,"comment_status":"closed","ping_status":"closed","template":"","meta":{"_acf_changed":false,"footnotes":""},"class_list":["post-8357","page","type-page","status-publish","hentry"],"acf":[],"yoast_head":"<!-- This site is optimized with the Yoast SEO plugin v26.7 - https:\/\/yoast.com\/wordpress\/plugins\/seo\/ -->\n<title>Best\u00e4tigte Reservierung - Maison 1934<\/title>\n<meta name=\"robots\" content=\"index, follow, max-snippet:-1, max-image-preview:large, max-video-preview:-1\" \/>\n<link rel=\"canonical\" href=\"https:\/\/maison1934.com\/de\/bestaetigung-der-buchung\/bestaetigte-reservierung\/\" \/>\n<meta property=\"og:locale\" content=\"de_DE\" \/>\n<meta property=\"og:type\" content=\"article\" \/>\n<meta property=\"og:title\" content=\"Best\u00e4tigte Reservierung - Maison 1934\" \/>\n<meta property=\"og:description\" content=\"Aktuelle Buchung Wir freuen uns, Ihnen mitteilen zu k\u00f6nnen, dass Ihre Buchungsanfrage so schnell wie m\u00f6glich bearbeitet wird.&nbsp; Diese wird best\u00e4tigt und die von Ihnen gew\u00e4hlten Daten werden blockiert, sobald wir Ihre Zahlung von 30% des Betrags f\u00fcr Ihren Aufenthalt &hellip; Read More\" \/>\n<meta property=\"og:url\" content=\"https:\/\/maison1934.com\/de\/bestaetigung-der-buchung\/bestaetigte-reservierung\/\" \/>\n<meta property=\"og:site_name\" content=\"Maison 1934\" \/>\n<meta property=\"article:modified_time\" content=\"2022-10-05T12:39:34+00:00\" \/>\n<meta name=\"twitter:card\" content=\"summary_large_image\" \/>\n<script type=\"application\/ld+json\" class=\"yoast-schema-graph\">{\"@context\":\"https:\/\/schema.org\",\"@graph\":[{\"@type\":\"WebPage\",\"@id\":\"https:\/\/maison1934.com\/de\/bestaetigung-der-buchung\/bestaetigte-reservierung\/\",\"url\":\"https:\/\/maison1934.com\/de\/bestaetigung-der-buchung\/bestaetigte-reservierung\/\",\"name\":\"Best\u00e4tigte Reservierung - Maison 1934\",\"isPartOf\":{\"@id\":\"https:\/\/maison1934.com\/de\/#website\"},\"datePublished\":\"2019-03-22T01:45:03+00:00\",\"dateModified\":\"2022-10-05T12:39:34+00:00\",\"breadcrumb\":{\"@id\":\"https:\/\/maison1934.com\/de\/bestaetigung-der-buchung\/bestaetigte-reservierung\/#breadcrumb\"},\"inLanguage\":\"de\",\"potentialAction\":[{\"@type\":\"ReadAction\",\"target\":[\"https:\/\/maison1934.com\/de\/bestaetigung-der-buchung\/bestaetigte-reservierung\/\"]}]},{\"@type\":\"BreadcrumbList\",\"@id\":\"https:\/\/maison1934.com\/de\/bestaetigung-der-buchung\/bestaetigte-reservierung\/#breadcrumb\",\"itemListElement\":[{\"@type\":\"ListItem\",\"position\":1,\"name\":\"Accueil\",\"item\":\"https:\/\/maison1934.com\/de\/\"},{\"@type\":\"ListItem\",\"position\":2,\"name\":\"Best\u00e4tigung der Buchung\",\"item\":\"https:\/\/maison1934.com\/de\/confirmation-reservation\/\"},{\"@type\":\"ListItem\",\"position\":3,\"name\":\"Best\u00e4tigte Reservierung\"}]},{\"@type\":\"WebSite\",\"@id\":\"https:\/\/maison1934.com\/de\/#website\",\"url\":\"https:\/\/maison1934.com\/de\/\",\"name\":\"Maison 1934\",\"description\":\"Vos appart&#039;h\u00f4tels \u00e0 Colmar\",\"potentialAction\":[{\"@type\":\"SearchAction\",\"target\":{\"@type\":\"EntryPoint\",\"urlTemplate\":\"https:\/\/maison1934.com\/de\/?s={search_term_string}\"},\"query-input\":{\"@type\":\"PropertyValueSpecification\",\"valueRequired\":true,\"valueName\":\"search_term_string\"}}],\"inLanguage\":\"de\"}]}<\/script>\n<!-- \/ Yoast SEO plugin. -->","yoast_head_json":{"title":"Best\u00e4tigte Reservierung - Maison 1934","robots":{"index":"index","follow":"follow","max-snippet":"max-snippet:-1","max-image-preview":"max-image-preview:large","max-video-preview":"max-video-preview:-1"},"canonical":"https:\/\/maison1934.com\/de\/bestaetigung-der-buchung\/bestaetigte-reservierung\/","og_locale":"de_DE","og_type":"article","og_title":"Best\u00e4tigte Reservierung - Maison 1934","og_description":"Aktuelle Buchung Wir freuen uns, Ihnen mitteilen zu k\u00f6nnen, dass Ihre Buchungsanfrage so schnell wie m\u00f6glich bearbeitet wird.&nbsp; Diese wird best\u00e4tigt und die von Ihnen gew\u00e4hlten Daten werden blockiert, sobald wir Ihre Zahlung von 30% des Betrags f\u00fcr Ihren Aufenthalt &hellip; Read More","og_url":"https:\/\/maison1934.com\/de\/bestaetigung-der-buchung\/bestaetigte-reservierung\/","og_site_name":"Maison 1934","article_modified_time":"2022-10-05T12:39:34+00:00","twitter_card":"summary_large_image","schema":{"@context":"https:\/\/schema.org","@graph":[{"@type":"WebPage","@id":"https:\/\/maison1934.com\/de\/bestaetigung-der-buchung\/bestaetigte-reservierung\/","url":"https:\/\/maison1934.com\/de\/bestaetigung-der-buchung\/bestaetigte-reservierung\/","name":"Best\u00e4tigte Reservierung - Maison 1934","isPartOf":{"@id":"https:\/\/maison1934.com\/de\/#website"},"datePublished":"2019-03-22T01:45:03+00:00","dateModified":"2022-10-05T12:39:34+00:00","breadcrumb":{"@id":"https:\/\/maison1934.com\/de\/bestaetigung-der-buchung\/bestaetigte-reservierung\/#breadcrumb"},"inLanguage":"de","potentialAction":[{"@type":"ReadAction","target":["https:\/\/maison1934.com\/de\/bestaetigung-der-buchung\/bestaetigte-reservierung\/"]}]},{"@type":"BreadcrumbList","@id":"https:\/\/maison1934.com\/de\/bestaetigung-der-buchung\/bestaetigte-reservierung\/#breadcrumb","itemListElement":[{"@type":"ListItem","position":1,"name":"Accueil","item":"https:\/\/maison1934.com\/de\/"},{"@type":"ListItem","position":2,"name":"Best\u00e4tigung der Buchung","item":"https:\/\/maison1934.com\/de\/confirmation-reservation\/"},{"@type":"ListItem","position":3,"name":"Best\u00e4tigte Reservierung"}]},{"@type":"WebSite","@id":"https:\/\/maison1934.com\/de\/#website","url":"https:\/\/maison1934.com\/de\/","name":"Maison 1934","description":"Vos appart&#039;h\u00f4tels \u00e0 Colmar","potentialAction":[{"@type":"SearchAction","target":{"@type":"EntryPoint","urlTemplate":"https:\/\/maison1934.com\/de\/?s={search_term_string}"},"query-input":{"@type":"PropertyValueSpecification","valueRequired":true,"valueName":"search_term_string"}}],"inLanguage":"de"}]}},"_links":{"self":[{"href":"https:\/\/maison1934.com\/de\/wp-json\/wp\/v2\/pages\/8357","targetHints":{"allow":["GET"]}}],"collection":[{"href":"https:\/\/maison1934.com\/de\/wp-json\/wp\/v2\/pages"}],"about":[{"href":"https:\/\/maison1934.com\/de\/wp-json\/wp\/v2\/types\/page"}],"author":[{"embeddable":true,"href":"https:\/\/maison1934.com\/de\/wp-json\/wp\/v2\/users\/2"}],"replies":[{"embeddable":true,"href":"https:\/\/maison1934.com\/de\/wp-json\/wp\/v2\/comments?post=8357"}],"version-history":[{"count":3,"href":"https:\/\/maison1934.com\/de\/wp-json\/wp\/v2\/pages\/8357\/revisions"}],"predecessor-version":[{"id":9697,"href":"https:\/\/maison1934.com\/de\/wp-json\/wp\/v2\/pages\/8357\/revisions\/9697"}],"up":[{"embeddable":true,"href":"https:\/\/maison1934.com\/de\/wp-json\/wp\/v2\/pages\/8290"}],"wp:attachment":[{"href":"https:\/\/maison1934.com\/de\/wp-json\/wp\/v2\/media?parent=8357"}],"curies":[{"name":"wp","href":"https:\/\/api.w.org\/{rel}","templated":true}]}}