{"id":8519,"date":"2021-07-16T14:27:30","date_gmt":"2021-07-16T12:27:30","guid":{"rendered":"https:\/\/maison1934.com\/restaurants\/"},"modified":"2025-03-16T12:00:23","modified_gmt":"2025-03-16T11:00:23","slug":"restaurants","status":"publish","type":"page","link":"https:\/\/maison1934.com\/de\/geniessen\/restaurants\/","title":{"rendered":"Restaurants"},"content":{"rendered":"\t\t<div data-elementor-type=\"wp-post\" data-elementor-id=\"8519\" class=\"elementor elementor-8519 elementor-625\">\n\t\t\t\t\t\t<section class=\"elementor-section elementor-top-section elementor-element elementor-element-3abe1d47 elementor-section-full_width elementor-section-height-min-height elementor-section-height-default elementor-section-items-middle\" data-id=\"3abe1d47\" data-element_type=\"section\" data-settings=\"{&quot;background_background&quot;:&quot;classic&quot;}\">\n\t\t\t\t\t\t\t<div class=\"elementor-background-overlay\"><\/div>\n\t\t\t\t\t\t\t<div class=\"elementor-container elementor-column-gap-default\">\n\t\t\t\t\t<div class=\"elementor-column elementor-col-100 elementor-top-column elementor-element elementor-element-1cd780e3\" data-id=\"1cd780e3\" data-element_type=\"column\">\n\t\t\t<div class=\"elementor-widget-wrap elementor-element-populated\">\n\t\t\t\t\t\t<div class=\"elementor-element elementor-element-367392ab elementor-widget elementor-widget-spacer\" data-id=\"367392ab\" data-element_type=\"widget\" data-widget_type=\"spacer.default\">\n\t\t\t\t<div class=\"elementor-widget-container\">\n\t\t\t\t\t\t\t<div class=\"elementor-spacer\">\n\t\t\t<div class=\"elementor-spacer-inner\"><\/div>\n\t\t<\/div>\n\t\t\t\t\t\t<\/div>\n\t\t\t\t<\/div>\n\t\t\t\t<div class=\"elementor-element elementor-element-2745faf1 elementor-view-default elementor-position-top elementor-invisible elementor-widget elementor-widget-themo-header\" data-id=\"2745faf1\" data-element_type=\"widget\" data-settings=\"{&quot;_animation&quot;:&quot;fadeIn&quot;}\" data-widget_type=\"themo-header.default\">\n\t\t\t\t<div class=\"elementor-widget-container\">\n\t\t\t\t\t\t\t<div class=\"th-header-wrap\">\n        <div class=\"elementor-icon-box-wrapper \">\n                            <div class=\"elementor-icon-box-content\">\n                    <h1 class=\"elementor-icon-box-title\">\n                        Restaurants                    <\/h1>\n                                        <p class=\"elementor-icon-box-description\">Die Besten geh\u00f6ren in die Liste\r\n(und es gibt noch mehr!)<\/p>\n\n                                    <\/div>\n            <\/div>\n\n        <\/div>\n\n\t\t\t\t\t\t<\/div>\n\t\t\t\t<\/div>\n\t\t\t\t\t<\/div>\n\t\t<\/div>\n\t\t\t\t\t<\/div>\n\t\t<\/section>\n\t\t\t\t<section class=\"elementor-section elementor-top-section elementor-element elementor-element-0c6996f elementor-section-full_width elementor-section-height-default elementor-section-height-default\" data-id=\"0c6996f\" data-element_type=\"section\" data-settings=\"{&quot;background_background&quot;:&quot;slideshow&quot;,&quot;background_slideshow_gallery&quot;:[{&quot;id&quot;:1858,&quot;url&quot;:&quot;https:\\\/\\\/maison1934.com\\\/wp-content\\\/uploads\\\/2022\\\/04\\\/PSX_20220129_203558-scaled.jpg&quot;}],&quot;background_slideshow_loop&quot;:&quot;yes&quot;,&quot;background_slideshow_slide_duration&quot;:5000,&quot;background_slideshow_slide_transition&quot;:&quot;fade&quot;,&quot;background_slideshow_transition_duration&quot;:500}\">\n\t\t\t\t\t\t<div class=\"elementor-container elementor-column-gap-default\">\n\t\t\t\t\t<div class=\"elementor-column elementor-col-50 elementor-top-column elementor-element elementor-element-a860425\" data-id=\"a860425\" data-element_type=\"column\" data-settings=\"{&quot;background_background&quot;:&quot;classic&quot;}\">\n\t\t\t<div class=\"elementor-widget-wrap elementor-element-populated\">\n\t\t\t\t\t\t<div class=\"elementor-element elementor-element-b737f62 elementor-widget elementor-widget-menu-anchor\" data-id=\"b737f62\" data-element_type=\"widget\" data-widget_type=\"menu-anchor.default\">\n\t\t\t\t<div class=\"elementor-widget-container\">\n\t\t\t\t\t\t\t<div class=\"elementor-menu-anchor\" id=\"more1\"><\/div>\n\t\t\t\t\t\t<\/div>\n\t\t\t\t<\/div>\n\t\t\t\t<div class=\"elementor-element elementor-element-f5f7891 elementor-widget elementor-widget-spacer\" data-id=\"f5f7891\" data-element_type=\"widget\" data-widget_type=\"spacer.default\">\n\t\t\t\t<div class=\"elementor-widget-container\">\n\t\t\t\t\t\t\t<div class=\"elementor-spacer\">\n\t\t\t<div class=\"elementor-spacer-inner\"><\/div>\n\t\t<\/div>\n\t\t\t\t\t\t<\/div>\n\t\t\t\t<\/div>\n\t\t\t\t\t<\/div>\n\t\t<\/div>\n\t\t\t\t<div class=\"elementor-column elementor-col-50 elementor-top-column elementor-element elementor-element-7cdc429\" data-id=\"7cdc429\" data-element_type=\"column\" data-settings=\"{&quot;background_background&quot;:&quot;classic&quot;}\">\n\t\t\t<div class=\"elementor-widget-wrap elementor-element-populated\">\n\t\t\t\t\t\t<div class=\"elementor-element elementor-element-2d7ba34 elementor-position-left elementor-view-default elementor-widget elementor-widget-themo-header\" data-id=\"2d7ba34\" data-element_type=\"widget\" data-widget_type=\"themo-header.default\">\n\t\t\t\t<div class=\"elementor-widget-container\">\n\t\t\t\t\t\t\t<div class=\"th-header-wrap\">\n        <div class=\"elementor-icon-box-wrapper \">\n                            <div class=\"elementor-icon-box-content\">\n                    <h3 class=\"elementor-icon-box-title\">\n                        Eine kulinarische Reise                    <\/h3>\n                                        <p class=\"elementor-icon-box-description\"><\/p>\n\n                                    <\/div>\n            <\/div>\n\n        <\/div>\n\n\t\t\t\t\t\t<\/div>\n\t\t\t\t<\/div>\n\t\t\t\t<div class=\"elementor-element elementor-element-5171ea9 elementor-widget elementor-widget-text-editor\" data-id=\"5171ea9\" data-element_type=\"widget\" data-widget_type=\"text-editor.default\">\n\t\t\t\t<div class=\"elementor-widget-container\">\n\t\t\t\t\t\t\t\t\t<p>Wie das Elsass selbst vermischt auch die lokale K\u00fcche in Colmar franz\u00f6sische und deutsche Einfl\u00fcsse. Wenn Sie Lust auf etwas Besonderes haben, gibt es in Colmar 10 Restaurants mit Michelin-Sternen, wobei das mit zwei Sternen ausgezeichnete JY&#8217;s am Kanalufer am beeindruckendsten ist.<\/p>\n<p style=\"margin: 0cm; font-size: 16px; font-family: Nunito; font-weight: 400; color: #5c5c5c; font-style: normal; background-image: initial; background-position: initial; background-size: initial; background-repeat: initial; background-attachment: initial; background-origin: initial; background-clip: initial;\">Etwas diskreter sind das La Soi mit seinem k\u00f6stlichen Flammkuchen und das rustikale Caveau Saint Pierre und auf der Terrasse am Wasser traditionelle els\u00e4ssische Gerichte. Und halten Sie sich einen Platz f\u00fcr die unglaublichen Kuchen der P\u00e2tisserie Gilg frei.<\/p>\n<p>Dort k\u00f6nnen Sie nicht nur <a href=\"https:\/\/maison1934.com\/de\/geniessen\/traditionelle-rezepte\/\">die<\/a> bereits von uns beschriebenen <a href=\"https:\/\/maison1934.com\/de\/geniessen\/traditionelle-rezepte\/\">els\u00e4ssischen Spezialit\u00e4ten<\/a> probieren, sondern auch Coq au riesling, Gugelhupf, Rheinmatrosen oder Sauerkraut entdecken, die von feinen Weinen und Grand Crus begleitet werden.<\/p>\n<p>Guten Appetit!<\/p>\n\t\t\t\t\t\t\t\t<\/div>\n\t\t\t\t<\/div>\n\t\t\t\t\t<\/div>\n\t\t<\/div>\n\t\t\t\t\t<\/div>\n\t\t<\/section>\n\t\t\t\t<section class=\"elementor-section elementor-top-section elementor-element elementor-element-6b5628b elementor-section-full_width elementor-section-height-default elementor-section-height-default\" data-id=\"6b5628b\" data-element_type=\"section\">\n\t\t\t\t\t\t<div class=\"elementor-container elementor-column-gap-default\">\n\t\t\t\t\t<div class=\"elementor-column elementor-col-50 elementor-top-column elementor-element elementor-element-09593c4\" data-id=\"09593c4\" data-element_type=\"column\" data-settings=\"{&quot;background_background&quot;:&quot;classic&quot;}\">\n\t\t\t<div class=\"elementor-widget-wrap elementor-element-populated\">\n\t\t\t\t\t\t<div class=\"elementor-element elementor-element-7bb7063 elementor-position-left elementor-view-default elementor-widget elementor-widget-themo-header\" data-id=\"7bb7063\" data-element_type=\"widget\" data-widget_type=\"themo-header.default\">\n\t\t\t\t<div class=\"elementor-widget-container\">\n\t\t\t\t\t\t\t<div class=\"th-header-wrap\">\n        <div class=\"elementor-icon-box-wrapper \">\n                            <div class=\"elementor-icon-box-content\">\n                    <h3 class=\"elementor-icon-box-title\">\n                        Die Qual der Wahl!                    <\/h3>\n                                        <p class=\"elementor-icon-box-description\">Nichts ist besser f\u00fcr eine kulinarische Reise in die Hauptstadt der els\u00e4ssischen Weine, als unsere besten Adressen zu kennen \u2013 sorgf\u00e4ltig f\u00fcr Sie getestet! \ud83c\udf7d\ufe0f\u2728 Denken Sie daran, Ihren Tisch im Voraus zu reservieren. Wir sind hier, um Ihnen zu helfen! \ud83d\ude0a<\/p>\n\n                                    <\/div>\n            <\/div>\n\n        <\/div>\n\n\t\t\t\t\t\t<\/div>\n\t\t\t\t<\/div>\n\t\t\t\t<div class=\"elementor-element elementor-element-afb535b elementor-widget elementor-widget-text-editor\" data-id=\"afb535b\" data-element_type=\"widget\" data-widget_type=\"text-editor.default\">\n\t\t\t\t<div class=\"elementor-widget-container\">\n\t\t\t\t\t\t\t\t\t<h3 data-start=\"336\" data-end=\"384\">\ud83c\udf3f <strong data-start=\"343\" data-end=\"355\">L\u2019Arp\u00e8ge<\/strong> \u2013 Einer unserer Favoriten!<\/h3><p data-start=\"385\" data-end=\"649\"><strong data-start=\"385\" data-end=\"425\">Bio-K\u00fcche \ud83e\udd57, vegetarisch und vegan.<\/strong><br data-start=\"425\" data-end=\"428\" \/>Eine k\u00f6stliche Mischung aus franz\u00f6sischen und internationalen Aromen, die alle Gaumen erfreuen wird!<br data-start=\"528\" data-end=\"531\" \/>\ud83d\udccd <strong data-start=\"534\" data-end=\"545\">Adresse<\/strong>: 1 Rue Saint-Martin<br data-start=\"565\" data-end=\"568\" \/>\u23f0 <strong data-start=\"570\" data-end=\"588\">\u00d6ffnungszeiten<\/strong>: 12:00\u201313:45, 19:00\u201321:00 (sonntags und montags geschlossen)<\/p><hr data-start=\"651\" data-end=\"654\" \/><h3 data-start=\"656\" data-end=\"717\">\ud83c\udf7b <strong data-start=\"663\" data-end=\"686\">Brasserie l&#8217;Auberge<\/strong> \u2013 Unsere Lieblingsnachbarin!<\/h3><p data-start=\"718\" data-end=\"960\"><strong data-start=\"718\" data-end=\"747\">Els\u00e4ssische Spezialit\u00e4ten<\/strong> in einer warmen und authentischen Atmosph\u00e4re.<br data-start=\"793\" data-end=\"796\" \/>Perfekt, um ein typisch els\u00e4ssisches Gericht zu genie\u00dfen!<br data-start=\"853\" data-end=\"856\" \/>\ud83d\udccd <strong data-start=\"859\" data-end=\"870\">Adresse<\/strong>: 7 Pl. de la Gare<br data-start=\"888\" data-end=\"891\" \/>\u23f0 <strong data-start=\"893\" data-end=\"911\">\u00d6ffnungszeiten<\/strong>: 11:45\u201314:30, 18:45\u201322:30 (sonntags geschlossen)<\/p><hr data-start=\"962\" data-end=\"965\" \/><h3 data-start=\"967\" data-end=\"997\">\ud83c\udff0 <strong data-start=\"974\" data-end=\"995\">La Cour des Anges<\/strong><\/h3><p data-start=\"998\" data-end=\"1258\">Ein elegantes Restaurant mit <strong data-start=\"1027\" data-end=\"1068\">traditioneller und raffinierter K\u00fcche<\/strong>, das <strong data-start=\"1074\" data-end=\"1103\">els\u00e4ssische Spezialit\u00e4ten<\/strong> mit modernen Einfl\u00fcssen kombiniert.<br data-start=\"1139\" data-end=\"1142\" \/>\ud83d\udccd <strong data-start=\"1145\" data-end=\"1156\">Adresse<\/strong>: 8 Rue des T\u00eates, 68000 Colmar<br data-start=\"1187\" data-end=\"1190\" \/>\u23f0 <strong data-start=\"1192\" data-end=\"1210\">\u00d6ffnungszeiten<\/strong>: 12:00\u201314:00, 19:00\u201321:00 (montags geschlossen)<\/p><hr data-start=\"1260\" data-end=\"1263\" \/><h3 data-start=\"1265\" data-end=\"1303\">\ud83c\udf7d\ufe0f <strong data-start=\"1273\" data-end=\"1301\">La Cocotte de Grand-M\u00e8re<\/strong><\/h3><p data-start=\"1304\" data-end=\"1564\"><strong data-start=\"1304\" data-end=\"1339\">Hausgemachte franz\u00f6sische K\u00fcche<\/strong>, wie bei Oma!<br data-start=\"1353\" data-end=\"1356\" \/>Genie\u00dfen Sie ein beruhigendes und geschmackvolles Essen, das mit Liebe zubereitet wird.<br data-start=\"1443\" data-end=\"1446\" \/>\ud83d\udccd <strong data-start=\"1449\" data-end=\"1460\">Adresse<\/strong>: 14 Pl. de l&#8217;\u00c9cole<br data-start=\"1479\" data-end=\"1482\" \/>\u23f0 <strong data-start=\"1484\" data-end=\"1502\">\u00d6ffnungszeiten<\/strong>: 12:00\u201314:00, 19:00\u201321:00 (samstags und sonntags geschlossen)<\/p><hr data-start=\"1566\" data-end=\"1569\" \/><h3 data-start=\"1571\" data-end=\"1608\">\ud83c\udf77 <strong data-start=\"1578\" data-end=\"1606\">Caveau Saint Pierre Menu<\/strong><\/h3><p data-start=\"1609\" data-end=\"1877\">Ein echtes <strong data-start=\"1620\" data-end=\"1647\">els\u00e4ssisches Restaurant<\/strong> in einem gem\u00fctlichen und warmen Ambiente.<br data-start=\"1689\" data-end=\"1692\" \/>Der perfekte Ort, um <strong data-start=\"1713\" data-end=\"1751\">traditionelle els\u00e4ssische Gerichte<\/strong> zu genie\u00dfen!<br data-start=\"1764\" data-end=\"1767\" \/>\ud83d\udccd <strong data-start=\"1770\" data-end=\"1781\">Adresse<\/strong>: 24 Rue de la Herse, 68000 Colmar<br data-start=\"1815\" data-end=\"1818\" \/>\u23f0 <strong data-start=\"1820\" data-end=\"1838\">\u00d6ffnungszeiten<\/strong>: 14:30, 18:45\u201321:00 (t\u00e4glich ge\u00f6ffnet)<\/p><hr data-start=\"1879\" data-end=\"1882\" \/><h3 data-start=\"1884\" data-end=\"1903\">\ud83e\udd56 <strong data-start=\"1891\" data-end=\"1901\">La So\u00ef<\/strong><\/h3><p data-start=\"1904\" data-end=\"2115\">Ein charmantes Restaurant, um <strong data-start=\"1934\" data-end=\"1964\">leckere franz\u00f6sische K\u00fcche<\/strong> in einer freundlichen Atmosph\u00e4re zu genie\u00dfen.<br data-start=\"2010\" data-end=\"2013\" \/>\ud83d\udccd <strong data-start=\"2016\" data-end=\"2027\">Adresse<\/strong>: 17 Rue des Marchands<br data-start=\"2049\" data-end=\"2052\" \/>\u23f0 <strong data-start=\"2054\" data-end=\"2072\">\u00d6ffnungszeiten<\/strong>: T\u00e4glich ge\u00f6ffnet 12:00\u201313:30, 19:00\u201321:00<\/p><hr data-start=\"2117\" data-end=\"2120\" \/><h3 data-start=\"2122\" data-end=\"2153\">\ud83c\udf70 <strong data-start=\"2129\" data-end=\"2151\">Jadis et Gourmande<\/strong><\/h3><p data-start=\"2154\" data-end=\"2414\"><strong data-start=\"2154\" data-end=\"2200\">Els\u00e4ssische Spezialit\u00e4ten und ein Teesalon<\/strong> in einer gem\u00fctlichen und freundlichen Atmosph\u00e4re.<br data-start=\"2250\" data-end=\"2253\" \/>Ideal f\u00fcr eine s\u00fc\u00dfe Pause oder eine leichte Mahlzeit!<br data-start=\"2306\" data-end=\"2309\" \/>\ud83d\udccd <strong data-start=\"2312\" data-end=\"2323\">Adresse<\/strong>: 8 place du march\u00e9 aux fruits<br data-start=\"2353\" data-end=\"2356\" \/>\u23f0 <strong data-start=\"2358\" data-end=\"2376\">\u00d6ffnungszeiten<\/strong>: 08:00 &#8211; 18:00 (sonntags geschlossen)<\/p><hr data-start=\"2416\" data-end=\"2419\" \/><h3 data-start=\"2421\" data-end=\"2457\">\ud83c\udfa8<strong data-start=\"2428\" data-end=\"2452\">L&#8217;Atelier du Peintre<\/strong><\/h3><p data-start=\"2458\" data-end=\"2691\">F\u00fcr Liebhaber der <strong data-start=\"2476\" data-end=\"2506\">franz\u00f6sischen Gourmetk\u00fcche<\/strong> \u2013 dieses Restaurant ist eine einzigartige kulinarische Erfahrung!<br data-start=\"2572\" data-end=\"2575\" \/>\ud83d\udccd <strong data-start=\"2578\" data-end=\"2589\">Adresse<\/strong>: 1 Rue Schongauer<br data-start=\"2607\" data-end=\"2610\" \/>\u23f0 <strong data-start=\"2612\" data-end=\"2630\">\u00d6ffnungszeiten<\/strong>: 12:00\u201314:00, 19:00\u201321:30 (sonntags und montags geschlossen)<\/p><hr data-start=\"2693\" data-end=\"2696\" \/><h3 data-start=\"2698\" data-end=\"2732\">\ud83e\udd9e <strong data-start=\"2705\" data-end=\"2730\">Restaurant Le Quai 21<\/strong><\/h3><p data-start=\"2733\" data-end=\"2952\"><strong data-start=\"2733\" data-end=\"2765\">Innovative els\u00e4ssische K\u00fcche<\/strong> f\u00fcr ein modernes und k\u00f6stliches gastronomisches Erlebnis.<br data-start=\"2823\" data-end=\"2826\" \/>\ud83d\udccd <strong data-start=\"2829\" data-end=\"2840\">Adresse<\/strong>: 21 Quai de la Poissonnerie<br data-start=\"2868\" data-end=\"2871\" \/>\u23f0 <strong data-start=\"2873\" data-end=\"2891\">\u00d6ffnungszeiten<\/strong>: 12:00\u201313:30, 19:00\u201320:30 (sonntags und montags geschlossen)<\/p>\t\t\t\t\t\t\t\t<\/div>\n\t\t\t\t<\/div>\n\t\t\t\t<div class=\"elementor-element elementor-element-91a9de5 th-btn-align-center elementor-widget elementor-widget-themo-button\" data-id=\"91a9de5\" data-element_type=\"widget\" data-widget_type=\"themo-button.default\">\n\t\t\t\t<div class=\"elementor-widget-container\">\n\t\t\t\t\t\n                \t\t\t<a class=\"btn-1 btn th-btn btn-standard-primary\" href=\"https:\/\/maison1934.com\/ou-nous-trouver\/#contact\">\n\t\t\t\t\t\t\t\t\tMehr erfahren\t\t\t\t\t\t\t<\/a>\n\t\t\n        \n\t\t\t\t\t\t<\/div>\n\t\t\t\t<\/div>\n\t\t\t\t\t<\/div>\n\t\t<\/div>\n\t\t\t\t<div class=\"elementor-column elementor-col-50 elementor-top-column elementor-element elementor-element-2cdf0c1\" data-id=\"2cdf0c1\" data-element_type=\"column\" data-settings=\"{&quot;background_background&quot;:&quot;classic&quot;}\">\n\t\t\t<div class=\"elementor-widget-wrap elementor-element-populated\">\n\t\t\t\t\t\t<div class=\"elementor-element elementor-element-6253e78 elementor-widget elementor-widget-spacer\" data-id=\"6253e78\" data-element_type=\"widget\" data-widget_type=\"spacer.default\">\n\t\t\t\t<div class=\"elementor-widget-container\">\n\t\t\t\t\t\t\t<div class=\"elementor-spacer\">\n\t\t\t<div class=\"elementor-spacer-inner\"><\/div>\n\t\t<\/div>\n\t\t\t\t\t\t<\/div>\n\t\t\t\t<\/div>\n\t\t\t\t\t<\/div>\n\t\t<\/div>\n\t\t\t\t\t<\/div>\n\t\t<\/section>\n\t\t\t\t<section class=\"elementor-section elementor-top-section elementor-element elementor-element-a340d70 elementor-section-boxed elementor-section-height-default elementor-section-height-default\" data-id=\"a340d70\" data-element_type=\"section\">\n\t\t\t\t\t\t<div class=\"elementor-container elementor-column-gap-default\">\n\t\t\t\t\t<div class=\"elementor-column elementor-col-100 elementor-top-column elementor-element elementor-element-5d8b857\" data-id=\"5d8b857\" data-element_type=\"column\">\n\t\t\t<div class=\"elementor-widget-wrap elementor-element-populated\">\n\t\t\t\t\t\t<div class=\"elementor-element elementor-element-fe0f367 elementor-widget elementor-widget-spacer\" data-id=\"fe0f367\" data-element_type=\"widget\" data-widget_type=\"spacer.default\">\n\t\t\t\t<div class=\"elementor-widget-container\">\n\t\t\t\t\t\t\t<div class=\"elementor-spacer\">\n\t\t\t<div class=\"elementor-spacer-inner\"><\/div>\n\t\t<\/div>\n\t\t\t\t\t\t<\/div>\n\t\t\t\t<\/div>\n\t\t\t\t\t<\/div>\n\t\t<\/div>\n\t\t\t\t\t<\/div>\n\t\t<\/section>\n\t\t\t\t<\/div>\n\t\t","protected":false},"excerpt":{"rendered":"<p>Restaurants Die Besten geh\u00f6ren in die Liste (und es gibt noch mehr!) Eine kulinarische Reise Wie das Elsass selbst vermischt auch die lokale K\u00fcche in Colmar franz\u00f6sische und deutsche Einfl\u00fcsse. Wenn Sie Lust auf etwas Besonderes haben, gibt es in &hellip; <a href=\"https:\/\/maison1934.com\/de\/geniessen\/restaurants\/\">Read More<\/a><\/p>\n","protected":false},"author":2,"featured_media":0,"parent":8578,"menu_order":9,"comment_status":"closed","ping_status":"closed","template":"","meta":{"_acf_changed":false,"footnotes":""},"class_list":["post-8519","page","type-page","status-publish","hentry"],"acf":[],"yoast_head":"<!-- This site is optimized with the Yoast SEO plugin v26.7 - https:\/\/yoast.com\/wordpress\/plugins\/seo\/ -->\n<title>Restaurants - Maison 1934<\/title>\n<meta name=\"description\" content=\"Was f\u00fcr eine gro\u00dfe Auswahl! Die Region Colmar ist ein wahres Paradies f\u00fcr Feinschmecker und verf\u00fcgt \u00fcber insgesamt 13 Michelin-Sterne f\u00fcr 200.000 Einwohner.\" \/>\n<meta name=\"robots\" content=\"index, follow, max-snippet:-1, max-image-preview:large, max-video-preview:-1\" \/>\n<link rel=\"canonical\" href=\"https:\/\/maison1934.com\/de\/geniessen\/restaurants\/\" \/>\n<meta property=\"og:locale\" content=\"de_DE\" \/>\n<meta property=\"og:type\" content=\"article\" \/>\n<meta property=\"og:title\" content=\"Restaurants - Maison 1934\" \/>\n<meta property=\"og:description\" content=\"Was f\u00fcr eine gro\u00dfe Auswahl! Die Region Colmar ist ein wahres Paradies f\u00fcr Feinschmecker und verf\u00fcgt \u00fcber insgesamt 13 Michelin-Sterne f\u00fcr 200.000 Einwohner.\" \/>\n<meta property=\"og:url\" content=\"https:\/\/maison1934.com\/de\/geniessen\/restaurants\/\" \/>\n<meta property=\"og:site_name\" content=\"Maison 1934\" \/>\n<meta property=\"article:modified_time\" content=\"2025-03-16T11:00:23+00:00\" \/>\n<meta name=\"twitter:card\" content=\"summary_large_image\" \/>\n<meta name=\"twitter:label1\" content=\"Gesch\u00e4tzte Lesezeit\" \/>\n\t<meta name=\"twitter:data1\" content=\"9\u00a0Minuten\" \/>\n<script type=\"application\/ld+json\" class=\"yoast-schema-graph\">{\"@context\":\"https:\/\/schema.org\",\"@graph\":[{\"@type\":\"WebPage\",\"@id\":\"https:\/\/maison1934.com\/de\/geniessen\/restaurants\/\",\"url\":\"https:\/\/maison1934.com\/de\/geniessen\/restaurants\/\",\"name\":\"Restaurants - Maison 1934\",\"isPartOf\":{\"@id\":\"https:\/\/maison1934.com\/de\/#website\"},\"datePublished\":\"2021-07-16T12:27:30+00:00\",\"dateModified\":\"2025-03-16T11:00:23+00:00\",\"description\":\"Was f\u00fcr eine gro\u00dfe Auswahl! Die Region Colmar ist ein wahres Paradies f\u00fcr Feinschmecker und verf\u00fcgt \u00fcber insgesamt 13 Michelin-Sterne f\u00fcr 200.000 Einwohner.\",\"breadcrumb\":{\"@id\":\"https:\/\/maison1934.com\/de\/geniessen\/restaurants\/#breadcrumb\"},\"inLanguage\":\"de\",\"potentialAction\":[{\"@type\":\"ReadAction\",\"target\":[\"https:\/\/maison1934.com\/de\/geniessen\/restaurants\/\"]}]},{\"@type\":\"BreadcrumbList\",\"@id\":\"https:\/\/maison1934.com\/de\/geniessen\/restaurants\/#breadcrumb\",\"itemListElement\":[{\"@type\":\"ListItem\",\"position\":1,\"name\":\"Accueil\",\"item\":\"https:\/\/maison1934.com\/de\/\"},{\"@type\":\"ListItem\",\"position\":2,\"name\":\"Genie\u00dfen\",\"item\":\"https:\/\/maison1934.com\/de\/savourer\/\"},{\"@type\":\"ListItem\",\"position\":3,\"name\":\"Restaurants\"}]},{\"@type\":\"WebSite\",\"@id\":\"https:\/\/maison1934.com\/de\/#website\",\"url\":\"https:\/\/maison1934.com\/de\/\",\"name\":\"Maison 1934\",\"description\":\"Vos appart&#039;h\u00f4tels \u00e0 Colmar\",\"potentialAction\":[{\"@type\":\"SearchAction\",\"target\":{\"@type\":\"EntryPoint\",\"urlTemplate\":\"https:\/\/maison1934.com\/de\/?s={search_term_string}\"},\"query-input\":{\"@type\":\"PropertyValueSpecification\",\"valueRequired\":true,\"valueName\":\"search_term_string\"}}],\"inLanguage\":\"de\"}]}<\/script>\n<!-- \/ Yoast SEO plugin. -->","yoast_head_json":{"title":"Restaurants - Maison 1934","description":"Was f\u00fcr eine gro\u00dfe Auswahl! Die Region Colmar ist ein wahres Paradies f\u00fcr Feinschmecker und verf\u00fcgt \u00fcber insgesamt 13 Michelin-Sterne f\u00fcr 200.000 Einwohner.","robots":{"index":"index","follow":"follow","max-snippet":"max-snippet:-1","max-image-preview":"max-image-preview:large","max-video-preview":"max-video-preview:-1"},"canonical":"https:\/\/maison1934.com\/de\/geniessen\/restaurants\/","og_locale":"de_DE","og_type":"article","og_title":"Restaurants - Maison 1934","og_description":"Was f\u00fcr eine gro\u00dfe Auswahl! Die Region Colmar ist ein wahres Paradies f\u00fcr Feinschmecker und verf\u00fcgt \u00fcber insgesamt 13 Michelin-Sterne f\u00fcr 200.000 Einwohner.","og_url":"https:\/\/maison1934.com\/de\/geniessen\/restaurants\/","og_site_name":"Maison 1934","article_modified_time":"2025-03-16T11:00:23+00:00","twitter_card":"summary_large_image","twitter_misc":{"Gesch\u00e4tzte Lesezeit":"9\u00a0Minuten"},"schema":{"@context":"https:\/\/schema.org","@graph":[{"@type":"WebPage","@id":"https:\/\/maison1934.com\/de\/geniessen\/restaurants\/","url":"https:\/\/maison1934.com\/de\/geniessen\/restaurants\/","name":"Restaurants - Maison 1934","isPartOf":{"@id":"https:\/\/maison1934.com\/de\/#website"},"datePublished":"2021-07-16T12:27:30+00:00","dateModified":"2025-03-16T11:00:23+00:00","description":"Was f\u00fcr eine gro\u00dfe Auswahl! Die Region Colmar ist ein wahres Paradies f\u00fcr Feinschmecker und verf\u00fcgt \u00fcber insgesamt 13 Michelin-Sterne f\u00fcr 200.000 Einwohner.","breadcrumb":{"@id":"https:\/\/maison1934.com\/de\/geniessen\/restaurants\/#breadcrumb"},"inLanguage":"de","potentialAction":[{"@type":"ReadAction","target":["https:\/\/maison1934.com\/de\/geniessen\/restaurants\/"]}]},{"@type":"BreadcrumbList","@id":"https:\/\/maison1934.com\/de\/geniessen\/restaurants\/#breadcrumb","itemListElement":[{"@type":"ListItem","position":1,"name":"Accueil","item":"https:\/\/maison1934.com\/de\/"},{"@type":"ListItem","position":2,"name":"Genie\u00dfen","item":"https:\/\/maison1934.com\/de\/savourer\/"},{"@type":"ListItem","position":3,"name":"Restaurants"}]},{"@type":"WebSite","@id":"https:\/\/maison1934.com\/de\/#website","url":"https:\/\/maison1934.com\/de\/","name":"Maison 1934","description":"Vos appart&#039;h\u00f4tels \u00e0 Colmar","potentialAction":[{"@type":"SearchAction","target":{"@type":"EntryPoint","urlTemplate":"https:\/\/maison1934.com\/de\/?s={search_term_string}"},"query-input":{"@type":"PropertyValueSpecification","valueRequired":true,"valueName":"search_term_string"}}],"inLanguage":"de"}]}},"_links":{"self":[{"href":"https:\/\/maison1934.com\/de\/wp-json\/wp\/v2\/pages\/8519","targetHints":{"allow":["GET"]}}],"collection":[{"href":"https:\/\/maison1934.com\/de\/wp-json\/wp\/v2\/pages"}],"about":[{"href":"https:\/\/maison1934.com\/de\/wp-json\/wp\/v2\/types\/page"}],"author":[{"embeddable":true,"href":"https:\/\/maison1934.com\/de\/wp-json\/wp\/v2\/users\/2"}],"replies":[{"embeddable":true,"href":"https:\/\/maison1934.com\/de\/wp-json\/wp\/v2\/comments?post=8519"}],"version-history":[{"count":9,"href":"https:\/\/maison1934.com\/de\/wp-json\/wp\/v2\/pages\/8519\/revisions"}],"predecessor-version":[{"id":14944,"href":"https:\/\/maison1934.com\/de\/wp-json\/wp\/v2\/pages\/8519\/revisions\/14944"}],"up":[{"embeddable":true,"href":"https:\/\/maison1934.com\/de\/wp-json\/wp\/v2\/pages\/8578"}],"wp:attachment":[{"href":"https:\/\/maison1934.com\/de\/wp-json\/wp\/v2\/media?parent=8519"}],"curies":[{"name":"wp","href":"https:\/\/api.w.org\/{rel}","templated":true}]}}