{"id":8545,"date":"2021-07-16T14:30:55","date_gmt":"2021-07-16T12:30:55","guid":{"rendered":"https:\/\/maison1934.com\/teestuben\/"},"modified":"2025-03-16T02:56:38","modified_gmt":"2025-03-16T01:56:38","slug":"teestuben","status":"publish","type":"page","link":"https:\/\/maison1934.com\/de\/geniessen\/teestuben\/","title":{"rendered":"Teestuben"},"content":{"rendered":"\t\t<div data-elementor-type=\"wp-post\" data-elementor-id=\"8545\" class=\"elementor elementor-8545 elementor-634\">\n\t\t\t\t\t\t<section class=\"elementor-section elementor-top-section elementor-element elementor-element-3abe1d47 elementor-section-full_width elementor-section-height-min-height elementor-section-height-default elementor-section-items-middle\" data-id=\"3abe1d47\" data-element_type=\"section\" data-settings=\"{&quot;background_background&quot;:&quot;classic&quot;}\">\n\t\t\t\t\t\t\t<div class=\"elementor-background-overlay\"><\/div>\n\t\t\t\t\t\t\t<div class=\"elementor-container elementor-column-gap-default\">\n\t\t\t\t\t<div class=\"elementor-column elementor-col-100 elementor-top-column elementor-element elementor-element-1cd780e3\" data-id=\"1cd780e3\" data-element_type=\"column\">\n\t\t\t<div class=\"elementor-widget-wrap elementor-element-populated\">\n\t\t\t\t\t\t<div class=\"elementor-element elementor-element-367392ab elementor-widget elementor-widget-spacer\" data-id=\"367392ab\" data-element_type=\"widget\" data-widget_type=\"spacer.default\">\n\t\t\t\t<div class=\"elementor-widget-container\">\n\t\t\t\t\t\t\t<div class=\"elementor-spacer\">\n\t\t\t<div class=\"elementor-spacer-inner\"><\/div>\n\t\t<\/div>\n\t\t\t\t\t\t<\/div>\n\t\t\t\t<\/div>\n\t\t\t\t<div class=\"elementor-element elementor-element-2745faf1 elementor-view-default elementor-position-top elementor-invisible elementor-widget elementor-widget-themo-header\" data-id=\"2745faf1\" data-element_type=\"widget\" data-settings=\"{&quot;_animation&quot;:&quot;fadeIn&quot;}\" data-widget_type=\"themo-header.default\">\n\t\t\t\t<div class=\"elementor-widget-container\">\n\t\t\t\t\t\t\t<div class=\"th-header-wrap\">\n        <div class=\"elementor-icon-box-wrapper \">\n                            <div class=\"elementor-icon-box-content\">\n                    <h1 class=\"elementor-icon-box-title\">\n                        Teestuben                    <\/h1>\n                                        <p class=\"elementor-icon-box-description\">Eine Institution f\u00fcr Feinschmecker, die Sie sich nicht entgehen lassen sollten<\/p>\n\n                                    <\/div>\n            <\/div>\n\n        <\/div>\n\n\t\t\t\t\t\t<\/div>\n\t\t\t\t<\/div>\n\t\t\t\t\t<\/div>\n\t\t<\/div>\n\t\t\t\t\t<\/div>\n\t\t<\/section>\n\t\t\t\t<section class=\"elementor-section elementor-top-section elementor-element elementor-element-be10648 elementor-section-boxed elementor-section-height-default elementor-section-height-default\" data-id=\"be10648\" data-element_type=\"section\">\n\t\t\t\t\t\t<div class=\"elementor-container elementor-column-gap-default\">\n\t\t\t\t\t<div class=\"elementor-column elementor-col-100 elementor-top-column elementor-element elementor-element-7b34fb2\" data-id=\"7b34fb2\" data-element_type=\"column\">\n\t\t\t<div class=\"elementor-widget-wrap elementor-element-populated\">\n\t\t\t\t\t\t<div class=\"elementor-element elementor-element-644fadd elementor-widget elementor-widget-spacer\" data-id=\"644fadd\" data-element_type=\"widget\" data-widget_type=\"spacer.default\">\n\t\t\t\t<div class=\"elementor-widget-container\">\n\t\t\t\t\t\t\t<div class=\"elementor-spacer\">\n\t\t\t<div class=\"elementor-spacer-inner\"><\/div>\n\t\t<\/div>\n\t\t\t\t\t\t<\/div>\n\t\t\t\t<\/div>\n\t\t\t\t\t<\/div>\n\t\t<\/div>\n\t\t\t\t\t<\/div>\n\t\t<\/section>\n\t\t\t\t<section class=\"elementor-section elementor-top-section elementor-element elementor-element-b0be76b elementor-section-full_width elementor-section-height-default elementor-section-height-default\" data-id=\"b0be76b\" data-element_type=\"section\" data-settings=\"{&quot;background_background&quot;:&quot;slideshow&quot;,&quot;background_slideshow_gallery&quot;:[{&quot;id&quot;:1858,&quot;url&quot;:&quot;https:\\\/\\\/maison1934.com\\\/wp-content\\\/uploads\\\/2022\\\/04\\\/PSX_20220129_203558-scaled.jpg&quot;}],&quot;background_slideshow_loop&quot;:&quot;yes&quot;,&quot;background_slideshow_slide_duration&quot;:5000,&quot;background_slideshow_slide_transition&quot;:&quot;fade&quot;,&quot;background_slideshow_transition_duration&quot;:500}\">\n\t\t\t\t\t\t<div class=\"elementor-container elementor-column-gap-default\">\n\t\t\t\t\t<div class=\"elementor-column elementor-col-50 elementor-top-column elementor-element elementor-element-8a937e2\" data-id=\"8a937e2\" data-element_type=\"column\" data-settings=\"{&quot;background_background&quot;:&quot;classic&quot;}\">\n\t\t\t<div class=\"elementor-widget-wrap elementor-element-populated\">\n\t\t\t\t\t\t<div class=\"elementor-element elementor-element-8244ed7 elementor-widget elementor-widget-menu-anchor\" data-id=\"8244ed7\" data-element_type=\"widget\" data-widget_type=\"menu-anchor.default\">\n\t\t\t\t<div class=\"elementor-widget-container\">\n\t\t\t\t\t\t\t<div class=\"elementor-menu-anchor\" id=\"more1\"><\/div>\n\t\t\t\t\t\t<\/div>\n\t\t\t\t<\/div>\n\t\t\t\t<div class=\"elementor-element elementor-element-f9cdd3b elementor-widget elementor-widget-spacer\" data-id=\"f9cdd3b\" data-element_type=\"widget\" data-widget_type=\"spacer.default\">\n\t\t\t\t<div class=\"elementor-widget-container\">\n\t\t\t\t\t\t\t<div class=\"elementor-spacer\">\n\t\t\t<div class=\"elementor-spacer-inner\"><\/div>\n\t\t<\/div>\n\t\t\t\t\t\t<\/div>\n\t\t\t\t<\/div>\n\t\t\t\t\t<\/div>\n\t\t<\/div>\n\t\t\t\t<div class=\"elementor-column elementor-col-50 elementor-top-column elementor-element elementor-element-5a95ac8\" data-id=\"5a95ac8\" data-element_type=\"column\" data-settings=\"{&quot;background_background&quot;:&quot;classic&quot;}\">\n\t\t\t<div class=\"elementor-widget-wrap elementor-element-populated\">\n\t\t\t\t\t\t<div class=\"elementor-element elementor-element-3fb5f13 elementor-position-left elementor-view-default elementor-widget elementor-widget-themo-header\" data-id=\"3fb5f13\" data-element_type=\"widget\" data-widget_type=\"themo-header.default\">\n\t\t\t\t<div class=\"elementor-widget-container\">\n\t\t\t\t\t\t\t<div class=\"th-header-wrap\">\n        <div class=\"elementor-icon-box-wrapper \">\n                            <div class=\"elementor-icon-box-content\">\n                    <h3 class=\"elementor-icon-box-title\">\n                        Caf\u00e9-Kuchen                    <\/h3>\n                                        <p class=\"elementor-icon-box-description\"><\/p>\n\n                                    <\/div>\n            <\/div>\n\n        <\/div>\n\n\t\t\t\t\t\t<\/div>\n\t\t\t\t<\/div>\n\t\t\t\t<div class=\"elementor-element elementor-element-dd79df7 elementor-widget elementor-widget-text-editor\" data-id=\"dd79df7\" data-element_type=\"widget\" data-widget_type=\"text-editor.default\">\n\t\t\t\t<div class=\"elementor-widget-container\">\n\t\t\t\t\t\t\t\t\t<p data-start=\"1233\" data-end=\"1656\">Wie viele andere els\u00e4ssische Spezialit\u00e4ten, die wir bereits vorgestellt haben, ist das <strong data-start=\"1320\" data-end=\"1337\">&#8222;Caf\u00e9-Kuchen&#8220;<\/strong> eine traditionelle els\u00e4ssische Zwischenmahlzeit zwischen Mittag- und Abendessen, inspiriert von der deutschen Kaffeekultur. Ob eine k\u00f6stliche, hausgemachte Obsttarte oder ein kunstvoll dekoriertes Meisterwerk eines Konditors \u2013 ein St\u00fcck Kuchen geh\u00f6rt zu einer richtigen Tasse Kaffee in dieser Tageszeit einfach dazu!<\/p>\n<p data-start=\"1658\" data-end=\"1961\">Es gibt unz\u00e4hlige Variationen von Kuchen in den Teestuben und Caf\u00e9s des Elsass: <strong data-start=\"1738\" data-end=\"1830\">Schwarzw\u00e4lder Kirschtorte, Charlotte, Crottin, Op\u00e9ra, Paris-Brest, Saint-Honor\u00e9, \u00c9clairs<\/strong> sowie zahlreiche Tartes oder Strudel, die oft mit frischen Fr\u00fcchten wie <strong data-start=\"1903\" data-end=\"1931\">Mirabellen, Heidelbeeren<\/strong> und mehr zubereitet werden.<\/p>\n<p data-start=\"1963\" data-end=\"2230\">Da Kaffee und Geb\u00e4ck ein fester Bestandteil der els\u00e4ssischen Lebensart sind, liegt es vielleicht daran, dass das Backen eines Kuchens f\u00fcr jemanden \u2013 sei es f\u00fcr eine Feier, einen Geburtstag oder einfach aus Freude \u2013 eine typische els\u00e4ssische Geste der Zuneigung ist.<\/p>\n<p data-start=\"2232\" data-end=\"2256\"><strong data-start=\"2232\" data-end=\"2250\">Guten Appetit!<\/strong> \ud83c\udf70\u2615<\/p>\n\t\t\t\t\t\t\t\t<\/div>\n\t\t\t\t<\/div>\n\t\t\t\t\t<\/div>\n\t\t<\/div>\n\t\t\t\t\t<\/div>\n\t\t<\/section>\n\t\t\t\t<section class=\"elementor-section elementor-top-section elementor-element elementor-element-c95065b elementor-section-full_width elementor-section-height-default elementor-section-height-default\" data-id=\"c95065b\" data-element_type=\"section\">\n\t\t\t\t\t\t<div class=\"elementor-container elementor-column-gap-default\">\n\t\t\t\t\t<div class=\"elementor-column elementor-col-50 elementor-top-column elementor-element elementor-element-2b156ca\" data-id=\"2b156ca\" data-element_type=\"column\" data-settings=\"{&quot;background_background&quot;:&quot;classic&quot;}\">\n\t\t\t<div class=\"elementor-widget-wrap elementor-element-populated\">\n\t\t\t\t\t\t<div class=\"elementor-element elementor-element-1eba29f elementor-position-left elementor-view-default elementor-widget elementor-widget-themo-header\" data-id=\"1eba29f\" data-element_type=\"widget\" data-widget_type=\"themo-header.default\">\n\t\t\t\t<div class=\"elementor-widget-container\">\n\t\t\t\t\t\t\t<div class=\"th-header-wrap\">\n        <div class=\"elementor-icon-box-wrapper \">\n                            <div class=\"elementor-icon-box-content\">\n                    <h3 class=\"elementor-icon-box-title\">\n                        Die Qual der Wahl                    <\/h3>\n                                        <p class=\"elementor-icon-box-description\">Was gibt es Sch\u00f6neres, als auf einer kulinarischen Reise durch die Weinhauptstadt des Elsass die besten Adressen zu kennen, die wir mit Sorgfalt f\u00fcr Sie getestet haben? Denken Sie daran, Ihren Tisch im Voraus zu reservieren! Wir helfen Ihnen gerne weiter.<\/p>\n\n                                    <\/div>\n            <\/div>\n\n        <\/div>\n\n\t\t\t\t\t\t<\/div>\n\t\t\t\t<\/div>\n\t\t\t\t<div class=\"elementor-element elementor-element-97ae761 elementor-position-left elementor-view-default elementor-widget elementor-widget-themo-header\" data-id=\"97ae761\" data-element_type=\"widget\" data-widget_type=\"themo-header.default\">\n\t\t\t\t<div class=\"elementor-widget-container\">\n\t\t\t\t\t\t\t<div class=\"th-header-wrap\">\n        <div class=\"elementor-icon-box-wrapper \">\n                            <div class=\"elementor-icon-box-content\">\n                    <h2 class=\"elementor-icon-box-title\">\n                        L'Art\u00e9mise                    <\/h2>\n                                        <p class=\"elementor-icon-box-description\">\ud83d\udccd 10 Rue des \u00c9coles\r\n\ud83d\udd70 \u00d6ffnungszeiten: 10:00\u201318:00 (geschlossen am Dienstag und Mittwoch)<\/p>\n\n                                    <\/div>\n            <\/div>\n\n        <\/div>\n\n\t\t\t\t\t\t<\/div>\n\t\t\t\t<\/div>\n\t\t\t\t<div class=\"elementor-element elementor-element-7b27901 elementor-position-left elementor-view-default elementor-widget elementor-widget-themo-header\" data-id=\"7b27901\" data-element_type=\"widget\" data-widget_type=\"themo-header.default\">\n\t\t\t\t<div class=\"elementor-widget-container\">\n\t\t\t\t\t\t\t<div class=\"th-header-wrap\">\n        <div class=\"elementor-icon-box-wrapper \">\n                            <div class=\"elementor-icon-box-content\">\n                    <h2 class=\"elementor-icon-box-title\">\n                        Le Boudoir                    <\/h2>\n                                        <p class=\"elementor-icon-box-description\">\ud83d\udccd 15 Grand Rue\r\n\ud83d\udd70 \u00d6ffnungszeiten: 08:30\u201318:00 (geschlossen am Sonntag)<\/p>\n\n                                    <\/div>\n            <\/div>\n\n        <\/div>\n\n\t\t\t\t\t\t<\/div>\n\t\t\t\t<\/div>\n\t\t\t\t<div class=\"elementor-element elementor-element-d2088d5 elementor-position-left elementor-view-default elementor-widget elementor-widget-themo-header\" data-id=\"d2088d5\" data-element_type=\"widget\" data-widget_type=\"themo-header.default\">\n\t\t\t\t<div class=\"elementor-widget-container\">\n\t\t\t\t\t\t\t<div class=\"th-header-wrap\">\n        <div class=\"elementor-icon-box-wrapper \">\n                            <div class=\"elementor-icon-box-content\">\n                    <h2 class=\"elementor-icon-box-title\">\n                        L'Atelier de Yann                    <\/h2>\n                                        <p class=\"elementor-icon-box-description\">\ud83d\udccd 11 Pl. de la Cath\u00e9drale\r\n\ud83d\udd70 \u00d6ffnungszeiten: 08:30\u201318:00 (geschlossen am Sonntag)<\/p>\n\n                                    <\/div>\n            <\/div>\n\n        <\/div>\n\n\t\t\t\t\t\t<\/div>\n\t\t\t\t<\/div>\n\t\t\t\t<div class=\"elementor-element elementor-element-7ee1395 elementor-position-left elementor-view-default elementor-widget elementor-widget-themo-header\" data-id=\"7ee1395\" data-element_type=\"widget\" data-widget_type=\"themo-header.default\">\n\t\t\t\t<div class=\"elementor-widget-container\">\n\t\t\t\t\t\t\t<div class=\"th-header-wrap\">\n        <div class=\"elementor-icon-box-wrapper \">\n                            <div class=\"elementor-icon-box-content\">\n                    <h2 class=\"elementor-icon-box-title\">\n                        Virevol'Th\u00e9s &amp; Gourmandises                    <\/h2>\n                                        <p class=\"elementor-icon-box-description\">\ud83d\udccd 2 Rue Rapp\r\n\ud83d\udd70 \u00d6ffnungszeiten: 09:00\u201318:00 (geschlossen am Montag und Sonntag)<\/p>\n\n                                    <\/div>\n            <\/div>\n\n        <\/div>\n\n\t\t\t\t\t\t<\/div>\n\t\t\t\t<\/div>\n\t\t\t\t<div class=\"elementor-element elementor-element-cdd0cad elementor-position-left elementor-view-default elementor-widget elementor-widget-themo-header\" data-id=\"cdd0cad\" data-element_type=\"widget\" data-widget_type=\"themo-header.default\">\n\t\t\t\t<div class=\"elementor-widget-container\">\n\t\t\t\t\t\t\t<div class=\"th-header-wrap\">\n        <div class=\"elementor-icon-box-wrapper \">\n                            <div class=\"elementor-icon-box-content\">\n                    <h2 class=\"elementor-icon-box-title\">\n                        L'Essence du Th\u00e9                    <\/h2>\n                                        <p class=\"elementor-icon-box-description\">\ud83d\udccd 38 Bis Rue des Marchands, Colmar\r\n\ud83d\udd70 \u00d6ffnungszeiten: 10:00\u201318:30 (geschlossen am Sonntag)<\/p>\n\n                                    <\/div>\n            <\/div>\n\n        <\/div>\n\n\t\t\t\t\t\t<\/div>\n\t\t\t\t<\/div>\n\t\t\t\t<div class=\"elementor-element elementor-element-abc62fd elementor-position-left elementor-view-default elementor-widget elementor-widget-themo-header\" data-id=\"abc62fd\" data-element_type=\"widget\" data-widget_type=\"themo-header.default\">\n\t\t\t\t<div class=\"elementor-widget-container\">\n\t\t\t\t\t\t\t<div class=\"th-header-wrap\">\n        <div class=\"elementor-icon-box-wrapper \">\n                            <div class=\"elementor-icon-box-content\">\n                    <h2 class=\"elementor-icon-box-title\">\n                        Salon de th\u00e9 Grand\u2019Rue                    <\/h2>\n                                        <p class=\"elementor-icon-box-description\">\ud83d\udccd 80 Grand\u2019Rue, Strasbourg\r\n\ud83d\udd70 \u00d6ffnungszeiten: 08:30\u201318:30, Dienstag bis Samstag\r\n\ud83d\udc9b (Ein Ort, den wir lieben!)<\/p>\n\n                                    <\/div>\n            <\/div>\n\n        <\/div>\n\n\t\t\t\t\t\t<\/div>\n\t\t\t\t<\/div>\n\t\t\t\t<div class=\"elementor-element elementor-element-2391333 th-btn-align-center elementor-widget elementor-widget-themo-button\" data-id=\"2391333\" data-element_type=\"widget\" data-widget_type=\"themo-button.default\">\n\t\t\t\t<div class=\"elementor-widget-container\">\n\t\t\t\t\t\n                \t\t\t<a class=\"btn-1 btn th-btn btn-standard-primary\" href=\"https:\/\/maison1934.com\/ou-nous-trouver\/#contact\">\n\t\t\t\t\t\t\t\t\tMehr erfahren\t\t\t\t\t\t\t<\/a>\n\t\t\n        \n\t\t\t\t\t\t<\/div>\n\t\t\t\t<\/div>\n\t\t\t\t\t<\/div>\n\t\t<\/div>\n\t\t\t\t<div class=\"elementor-column elementor-col-50 elementor-top-column elementor-element elementor-element-0d756b1\" data-id=\"0d756b1\" data-element_type=\"column\" data-settings=\"{&quot;background_background&quot;:&quot;classic&quot;}\">\n\t\t\t<div class=\"elementor-widget-wrap elementor-element-populated\">\n\t\t\t\t\t\t<div class=\"elementor-element elementor-element-c74dabd elementor-widget elementor-widget-spacer\" data-id=\"c74dabd\" data-element_type=\"widget\" data-widget_type=\"spacer.default\">\n\t\t\t\t<div class=\"elementor-widget-container\">\n\t\t\t\t\t\t\t<div class=\"elementor-spacer\">\n\t\t\t<div class=\"elementor-spacer-inner\"><\/div>\n\t\t<\/div>\n\t\t\t\t\t\t<\/div>\n\t\t\t\t<\/div>\n\t\t\t\t\t<\/div>\n\t\t<\/div>\n\t\t\t\t\t<\/div>\n\t\t<\/section>\n\t\t\t\t<section class=\"elementor-section elementor-top-section elementor-element elementor-element-a340d70 elementor-section-boxed elementor-section-height-default elementor-section-height-default\" data-id=\"a340d70\" data-element_type=\"section\">\n\t\t\t\t\t\t<div class=\"elementor-container elementor-column-gap-default\">\n\t\t\t\t\t<div class=\"elementor-column elementor-col-100 elementor-top-column elementor-element elementor-element-5d8b857\" data-id=\"5d8b857\" data-element_type=\"column\">\n\t\t\t<div class=\"elementor-widget-wrap elementor-element-populated\">\n\t\t\t\t\t\t<div class=\"elementor-element elementor-element-fe0f367 elementor-widget elementor-widget-spacer\" data-id=\"fe0f367\" data-element_type=\"widget\" data-widget_type=\"spacer.default\">\n\t\t\t\t<div class=\"elementor-widget-container\">\n\t\t\t\t\t\t\t<div class=\"elementor-spacer\">\n\t\t\t<div class=\"elementor-spacer-inner\"><\/div>\n\t\t<\/div>\n\t\t\t\t\t\t<\/div>\n\t\t\t\t<\/div>\n\t\t\t\t\t<\/div>\n\t\t<\/div>\n\t\t\t\t\t<\/div>\n\t\t<\/section>\n\t\t\t\t<\/div>\n\t\t","protected":false},"excerpt":{"rendered":"<p>Teestuben Eine Institution f\u00fcr Feinschmecker, die Sie sich nicht entgehen lassen sollten Caf\u00e9-Kuchen Wie viele andere els\u00e4ssische Spezialit\u00e4ten, die wir bereits vorgestellt haben, ist das &#8222;Caf\u00e9-Kuchen&#8220; eine traditionelle els\u00e4ssische Zwischenmahlzeit zwischen Mittag- und Abendessen, inspiriert von der deutschen Kaffeekultur. Ob &hellip; <a href=\"https:\/\/maison1934.com\/de\/geniessen\/teestuben\/\">Read More<\/a><\/p>\n","protected":false},"author":2,"featured_media":0,"parent":8578,"menu_order":9,"comment_status":"closed","ping_status":"closed","template":"","meta":{"_acf_changed":false,"footnotes":""},"class_list":["post-8545","page","type-page","status-publish","hentry"],"acf":[],"yoast_head":"<!-- This site is optimized with the Yoast SEO plugin v26.7 - https:\/\/yoast.com\/wordpress\/plugins\/seo\/ -->\n<title>Teestuben - Maison 1934<\/title>\n<meta name=\"robots\" content=\"index, follow, max-snippet:-1, max-image-preview:large, max-video-preview:-1\" \/>\n<link rel=\"canonical\" href=\"https:\/\/maison1934.com\/de\/geniessen\/teestuben\/\" \/>\n<meta property=\"og:locale\" content=\"de_DE\" \/>\n<meta property=\"og:type\" content=\"article\" \/>\n<meta property=\"og:title\" content=\"Teestuben - Maison 1934\" \/>\n<meta property=\"og:description\" content=\"Teestuben Eine Institution f\u00fcr Feinschmecker, die Sie sich nicht entgehen lassen sollten Caf\u00e9-Kuchen Wie viele andere els\u00e4ssische Spezialit\u00e4ten, die wir bereits vorgestellt haben, ist das &#8222;Caf\u00e9-Kuchen&#8220; eine traditionelle els\u00e4ssische Zwischenmahlzeit zwischen Mittag- und Abendessen, inspiriert von der deutschen Kaffeekultur. Ob &hellip; Read More\" \/>\n<meta property=\"og:url\" content=\"https:\/\/maison1934.com\/de\/geniessen\/teestuben\/\" \/>\n<meta property=\"og:site_name\" content=\"Maison 1934\" \/>\n<meta property=\"article:modified_time\" content=\"2025-03-16T01:56:38+00:00\" \/>\n<meta name=\"twitter:card\" content=\"summary_large_image\" \/>\n<meta name=\"twitter:label1\" content=\"Gesch\u00e4tzte Lesezeit\" \/>\n\t<meta name=\"twitter:data1\" content=\"2\u00a0Minuten\" \/>\n<script type=\"application\/ld+json\" class=\"yoast-schema-graph\">{\"@context\":\"https:\/\/schema.org\",\"@graph\":[{\"@type\":\"WebPage\",\"@id\":\"https:\/\/maison1934.com\/de\/geniessen\/teestuben\/\",\"url\":\"https:\/\/maison1934.com\/de\/geniessen\/teestuben\/\",\"name\":\"Teestuben - Maison 1934\",\"isPartOf\":{\"@id\":\"https:\/\/maison1934.com\/de\/#website\"},\"datePublished\":\"2021-07-16T12:30:55+00:00\",\"dateModified\":\"2025-03-16T01:56:38+00:00\",\"breadcrumb\":{\"@id\":\"https:\/\/maison1934.com\/de\/geniessen\/teestuben\/#breadcrumb\"},\"inLanguage\":\"de\",\"potentialAction\":[{\"@type\":\"ReadAction\",\"target\":[\"https:\/\/maison1934.com\/de\/geniessen\/teestuben\/\"]}]},{\"@type\":\"BreadcrumbList\",\"@id\":\"https:\/\/maison1934.com\/de\/geniessen\/teestuben\/#breadcrumb\",\"itemListElement\":[{\"@type\":\"ListItem\",\"position\":1,\"name\":\"Accueil\",\"item\":\"https:\/\/maison1934.com\/de\/\"},{\"@type\":\"ListItem\",\"position\":2,\"name\":\"Genie\u00dfen\",\"item\":\"https:\/\/maison1934.com\/de\/savourer\/\"},{\"@type\":\"ListItem\",\"position\":3,\"name\":\"Teestuben\"}]},{\"@type\":\"WebSite\",\"@id\":\"https:\/\/maison1934.com\/de\/#website\",\"url\":\"https:\/\/maison1934.com\/de\/\",\"name\":\"Maison 1934\",\"description\":\"Vos appart&#039;h\u00f4tels \u00e0 Colmar\",\"potentialAction\":[{\"@type\":\"SearchAction\",\"target\":{\"@type\":\"EntryPoint\",\"urlTemplate\":\"https:\/\/maison1934.com\/de\/?s={search_term_string}\"},\"query-input\":{\"@type\":\"PropertyValueSpecification\",\"valueRequired\":true,\"valueName\":\"search_term_string\"}}],\"inLanguage\":\"de\"}]}<\/script>\n<!-- \/ Yoast SEO plugin. -->","yoast_head_json":{"title":"Teestuben - Maison 1934","robots":{"index":"index","follow":"follow","max-snippet":"max-snippet:-1","max-image-preview":"max-image-preview:large","max-video-preview":"max-video-preview:-1"},"canonical":"https:\/\/maison1934.com\/de\/geniessen\/teestuben\/","og_locale":"de_DE","og_type":"article","og_title":"Teestuben - Maison 1934","og_description":"Teestuben Eine Institution f\u00fcr Feinschmecker, die Sie sich nicht entgehen lassen sollten Caf\u00e9-Kuchen Wie viele andere els\u00e4ssische Spezialit\u00e4ten, die wir bereits vorgestellt haben, ist das &#8222;Caf\u00e9-Kuchen&#8220; eine traditionelle els\u00e4ssische Zwischenmahlzeit zwischen Mittag- und Abendessen, inspiriert von der deutschen Kaffeekultur. Ob &hellip; Read More","og_url":"https:\/\/maison1934.com\/de\/geniessen\/teestuben\/","og_site_name":"Maison 1934","article_modified_time":"2025-03-16T01:56:38+00:00","twitter_card":"summary_large_image","twitter_misc":{"Gesch\u00e4tzte Lesezeit":"2\u00a0Minuten"},"schema":{"@context":"https:\/\/schema.org","@graph":[{"@type":"WebPage","@id":"https:\/\/maison1934.com\/de\/geniessen\/teestuben\/","url":"https:\/\/maison1934.com\/de\/geniessen\/teestuben\/","name":"Teestuben - Maison 1934","isPartOf":{"@id":"https:\/\/maison1934.com\/de\/#website"},"datePublished":"2021-07-16T12:30:55+00:00","dateModified":"2025-03-16T01:56:38+00:00","breadcrumb":{"@id":"https:\/\/maison1934.com\/de\/geniessen\/teestuben\/#breadcrumb"},"inLanguage":"de","potentialAction":[{"@type":"ReadAction","target":["https:\/\/maison1934.com\/de\/geniessen\/teestuben\/"]}]},{"@type":"BreadcrumbList","@id":"https:\/\/maison1934.com\/de\/geniessen\/teestuben\/#breadcrumb","itemListElement":[{"@type":"ListItem","position":1,"name":"Accueil","item":"https:\/\/maison1934.com\/de\/"},{"@type":"ListItem","position":2,"name":"Genie\u00dfen","item":"https:\/\/maison1934.com\/de\/savourer\/"},{"@type":"ListItem","position":3,"name":"Teestuben"}]},{"@type":"WebSite","@id":"https:\/\/maison1934.com\/de\/#website","url":"https:\/\/maison1934.com\/de\/","name":"Maison 1934","description":"Vos appart&#039;h\u00f4tels \u00e0 Colmar","potentialAction":[{"@type":"SearchAction","target":{"@type":"EntryPoint","urlTemplate":"https:\/\/maison1934.com\/de\/?s={search_term_string}"},"query-input":{"@type":"PropertyValueSpecification","valueRequired":true,"valueName":"search_term_string"}}],"inLanguage":"de"}]}},"_links":{"self":[{"href":"https:\/\/maison1934.com\/de\/wp-json\/wp\/v2\/pages\/8545","targetHints":{"allow":["GET"]}}],"collection":[{"href":"https:\/\/maison1934.com\/de\/wp-json\/wp\/v2\/pages"}],"about":[{"href":"https:\/\/maison1934.com\/de\/wp-json\/wp\/v2\/types\/page"}],"author":[{"embeddable":true,"href":"https:\/\/maison1934.com\/de\/wp-json\/wp\/v2\/users\/2"}],"replies":[{"embeddable":true,"href":"https:\/\/maison1934.com\/de\/wp-json\/wp\/v2\/comments?post=8545"}],"version-history":[{"count":9,"href":"https:\/\/maison1934.com\/de\/wp-json\/wp\/v2\/pages\/8545\/revisions"}],"predecessor-version":[{"id":14875,"href":"https:\/\/maison1934.com\/de\/wp-json\/wp\/v2\/pages\/8545\/revisions\/14875"}],"up":[{"embeddable":true,"href":"https:\/\/maison1934.com\/de\/wp-json\/wp\/v2\/pages\/8578"}],"wp:attachment":[{"href":"https:\/\/maison1934.com\/de\/wp-json\/wp\/v2\/media?parent=8545"}],"curies":[{"name":"wp","href":"https:\/\/api.w.org\/{rel}","templated":true}]}}