{"id":8578,"date":"2021-06-03T20:38:21","date_gmt":"2021-06-03T18:38:21","guid":{"rendered":"https:\/\/maison1934.com\/geniessen\/"},"modified":"2024-12-02T19:33:40","modified_gmt":"2024-12-02T18:33:40","slug":"geniessen","status":"publish","type":"page","link":"https:\/\/maison1934.com\/de\/geniessen\/","title":{"rendered":"Genie\u00dfen"},"content":{"rendered":"\t\t<div data-elementor-type=\"wp-post\" data-elementor-id=\"8578\" class=\"elementor elementor-8578 elementor-426\">\n\t\t\t\t\t\t<section class=\"elementor-section elementor-top-section elementor-element elementor-element-3abe1d47 elementor-section-full_width elementor-section-height-min-height elementor-section-height-default elementor-section-items-middle\" data-id=\"3abe1d47\" data-element_type=\"section\" data-settings=\"{&quot;background_background&quot;:&quot;slideshow&quot;,&quot;background_slideshow_gallery&quot;:[{&quot;id&quot;:1105,&quot;url&quot;:&quot;https:\\\/\\\/maison1934.com\\\/wp-content\\\/uploads\\\/2021\\\/12\\\/Alsace_by_Fabien_Voileau_L1160957.jpg&quot;},{&quot;id&quot;:1098,&quot;url&quot;:&quot;https:\\\/\\\/maison1934.com\\\/wp-content\\\/uploads\\\/2021\\\/12\\\/loismoreno-56-scaled.jpg&quot;},{&quot;id&quot;:1196,&quot;url&quot;:&quot;https:\\\/\\\/maison1934.com\\\/wp-content\\\/uploads\\\/2021\\\/12\\\/Alsace_by_Fabien_Voileau_L1160826-2-scaled.jpg&quot;},{&quot;id&quot;:1856,&quot;url&quot;:&quot;https:\\\/\\\/maison1934.com\\\/wp-content\\\/uploads\\\/2022\\\/04\\\/PSX_20220129_193417-scaled.jpg&quot;},{&quot;id&quot;:1798,&quot;url&quot;:&quot;https:\\\/\\\/maison1934.com\\\/wp-content\\\/uploads\\\/2022\\\/04\\\/PSX_20210926_111328-scaled.jpg&quot;},{&quot;id&quot;:1788,&quot;url&quot;:&quot;https:\\\/\\\/maison1934.com\\\/wp-content\\\/uploads\\\/2022\\\/04\\\/PSX_20210827_092447-scaled.jpg&quot;}],&quot;background_slideshow_loop&quot;:&quot;yes&quot;,&quot;background_slideshow_slide_duration&quot;:5000,&quot;background_slideshow_slide_transition&quot;:&quot;fade&quot;,&quot;background_slideshow_transition_duration&quot;:500}\">\n\t\t\t\t\t\t\t<div class=\"elementor-background-overlay\"><\/div>\n\t\t\t\t\t\t\t<div class=\"elementor-container elementor-column-gap-default\">\n\t\t\t\t\t<div class=\"elementor-column elementor-col-100 elementor-top-column elementor-element elementor-element-1cd780e3\" data-id=\"1cd780e3\" data-element_type=\"column\">\n\t\t\t<div class=\"elementor-widget-wrap elementor-element-populated\">\n\t\t\t\t\t\t<div class=\"elementor-element elementor-element-367392ab elementor-widget elementor-widget-spacer\" data-id=\"367392ab\" data-element_type=\"widget\" data-widget_type=\"spacer.default\">\n\t\t\t\t<div class=\"elementor-widget-container\">\n\t\t\t\t\t\t\t<div class=\"elementor-spacer\">\n\t\t\t<div class=\"elementor-spacer-inner\"><\/div>\n\t\t<\/div>\n\t\t\t\t\t\t<\/div>\n\t\t\t\t<\/div>\n\t\t\t\t<div class=\"elementor-element elementor-element-2745faf1 elementor-view-default elementor-position-top elementor-invisible elementor-widget elementor-widget-themo-header\" data-id=\"2745faf1\" data-element_type=\"widget\" data-settings=\"{&quot;_animation&quot;:&quot;fadeIn&quot;}\" data-widget_type=\"themo-header.default\">\n\t\t\t\t<div class=\"elementor-widget-container\">\n\t\t\t\t\t\t\t<div class=\"th-header-wrap\">\n        <div class=\"elementor-icon-box-wrapper \">\n                            <div class=\"elementor-icon-box-content\">\n                    <h1 class=\"elementor-icon-box-title\">\n                        Genie\u00dfen                    <\/h1>\n                                        <p class=\"elementor-icon-box-description\">Das els\u00e4ssische Dolce Vita existiert und wird gro\u00dfz\u00fcgig geteilt<\/p>\n\n                                    <\/div>\n            <\/div>\n\n        <\/div>\n\n\t\t\t\t\t\t<\/div>\n\t\t\t\t<\/div>\n\t\t\t\t\t<\/div>\n\t\t<\/div>\n\t\t\t\t\t<\/div>\n\t\t<\/section>\n\t\t\t\t<section class=\"elementor-section elementor-top-section elementor-element elementor-element-7a707642 elementor-section-full_width elementor-section-height-default elementor-section-height-default\" data-id=\"7a707642\" data-element_type=\"section\">\n\t\t\t\t\t\t<div class=\"elementor-container elementor-column-gap-default\">\n\t\t\t\t\t<div class=\"elementor-column elementor-col-50 elementor-top-column elementor-element elementor-element-6fd46887\" data-id=\"6fd46887\" data-element_type=\"column\" data-settings=\"{&quot;background_background&quot;:&quot;classic&quot;}\">\n\t\t\t<div class=\"elementor-widget-wrap elementor-element-populated\">\n\t\t\t\t\t<div class=\"elementor-background-overlay\"><\/div>\n\t\t\t\t\t\t<div class=\"elementor-element elementor-element-56628d52 elementor-position-left elementor-view-default elementor-widget elementor-widget-themo-header\" data-id=\"56628d52\" data-element_type=\"widget\" data-widget_type=\"themo-header.default\">\n\t\t\t\t<div class=\"elementor-widget-container\">\n\t\t\t\t\t\t\t<div class=\"th-header-wrap\">\n        <div class=\"elementor-icon-box-wrapper \">\n                            <div class=\"elementor-icon-box-content\">\n                    <h3 class=\"elementor-icon-box-title\">\n                        Gastronomie                    <\/h3>\n                                        <p class=\"elementor-icon-box-description\">In Colmar ist man ein Feinschmecker und es gibt immer eine Gelegenheit, ein bestimmtes Gericht zu probieren: Man genie\u00dft die lokalen Spezialit\u00e4ten, darunter das ber\u00fchmte Sauerkraut und andere unaussprechliche Gerichte f\u00fcr diejenigen, die nicht hier geboren sind (Fleischnackas, Flammenkuchen, Baekaoffe), nat\u00fcrlich begleitet von els\u00e4ssischem Wein.  \n\nMan probiert gerne die Produkte aus unserer els\u00e4ssischen Heimat: lokal angebautes Obst und Gem\u00fcse, K\u00e4se aus den Vogesen etc.  \n\nDie Stadt ist reich an guten Adressen f\u00fcr Liebhaber von Gastronomie, Bistrok\u00fcche, Streetfood und M\u00e4rkten, nicht zu vergessen die lokalen Craft-Biere.  \n\nSehen Sie sich unsere Vorschl\u00e4ge f\u00fcr Adressen von schmackhaften oder originellen Restaurants und Bistros an.<\/p>\n\n                                            <div class=\"th-btn-wrap\">\n                                                            <a class=\"btn-1 btn th-btn btn-standard-accent\" href=\"https:\/\/maison1934.com\/savourer\/restaurants\/\">\n                                                                            Mehr erfahren                                                                    <\/a>\n                            \n                                                    <\/div>\n                                    <\/div>\n            <\/div>\n\n        <\/div>\n\n\t\t\t\t\t\t<\/div>\n\t\t\t\t<\/div>\n\t\t\t\t\t<\/div>\n\t\t<\/div>\n\t\t\t\t<div class=\"elementor-column elementor-col-50 elementor-top-column elementor-element elementor-element-58792b4b\" data-id=\"58792b4b\" data-element_type=\"column\" data-settings=\"{&quot;background_background&quot;:&quot;classic&quot;}\">\n\t\t\t<div class=\"elementor-widget-wrap elementor-element-populated\">\n\t\t\t\t\t\t<div class=\"elementor-element elementor-element-13e08b55 elementor-widget elementor-widget-spacer\" data-id=\"13e08b55\" data-element_type=\"widget\" data-widget_type=\"spacer.default\">\n\t\t\t\t<div class=\"elementor-widget-container\">\n\t\t\t\t\t\t\t<div class=\"elementor-spacer\">\n\t\t\t<div class=\"elementor-spacer-inner\"><\/div>\n\t\t<\/div>\n\t\t\t\t\t\t<\/div>\n\t\t\t\t<\/div>\n\t\t\t\t\t<\/div>\n\t\t<\/div>\n\t\t\t\t\t<\/div>\n\t\t<\/section>\n\t\t\t\t<section class=\"elementor-section elementor-top-section elementor-element elementor-element-48f8af9 elementor-section-full_width elementor-section-height-default elementor-section-height-default\" data-id=\"48f8af9\" data-element_type=\"section\" data-settings=\"{&quot;background_background&quot;:&quot;classic&quot;}\">\n\t\t\t\t\t\t<div class=\"elementor-container elementor-column-gap-default\">\n\t\t\t\t\t<div class=\"elementor-column elementor-col-50 elementor-top-column elementor-element elementor-element-f2618d0\" data-id=\"f2618d0\" data-element_type=\"column\" data-settings=\"{&quot;background_background&quot;:&quot;classic&quot;}\">\n\t\t\t<div class=\"elementor-widget-wrap elementor-element-populated\">\n\t\t\t\t\t\t<div class=\"elementor-element elementor-element-b0d4737 elementor-widget elementor-widget-menu-anchor\" data-id=\"b0d4737\" data-element_type=\"widget\" data-widget_type=\"menu-anchor.default\">\n\t\t\t\t<div class=\"elementor-widget-container\">\n\t\t\t\t\t\t\t<div class=\"elementor-menu-anchor\" id=\"more1\"><\/div>\n\t\t\t\t\t\t<\/div>\n\t\t\t\t<\/div>\n\t\t\t\t<div class=\"elementor-element elementor-element-aa5ed66 elementor-widget elementor-widget-spacer\" data-id=\"aa5ed66\" data-element_type=\"widget\" data-widget_type=\"spacer.default\">\n\t\t\t\t<div class=\"elementor-widget-container\">\n\t\t\t\t\t\t\t<div class=\"elementor-spacer\">\n\t\t\t<div class=\"elementor-spacer-inner\"><\/div>\n\t\t<\/div>\n\t\t\t\t\t\t<\/div>\n\t\t\t\t<\/div>\n\t\t\t\t\t<\/div>\n\t\t<\/div>\n\t\t\t\t<div class=\"elementor-column elementor-col-50 elementor-top-column elementor-element elementor-element-8824574\" data-id=\"8824574\" data-element_type=\"column\" data-settings=\"{&quot;background_background&quot;:&quot;classic&quot;}\">\n\t\t\t<div class=\"elementor-widget-wrap elementor-element-populated\">\n\t\t\t\t\t\t<div class=\"elementor-element elementor-element-11cecdb elementor-position-left elementor-view-default elementor-widget elementor-widget-themo-header\" data-id=\"11cecdb\" data-element_type=\"widget\" data-widget_type=\"themo-header.default\">\n\t\t\t\t<div class=\"elementor-widget-container\">\n\t\t\t\t\t\t\t<div class=\"th-header-wrap\">\n        <div class=\"elementor-icon-box-wrapper \">\n                            <div class=\"elementor-icon-box-content\">\n                    <h3 class=\"elementor-icon-box-title\">\n                        Teestube                    <\/h3>\n                                        <p class=\"elementor-icon-box-description\">Wenn der Herbst die Region mit seinen schillernden Farben schm\u00fcckt und der Winter sich mit kleinen Schritten n\u00e4hert, gibt es nichts Besseres als die els\u00e4ssische Tradition des \"Caf\u00e9 g\u00e2teau\", um sich auf die leckerste Art und Weise zu tr\u00f6sten. Die Els\u00e4sser lieben das, und an jeder Stra\u00dfenecke bl\u00fchen die Caf\u00e9s\/Teesalons. Lassen Sie sich zu diesen warmen und oft ungew\u00f6hnlichen Orten f\u00fchren, die Sie begeistern werden!<\/p>\n\n                                            <div class=\"th-btn-wrap\">\n                                                            <a class=\"btn-1 btn th-btn btn-standard-accent\" href=\"https:\/\/maison1934.com\/savourer\/salons-the\/\">\n                                                                            Mehr erfahren                                                                    <\/a>\n                            \n                                                    <\/div>\n                                    <\/div>\n            <\/div>\n\n        <\/div>\n\n\t\t\t\t\t\t<\/div>\n\t\t\t\t<\/div>\n\t\t\t\t\t<\/div>\n\t\t<\/div>\n\t\t\t\t\t<\/div>\n\t\t<\/section>\n\t\t\t\t<section class=\"elementor-section elementor-top-section elementor-element elementor-element-0ae548a elementor-section-full_width elementor-section-height-default elementor-section-height-default\" data-id=\"0ae548a\" data-element_type=\"section\">\n\t\t\t\t\t\t<div class=\"elementor-container elementor-column-gap-default\">\n\t\t\t\t\t<div class=\"elementor-column elementor-col-50 elementor-top-column elementor-element elementor-element-2d8249c\" data-id=\"2d8249c\" data-element_type=\"column\" data-settings=\"{&quot;background_background&quot;:&quot;classic&quot;}\">\n\t\t\t<div class=\"elementor-widget-wrap elementor-element-populated\">\n\t\t\t\t\t\t<div class=\"elementor-element elementor-element-e335ac6 elementor-position-left elementor-view-default elementor-widget elementor-widget-themo-header\" data-id=\"e335ac6\" data-element_type=\"widget\" data-widget_type=\"themo-header.default\">\n\t\t\t\t<div class=\"elementor-widget-container\">\n\t\t\t\t\t\t\t<div class=\"th-header-wrap\">\n        <div class=\"elementor-icon-box-wrapper \">\n                            <div class=\"elementor-icon-box-content\">\n                    <h3 class=\"elementor-icon-box-title\">\n                        Traditionelle Rezepte                    <\/h3>\n                                        <p class=\"elementor-icon-box-description\">Ob auf die Schnelle, am Tisch, zum Teilen oder allein, entdecken Sie zahlreiche Spezialit\u00e4ten mit dem guten Geschmack der Traditionen aus dem Elsass, dem Land der Tafelfreuden!<\/p>\n\n                                            <div class=\"th-btn-wrap\">\n                                                            <a class=\"btn-1 btn th-btn btn-standard-accent\" href=\"https:\/\/maison1934.com\/savourer\/recettes-traditionnelles\/\">\n                                                                            Mehr erfahren                                                                    <\/a>\n                            \n                                                    <\/div>\n                                    <\/div>\n            <\/div>\n\n        <\/div>\n\n\t\t\t\t\t\t<\/div>\n\t\t\t\t<\/div>\n\t\t\t\t\t<\/div>\n\t\t<\/div>\n\t\t\t\t<div class=\"elementor-column elementor-col-50 elementor-top-column elementor-element elementor-element-5c03f96\" data-id=\"5c03f96\" data-element_type=\"column\" data-settings=\"{&quot;background_background&quot;:&quot;classic&quot;}\">\n\t\t\t<div class=\"elementor-widget-wrap elementor-element-populated\">\n\t\t\t\t\t\t<div class=\"elementor-element elementor-element-58a987d elementor-widget elementor-widget-menu-anchor\" data-id=\"58a987d\" data-element_type=\"widget\" data-widget_type=\"menu-anchor.default\">\n\t\t\t\t<div class=\"elementor-widget-container\">\n\t\t\t\t\t\t\t<div class=\"elementor-menu-anchor\" id=\"more2\"><\/div>\n\t\t\t\t\t\t<\/div>\n\t\t\t\t<\/div>\n\t\t\t\t<div class=\"elementor-element elementor-element-72c5323 elementor-widget elementor-widget-spacer\" data-id=\"72c5323\" data-element_type=\"widget\" data-widget_type=\"spacer.default\">\n\t\t\t\t<div class=\"elementor-widget-container\">\n\t\t\t\t\t\t\t<div class=\"elementor-spacer\">\n\t\t\t<div class=\"elementor-spacer-inner\"><\/div>\n\t\t<\/div>\n\t\t\t\t\t\t<\/div>\n\t\t\t\t<\/div>\n\t\t\t\t\t<\/div>\n\t\t<\/div>\n\t\t\t\t\t<\/div>\n\t\t<\/section>\n\t\t\t\t<\/div>\n\t\t","protected":false},"excerpt":{"rendered":"<p>Genie\u00dfen Das els\u00e4ssische Dolce Vita existiert und wird gro\u00dfz\u00fcgig geteilt Gastronomie In Colmar ist man ein Feinschmecker und es gibt immer eine Gelegenheit, ein bestimmtes Gericht zu probieren: Man genie\u00dft die lokalen Spezialit\u00e4ten, darunter das ber\u00fchmte Sauerkraut und andere unaussprechliche &hellip; <a href=\"https:\/\/maison1934.com\/de\/geniessen\/\">Read More<\/a><\/p>\n","protected":false},"author":2,"featured_media":0,"parent":0,"menu_order":117,"comment_status":"closed","ping_status":"closed","template":"","meta":{"_acf_changed":false,"footnotes":""},"class_list":["post-8578","page","type-page","status-publish","hentry"],"acf":[],"yoast_head":"<!-- This site is optimized with the Yoast SEO plugin v26.7 - https:\/\/yoast.com\/wordpress\/plugins\/seo\/ -->\n<title>Genie\u00dfen - Maison 1934<\/title>\n<meta name=\"robots\" content=\"index, follow, max-snippet:-1, max-image-preview:large, max-video-preview:-1\" \/>\n<link rel=\"canonical\" href=\"https:\/\/maison1934.com\/de\/geniessen\/\" \/>\n<meta property=\"og:locale\" content=\"de_DE\" \/>\n<meta property=\"og:type\" content=\"article\" \/>\n<meta property=\"og:title\" content=\"Genie\u00dfen - Maison 1934\" \/>\n<meta property=\"og:description\" content=\"Genie\u00dfen Das els\u00e4ssische Dolce Vita existiert und wird gro\u00dfz\u00fcgig geteilt Gastronomie In Colmar ist man ein Feinschmecker und es gibt immer eine Gelegenheit, ein bestimmtes Gericht zu probieren: Man genie\u00dft die lokalen Spezialit\u00e4ten, darunter das ber\u00fchmte Sauerkraut und andere unaussprechliche &hellip; Read More\" \/>\n<meta property=\"og:url\" content=\"https:\/\/maison1934.com\/de\/geniessen\/\" \/>\n<meta property=\"og:site_name\" content=\"Maison 1934\" \/>\n<meta property=\"article:modified_time\" content=\"2024-12-02T18:33:40+00:00\" \/>\n<meta name=\"twitter:card\" content=\"summary_large_image\" \/>\n<meta name=\"twitter:label1\" content=\"Gesch\u00e4tzte Lesezeit\" \/>\n\t<meta name=\"twitter:data1\" content=\"1\u00a0Minute\" \/>\n<script type=\"application\/ld+json\" class=\"yoast-schema-graph\">{\"@context\":\"https:\/\/schema.org\",\"@graph\":[{\"@type\":\"WebPage\",\"@id\":\"https:\/\/maison1934.com\/de\/geniessen\/\",\"url\":\"https:\/\/maison1934.com\/de\/geniessen\/\",\"name\":\"Genie\u00dfen - Maison 1934\",\"isPartOf\":{\"@id\":\"https:\/\/maison1934.com\/de\/#website\"},\"datePublished\":\"2021-06-03T18:38:21+00:00\",\"dateModified\":\"2024-12-02T18:33:40+00:00\",\"breadcrumb\":{\"@id\":\"https:\/\/maison1934.com\/de\/geniessen\/#breadcrumb\"},\"inLanguage\":\"de\",\"potentialAction\":[{\"@type\":\"ReadAction\",\"target\":[\"https:\/\/maison1934.com\/de\/geniessen\/\"]}]},{\"@type\":\"BreadcrumbList\",\"@id\":\"https:\/\/maison1934.com\/de\/geniessen\/#breadcrumb\",\"itemListElement\":[{\"@type\":\"ListItem\",\"position\":1,\"name\":\"Accueil\",\"item\":\"https:\/\/maison1934.com\/de\/\"},{\"@type\":\"ListItem\",\"position\":2,\"name\":\"Genie\u00dfen\"}]},{\"@type\":\"WebSite\",\"@id\":\"https:\/\/maison1934.com\/de\/#website\",\"url\":\"https:\/\/maison1934.com\/de\/\",\"name\":\"Maison 1934\",\"description\":\"Vos appart&#039;h\u00f4tels \u00e0 Colmar\",\"potentialAction\":[{\"@type\":\"SearchAction\",\"target\":{\"@type\":\"EntryPoint\",\"urlTemplate\":\"https:\/\/maison1934.com\/de\/?s={search_term_string}\"},\"query-input\":{\"@type\":\"PropertyValueSpecification\",\"valueRequired\":true,\"valueName\":\"search_term_string\"}}],\"inLanguage\":\"de\"}]}<\/script>\n<!-- \/ Yoast SEO plugin. -->","yoast_head_json":{"title":"Genie\u00dfen - Maison 1934","robots":{"index":"index","follow":"follow","max-snippet":"max-snippet:-1","max-image-preview":"max-image-preview:large","max-video-preview":"max-video-preview:-1"},"canonical":"https:\/\/maison1934.com\/de\/geniessen\/","og_locale":"de_DE","og_type":"article","og_title":"Genie\u00dfen - Maison 1934","og_description":"Genie\u00dfen Das els\u00e4ssische Dolce Vita existiert und wird gro\u00dfz\u00fcgig geteilt Gastronomie In Colmar ist man ein Feinschmecker und es gibt immer eine Gelegenheit, ein bestimmtes Gericht zu probieren: Man genie\u00dft die lokalen Spezialit\u00e4ten, darunter das ber\u00fchmte Sauerkraut und andere unaussprechliche &hellip; Read More","og_url":"https:\/\/maison1934.com\/de\/geniessen\/","og_site_name":"Maison 1934","article_modified_time":"2024-12-02T18:33:40+00:00","twitter_card":"summary_large_image","twitter_misc":{"Gesch\u00e4tzte Lesezeit":"1\u00a0Minute"},"schema":{"@context":"https:\/\/schema.org","@graph":[{"@type":"WebPage","@id":"https:\/\/maison1934.com\/de\/geniessen\/","url":"https:\/\/maison1934.com\/de\/geniessen\/","name":"Genie\u00dfen - Maison 1934","isPartOf":{"@id":"https:\/\/maison1934.com\/de\/#website"},"datePublished":"2021-06-03T18:38:21+00:00","dateModified":"2024-12-02T18:33:40+00:00","breadcrumb":{"@id":"https:\/\/maison1934.com\/de\/geniessen\/#breadcrumb"},"inLanguage":"de","potentialAction":[{"@type":"ReadAction","target":["https:\/\/maison1934.com\/de\/geniessen\/"]}]},{"@type":"BreadcrumbList","@id":"https:\/\/maison1934.com\/de\/geniessen\/#breadcrumb","itemListElement":[{"@type":"ListItem","position":1,"name":"Accueil","item":"https:\/\/maison1934.com\/de\/"},{"@type":"ListItem","position":2,"name":"Genie\u00dfen"}]},{"@type":"WebSite","@id":"https:\/\/maison1934.com\/de\/#website","url":"https:\/\/maison1934.com\/de\/","name":"Maison 1934","description":"Vos appart&#039;h\u00f4tels \u00e0 Colmar","potentialAction":[{"@type":"SearchAction","target":{"@type":"EntryPoint","urlTemplate":"https:\/\/maison1934.com\/de\/?s={search_term_string}"},"query-input":{"@type":"PropertyValueSpecification","valueRequired":true,"valueName":"search_term_string"}}],"inLanguage":"de"}]}},"_links":{"self":[{"href":"https:\/\/maison1934.com\/de\/wp-json\/wp\/v2\/pages\/8578","targetHints":{"allow":["GET"]}}],"collection":[{"href":"https:\/\/maison1934.com\/de\/wp-json\/wp\/v2\/pages"}],"about":[{"href":"https:\/\/maison1934.com\/de\/wp-json\/wp\/v2\/types\/page"}],"author":[{"embeddable":true,"href":"https:\/\/maison1934.com\/de\/wp-json\/wp\/v2\/users\/2"}],"replies":[{"embeddable":true,"href":"https:\/\/maison1934.com\/de\/wp-json\/wp\/v2\/comments?post=8578"}],"version-history":[{"count":2,"href":"https:\/\/maison1934.com\/de\/wp-json\/wp\/v2\/pages\/8578\/revisions"}],"predecessor-version":[{"id":8599,"href":"https:\/\/maison1934.com\/de\/wp-json\/wp\/v2\/pages\/8578\/revisions\/8599"}],"wp:attachment":[{"href":"https:\/\/maison1934.com\/de\/wp-json\/wp\/v2\/media?parent=8578"}],"curies":[{"name":"wp","href":"https:\/\/api.w.org\/{rel}","templated":true}]}}