{"id":8642,"date":"2021-07-16T14:16:21","date_gmt":"2021-07-16T12:16:21","guid":{"rendered":"https:\/\/maison1934.com\/in-der-umgebung\/die-natur-erkunden\/"},"modified":"2023-07-11T18:19:29","modified_gmt":"2023-07-11T16:19:29","slug":"die-natur-erkunden","status":"publish","type":"page","link":"https:\/\/maison1934.com\/de\/in-der-umgebung\/die-natur-erkunden\/","title":{"rendered":"Die Natur erkunden"},"content":{"rendered":"\t\t<div data-elementor-type=\"wp-post\" data-elementor-id=\"8642\" class=\"elementor elementor-8642 elementor-592\">\n\t\t\t\t\t\t<section class=\"elementor-section elementor-top-section elementor-element elementor-element-3abe1d47 elementor-section-full_width elementor-section-height-min-height elementor-section-height-default elementor-section-items-middle\" data-id=\"3abe1d47\" data-element_type=\"section\" data-settings=\"{&quot;background_background&quot;:&quot;video&quot;,&quot;background_video_link&quot;:&quot;https:\\\/\\\/youtu.be\\\/i6i-MsrLoL4&quot;,&quot;background_play_on_mobile&quot;:&quot;yes&quot;}\">\n\t\t\t\t\t\t\t\t<div class=\"elementor-background-video-container\" aria-hidden=\"true\">\n\t\t\t\t\t\t\t\t\t\t\t\t\t<div class=\"elementor-background-video-embed\"><\/div>\n\t\t\t\t\t\t\t\t\t\t\t\t<\/div>\n\t\t\t\t\t\t\t\t\t<div class=\"elementor-background-overlay\"><\/div>\n\t\t\t\t\t\t\t<div class=\"elementor-container elementor-column-gap-default\">\n\t\t\t\t\t<div class=\"elementor-column elementor-col-100 elementor-top-column elementor-element elementor-element-1cd780e3\" data-id=\"1cd780e3\" data-element_type=\"column\">\n\t\t\t<div class=\"elementor-widget-wrap elementor-element-populated\">\n\t\t\t\t\t\t<div class=\"elementor-element elementor-element-367392ab elementor-widget elementor-widget-spacer\" data-id=\"367392ab\" data-element_type=\"widget\" data-widget_type=\"spacer.default\">\n\t\t\t\t<div class=\"elementor-widget-container\">\n\t\t\t\t\t\t\t<div class=\"elementor-spacer\">\n\t\t\t<div class=\"elementor-spacer-inner\"><\/div>\n\t\t<\/div>\n\t\t\t\t\t\t<\/div>\n\t\t\t\t<\/div>\n\t\t\t\t<div class=\"elementor-element elementor-element-2745faf1 elementor-view-default elementor-position-top elementor-invisible elementor-widget elementor-widget-themo-header\" data-id=\"2745faf1\" data-element_type=\"widget\" data-settings=\"{&quot;_animation&quot;:&quot;fadeIn&quot;}\" data-widget_type=\"themo-header.default\">\n\t\t\t\t<div class=\"elementor-widget-container\">\n\t\t\t\t\t\t\t<div class=\"th-header-wrap\">\n        <div class=\"elementor-icon-box-wrapper \">\n                            <div class=\"elementor-icon-box-content\">\n                    <h1 class=\"elementor-icon-box-title\">\n                        Natur+Sport                    <\/h1>\n                                        <p class=\"elementor-icon-box-description\">Luft schnappen rund um das Maison 1934<\/p>\n\n                                    <\/div>\n            <\/div>\n\n        <\/div>\n\n\t\t\t\t\t\t<\/div>\n\t\t\t\t<\/div>\n\t\t\t\t\t<\/div>\n\t\t<\/div>\n\t\t\t\t\t<\/div>\n\t\t<\/section>\n\t\t\t\t<section class=\"elementor-section elementor-top-section elementor-element elementor-element-be10648 elementor-section-boxed elementor-section-height-default elementor-section-height-default\" data-id=\"be10648\" data-element_type=\"section\">\n\t\t\t\t\t\t<div class=\"elementor-container elementor-column-gap-default\">\n\t\t\t\t\t<div class=\"elementor-column elementor-col-100 elementor-top-column elementor-element elementor-element-7b34fb2\" data-id=\"7b34fb2\" data-element_type=\"column\">\n\t\t\t<div class=\"elementor-widget-wrap elementor-element-populated\">\n\t\t\t\t\t\t<div class=\"elementor-element elementor-element-644fadd elementor-widget elementor-widget-spacer\" data-id=\"644fadd\" data-element_type=\"widget\" data-widget_type=\"spacer.default\">\n\t\t\t\t<div class=\"elementor-widget-container\">\n\t\t\t\t\t\t\t<div class=\"elementor-spacer\">\n\t\t\t<div class=\"elementor-spacer-inner\"><\/div>\n\t\t<\/div>\n\t\t\t\t\t\t<\/div>\n\t\t\t\t<\/div>\n\t\t\t\t\t<\/div>\n\t\t<\/div>\n\t\t\t\t\t<\/div>\n\t\t<\/section>\n\t\t\t\t<section class=\"elementor-section elementor-top-section elementor-element elementor-element-ca99606 elementor-section-boxed elementor-section-height-default elementor-section-height-default\" data-id=\"ca99606\" data-element_type=\"section\">\n\t\t\t\t\t\t<div class=\"elementor-container elementor-column-gap-default\">\n\t\t\t\t\t<div class=\"elementor-column elementor-col-100 elementor-top-column elementor-element elementor-element-148d156\" data-id=\"148d156\" data-element_type=\"column\">\n\t\t\t<div class=\"elementor-widget-wrap elementor-element-populated\">\n\t\t\t\t\t\t<div class=\"elementor-element elementor-element-6639377 elementor-widget elementor-widget-spacer\" data-id=\"6639377\" data-element_type=\"widget\" data-widget_type=\"spacer.default\">\n\t\t\t\t<div class=\"elementor-widget-container\">\n\t\t\t\t\t\t\t<div class=\"elementor-spacer\">\n\t\t\t<div class=\"elementor-spacer-inner\"><\/div>\n\t\t<\/div>\n\t\t\t\t\t\t<\/div>\n\t\t\t\t<\/div>\n\t\t\t\t\t<\/div>\n\t\t<\/div>\n\t\t\t\t\t<\/div>\n\t\t<\/section>\n\t\t\t\t<section class=\"elementor-section elementor-top-section elementor-element elementor-element-51c13bc elementor-section-full_width elementor-section-height-default elementor-section-height-default\" data-id=\"51c13bc\" data-element_type=\"section\">\n\t\t\t\t\t\t<div class=\"elementor-container elementor-column-gap-default\">\n\t\t\t\t\t<div class=\"elementor-column elementor-col-50 elementor-top-column elementor-element elementor-element-5f663de\" data-id=\"5f663de\" data-element_type=\"column\" data-settings=\"{&quot;background_background&quot;:&quot;classic&quot;}\">\n\t\t\t<div class=\"elementor-widget-wrap elementor-element-populated\">\n\t\t\t\t\t\t<div class=\"elementor-element elementor-element-bf9c9f6 elementor-position-left elementor-view-default elementor-widget elementor-widget-themo-header\" data-id=\"bf9c9f6\" data-element_type=\"widget\" data-widget_type=\"themo-header.default\">\n\t\t\t\t<div class=\"elementor-widget-container\">\n\t\t\t\t\t\t\t<div class=\"th-header-wrap\">\n        <div class=\"elementor-icon-box-wrapper \">\n                            <div class=\"elementor-icon-box-content\">\n                    <h3 class=\"elementor-icon-box-title\">\n                        Colmar und sanfte Mobilit\u00e4t                    <\/h3>\n                                        <p class=\"elementor-icon-box-description\">Entlang des Flusses Lauch l\u00e4sst sich Klein Venedig sowohl zu Fu\u00df als auch mit dem Fahrrad oder dem Boot erkunden: Colmar ist eine Stadt mit menschlicher Gr\u00f6\u00dfe!\n\nEin Fahrrad f\u00fcr Ihre Erkundungen ist eine wunderbare L\u00f6sung f\u00fcr die Stadt und die Weinstra\u00dfe: Es ist die perfekte Gelegenheit, sich sportlich zu bet\u00e4tigen und gleichzeitig die Sehensw\u00fcrdigkeiten der Umgebung zu entdecken.\n\nWas k\u00f6nnte mehr Spa\u00df machen, als fr\u00f6hlich in die Pedale zu treten, die Nase in den Wind zu halten und dabei den k\u00f6stlichen Duft der Weinberge einzuatmen?\n\nJordan V\u00e9lo Taxi kann Sie auch mit seinem Lastenfahrrad vom Maison 1934 aus zu sch\u00f6nen Ausfl\u00fcgen durch die Stadt mitnehmen (20 \u20ac f\u00fcr 30 min \/ 35 \u20ac f\u00fcr 1 Stunde).\n\nDer n\u00e4chste Fahrradverleih ist 300 m von uns entfernt und es gibt mehrere andere in der Stadt.<\/p>\n\n                                            <div class=\"th-btn-wrap\">\n                                                            <a class=\"btn-1 btn th-btn btn-standard-primary\" href=\"https:\/\/www.velodocteurs.com\/\" target=\"_blank\">\n                                                                            Radfahren im Elsass Karte                                                                     <\/a>\n                            \n                                                    <\/div>\n                                    <\/div>\n            <\/div>\n\n        <\/div>\n\n\t\t\t\t\t\t<\/div>\n\t\t\t\t<\/div>\n\t\t\t\t\t<\/div>\n\t\t<\/div>\n\t\t\t\t<div class=\"elementor-column elementor-col-50 elementor-top-column elementor-element elementor-element-028fbdc\" data-id=\"028fbdc\" data-element_type=\"column\" data-settings=\"{&quot;background_background&quot;:&quot;classic&quot;}\">\n\t\t\t<div class=\"elementor-widget-wrap elementor-element-populated\">\n\t\t\t\t\t\t<div class=\"elementor-element elementor-element-0c1b316 elementor-widget elementor-widget-spacer\" data-id=\"0c1b316\" data-element_type=\"widget\" data-widget_type=\"spacer.default\">\n\t\t\t\t<div class=\"elementor-widget-container\">\n\t\t\t\t\t\t\t<div class=\"elementor-spacer\">\n\t\t\t<div class=\"elementor-spacer-inner\"><\/div>\n\t\t<\/div>\n\t\t\t\t\t\t<\/div>\n\t\t\t\t<\/div>\n\t\t\t\t\t<\/div>\n\t\t<\/div>\n\t\t\t\t\t<\/div>\n\t\t<\/section>\n\t\t\t\t<section class=\"elementor-section elementor-top-section elementor-element elementor-element-4299551 elementor-section-full_width elementor-section-height-default elementor-section-height-default\" data-id=\"4299551\" data-element_type=\"section\" data-settings=\"{&quot;background_background&quot;:&quot;slideshow&quot;,&quot;background_slideshow_gallery&quot;:[{&quot;id&quot;:1858,&quot;url&quot;:&quot;https:\\\/\\\/maison1934.com\\\/wp-content\\\/uploads\\\/2022\\\/04\\\/PSX_20220129_203558-scaled.jpg&quot;}],&quot;background_slideshow_loop&quot;:&quot;yes&quot;,&quot;background_slideshow_slide_duration&quot;:5000,&quot;background_slideshow_slide_transition&quot;:&quot;fade&quot;,&quot;background_slideshow_transition_duration&quot;:500}\">\n\t\t\t\t\t\t<div class=\"elementor-container elementor-column-gap-default\">\n\t\t\t\t\t<div class=\"elementor-column elementor-col-50 elementor-top-column elementor-element elementor-element-56567a9\" data-id=\"56567a9\" data-element_type=\"column\" data-settings=\"{&quot;background_background&quot;:&quot;classic&quot;}\">\n\t\t\t<div class=\"elementor-widget-wrap elementor-element-populated\">\n\t\t\t\t\t\t<div class=\"elementor-element elementor-element-675118e elementor-widget elementor-widget-menu-anchor\" data-id=\"675118e\" data-element_type=\"widget\" data-widget_type=\"menu-anchor.default\">\n\t\t\t\t<div class=\"elementor-widget-container\">\n\t\t\t\t\t\t\t<div class=\"elementor-menu-anchor\" id=\"more1\"><\/div>\n\t\t\t\t\t\t<\/div>\n\t\t\t\t<\/div>\n\t\t\t\t<div class=\"elementor-element elementor-element-68a13eb elementor-widget elementor-widget-spacer\" data-id=\"68a13eb\" data-element_type=\"widget\" data-widget_type=\"spacer.default\">\n\t\t\t\t<div class=\"elementor-widget-container\">\n\t\t\t\t\t\t\t<div class=\"elementor-spacer\">\n\t\t\t<div class=\"elementor-spacer-inner\"><\/div>\n\t\t<\/div>\n\t\t\t\t\t\t<\/div>\n\t\t\t\t<\/div>\n\t\t\t\t\t<\/div>\n\t\t<\/div>\n\t\t\t\t<div class=\"elementor-column elementor-col-50 elementor-top-column elementor-element elementor-element-521612b\" data-id=\"521612b\" data-element_type=\"column\" data-settings=\"{&quot;background_background&quot;:&quot;classic&quot;}\">\n\t\t\t<div class=\"elementor-widget-wrap elementor-element-populated\">\n\t\t\t\t\t\t<div class=\"elementor-element elementor-element-ef19d5a elementor-position-left elementor-view-default elementor-widget elementor-widget-themo-header\" data-id=\"ef19d5a\" data-element_type=\"widget\" data-widget_type=\"themo-header.default\">\n\t\t\t\t<div class=\"elementor-widget-container\">\n\t\t\t\t\t\t\t<div class=\"th-header-wrap\">\n        <div class=\"elementor-icon-box-wrapper \">\n                            <div class=\"elementor-icon-box-content\">\n                    <h3 class=\"elementor-icon-box-title\">\n                        Wo k\u00f6nnen Sie Ihre Fahrr\u00e4der mieten?                    <\/h3>\n                                        <p class=\"elementor-icon-box-description\">Colmar V\u00e9lo - Velodocteurs\nFahrradverleih und -reparaturservice in Colmar\nAdresse: 9 Pl. de la Gare, 68000 Colmar\nUnterrichtszeit: 09:00-12:00, 14:00-18:00 (sonntags und montags geschlossen)\n\nLulu Cycles\nAdresse: 28 Av. Jean de Lattre de Tassigny, 68000 Colmar\nUnterrichtszeit: 10:00-12:30, 14:00-18:30 (Montag, Dienstag, Donnerstag und Freitag)\nSamstag 09:00-12:30, 14:00-18:00 (Mittwoch und Samstag)\n(Sonntag und Montag geschlossen)\n\nLe V\u00e9lo Libre - Selbstbedienungs-Verleih\n37 rue Turenne\nUnterrichtszeit: 06:00-23:30\n\nAlsa Cyclo Tours bietet gef\u00fchrte Touren entlang der Weinstra\u00dfe von Colmar aus an (Tour des Gastronomes, A la D\u00e9couverte du Vignoble, etc.).  \nAdresse: 5 Rue du Chasseur, 68000 Colmar\nUnterrichtszeit: 09:15-17:45\nTelefon: 03 89 41 72 74<\/p>\n\n                                            <div class=\"th-btn-wrap\">\n                                                            <a class=\"btn-1 btn th-btn btn-standard-primary\" href=\"https:\/\/www.visit.alsace\/de\/aktivitaten-und-freizeit\/mit-dem-fahrrad-durch-das-elsass\/vermietung-von-fahrraedern-und-e-bikes\/\" target=\"_blank\">\n                                                                            Mehr erfahren Vermietung von Fahrr\u00e4dern und E-Bikes                                                                    <\/a>\n                            \n                                                    <\/div>\n                                    <\/div>\n            <\/div>\n\n        <\/div>\n\n\t\t\t\t\t\t<\/div>\n\t\t\t\t<\/div>\n\t\t\t\t\t<\/div>\n\t\t<\/div>\n\t\t\t\t\t<\/div>\n\t\t<\/section>\n\t\t\t\t<section class=\"elementor-section elementor-top-section elementor-element elementor-element-8d2a042 elementor-section-full_width elementor-section-height-default elementor-section-height-default\" data-id=\"8d2a042\" data-element_type=\"section\">\n\t\t\t\t\t\t<div class=\"elementor-container elementor-column-gap-default\">\n\t\t\t\t\t<div class=\"elementor-column elementor-col-50 elementor-top-column elementor-element elementor-element-9ae1c0f\" data-id=\"9ae1c0f\" data-element_type=\"column\" data-settings=\"{&quot;background_background&quot;:&quot;classic&quot;}\">\n\t\t\t<div class=\"elementor-widget-wrap elementor-element-populated\">\n\t\t\t\t\t\t<div class=\"elementor-element elementor-element-d1cfa38 elementor-position-left elementor-view-default elementor-widget elementor-widget-themo-header\" data-id=\"d1cfa38\" data-element_type=\"widget\" data-widget_type=\"themo-header.default\">\n\t\t\t\t<div class=\"elementor-widget-container\">\n\t\t\t\t\t\t\t<div class=\"th-header-wrap\">\n        <div class=\"elementor-icon-box-wrapper \">\n                            <div class=\"elementor-icon-box-content\">\n                    <h3 class=\"elementor-icon-box-title\">\n                        Auf Wanderschaft gehen                    <\/h3>\n                                        <p class=\"elementor-icon-box-description\">Von den G\u00e4rten \u00fcber die zahlreichen Parks bis hin zu den Mittelgebirgen ist Colmar auch ein Traumziel f\u00fcr Wanderbegeisterte.\n\nAuf der einen Seite an das Weinanbaugebiet Haut-Rhin und auf der anderen Seite an den regionalen Naturpark Ballons des Vosges angelehnt, k\u00f6nnen Sie auf mehrst\u00fcndigen Wandertouren das Erbe der Burgen, die Weinh\u00e4nge und Weinberge mit ihren endlosen Panoramen entdecken und die Natursch\u00e4tze der Vogesen erkunden.\n\nFragen Sie uns: Wir haben viele tolle Touren f\u00fcr Sie!<\/p>\n\n                                            <div class=\"th-btn-wrap\">\n                                                            <a class=\"btn-1 btn th-btn btn-standard-primary\" href=\"https:\/\/maison1934.com\/de\/in-der-umgebung\/die-natur-erkunden\/wanderungen\/\" target=\"_blank\">\n                                                                            Mehr erfahren Wanderungen und Spazierg\u00e4ngen                                                                    <\/a>\n                            \n                                                    <\/div>\n                                    <\/div>\n            <\/div>\n\n        <\/div>\n\n\t\t\t\t\t\t<\/div>\n\t\t\t\t<\/div>\n\t\t\t\t\t<\/div>\n\t\t<\/div>\n\t\t\t\t<div class=\"elementor-column elementor-col-50 elementor-top-column elementor-element elementor-element-f87a316\" data-id=\"f87a316\" data-element_type=\"column\" data-settings=\"{&quot;background_background&quot;:&quot;classic&quot;}\">\n\t\t\t<div class=\"elementor-widget-wrap elementor-element-populated\">\n\t\t\t\t\t\t<div class=\"elementor-element elementor-element-6587d89 elementor-widget elementor-widget-spacer\" data-id=\"6587d89\" data-element_type=\"widget\" data-widget_type=\"spacer.default\">\n\t\t\t\t<div class=\"elementor-widget-container\">\n\t\t\t\t\t\t\t<div class=\"elementor-spacer\">\n\t\t\t<div class=\"elementor-spacer-inner\"><\/div>\n\t\t<\/div>\n\t\t\t\t\t\t<\/div>\n\t\t\t\t<\/div>\n\t\t\t\t\t<\/div>\n\t\t<\/div>\n\t\t\t\t\t<\/div>\n\t\t<\/section>\n\t\t\t\t<section class=\"elementor-section elementor-top-section elementor-element elementor-element-a340d70 elementor-section-boxed elementor-section-height-default elementor-section-height-default\" data-id=\"a340d70\" data-element_type=\"section\">\n\t\t\t\t\t\t<div class=\"elementor-container elementor-column-gap-default\">\n\t\t\t\t\t<div class=\"elementor-column elementor-col-100 elementor-top-column elementor-element elementor-element-5d8b857\" data-id=\"5d8b857\" data-element_type=\"column\">\n\t\t\t<div class=\"elementor-widget-wrap elementor-element-populated\">\n\t\t\t\t\t\t<div class=\"elementor-element elementor-element-fe0f367 elementor-widget elementor-widget-spacer\" data-id=\"fe0f367\" data-element_type=\"widget\" data-widget_type=\"spacer.default\">\n\t\t\t\t<div class=\"elementor-widget-container\">\n\t\t\t\t\t\t\t<div class=\"elementor-spacer\">\n\t\t\t<div class=\"elementor-spacer-inner\"><\/div>\n\t\t<\/div>\n\t\t\t\t\t\t<\/div>\n\t\t\t\t<\/div>\n\t\t\t\t\t<\/div>\n\t\t<\/div>\n\t\t\t\t\t<\/div>\n\t\t<\/section>\n\t\t\t\t<\/div>\n\t\t","protected":false},"excerpt":{"rendered":"<p>Natur+Sport Luft schnappen rund um das Maison 1934 Colmar und sanfte Mobilit\u00e4t Entlang des Flusses Lauch l\u00e4sst sich Klein Venedig sowohl zu Fu\u00df als auch mit dem Fahrrad oder dem Boot erkunden: Colmar ist eine Stadt mit menschlicher Gr\u00f6\u00dfe! Ein &hellip; <a href=\"https:\/\/maison1934.com\/de\/in-der-umgebung\/die-natur-erkunden\/\">Read More<\/a><\/p>\n","protected":false},"author":2,"featured_media":0,"parent":8504,"menu_order":9,"comment_status":"closed","ping_status":"closed","template":"","meta":{"_acf_changed":false,"footnotes":""},"class_list":["post-8642","page","type-page","status-publish","hentry"],"acf":[],"yoast_head":"<!-- This site is optimized with the Yoast SEO plugin v26.7 - https:\/\/yoast.com\/wordpress\/plugins\/seo\/ -->\n<title>Die Natur erkunden - Maison 1934<\/title>\n<meta name=\"robots\" content=\"index, follow, max-snippet:-1, max-image-preview:large, max-video-preview:-1\" \/>\n<link rel=\"canonical\" href=\"https:\/\/maison1934.com\/de\/in-der-umgebung\/die-natur-erkunden\/\" \/>\n<meta property=\"og:locale\" content=\"de_DE\" \/>\n<meta property=\"og:type\" content=\"article\" \/>\n<meta property=\"og:title\" content=\"Die Natur erkunden - Maison 1934\" \/>\n<meta property=\"og:description\" content=\"Natur+Sport Luft schnappen rund um das Maison 1934 Colmar und sanfte Mobilit\u00e4t Entlang des Flusses Lauch l\u00e4sst sich Klein Venedig sowohl zu Fu\u00df als auch mit dem Fahrrad oder dem Boot erkunden: Colmar ist eine Stadt mit menschlicher Gr\u00f6\u00dfe! Ein &hellip; Read More\" \/>\n<meta property=\"og:url\" content=\"https:\/\/maison1934.com\/de\/in-der-umgebung\/die-natur-erkunden\/\" \/>\n<meta property=\"og:site_name\" content=\"Maison 1934\" \/>\n<meta property=\"article:modified_time\" content=\"2023-07-11T16:19:29+00:00\" \/>\n<meta name=\"twitter:card\" content=\"summary_large_image\" \/>\n<meta name=\"twitter:label1\" content=\"Gesch\u00e4tzte Lesezeit\" \/>\n\t<meta name=\"twitter:data1\" content=\"2\u00a0Minuten\" \/>\n<script type=\"application\/ld+json\" class=\"yoast-schema-graph\">{\"@context\":\"https:\/\/schema.org\",\"@graph\":[{\"@type\":\"WebPage\",\"@id\":\"https:\/\/maison1934.com\/de\/in-der-umgebung\/die-natur-erkunden\/\",\"url\":\"https:\/\/maison1934.com\/de\/in-der-umgebung\/die-natur-erkunden\/\",\"name\":\"Die Natur erkunden - Maison 1934\",\"isPartOf\":{\"@id\":\"https:\/\/maison1934.com\/de\/#website\"},\"datePublished\":\"2021-07-16T12:16:21+00:00\",\"dateModified\":\"2023-07-11T16:19:29+00:00\",\"breadcrumb\":{\"@id\":\"https:\/\/maison1934.com\/de\/in-der-umgebung\/die-natur-erkunden\/#breadcrumb\"},\"inLanguage\":\"de\",\"potentialAction\":[{\"@type\":\"ReadAction\",\"target\":[\"https:\/\/maison1934.com\/de\/in-der-umgebung\/die-natur-erkunden\/\"]}]},{\"@type\":\"BreadcrumbList\",\"@id\":\"https:\/\/maison1934.com\/de\/in-der-umgebung\/die-natur-erkunden\/#breadcrumb\",\"itemListElement\":[{\"@type\":\"ListItem\",\"position\":1,\"name\":\"Accueil\",\"item\":\"https:\/\/maison1934.com\/de\/\"},{\"@type\":\"ListItem\",\"position\":2,\"name\":\"In der Umgebung\",\"item\":\"https:\/\/maison1934.com\/de\/aux-alentours\/\"},{\"@type\":\"ListItem\",\"position\":3,\"name\":\"Die Natur erkunden\"}]},{\"@type\":\"WebSite\",\"@id\":\"https:\/\/maison1934.com\/de\/#website\",\"url\":\"https:\/\/maison1934.com\/de\/\",\"name\":\"Maison 1934\",\"description\":\"Vos appart&#039;h\u00f4tels \u00e0 Colmar\",\"potentialAction\":[{\"@type\":\"SearchAction\",\"target\":{\"@type\":\"EntryPoint\",\"urlTemplate\":\"https:\/\/maison1934.com\/de\/?s={search_term_string}\"},\"query-input\":{\"@type\":\"PropertyValueSpecification\",\"valueRequired\":true,\"valueName\":\"search_term_string\"}}],\"inLanguage\":\"de\"}]}<\/script>\n<!-- \/ Yoast SEO plugin. -->","yoast_head_json":{"title":"Die Natur erkunden - Maison 1934","robots":{"index":"index","follow":"follow","max-snippet":"max-snippet:-1","max-image-preview":"max-image-preview:large","max-video-preview":"max-video-preview:-1"},"canonical":"https:\/\/maison1934.com\/de\/in-der-umgebung\/die-natur-erkunden\/","og_locale":"de_DE","og_type":"article","og_title":"Die Natur erkunden - Maison 1934","og_description":"Natur+Sport Luft schnappen rund um das Maison 1934 Colmar und sanfte Mobilit\u00e4t Entlang des Flusses Lauch l\u00e4sst sich Klein Venedig sowohl zu Fu\u00df als auch mit dem Fahrrad oder dem Boot erkunden: Colmar ist eine Stadt mit menschlicher Gr\u00f6\u00dfe! Ein &hellip; Read More","og_url":"https:\/\/maison1934.com\/de\/in-der-umgebung\/die-natur-erkunden\/","og_site_name":"Maison 1934","article_modified_time":"2023-07-11T16:19:29+00:00","twitter_card":"summary_large_image","twitter_misc":{"Gesch\u00e4tzte Lesezeit":"2\u00a0Minuten"},"schema":{"@context":"https:\/\/schema.org","@graph":[{"@type":"WebPage","@id":"https:\/\/maison1934.com\/de\/in-der-umgebung\/die-natur-erkunden\/","url":"https:\/\/maison1934.com\/de\/in-der-umgebung\/die-natur-erkunden\/","name":"Die Natur erkunden - Maison 1934","isPartOf":{"@id":"https:\/\/maison1934.com\/de\/#website"},"datePublished":"2021-07-16T12:16:21+00:00","dateModified":"2023-07-11T16:19:29+00:00","breadcrumb":{"@id":"https:\/\/maison1934.com\/de\/in-der-umgebung\/die-natur-erkunden\/#breadcrumb"},"inLanguage":"de","potentialAction":[{"@type":"ReadAction","target":["https:\/\/maison1934.com\/de\/in-der-umgebung\/die-natur-erkunden\/"]}]},{"@type":"BreadcrumbList","@id":"https:\/\/maison1934.com\/de\/in-der-umgebung\/die-natur-erkunden\/#breadcrumb","itemListElement":[{"@type":"ListItem","position":1,"name":"Accueil","item":"https:\/\/maison1934.com\/de\/"},{"@type":"ListItem","position":2,"name":"In der Umgebung","item":"https:\/\/maison1934.com\/de\/aux-alentours\/"},{"@type":"ListItem","position":3,"name":"Die Natur erkunden"}]},{"@type":"WebSite","@id":"https:\/\/maison1934.com\/de\/#website","url":"https:\/\/maison1934.com\/de\/","name":"Maison 1934","description":"Vos appart&#039;h\u00f4tels \u00e0 Colmar","potentialAction":[{"@type":"SearchAction","target":{"@type":"EntryPoint","urlTemplate":"https:\/\/maison1934.com\/de\/?s={search_term_string}"},"query-input":{"@type":"PropertyValueSpecification","valueRequired":true,"valueName":"search_term_string"}}],"inLanguage":"de"}]}},"_links":{"self":[{"href":"https:\/\/maison1934.com\/de\/wp-json\/wp\/v2\/pages\/8642","targetHints":{"allow":["GET"]}}],"collection":[{"href":"https:\/\/maison1934.com\/de\/wp-json\/wp\/v2\/pages"}],"about":[{"href":"https:\/\/maison1934.com\/de\/wp-json\/wp\/v2\/types\/page"}],"author":[{"embeddable":true,"href":"https:\/\/maison1934.com\/de\/wp-json\/wp\/v2\/users\/2"}],"replies":[{"embeddable":true,"href":"https:\/\/maison1934.com\/de\/wp-json\/wp\/v2\/comments?post=8642"}],"version-history":[{"count":22,"href":"https:\/\/maison1934.com\/de\/wp-json\/wp\/v2\/pages\/8642\/revisions"}],"predecessor-version":[{"id":12961,"href":"https:\/\/maison1934.com\/de\/wp-json\/wp\/v2\/pages\/8642\/revisions\/12961"}],"up":[{"embeddable":true,"href":"https:\/\/maison1934.com\/de\/wp-json\/wp\/v2\/pages\/8504"}],"wp:attachment":[{"href":"https:\/\/maison1934.com\/de\/wp-json\/wp\/v2\/media?parent=8642"}],"curies":[{"name":"wp","href":"https:\/\/api.w.org\/{rel}","templated":true}]}}