{"id":8733,"date":"2021-07-16T14:31:58","date_gmt":"2021-07-16T12:31:58","guid":{"rendered":"https:\/\/maison1934.com\/geniessen\/traditionelle-rezepte\/"},"modified":"2025-03-16T02:28:56","modified_gmt":"2025-03-16T01:28:56","slug":"traditionelle-rezepte","status":"publish","type":"page","link":"https:\/\/maison1934.com\/de\/geniessen\/traditionelle-rezepte\/","title":{"rendered":"Traditionelle Rezepte"},"content":{"rendered":"\t\t<div data-elementor-type=\"wp-post\" data-elementor-id=\"8733\" class=\"elementor elementor-8733 elementor-639\">\n\t\t\t\t\t\t<section class=\"elementor-section elementor-top-section elementor-element elementor-element-3abe1d47 elementor-section-full_width elementor-section-height-min-height elementor-section-height-default elementor-section-items-middle\" data-id=\"3abe1d47\" data-element_type=\"section\" data-settings=\"{&quot;background_background&quot;:&quot;classic&quot;}\">\n\t\t\t\t\t\t\t<div class=\"elementor-background-overlay\"><\/div>\n\t\t\t\t\t\t\t<div class=\"elementor-container elementor-column-gap-default\">\n\t\t\t\t\t<div class=\"elementor-column elementor-col-100 elementor-top-column elementor-element elementor-element-1cd780e3\" data-id=\"1cd780e3\" data-element_type=\"column\">\n\t\t\t<div class=\"elementor-widget-wrap elementor-element-populated\">\n\t\t\t\t\t\t<div class=\"elementor-element elementor-element-367392ab elementor-widget elementor-widget-spacer\" data-id=\"367392ab\" data-element_type=\"widget\" data-widget_type=\"spacer.default\">\n\t\t\t\t<div class=\"elementor-widget-container\">\n\t\t\t\t\t\t\t<div class=\"elementor-spacer\">\n\t\t\t<div class=\"elementor-spacer-inner\"><\/div>\n\t\t<\/div>\n\t\t\t\t\t\t<\/div>\n\t\t\t\t<\/div>\n\t\t\t\t<div class=\"elementor-element elementor-element-2745faf1 elementor-view-default elementor-position-top elementor-invisible elementor-widget elementor-widget-themo-header\" data-id=\"2745faf1\" data-element_type=\"widget\" data-settings=\"{&quot;_animation&quot;:&quot;fadeIn&quot;}\" data-widget_type=\"themo-header.default\">\n\t\t\t\t<div class=\"elementor-widget-container\">\n\t\t\t\t\t\t\t<div class=\"th-header-wrap\">\n        <div class=\"elementor-icon-box-wrapper \">\n                            <div class=\"elementor-icon-box-content\">\n                    <h1 class=\"elementor-icon-box-title\">\n                        Traditionelle Rezepte                    <\/h1>\n                                        <p class=\"elementor-icon-box-description\">Finden Sie sich in der Farandole der exotischen Namen wieder<\/p>\n\n                                    <\/div>\n            <\/div>\n\n        <\/div>\n\n\t\t\t\t\t\t<\/div>\n\t\t\t\t<\/div>\n\t\t\t\t\t<\/div>\n\t\t<\/div>\n\t\t\t\t\t<\/div>\n\t\t<\/section>\n\t\t\t\t<section class=\"elementor-section elementor-top-section elementor-element elementor-element-be10648 elementor-section-boxed elementor-section-height-default elementor-section-height-default\" data-id=\"be10648\" data-element_type=\"section\">\n\t\t\t\t\t\t<div class=\"elementor-container elementor-column-gap-default\">\n\t\t\t\t\t<div class=\"elementor-column elementor-col-100 elementor-top-column elementor-element elementor-element-7b34fb2\" data-id=\"7b34fb2\" data-element_type=\"column\">\n\t\t\t<div class=\"elementor-widget-wrap elementor-element-populated\">\n\t\t\t\t\t\t<div class=\"elementor-element elementor-element-644fadd elementor-widget elementor-widget-spacer\" data-id=\"644fadd\" data-element_type=\"widget\" data-widget_type=\"spacer.default\">\n\t\t\t\t<div class=\"elementor-widget-container\">\n\t\t\t\t\t\t\t<div class=\"elementor-spacer\">\n\t\t\t<div class=\"elementor-spacer-inner\"><\/div>\n\t\t<\/div>\n\t\t\t\t\t\t<\/div>\n\t\t\t\t<\/div>\n\t\t\t\t\t<\/div>\n\t\t<\/div>\n\t\t\t\t\t<\/div>\n\t\t<\/section>\n\t\t\t\t<section class=\"elementor-section elementor-top-section elementor-element elementor-element-f48df3f elementor-section-full_width elementor-section-height-default elementor-section-height-default\" data-id=\"f48df3f\" data-element_type=\"section\" data-settings=\"{&quot;background_background&quot;:&quot;slideshow&quot;,&quot;background_slideshow_gallery&quot;:[{&quot;id&quot;:1858,&quot;url&quot;:&quot;https:\\\/\\\/maison1934.com\\\/wp-content\\\/uploads\\\/2022\\\/04\\\/PSX_20220129_203558-scaled.jpg&quot;}],&quot;background_slideshow_loop&quot;:&quot;yes&quot;,&quot;background_slideshow_slide_duration&quot;:5000,&quot;background_slideshow_slide_transition&quot;:&quot;fade&quot;,&quot;background_slideshow_transition_duration&quot;:500}\">\n\t\t\t\t\t\t<div class=\"elementor-container elementor-column-gap-default\">\n\t\t\t\t\t<div class=\"elementor-column elementor-col-50 elementor-top-column elementor-element elementor-element-2ff2406\" data-id=\"2ff2406\" data-element_type=\"column\" data-settings=\"{&quot;background_background&quot;:&quot;classic&quot;}\">\n\t\t\t<div class=\"elementor-widget-wrap elementor-element-populated\">\n\t\t\t\t\t\t<div class=\"elementor-element elementor-element-2e136fe elementor-widget elementor-widget-menu-anchor\" data-id=\"2e136fe\" data-element_type=\"widget\" data-widget_type=\"menu-anchor.default\">\n\t\t\t\t<div class=\"elementor-widget-container\">\n\t\t\t\t\t\t\t<div class=\"elementor-menu-anchor\" id=\"more1\"><\/div>\n\t\t\t\t\t\t<\/div>\n\t\t\t\t<\/div>\n\t\t\t\t<div class=\"elementor-element elementor-element-d3fb2f1 elementor-widget elementor-widget-spacer\" data-id=\"d3fb2f1\" data-element_type=\"widget\" data-widget_type=\"spacer.default\">\n\t\t\t\t<div class=\"elementor-widget-container\">\n\t\t\t\t\t\t\t<div class=\"elementor-spacer\">\n\t\t\t<div class=\"elementor-spacer-inner\"><\/div>\n\t\t<\/div>\n\t\t\t\t\t\t<\/div>\n\t\t\t\t<\/div>\n\t\t\t\t\t<\/div>\n\t\t<\/div>\n\t\t\t\t<div class=\"elementor-column elementor-col-50 elementor-top-column elementor-element elementor-element-ed6a377\" data-id=\"ed6a377\" data-element_type=\"column\" data-settings=\"{&quot;background_background&quot;:&quot;classic&quot;}\">\n\t\t\t<div class=\"elementor-widget-wrap elementor-element-populated\">\n\t\t\t\t\t\t<div class=\"elementor-element elementor-element-96dcc35 elementor-position-left elementor-view-default elementor-widget elementor-widget-themo-header\" data-id=\"96dcc35\" data-element_type=\"widget\" data-widget_type=\"themo-header.default\">\n\t\t\t\t<div class=\"elementor-widget-container\">\n\t\t\t\t\t\t\t<div class=\"th-header-wrap\">\n        <div class=\"elementor-icon-box-wrapper \">\n                            <div class=\"elementor-icon-box-content\">\n                    <h3 class=\"elementor-icon-box-title\">\n                        Die unnachahmliche els\u00e4ssische Gastronomie                    <\/h3>\n                                        <p class=\"elementor-icon-box-description\"><\/p>\n\n                                    <\/div>\n            <\/div>\n\n        <\/div>\n\n\t\t\t\t\t\t<\/div>\n\t\t\t\t<\/div>\n\t\t\t\t<div class=\"elementor-element elementor-element-ba04fd8 elementor-widget elementor-widget-text-editor\" data-id=\"ba04fd8\" data-element_type=\"widget\" data-widget_type=\"text-editor.default\">\n\t\t\t\t<div class=\"elementor-widget-container\">\n\t\t\t\t\t\t\t\t\t<section id=\"h1\" class=\"grid align_item_center\">\n<article>\n<p data-start=\"54\" data-end=\"313\"><strong data-start=\"54\" data-end=\"125\">Sie besuchen uns und m\u00f6chten die els\u00e4ssische Gastronomie entdecken?<\/strong> Es lohnt sich! Sie kennen wahrscheinlich bereits das ber\u00fchmte <strong data-start=\"188\" data-end=\"202\">Sauerkraut<\/strong>, das oft als zu deftig empfunden wird, und den <strong data-start=\"250\" data-end=\"265\">Flammkuchen<\/strong>, zwei unumg\u00e4ngliche Spezialit\u00e4ten der Region.<\/p>\n<p data-start=\"315\" data-end=\"542\">Die els\u00e4ssische Gastfreundschaft ist keine Legende \u2013 sie geht Hand in Hand mit diesen k\u00f6stlichen Gerichten, die in fr\u00f6hlicher und geselliger Atmosph\u00e4re genossen werden, in den meisten <strong data-start=\"499\" data-end=\"539\">Restaurants, die wir Ihnen empfehlen<\/strong>!<\/p>\n<p data-start=\"544\" data-end=\"624\">Hier eine kleine Liste von Spezialit\u00e4ten, deren Namen Sie bereits \u00fcben k\u00f6nnen:<\/p>\n<\/article>\n<\/section>\n\t\t\t\t\t\t\t\t<\/div>\n\t\t\t\t<\/div>\n\t\t\t\t<div class=\"elementor-element elementor-element-315a504 elementor-view-default elementor-position-block-start elementor-mobile-position-block-start elementor-widget elementor-widget-icon-box\" data-id=\"315a504\" data-element_type=\"widget\" data-widget_type=\"icon-box.default\">\n\t\t\t\t<div class=\"elementor-widget-container\">\n\t\t\t\t\t\t\t<div class=\"elementor-icon-box-wrapper\">\n\n\t\t\t\t\t\t<div class=\"elementor-icon-box-icon\">\n\t\t\t\t<span  class=\"elementor-icon\">\n\t\t\t\t<i aria-hidden=\"true\" class=\"th-trip travelpack th-trip travelpack-direction-sign\"><\/i>\t\t\t\t<\/span>\n\t\t\t<\/div>\n\t\t\t\n\t\t\t\t\t\t<div class=\"elementor-icon-box-content\">\n\n\t\t\t\t\t\t\t\t\t<h3 class=\"elementor-icon-box-title\">\n\t\t\t\t\t\t<span  >\n\t\t\t\t\t\t\tDie Qual der Wahl\t\t\t\t\t\t<\/span>\n\t\t\t\t\t<\/h3>\n\t\t\t\t\n\t\t\t\t\t\t\t\t\t<p class=\"elementor-icon-box-description\">\n\t\t\t\t\t\tNichts ist besser f\u00fcr eine kulinarische Reise in die Hauptstadt der els\u00e4ssischen Weine, als unsere besten Adressen zu kennen \u2013 sorgf\u00e4ltig f\u00fcr Sie getestet! \ud83c\udf7d\ufe0f\u2728 Denken Sie daran, Ihren Tisch im Voraus zu reservieren. Wir sind hier, um Ihnen zu helfen! \ud83d\ude0a\t\t\t\t\t<\/p>\n\t\t\t\t\n\t\t\t<\/div>\n\t\t\t\n\t\t<\/div>\n\t\t\t\t\t\t<\/div>\n\t\t\t\t<\/div>\n\t\t\t\t<div class=\"elementor-element elementor-element-9b6c474 th-btn-align-center elementor-widget elementor-widget-themo-button\" data-id=\"9b6c474\" data-element_type=\"widget\" data-widget_type=\"themo-button.default\">\n\t\t\t\t<div class=\"elementor-widget-container\">\n\t\t\t\t\t\n                \t\t\t<a class=\"btn-1 btn th-btn btn-standard-primary\" href=\"https:\/\/maison1934.com\/savourer\/restaurants\/\">\n\t\t\t\t\t\t\t\t\tMehr erfahren \u00fcber die Restaurants\t\t\t\t\t\t\t<\/a>\n\t\t\n        \n\t\t\t\t\t\t<\/div>\n\t\t\t\t<\/div>\n\t\t\t\t\t<\/div>\n\t\t<\/div>\n\t\t\t\t\t<\/div>\n\t\t<\/section>\n\t\t\t\t<section class=\"elementor-section elementor-top-section elementor-element elementor-element-fde5bad elementor-section-full_width elementor-section-height-default elementor-section-height-default\" data-id=\"fde5bad\" data-element_type=\"section\">\n\t\t\t\t\t\t<div class=\"elementor-container elementor-column-gap-default\">\n\t\t\t\t\t<div class=\"elementor-column elementor-col-50 elementor-top-column elementor-element elementor-element-2f377de\" data-id=\"2f377de\" data-element_type=\"column\" data-settings=\"{&quot;background_background&quot;:&quot;classic&quot;}\">\n\t\t\t<div class=\"elementor-widget-wrap elementor-element-populated\">\n\t\t\t\t\t\t<div class=\"elementor-element elementor-element-0a655fe elementor-position-left elementor-view-default elementor-widget elementor-widget-themo-header\" data-id=\"0a655fe\" data-element_type=\"widget\" data-widget_type=\"themo-header.default\">\n\t\t\t\t<div class=\"elementor-widget-container\">\n\t\t\t\t\t\t\t<div class=\"th-header-wrap\">\n        <div class=\"elementor-icon-box-wrapper \">\n                            <div class=\"elementor-icon-box-content\">\n                    <h2 class=\"elementor-icon-box-title\">\n                        Die els\u00e4ssischen Nudeln: Sp\u00e4tzle                    <\/h2>\n                                        <p class=\"elementor-icon-box-description\">Sie dachten, nur in Italien g\u00e4be es eine reiche Nudeltradition? Das Elsass bietet eine k\u00f6stliche und einzigartige Variante: Sp\u00e4tzle \u2013 der Name stammt vom deutschen Wort Spatzen (Spatzen), da ihre Form an kleine V\u00f6gel erinnert. Diese mit Eiern zubereiteten Nudeln werden oft als Beilage zu herzhaften Fleischgerichten mit Sauce serviert.<\/p>\n\n                                    <\/div>\n            <\/div>\n\n        <\/div>\n\n\t\t\t\t\t\t<\/div>\n\t\t\t\t<\/div>\n\t\t\t\t<div class=\"elementor-element elementor-element-ae8cbce elementor-position-left elementor-view-default elementor-widget elementor-widget-themo-header\" data-id=\"ae8cbce\" data-element_type=\"widget\" data-widget_type=\"themo-header.default\">\n\t\t\t\t<div class=\"elementor-widget-container\">\n\t\t\t\t\t\t\t<div class=\"th-header-wrap\">\n        <div class=\"elementor-icon-box-wrapper \">\n                            <div class=\"elementor-icon-box-content\">\n                    <h2 class=\"elementor-icon-box-title\">\n                        Ein typischer Eintopf: der Baeckeoffe                    <\/h2>\n                                        <p class=\"elementor-icon-box-description\">Dieses traditionelle els\u00e4ssische Gericht enth\u00e4lt:\r\n\u2714 Drei verschiedene Fleischsorten (Rind, Lamm, Schwein)\r\n\u2714 Verschiedenes Gem\u00fcse (Karotten, Kartoffeln, Kohl)\r\n\u2714 Aromatische Zutaten wie Zwiebeln, Kr\u00e4uter und els\u00e4ssischen Wei\u00dfwein\r\n\r\nAll diese Zutaten werden langsam und schonend einen ganzen Tag lang geschmort, um ein unglaublich zartes und geschmackvolles Gericht zu erhalten.<\/p>\n\n                                    <\/div>\n            <\/div>\n\n        <\/div>\n\n\t\t\t\t\t\t<\/div>\n\t\t\t\t<\/div>\n\t\t\t\t<div class=\"elementor-element elementor-element-895fe25 elementor-position-left elementor-view-default elementor-widget elementor-widget-themo-header\" data-id=\"895fe25\" data-element_type=\"widget\" data-widget_type=\"themo-header.default\">\n\t\t\t\t<div class=\"elementor-widget-container\">\n\t\t\t\t\t\t\t<div class=\"th-header-wrap\">\n        <div class=\"elementor-icon-box-wrapper \">\n                            <div class=\"elementor-icon-box-content\">\n                    <h2 class=\"elementor-icon-box-title\">\n                        Der ber\u00fchmte Schweinshaxe (Jambonneau)                    <\/h2>\n                                        <p class=\"elementor-icon-box-description\">Die Schweinshaxe ist ein Klassiker der els\u00e4ssischen K\u00fcche und wird in verschiedenen Varianten serviert: \r\nNatur, mit Honig, mit Senf, in Bier geschmort, oder mit Munster-K\u00e4sesauce!\r\nDazu gibt es in der Regel Kartoffeln und einen frischen Salat \u2013 f\u00fcr eine ausgewogene Mahlzeit!<\/p>\n\n                                    <\/div>\n            <\/div>\n\n        <\/div>\n\n\t\t\t\t\t\t<\/div>\n\t\t\t\t<\/div>\n\t\t\t\t<div class=\"elementor-element elementor-element-0fc4b85 elementor-position-left elementor-view-default elementor-widget elementor-widget-themo-header\" data-id=\"0fc4b85\" data-element_type=\"widget\" data-widget_type=\"themo-header.default\">\n\t\t\t\t<div class=\"elementor-widget-container\">\n\t\t\t\t\t\t\t<div class=\"th-header-wrap\">\n        <div class=\"elementor-icon-box-wrapper \">\n                            <div class=\"elementor-icon-box-content\">\n                    <h2 class=\"elementor-icon-box-title\">\n                        Fleischnacka \u2013 die els\u00e4ssischen \u201eFleischschnecken\u201c                    <\/h2>\n                                        <p class=\"elementor-icon-box-description\">Verlassen Sie das Elsass nicht, ohne Fleischnacka probiert zu haben!\r\nDieses Gericht besteht aus einer F\u00fcllung aus Schweine- und Rindfleisch, die mit Kr\u00e4utern oder Tomaten abgeschmeckt wird.\r\nDer Teig ist eine Nudelrolle, die mit der Fleischf\u00fcllung gef\u00fcllt, dann gerollt, in Scheiben geschnitten und in Br\u00fche gegart wird. Ein traditionelles Rezept, das oft aus den Resten eines Pot-au-feu vom Vortag zubereitet wird.<\/p>\n\n                                    <\/div>\n            <\/div>\n\n        <\/div>\n\n\t\t\t\t\t\t<\/div>\n\t\t\t\t<\/div>\n\t\t\t\t<div class=\"elementor-element elementor-element-1481b92 elementor-position-left elementor-view-default elementor-widget elementor-widget-themo-header\" data-id=\"1481b92\" data-element_type=\"widget\" data-widget_type=\"themo-header.default\">\n\t\t\t\t<div class=\"elementor-widget-container\">\n\t\t\t\t\t\t\t<div class=\"th-header-wrap\">\n        <div class=\"elementor-icon-box-wrapper \">\n                            <div class=\"elementor-icon-box-content\">\n                    <h2 class=\"elementor-icon-box-title\">\n                        Das bekannteste Gericht: die Els\u00e4sser Choucroute (Sauerkraut mit Fleisch)                    <\/h2>\n                                        <p class=\"elementor-icon-box-description\">Obwohl es das ber\u00fchmteste Gericht des Elsass ist, sollten Sie es unbedingt probieren!\r\n\ud83e\udd6c Choucroute besteht aus fermentiertem Kohl, Kartoffeln und verschiedenen Schweinefleischsorten:\r\nSpeck, Ger\u00e4uchertes Schweinenackenst\u00fcck, P\u00f6kelfleisch,\r\nKnackw\u00fcrste, Montb\u00e9liard- oder Frankfurter W\u00fcrstchen.\r\nDazu wird oft Meerrettich (der els\u00e4ssische Wasabi!) oder Senf gereicht.<\/p>\n\n                                    <\/div>\n            <\/div>\n\n        <\/div>\n\n\t\t\t\t\t\t<\/div>\n\t\t\t\t<\/div>\n\t\t\t\t<div class=\"elementor-element elementor-element-36271a5 elementor-position-left elementor-view-default elementor-widget elementor-widget-themo-header\" data-id=\"36271a5\" data-element_type=\"widget\" data-widget_type=\"themo-header.default\">\n\t\t\t\t<div class=\"elementor-widget-container\">\n\t\t\t\t\t\t\t<div class=\"th-header-wrap\">\n        <div class=\"elementor-icon-box-wrapper \">\n                            <div class=\"elementor-icon-box-content\">\n                    <h2 class=\"elementor-icon-box-title\">\n                        Flammkuchen \u2013 die Spezialit\u00e4t, die mit den H\u00e4nden gegessen wird!                    <\/h2>\n                                        <p class=\"elementor-icon-box-description\">Diese els\u00e4ssische Pizza besteht eigentlich aus einem sehr d\u00fcnnen Brotteig, der mit:\r\n\u2705 Cr\u00e8me fra\u00eeche,\r\n\u2705 Speckw\u00fcrfeln,\r\n\u2705 rohen Zwiebelringen belegt wird.\r\n\r\nNat\u00fcrlich gibt es auch k\u00f6stliche Variationen mit K\u00e4se, Pilzen, Munsterk\u00e4se\u2026 oder sogar mit Sauerkraut!\r\n\r\n\ud83d\udd25 Im Holzofen gebacken, ist Flammkuchen das perfekte Gericht zum Teilen \u2013 ob als Vorspeise, Hauptgericht oder sogar als Dessert!\r\n\r\n\ud83c\udf4f Probieren Sie unbedingt die s\u00fc\u00dfe Apfelvariante!<\/p>\n\n                                    <\/div>\n            <\/div>\n\n        <\/div>\n\n\t\t\t\t\t\t<\/div>\n\t\t\t\t<\/div>\n\t\t\t\t<div class=\"elementor-element elementor-element-e714ef8 th-btn-align-center elementor-widget elementor-widget-themo-button\" data-id=\"e714ef8\" data-element_type=\"widget\" data-widget_type=\"themo-button.default\">\n\t\t\t\t<div class=\"elementor-widget-container\">\n\t\t\t\t\t\n                \t\t\t<a class=\"btn-1 btn th-btn btn-standard-primary\" href=\"https:\/\/maison1934.com\/ou-nous-trouver\/#contact\">\n\t\t\t\t\t\t\t\t\tMehr erfahren\t\t\t\t\t\t\t<\/a>\n\t\t\n        \n\t\t\t\t\t\t<\/div>\n\t\t\t\t<\/div>\n\t\t\t\t\t<\/div>\n\t\t<\/div>\n\t\t\t\t<div class=\"elementor-column elementor-col-50 elementor-top-column elementor-element elementor-element-352c17c\" data-id=\"352c17c\" data-element_type=\"column\" data-settings=\"{&quot;background_background&quot;:&quot;classic&quot;}\">\n\t\t\t<div class=\"elementor-widget-wrap elementor-element-populated\">\n\t\t\t\t\t\t<div class=\"elementor-element elementor-element-c5ff902 elementor-widget elementor-widget-spacer\" data-id=\"c5ff902\" data-element_type=\"widget\" data-widget_type=\"spacer.default\">\n\t\t\t\t<div class=\"elementor-widget-container\">\n\t\t\t\t\t\t\t<div class=\"elementor-spacer\">\n\t\t\t<div class=\"elementor-spacer-inner\"><\/div>\n\t\t<\/div>\n\t\t\t\t\t\t<\/div>\n\t\t\t\t<\/div>\n\t\t\t\t\t<\/div>\n\t\t<\/div>\n\t\t\t\t\t<\/div>\n\t\t<\/section>\n\t\t\t\t<\/div>\n\t\t","protected":false},"excerpt":{"rendered":"<p>Traditionelle Rezepte Finden Sie sich in der Farandole der exotischen Namen wieder Die unnachahmliche els\u00e4ssische Gastronomie Sie besuchen uns und m\u00f6chten die els\u00e4ssische Gastronomie entdecken? Es lohnt sich! Sie kennen wahrscheinlich bereits das ber\u00fchmte Sauerkraut, das oft als zu deftig &hellip; <a href=\"https:\/\/maison1934.com\/de\/geniessen\/traditionelle-rezepte\/\">Read More<\/a><\/p>\n","protected":false},"author":2,"featured_media":0,"parent":8578,"menu_order":1,"comment_status":"closed","ping_status":"closed","template":"","meta":{"_acf_changed":false,"footnotes":""},"class_list":["post-8733","page","type-page","status-publish","hentry"],"acf":[],"yoast_head":"<!-- This site is optimized with the Yoast SEO plugin v26.7 - https:\/\/yoast.com\/wordpress\/plugins\/seo\/ -->\n<title>Traditionelle Rezepte - Maison 1934<\/title>\n<meta name=\"robots\" content=\"index, follow, max-snippet:-1, max-image-preview:large, max-video-preview:-1\" \/>\n<link rel=\"canonical\" href=\"https:\/\/maison1934.com\/de\/geniessen\/traditionelle-rezepte\/\" \/>\n<meta property=\"og:locale\" content=\"de_DE\" \/>\n<meta property=\"og:type\" content=\"article\" \/>\n<meta property=\"og:title\" content=\"Traditionelle Rezepte - Maison 1934\" \/>\n<meta property=\"og:description\" content=\"Traditionelle Rezepte Finden Sie sich in der Farandole der exotischen Namen wieder Die unnachahmliche els\u00e4ssische Gastronomie Sie besuchen uns und m\u00f6chten die els\u00e4ssische Gastronomie entdecken? Es lohnt sich! Sie kennen wahrscheinlich bereits das ber\u00fchmte Sauerkraut, das oft als zu deftig &hellip; Read More\" \/>\n<meta property=\"og:url\" content=\"https:\/\/maison1934.com\/de\/geniessen\/traditionelle-rezepte\/\" \/>\n<meta property=\"og:site_name\" content=\"Maison 1934\" \/>\n<meta property=\"article:modified_time\" content=\"2025-03-16T01:28:56+00:00\" \/>\n<meta name=\"twitter:card\" content=\"summary_large_image\" \/>\n<meta name=\"twitter:label1\" content=\"Gesch\u00e4tzte Lesezeit\" \/>\n\t<meta name=\"twitter:data1\" content=\"3\u00a0Minuten\" \/>\n<script type=\"application\/ld+json\" class=\"yoast-schema-graph\">{\"@context\":\"https:\/\/schema.org\",\"@graph\":[{\"@type\":\"WebPage\",\"@id\":\"https:\/\/maison1934.com\/de\/geniessen\/traditionelle-rezepte\/\",\"url\":\"https:\/\/maison1934.com\/de\/geniessen\/traditionelle-rezepte\/\",\"name\":\"Traditionelle Rezepte - Maison 1934\",\"isPartOf\":{\"@id\":\"https:\/\/maison1934.com\/de\/#website\"},\"datePublished\":\"2021-07-16T12:31:58+00:00\",\"dateModified\":\"2025-03-16T01:28:56+00:00\",\"breadcrumb\":{\"@id\":\"https:\/\/maison1934.com\/de\/geniessen\/traditionelle-rezepte\/#breadcrumb\"},\"inLanguage\":\"de\",\"potentialAction\":[{\"@type\":\"ReadAction\",\"target\":[\"https:\/\/maison1934.com\/de\/geniessen\/traditionelle-rezepte\/\"]}]},{\"@type\":\"BreadcrumbList\",\"@id\":\"https:\/\/maison1934.com\/de\/geniessen\/traditionelle-rezepte\/#breadcrumb\",\"itemListElement\":[{\"@type\":\"ListItem\",\"position\":1,\"name\":\"Accueil\",\"item\":\"https:\/\/maison1934.com\/de\/\"},{\"@type\":\"ListItem\",\"position\":2,\"name\":\"Genie\u00dfen\",\"item\":\"https:\/\/maison1934.com\/de\/savourer\/\"},{\"@type\":\"ListItem\",\"position\":3,\"name\":\"Traditionelle Rezepte\"}]},{\"@type\":\"WebSite\",\"@id\":\"https:\/\/maison1934.com\/de\/#website\",\"url\":\"https:\/\/maison1934.com\/de\/\",\"name\":\"Maison 1934\",\"description\":\"Vos appart&#039;h\u00f4tels \u00e0 Colmar\",\"potentialAction\":[{\"@type\":\"SearchAction\",\"target\":{\"@type\":\"EntryPoint\",\"urlTemplate\":\"https:\/\/maison1934.com\/de\/?s={search_term_string}\"},\"query-input\":{\"@type\":\"PropertyValueSpecification\",\"valueRequired\":true,\"valueName\":\"search_term_string\"}}],\"inLanguage\":\"de\"}]}<\/script>\n<!-- \/ Yoast SEO plugin. -->","yoast_head_json":{"title":"Traditionelle Rezepte - Maison 1934","robots":{"index":"index","follow":"follow","max-snippet":"max-snippet:-1","max-image-preview":"max-image-preview:large","max-video-preview":"max-video-preview:-1"},"canonical":"https:\/\/maison1934.com\/de\/geniessen\/traditionelle-rezepte\/","og_locale":"de_DE","og_type":"article","og_title":"Traditionelle Rezepte - Maison 1934","og_description":"Traditionelle Rezepte Finden Sie sich in der Farandole der exotischen Namen wieder Die unnachahmliche els\u00e4ssische Gastronomie Sie besuchen uns und m\u00f6chten die els\u00e4ssische Gastronomie entdecken? Es lohnt sich! Sie kennen wahrscheinlich bereits das ber\u00fchmte Sauerkraut, das oft als zu deftig &hellip; Read More","og_url":"https:\/\/maison1934.com\/de\/geniessen\/traditionelle-rezepte\/","og_site_name":"Maison 1934","article_modified_time":"2025-03-16T01:28:56+00:00","twitter_card":"summary_large_image","twitter_misc":{"Gesch\u00e4tzte Lesezeit":"3\u00a0Minuten"},"schema":{"@context":"https:\/\/schema.org","@graph":[{"@type":"WebPage","@id":"https:\/\/maison1934.com\/de\/geniessen\/traditionelle-rezepte\/","url":"https:\/\/maison1934.com\/de\/geniessen\/traditionelle-rezepte\/","name":"Traditionelle Rezepte - Maison 1934","isPartOf":{"@id":"https:\/\/maison1934.com\/de\/#website"},"datePublished":"2021-07-16T12:31:58+00:00","dateModified":"2025-03-16T01:28:56+00:00","breadcrumb":{"@id":"https:\/\/maison1934.com\/de\/geniessen\/traditionelle-rezepte\/#breadcrumb"},"inLanguage":"de","potentialAction":[{"@type":"ReadAction","target":["https:\/\/maison1934.com\/de\/geniessen\/traditionelle-rezepte\/"]}]},{"@type":"BreadcrumbList","@id":"https:\/\/maison1934.com\/de\/geniessen\/traditionelle-rezepte\/#breadcrumb","itemListElement":[{"@type":"ListItem","position":1,"name":"Accueil","item":"https:\/\/maison1934.com\/de\/"},{"@type":"ListItem","position":2,"name":"Genie\u00dfen","item":"https:\/\/maison1934.com\/de\/savourer\/"},{"@type":"ListItem","position":3,"name":"Traditionelle Rezepte"}]},{"@type":"WebSite","@id":"https:\/\/maison1934.com\/de\/#website","url":"https:\/\/maison1934.com\/de\/","name":"Maison 1934","description":"Vos appart&#039;h\u00f4tels \u00e0 Colmar","potentialAction":[{"@type":"SearchAction","target":{"@type":"EntryPoint","urlTemplate":"https:\/\/maison1934.com\/de\/?s={search_term_string}"},"query-input":{"@type":"PropertyValueSpecification","valueRequired":true,"valueName":"search_term_string"}}],"inLanguage":"de"}]}},"_links":{"self":[{"href":"https:\/\/maison1934.com\/de\/wp-json\/wp\/v2\/pages\/8733","targetHints":{"allow":["GET"]}}],"collection":[{"href":"https:\/\/maison1934.com\/de\/wp-json\/wp\/v2\/pages"}],"about":[{"href":"https:\/\/maison1934.com\/de\/wp-json\/wp\/v2\/types\/page"}],"author":[{"embeddable":true,"href":"https:\/\/maison1934.com\/de\/wp-json\/wp\/v2\/users\/2"}],"replies":[{"embeddable":true,"href":"https:\/\/maison1934.com\/de\/wp-json\/wp\/v2\/comments?post=8733"}],"version-history":[{"count":5,"href":"https:\/\/maison1934.com\/de\/wp-json\/wp\/v2\/pages\/8733\/revisions"}],"predecessor-version":[{"id":14844,"href":"https:\/\/maison1934.com\/de\/wp-json\/wp\/v2\/pages\/8733\/revisions\/14844"}],"up":[{"embeddable":true,"href":"https:\/\/maison1934.com\/de\/wp-json\/wp\/v2\/pages\/8578"}],"wp:attachment":[{"href":"https:\/\/maison1934.com\/de\/wp-json\/wp\/v2\/media?parent=8733"}],"curies":[{"name":"wp","href":"https:\/\/api.w.org\/{rel}","templated":true}]}}