{"id":8754,"date":"2021-07-16T14:31:58","date_gmt":"2021-07-16T12:31:58","guid":{"rendered":"https:\/\/maison1934.com\/savor\/traditional-recipes\/"},"modified":"2025-03-16T02:07:20","modified_gmt":"2025-03-16T01:07:20","slug":"traditional-recipes","status":"publish","type":"page","link":"https:\/\/maison1934.com\/en\/savor\/traditional-recipes\/","title":{"rendered":"Traditional recipes"},"content":{"rendered":"\t\t<div data-elementor-type=\"wp-post\" data-elementor-id=\"8754\" class=\"elementor elementor-8754 elementor-639\">\n\t\t\t\t\t\t<section class=\"elementor-section elementor-top-section elementor-element elementor-element-3abe1d47 elementor-section-full_width elementor-section-height-min-height elementor-section-height-default elementor-section-items-middle\" data-id=\"3abe1d47\" data-element_type=\"section\" data-settings=\"{&quot;background_background&quot;:&quot;classic&quot;}\">\n\t\t\t\t\t\t\t<div class=\"elementor-background-overlay\"><\/div>\n\t\t\t\t\t\t\t<div class=\"elementor-container elementor-column-gap-default\">\n\t\t\t\t\t<div class=\"elementor-column elementor-col-100 elementor-top-column elementor-element elementor-element-1cd780e3\" data-id=\"1cd780e3\" data-element_type=\"column\">\n\t\t\t<div class=\"elementor-widget-wrap elementor-element-populated\">\n\t\t\t\t\t\t<div class=\"elementor-element elementor-element-367392ab elementor-widget elementor-widget-spacer\" data-id=\"367392ab\" data-element_type=\"widget\" data-widget_type=\"spacer.default\">\n\t\t\t\t<div class=\"elementor-widget-container\">\n\t\t\t\t\t\t\t<div class=\"elementor-spacer\">\n\t\t\t<div class=\"elementor-spacer-inner\"><\/div>\n\t\t<\/div>\n\t\t\t\t\t\t<\/div>\n\t\t\t\t<\/div>\n\t\t\t\t<div class=\"elementor-element elementor-element-2745faf1 elementor-view-default elementor-position-top elementor-invisible elementor-widget elementor-widget-themo-header\" data-id=\"2745faf1\" data-element_type=\"widget\" data-settings=\"{&quot;_animation&quot;:&quot;fadeIn&quot;}\" data-widget_type=\"themo-header.default\">\n\t\t\t\t<div class=\"elementor-widget-container\">\n\t\t\t\t\t\t\t<div class=\"th-header-wrap\">\n        <div class=\"elementor-icon-box-wrapper \">\n                            <div class=\"elementor-icon-box-content\">\n                    <h1 class=\"elementor-icon-box-title\">\n                        Traditional recipes                    <\/h1>\n                                        <p class=\"elementor-icon-box-description\">Find yourself in the farandole of exotic names<\/p>\n\n                                    <\/div>\n            <\/div>\n\n        <\/div>\n\n\t\t\t\t\t\t<\/div>\n\t\t\t\t<\/div>\n\t\t\t\t\t<\/div>\n\t\t<\/div>\n\t\t\t\t\t<\/div>\n\t\t<\/section>\n\t\t\t\t<section class=\"elementor-section elementor-top-section elementor-element elementor-element-be10648 elementor-section-boxed elementor-section-height-default elementor-section-height-default\" data-id=\"be10648\" data-element_type=\"section\">\n\t\t\t\t\t\t<div class=\"elementor-container elementor-column-gap-default\">\n\t\t\t\t\t<div class=\"elementor-column elementor-col-100 elementor-top-column elementor-element elementor-element-7b34fb2\" data-id=\"7b34fb2\" data-element_type=\"column\">\n\t\t\t<div class=\"elementor-widget-wrap elementor-element-populated\">\n\t\t\t\t\t\t<div class=\"elementor-element elementor-element-644fadd elementor-widget elementor-widget-spacer\" data-id=\"644fadd\" data-element_type=\"widget\" data-widget_type=\"spacer.default\">\n\t\t\t\t<div class=\"elementor-widget-container\">\n\t\t\t\t\t\t\t<div class=\"elementor-spacer\">\n\t\t\t<div class=\"elementor-spacer-inner\"><\/div>\n\t\t<\/div>\n\t\t\t\t\t\t<\/div>\n\t\t\t\t<\/div>\n\t\t\t\t\t<\/div>\n\t\t<\/div>\n\t\t\t\t\t<\/div>\n\t\t<\/section>\n\t\t\t\t<section class=\"elementor-section elementor-top-section elementor-element elementor-element-f48df3f elementor-section-full_width elementor-section-height-default elementor-section-height-default\" data-id=\"f48df3f\" data-element_type=\"section\" data-settings=\"{&quot;background_background&quot;:&quot;slideshow&quot;,&quot;background_slideshow_gallery&quot;:[{&quot;id&quot;:1858,&quot;url&quot;:&quot;https:\\\/\\\/maison1934.com\\\/wp-content\\\/uploads\\\/2022\\\/04\\\/PSX_20220129_203558-scaled.jpg&quot;}],&quot;background_slideshow_loop&quot;:&quot;yes&quot;,&quot;background_slideshow_slide_duration&quot;:5000,&quot;background_slideshow_slide_transition&quot;:&quot;fade&quot;,&quot;background_slideshow_transition_duration&quot;:500}\">\n\t\t\t\t\t\t<div class=\"elementor-container elementor-column-gap-default\">\n\t\t\t\t\t<div class=\"elementor-column elementor-col-50 elementor-top-column elementor-element elementor-element-2ff2406\" data-id=\"2ff2406\" data-element_type=\"column\" data-settings=\"{&quot;background_background&quot;:&quot;classic&quot;}\">\n\t\t\t<div class=\"elementor-widget-wrap elementor-element-populated\">\n\t\t\t\t\t\t<div class=\"elementor-element elementor-element-2e136fe elementor-widget elementor-widget-menu-anchor\" data-id=\"2e136fe\" data-element_type=\"widget\" data-widget_type=\"menu-anchor.default\">\n\t\t\t\t<div class=\"elementor-widget-container\">\n\t\t\t\t\t\t\t<div class=\"elementor-menu-anchor\" id=\"more1\"><\/div>\n\t\t\t\t\t\t<\/div>\n\t\t\t\t<\/div>\n\t\t\t\t<div class=\"elementor-element elementor-element-d3fb2f1 elementor-widget elementor-widget-spacer\" data-id=\"d3fb2f1\" data-element_type=\"widget\" data-widget_type=\"spacer.default\">\n\t\t\t\t<div class=\"elementor-widget-container\">\n\t\t\t\t\t\t\t<div class=\"elementor-spacer\">\n\t\t\t<div class=\"elementor-spacer-inner\"><\/div>\n\t\t<\/div>\n\t\t\t\t\t\t<\/div>\n\t\t\t\t<\/div>\n\t\t\t\t\t<\/div>\n\t\t<\/div>\n\t\t\t\t<div class=\"elementor-column elementor-col-50 elementor-top-column elementor-element elementor-element-ed6a377\" data-id=\"ed6a377\" data-element_type=\"column\" data-settings=\"{&quot;background_background&quot;:&quot;classic&quot;}\">\n\t\t\t<div class=\"elementor-widget-wrap elementor-element-populated\">\n\t\t\t\t\t\t<div class=\"elementor-element elementor-element-96dcc35 elementor-position-left elementor-view-default elementor-widget elementor-widget-themo-header\" data-id=\"96dcc35\" data-element_type=\"widget\" data-widget_type=\"themo-header.default\">\n\t\t\t\t<div class=\"elementor-widget-container\">\n\t\t\t\t\t\t\t<div class=\"th-header-wrap\">\n        <div class=\"elementor-icon-box-wrapper \">\n                            <div class=\"elementor-icon-box-content\">\n                    <h3 class=\"elementor-icon-box-title\">\n                        Diese unaussprechliche els\u00e4ssische Gastronomie                    <\/h3>\n                                        <p class=\"elementor-icon-box-description\"><\/p>\n\n                                    <\/div>\n            <\/div>\n\n        <\/div>\n\n\t\t\t\t\t\t<\/div>\n\t\t\t\t<\/div>\n\t\t\t\t<div class=\"elementor-element elementor-element-ba04fd8 elementor-widget elementor-widget-text-editor\" data-id=\"ba04fd8\" data-element_type=\"widget\" data-widget_type=\"text-editor.default\">\n\t\t\t\t<div class=\"elementor-widget-container\">\n\t\t\t\t\t\t\t\t\t<p data-start=\"62\" data-end=\"338\">Besuchen Sie uns und m\u00f6chten Sie die <strong data-start=\"99\" data-end=\"120\">els\u00e4ssische K\u00fcche<\/strong> entdecken? Sie ist auf jeden Fall einen Versuch wert! Sie kennen wahrscheinlich schon das ber\u00fchmte <strong data-start=\"220\" data-end=\"234\">Sauerkraut<\/strong>, das oft als zu reichhaltig gilt, und den <strong data-start=\"277\" data-end=\"292\">Flammkuchen<\/strong>, zwei der bekanntesten Gerichte der Region.<\/p>\n<p data-start=\"340\" data-end=\"549\">Die els\u00e4ssische <strong data-start=\"356\" data-end=\"372\">Herzlichkeit<\/strong> ist kein Mythos \u2013 sie zeigt sich in der geselligen Atmosph\u00e4re und den herzhaften Gerichten, die in den meisten <strong data-start=\"484\" data-end=\"518\">Restaurants, die wir empfehlen<\/strong>, mit Freude serviert werden.<\/p>\n<p data-start=\"551\" data-end=\"643\">Hier ist eine kleine Liste typischer Spezialit\u00e4ten \u2013 \u00fcben Sie schon mal die Aussprache!<\/p>\n\t\t\t\t\t\t\t\t<\/div>\n\t\t\t\t<\/div>\n\t\t\t\t<div class=\"elementor-element elementor-element-315a504 elementor-view-default elementor-position-block-start elementor-mobile-position-block-start elementor-widget elementor-widget-icon-box\" data-id=\"315a504\" data-element_type=\"widget\" data-widget_type=\"icon-box.default\">\n\t\t\t\t<div class=\"elementor-widget-container\">\n\t\t\t\t\t\t\t<div class=\"elementor-icon-box-wrapper\">\n\n\t\t\t\t\t\t<div class=\"elementor-icon-box-icon\">\n\t\t\t\t<span  class=\"elementor-icon\">\n\t\t\t\t<i aria-hidden=\"true\" class=\"th-trip travelpack th-trip travelpack-direction-sign\"><\/i>\t\t\t\t<\/span>\n\t\t\t<\/div>\n\t\t\t\n\t\t\t\t\t\t<div class=\"elementor-icon-box-content\">\n\n\t\t\t\t\t\t\t\t\t<h3 class=\"elementor-icon-box-title\">\n\t\t\t\t\t\t<span  >\n\t\t\t\t\t\t\tDie Qual der Wahl\t\t\t\t\t\t<\/span>\n\t\t\t\t\t<\/h3>\n\t\t\t\t\n\t\t\t\t\t\t\t\t\t<p class=\"elementor-icon-box-description\">\n\t\t\t\t\t\tEs gibt keinen besseren Weg, eine kulinarische Reise in die Weinhauptstadt des Elsass zu beginnen, als die besten Adressen zu kennen \u2013 mit Sorgfalt f\u00fcr Sie getestet!\r\n\r\nDenken Sie daran, Ihren Tisch im Voraus zu reservieren. Wir sind gerne f\u00fcr Sie da!\t\t\t\t\t<\/p>\n\t\t\t\t\n\t\t\t<\/div>\n\t\t\t\n\t\t<\/div>\n\t\t\t\t\t\t<\/div>\n\t\t\t\t<\/div>\n\t\t\t\t<div class=\"elementor-element elementor-element-9b6c474 th-btn-align-center elementor-widget elementor-widget-themo-button\" data-id=\"9b6c474\" data-element_type=\"widget\" data-widget_type=\"themo-button.default\">\n\t\t\t\t<div class=\"elementor-widget-container\">\n\t\t\t\t\t\n                \t\t\t<a class=\"btn-1 btn th-btn btn-standard-primary\" href=\"https:\/\/maison1934.com\/savourer\/restaurants\/\">\n\t\t\t\t\t\t\t\t\tMehr \u00fcber die Restaurants erfahren\t\t\t\t\t\t\t<\/a>\n\t\t\n        \n\t\t\t\t\t\t<\/div>\n\t\t\t\t<\/div>\n\t\t\t\t\t<\/div>\n\t\t<\/div>\n\t\t\t\t\t<\/div>\n\t\t<\/section>\n\t\t\t\t<section class=\"elementor-section elementor-top-section elementor-element elementor-element-fde5bad elementor-section-full_width elementor-section-height-default elementor-section-height-default\" data-id=\"fde5bad\" data-element_type=\"section\">\n\t\t\t\t\t\t<div class=\"elementor-container elementor-column-gap-default\">\n\t\t\t\t\t<div class=\"elementor-column elementor-col-50 elementor-top-column elementor-element elementor-element-2f377de\" data-id=\"2f377de\" data-element_type=\"column\" data-settings=\"{&quot;background_background&quot;:&quot;classic&quot;}\">\n\t\t\t<div class=\"elementor-widget-wrap elementor-element-populated\">\n\t\t\t\t\t\t<div class=\"elementor-element elementor-element-0a655fe elementor-position-left elementor-view-default elementor-widget elementor-widget-themo-header\" data-id=\"0a655fe\" data-element_type=\"widget\" data-widget_type=\"themo-header.default\">\n\t\t\t\t<div class=\"elementor-widget-container\">\n\t\t\t\t\t\t\t<div class=\"th-header-wrap\">\n        <div class=\"elementor-icon-box-wrapper \">\n                            <div class=\"elementor-icon-box-content\">\n                    <h2 class=\"elementor-icon-box-title\">\n                        Els\u00e4ssische Nudeln: Die Sp\u00e4tzle                    <\/h2>\n                                        <p class=\"elementor-icon-box-description\">Denken Sie, dass gute Pasta nur aus Italien kommt? Das Elsass hat eine k\u00f6stliche Variante zu bieten!\r\n\r\nHier werden die Nudeln mit Eiern zubereitet und hei\u00dfen Sp\u00e4tzle \u2013 vom Wort \u201eSpatzen\u201c, was kleine V\u00f6gel bedeutet. Sie sind die perfekte Beilage zu unseren gro\u00dfz\u00fcgigen Fleischgerichten in Sauce.<\/p>\n\n                                    <\/div>\n            <\/div>\n\n        <\/div>\n\n\t\t\t\t\t\t<\/div>\n\t\t\t\t<\/div>\n\t\t\t\t<div class=\"elementor-element elementor-element-ae8cbce elementor-position-left elementor-view-default elementor-widget elementor-widget-themo-header\" data-id=\"ae8cbce\" data-element_type=\"widget\" data-widget_type=\"themo-header.default\">\n\t\t\t\t<div class=\"elementor-widget-container\">\n\t\t\t\t\t\t\t<div class=\"th-header-wrap\">\n        <div class=\"elementor-icon-box-wrapper \">\n                            <div class=\"elementor-icon-box-content\">\n                    <h2 class=\"elementor-icon-box-title\">\n                        Ein typischer Els\u00e4sser Eintopf: Der Baeckeoffe                     <\/h2>\n                                        <p class=\"elementor-icon-box-description\">Dieses traditionelle Gericht wird aus folgenden Zutaten zubereitet:\r\n\r\n\u2705 Drei verschiedene Fleischsorten (Rind, Lamm, Schwein)\r\n\u2705 Verschiedenes Gem\u00fcse (Karotten, Kartoffeln, Kohl)\r\n\u2705 Aromatisiert mit Zwiebeln, Kr\u00e4utern und Els\u00e4sser Wei\u00dfwein\r\n\r\nAlles zusammen schmort einen ganzen Tag lang in einem Tontopf, um die Aromen perfekt zu entfalten.<\/p>\n\n                                    <\/div>\n            <\/div>\n\n        <\/div>\n\n\t\t\t\t\t\t<\/div>\n\t\t\t\t<\/div>\n\t\t\t\t<div class=\"elementor-element elementor-element-895fe25 elementor-position-left elementor-view-default elementor-widget elementor-widget-themo-header\" data-id=\"895fe25\" data-element_type=\"widget\" data-widget_type=\"themo-header.default\">\n\t\t\t\t<div class=\"elementor-widget-container\">\n\t\t\t\t\t\t\t<div class=\"th-header-wrap\">\n        <div class=\"elementor-icon-box-wrapper \">\n                            <div class=\"elementor-icon-box-content\">\n                    <h2 class=\"elementor-icon-box-title\">\n                        Das ber\u00fchmte Els\u00e4sser Eisbein (Jambonneau)                     <\/h2>\n                                        <p class=\"elementor-icon-box-description\">Ein klassisches Gericht, das in verschiedenen Varianten serviert wird:\r\n\ud83d\udd25 Natur, mit Honig, Senf, Bier oder in M\u00fcnster-K\u00e4sesauce\r\n\ud83e\udd54 Serviert mit Kartoffeln und Salat \u2013 f\u00fcr eine leichte Note<\/p>\n\n                                    <\/div>\n            <\/div>\n\n        <\/div>\n\n\t\t\t\t\t\t<\/div>\n\t\t\t\t<\/div>\n\t\t\t\t<div class=\"elementor-element elementor-element-0fc4b85 elementor-position-left elementor-view-default elementor-widget elementor-widget-themo-header\" data-id=\"0fc4b85\" data-element_type=\"widget\" data-widget_type=\"themo-header.default\">\n\t\t\t\t<div class=\"elementor-widget-container\">\n\t\t\t\t\t\t\t<div class=\"th-header-wrap\">\n        <div class=\"elementor-icon-box-wrapper \">\n                            <div class=\"elementor-icon-box-content\">\n                    <h2 class=\"elementor-icon-box-title\">\n                        Fleischnacka \u2013 Die \u201eFleischschnecken\u201c                     <\/h2>\n                                        <p class=\"elementor-icon-box-description\">Ein Muss f\u00fcr jeden Feinschmecker!\r\n\r\nDiese Spezialit\u00e4t besteht aus gerolltem Nudelteig, gef\u00fcllt mit einer Mischung aus Rind- und Schweinefleisch, Kr\u00e4utern oder Tomate \u2013 oft aus dem Pot-au-Feu vom Vortag.\r\n\r\n\ud83e\udd44 Angebraten in der Pfanne und dann in Br\u00fche gekocht \u2013 einfach k\u00f6stlich!<\/p>\n\n                                    <\/div>\n            <\/div>\n\n        <\/div>\n\n\t\t\t\t\t\t<\/div>\n\t\t\t\t<\/div>\n\t\t\t\t<div class=\"elementor-element elementor-element-1481b92 elementor-position-left elementor-view-default elementor-widget elementor-widget-themo-header\" data-id=\"1481b92\" data-element_type=\"widget\" data-widget_type=\"themo-header.default\">\n\t\t\t\t<div class=\"elementor-widget-container\">\n\t\t\t\t\t\t\t<div class=\"th-header-wrap\">\n        <div class=\"elementor-icon-box-wrapper \">\n                            <div class=\"elementor-icon-box-content\">\n                    <h2 class=\"elementor-icon-box-title\">\n                        Das bekannteste Gericht: Die Els\u00e4sser Choucroute Garnie                    <\/h2>\n                                        <p class=\"elementor-icon-box-description\">Obwohl es das bekannteste Gericht des Elsass ist, sollten Sie es sich nicht entgehen lassen!\r\n\r\n\ud83e\udd6c Sauerkraut, Kartoffeln und verschiedene Schweinefleischst\u00fccke:\r\nLard, ger\u00e4ucherter Nacken, Schulterst\u00fcck, Knackw\u00fcrste, Montb\u00e9liard- oder Frankfurter W\u00fcrstchen.\r\n\r\n\ud83c\udf3f Serviert mit Meerrettich (der \u201eEls\u00e4sser Wasabi\u201c) oder Senf \u2013 einfach ein Klassiker!<\/p>\n\n                                    <\/div>\n            <\/div>\n\n        <\/div>\n\n\t\t\t\t\t\t<\/div>\n\t\t\t\t<\/div>\n\t\t\t\t<div class=\"elementor-element elementor-element-36271a5 elementor-position-left elementor-view-default elementor-widget elementor-widget-themo-header\" data-id=\"36271a5\" data-element_type=\"widget\" data-widget_type=\"themo-header.default\">\n\t\t\t\t<div class=\"elementor-widget-container\">\n\t\t\t\t\t\t\t<div class=\"th-header-wrap\">\n        <div class=\"elementor-icon-box-wrapper \">\n                            <div class=\"elementor-icon-box-content\">\n                    <h2 class=\"elementor-icon-box-title\">\n                        Mit den H\u00e4nden essen: Die Flammkueche (Tarte Flamb\u00e9e)                    <\/h2>\n                                        <p class=\"elementor-icon-box-description\">Diese els\u00e4ssische \u201ePizza\u201c besteht aus einem d\u00fcnnen Brotteig, der mit\r\n\r\n\u2705 Dicker Cr\u00e8me Fra\u00eeche\r\n\u2705 Speckw\u00fcrfeln\r\n\u2705 Rohe Zwiebelringe\r\nbelegt und im Holzofen knusprig gebacken wird.\r\nEs gibt viele Varianten mit K\u00e4se, Pilzen, M\u00fcnsterk\u00e4se\u2026 und sogar mit Sauerkraut!\r\nUnd f\u00fcr die Naschkatzen? Eine s\u00fc\u00dfe Version mit Apfel!<\/p>\n\n                                    <\/div>\n            <\/div>\n\n        <\/div>\n\n\t\t\t\t\t\t<\/div>\n\t\t\t\t<\/div>\n\t\t\t\t<div class=\"elementor-element elementor-element-e714ef8 th-btn-align-center elementor-widget elementor-widget-themo-button\" data-id=\"e714ef8\" data-element_type=\"widget\" data-widget_type=\"themo-button.default\">\n\t\t\t\t<div class=\"elementor-widget-container\">\n\t\t\t\t\t\n                \t\t\t<a class=\"btn-1 btn th-btn btn-standard-primary\" href=\"https:\/\/maison1934.com\/ou-nous-trouver\/#contact\">\n\t\t\t\t\t\t\t\t\tMehr erfahren\t\t\t\t\t\t\t<\/a>\n\t\t\n        \n\t\t\t\t\t\t<\/div>\n\t\t\t\t<\/div>\n\t\t\t\t\t<\/div>\n\t\t<\/div>\n\t\t\t\t<div class=\"elementor-column elementor-col-50 elementor-top-column elementor-element elementor-element-352c17c\" data-id=\"352c17c\" data-element_type=\"column\" data-settings=\"{&quot;background_background&quot;:&quot;classic&quot;}\">\n\t\t\t<div class=\"elementor-widget-wrap elementor-element-populated\">\n\t\t\t\t\t\t<div class=\"elementor-element elementor-element-c5ff902 elementor-widget elementor-widget-spacer\" data-id=\"c5ff902\" data-element_type=\"widget\" data-widget_type=\"spacer.default\">\n\t\t\t\t<div class=\"elementor-widget-container\">\n\t\t\t\t\t\t\t<div class=\"elementor-spacer\">\n\t\t\t<div class=\"elementor-spacer-inner\"><\/div>\n\t\t<\/div>\n\t\t\t\t\t\t<\/div>\n\t\t\t\t<\/div>\n\t\t\t\t\t<\/div>\n\t\t<\/div>\n\t\t\t\t\t<\/div>\n\t\t<\/section>\n\t\t\t\t<\/div>\n\t\t","protected":false},"excerpt":{"rendered":"<p>Traditional recipes Find yourself in the farandole of exotic names Diese unaussprechliche els\u00e4ssische Gastronomie Besuchen Sie uns und m\u00f6chten Sie die els\u00e4ssische K\u00fcche entdecken? Sie ist auf jeden Fall einen Versuch wert! Sie kennen wahrscheinlich schon das ber\u00fchmte Sauerkraut, das &hellip; <a href=\"https:\/\/maison1934.com\/en\/savor\/traditional-recipes\/\">Read More<\/a><\/p>\n","protected":false},"author":2,"featured_media":0,"parent":8609,"menu_order":1,"comment_status":"closed","ping_status":"closed","template":"","meta":{"_acf_changed":false,"footnotes":""},"class_list":["post-8754","page","type-page","status-publish","hentry"],"acf":[],"yoast_head":"<!-- This site is optimized with the Yoast SEO plugin v26.7 - https:\/\/yoast.com\/wordpress\/plugins\/seo\/ -->\n<title>Traditional recipes - Maison 1934<\/title>\n<meta name=\"robots\" content=\"index, follow, max-snippet:-1, max-image-preview:large, max-video-preview:-1\" \/>\n<link rel=\"canonical\" href=\"https:\/\/maison1934.com\/en\/savor\/traditional-recipes\/\" \/>\n<meta property=\"og:locale\" content=\"en_US\" \/>\n<meta property=\"og:type\" content=\"article\" \/>\n<meta property=\"og:title\" content=\"Traditional recipes - Maison 1934\" \/>\n<meta property=\"og:description\" content=\"Traditional recipes Find yourself in the farandole of exotic names Diese unaussprechliche els\u00e4ssische Gastronomie Besuchen Sie uns und m\u00f6chten Sie die els\u00e4ssische K\u00fcche entdecken? Sie ist auf jeden Fall einen Versuch wert! Sie kennen wahrscheinlich schon das ber\u00fchmte Sauerkraut, das &hellip; Read More\" \/>\n<meta property=\"og:url\" content=\"https:\/\/maison1934.com\/en\/savor\/traditional-recipes\/\" \/>\n<meta property=\"og:site_name\" content=\"Maison 1934\" \/>\n<meta property=\"article:modified_time\" content=\"2025-03-16T01:07:20+00:00\" \/>\n<meta name=\"twitter:card\" content=\"summary_large_image\" \/>\n<meta name=\"twitter:label1\" content=\"Est. reading time\" \/>\n\t<meta name=\"twitter:data1\" content=\"2 minutes\" \/>\n<script type=\"application\/ld+json\" class=\"yoast-schema-graph\">{\"@context\":\"https:\/\/schema.org\",\"@graph\":[{\"@type\":\"WebPage\",\"@id\":\"https:\/\/maison1934.com\/en\/savor\/traditional-recipes\/\",\"url\":\"https:\/\/maison1934.com\/en\/savor\/traditional-recipes\/\",\"name\":\"Traditional recipes - Maison 1934\",\"isPartOf\":{\"@id\":\"https:\/\/maison1934.com\/en\/#website\"},\"datePublished\":\"2021-07-16T12:31:58+00:00\",\"dateModified\":\"2025-03-16T01:07:20+00:00\",\"breadcrumb\":{\"@id\":\"https:\/\/maison1934.com\/en\/savor\/traditional-recipes\/#breadcrumb\"},\"inLanguage\":\"en-US\",\"potentialAction\":[{\"@type\":\"ReadAction\",\"target\":[\"https:\/\/maison1934.com\/en\/savor\/traditional-recipes\/\"]}]},{\"@type\":\"BreadcrumbList\",\"@id\":\"https:\/\/maison1934.com\/en\/savor\/traditional-recipes\/#breadcrumb\",\"itemListElement\":[{\"@type\":\"ListItem\",\"position\":1,\"name\":\"Accueil\",\"item\":\"https:\/\/maison1934.com\/en\/\"},{\"@type\":\"ListItem\",\"position\":2,\"name\":\"Savour\",\"item\":\"https:\/\/maison1934.com\/en\/savourer\/\"},{\"@type\":\"ListItem\",\"position\":3,\"name\":\"Traditional recipes\"}]},{\"@type\":\"WebSite\",\"@id\":\"https:\/\/maison1934.com\/en\/#website\",\"url\":\"https:\/\/maison1934.com\/en\/\",\"name\":\"Maison 1934\",\"description\":\"Vos appart&#039;h\u00f4tels \u00e0 Colmar\",\"potentialAction\":[{\"@type\":\"SearchAction\",\"target\":{\"@type\":\"EntryPoint\",\"urlTemplate\":\"https:\/\/maison1934.com\/en\/?s={search_term_string}\"},\"query-input\":{\"@type\":\"PropertyValueSpecification\",\"valueRequired\":true,\"valueName\":\"search_term_string\"}}],\"inLanguage\":\"en-US\"}]}<\/script>\n<!-- \/ Yoast SEO plugin. -->","yoast_head_json":{"title":"Traditional recipes - Maison 1934","robots":{"index":"index","follow":"follow","max-snippet":"max-snippet:-1","max-image-preview":"max-image-preview:large","max-video-preview":"max-video-preview:-1"},"canonical":"https:\/\/maison1934.com\/en\/savor\/traditional-recipes\/","og_locale":"en_US","og_type":"article","og_title":"Traditional recipes - Maison 1934","og_description":"Traditional recipes Find yourself in the farandole of exotic names Diese unaussprechliche els\u00e4ssische Gastronomie Besuchen Sie uns und m\u00f6chten Sie die els\u00e4ssische K\u00fcche entdecken? Sie ist auf jeden Fall einen Versuch wert! Sie kennen wahrscheinlich schon das ber\u00fchmte Sauerkraut, das &hellip; Read More","og_url":"https:\/\/maison1934.com\/en\/savor\/traditional-recipes\/","og_site_name":"Maison 1934","article_modified_time":"2025-03-16T01:07:20+00:00","twitter_card":"summary_large_image","twitter_misc":{"Est. reading time":"2 minutes"},"schema":{"@context":"https:\/\/schema.org","@graph":[{"@type":"WebPage","@id":"https:\/\/maison1934.com\/en\/savor\/traditional-recipes\/","url":"https:\/\/maison1934.com\/en\/savor\/traditional-recipes\/","name":"Traditional recipes - Maison 1934","isPartOf":{"@id":"https:\/\/maison1934.com\/en\/#website"},"datePublished":"2021-07-16T12:31:58+00:00","dateModified":"2025-03-16T01:07:20+00:00","breadcrumb":{"@id":"https:\/\/maison1934.com\/en\/savor\/traditional-recipes\/#breadcrumb"},"inLanguage":"en-US","potentialAction":[{"@type":"ReadAction","target":["https:\/\/maison1934.com\/en\/savor\/traditional-recipes\/"]}]},{"@type":"BreadcrumbList","@id":"https:\/\/maison1934.com\/en\/savor\/traditional-recipes\/#breadcrumb","itemListElement":[{"@type":"ListItem","position":1,"name":"Accueil","item":"https:\/\/maison1934.com\/en\/"},{"@type":"ListItem","position":2,"name":"Savour","item":"https:\/\/maison1934.com\/en\/savourer\/"},{"@type":"ListItem","position":3,"name":"Traditional recipes"}]},{"@type":"WebSite","@id":"https:\/\/maison1934.com\/en\/#website","url":"https:\/\/maison1934.com\/en\/","name":"Maison 1934","description":"Vos appart&#039;h\u00f4tels \u00e0 Colmar","potentialAction":[{"@type":"SearchAction","target":{"@type":"EntryPoint","urlTemplate":"https:\/\/maison1934.com\/en\/?s={search_term_string}"},"query-input":{"@type":"PropertyValueSpecification","valueRequired":true,"valueName":"search_term_string"}}],"inLanguage":"en-US"}]}},"_links":{"self":[{"href":"https:\/\/maison1934.com\/en\/wp-json\/wp\/v2\/pages\/8754","targetHints":{"allow":["GET"]}}],"collection":[{"href":"https:\/\/maison1934.com\/en\/wp-json\/wp\/v2\/pages"}],"about":[{"href":"https:\/\/maison1934.com\/en\/wp-json\/wp\/v2\/types\/page"}],"author":[{"embeddable":true,"href":"https:\/\/maison1934.com\/en\/wp-json\/wp\/v2\/users\/2"}],"replies":[{"embeddable":true,"href":"https:\/\/maison1934.com\/en\/wp-json\/wp\/v2\/comments?post=8754"}],"version-history":[{"count":7,"href":"https:\/\/maison1934.com\/en\/wp-json\/wp\/v2\/pages\/8754\/revisions"}],"predecessor-version":[{"id":14831,"href":"https:\/\/maison1934.com\/en\/wp-json\/wp\/v2\/pages\/8754\/revisions\/14831"}],"up":[{"embeddable":true,"href":"https:\/\/maison1934.com\/en\/wp-json\/wp\/v2\/pages\/8609"}],"wp:attachment":[{"href":"https:\/\/maison1934.com\/en\/wp-json\/wp\/v2\/media?parent=8754"}],"curies":[{"name":"wp","href":"https:\/\/api.w.org\/{rel}","templated":true}]}}