{"id":12346,"date":"2023-02-01T21:37:46","date_gmt":"2023-02-01T20:37:46","guid":{"rendered":"https:\/\/maison1934.com\/en-los-alrededores\/explorar-la-naturaleza\/randonnees\/"},"modified":"2025-03-16T01:22:02","modified_gmt":"2025-03-16T00:22:02","slug":"senderismo","status":"publish","type":"page","link":"https:\/\/maison1934.com\/es\/en-los-alrededores\/explorar-la-naturaleza\/senderismo\/","title":{"rendered":"Senderismo"},"content":{"rendered":"\t\t<div data-elementor-type=\"wp-page\" data-elementor-id=\"12346\" class=\"elementor elementor-12346 elementor-12246\">\n\t\t\t\t\t\t<section class=\"elementor-section elementor-top-section elementor-element elementor-element-76b53e5 elementor-section-full_width elementor-section-height-min-height elementor-section-height-default elementor-section-items-middle\" data-id=\"76b53e5\" data-element_type=\"section\" data-settings=\"{&quot;background_background&quot;:&quot;classic&quot;}\">\n\t\t\t\t\t\t\t<div class=\"elementor-background-overlay\"><\/div>\n\t\t\t\t\t\t\t<div class=\"elementor-container elementor-column-gap-default\">\n\t\t\t\t\t<div class=\"elementor-column elementor-col-100 elementor-top-column elementor-element elementor-element-00cde44\" data-id=\"00cde44\" data-element_type=\"column\">\n\t\t\t<div class=\"elementor-widget-wrap elementor-element-populated\">\n\t\t\t\t\t\t<div class=\"elementor-element elementor-element-63af8ce elementor-widget elementor-widget-spacer\" data-id=\"63af8ce\" data-element_type=\"widget\" data-widget_type=\"spacer.default\">\n\t\t\t\t<div class=\"elementor-widget-container\">\n\t\t\t\t\t\t\t<div class=\"elementor-spacer\">\n\t\t\t<div class=\"elementor-spacer-inner\"><\/div>\n\t\t<\/div>\n\t\t\t\t\t\t<\/div>\n\t\t\t\t<\/div>\n\t\t\t\t<div class=\"elementor-element elementor-element-a361878 elementor-view-default elementor-position-top elementor-invisible elementor-widget elementor-widget-themo-header\" data-id=\"a361878\" data-element_type=\"widget\" data-settings=\"{&quot;_animation&quot;:&quot;fadeIn&quot;}\" data-widget_type=\"themo-header.default\">\n\t\t\t\t<div class=\"elementor-widget-container\">\n\t\t\t\t\t\t\t<div class=\"th-header-wrap\">\n        <div class=\"elementor-icon-box-wrapper \">\n                            <div class=\"elementor-icon-box-content\">\n                    <h1 class=\"elementor-icon-box-title\">\n                        Deporte de descubrimiento y contemplaci\u00f3n                    <\/h1>\n                                        <p class=\"elementor-icon-box-description\">Disfrute de algunos de los paseos m\u00e1s hermosos, respire aire fresco y explore los senderos que rodean la Maison 1934 de Colmar.<\/p>\n\n                                    <\/div>\n            <\/div>\n\n        <\/div>\n\n\t\t\t\t\t\t<\/div>\n\t\t\t\t<\/div>\n\t\t\t\t\t<\/div>\n\t\t<\/div>\n\t\t\t\t\t<\/div>\n\t\t<\/section>\n\t\t\t\t<section class=\"elementor-section elementor-top-section elementor-element elementor-element-2d03381 elementor-section-full_width elementor-section-height-default elementor-section-height-default\" data-id=\"2d03381\" data-element_type=\"section\">\n\t\t\t\t\t\t<div class=\"elementor-container elementor-column-gap-default\">\n\t\t\t\t\t<div class=\"elementor-column elementor-col-50 elementor-top-column elementor-element elementor-element-76733db\" data-id=\"76733db\" data-element_type=\"column\" data-settings=\"{&quot;background_background&quot;:&quot;classic&quot;}\">\n\t\t\t<div class=\"elementor-widget-wrap elementor-element-populated\">\n\t\t\t\t\t\t<div class=\"elementor-element elementor-element-e0d0317 elementor-position-left elementor-view-default elementor-widget elementor-widget-themo-header\" data-id=\"e0d0317\" data-element_type=\"widget\" data-widget_type=\"themo-header.default\">\n\t\t\t\t<div class=\"elementor-widget-container\">\n\t\t\t\t\t\t\t<div class=\"th-header-wrap\">\n        <div class=\"elementor-icon-box-wrapper \">\n                            <div class=\"elementor-icon-box-content\">\n                    <h3 class=\"elementor-icon-box-title\">\n                        Un terreno de juego excepcional                    <\/h3>\n                                        <p class=\"elementor-icon-box-description\">Ya sea deportivo o contemplativo, en Alsacia se puede hacer senderismo en todas las estaciones.  \r\nBordeada por el Rin y rodeada por los Vosgos, posee un magn\u00edfico patrimonio natural y multitud de senderos se\u00f1alizados por el Club Vosgien, con castillos que surgen en el recodo de un camino y bosques profundos donde respirar aire puro y disfrutar de la naturaleza.\r\nLejos del ruido urbano, estos paseos le permiten suspender el tiempo: una inmersi\u00f3n en la belleza salvaje a nuestras puertas.\r\n\r\n<\/p>\n\n                                    <\/div>\n            <\/div>\n\n        <\/div>\n\n\t\t\t\t\t\t<\/div>\n\t\t\t\t<\/div>\n\t\t\t\t<div class=\"elementor-element elementor-element-3ff40f5 th-btn-align-center elementor-widget elementor-widget-themo-button\" data-id=\"3ff40f5\" data-element_type=\"widget\" data-widget_type=\"themo-button.default\">\n\t\t\t\t<div class=\"elementor-widget-container\">\n\t\t\t\t\t\n                \t\t\t<a class=\"btn-1 btn th-btn btn-standard-primary\" href=\"https:\/\/maison1934.com\/wp-content\/uploads\/2023\/02\/Randonnee-balade-aux-Trois-Chateaux-de-Ribeauville-Maison-1934-bnb-Colmar.pdf\" target=\"_blank\">\n\t\t\t\t\t\t\t\t\tDescargar el Paseo de los Tres Castillos\t\t\t\t\t\t\t<\/a>\n\t\t\n        \n\t\t\t\t\t\t<\/div>\n\t\t\t\t<\/div>\n\t\t\t\t\t<\/div>\n\t\t<\/div>\n\t\t\t\t<div class=\"elementor-column elementor-col-50 elementor-top-column elementor-element elementor-element-2768605\" data-id=\"2768605\" data-element_type=\"column\" data-settings=\"{&quot;background_background&quot;:&quot;classic&quot;}\">\n\t\t\t<div class=\"elementor-widget-wrap elementor-element-populated\">\n\t\t\t\t\t\t<div class=\"elementor-element elementor-element-a0caef6 elementor-widget elementor-widget-spacer\" data-id=\"a0caef6\" data-element_type=\"widget\" data-widget_type=\"spacer.default\">\n\t\t\t\t<div class=\"elementor-widget-container\">\n\t\t\t\t\t\t\t<div class=\"elementor-spacer\">\n\t\t\t<div class=\"elementor-spacer-inner\"><\/div>\n\t\t<\/div>\n\t\t\t\t\t\t<\/div>\n\t\t\t\t<\/div>\n\t\t\t\t\t<\/div>\n\t\t<\/div>\n\t\t\t\t\t<\/div>\n\t\t<\/section>\n\t\t\t\t<section class=\"elementor-section elementor-top-section elementor-element elementor-element-d7c7dd4 elementor-section-full_width elementor-section-height-default elementor-section-height-default\" data-id=\"d7c7dd4\" data-element_type=\"section\" data-settings=\"{&quot;background_background&quot;:&quot;slideshow&quot;,&quot;background_slideshow_gallery&quot;:[{&quot;id&quot;:1858,&quot;url&quot;:&quot;https:\\\/\\\/maison1934.com\\\/wp-content\\\/uploads\\\/2022\\\/04\\\/PSX_20220129_203558-scaled.jpg&quot;}],&quot;background_slideshow_loop&quot;:&quot;yes&quot;,&quot;background_slideshow_slide_duration&quot;:5000,&quot;background_slideshow_slide_transition&quot;:&quot;fade&quot;,&quot;background_slideshow_transition_duration&quot;:500}\">\n\t\t\t\t\t\t<div class=\"elementor-container elementor-column-gap-default\">\n\t\t\t\t\t<div class=\"elementor-column elementor-col-50 elementor-top-column elementor-element elementor-element-9f8f89e\" data-id=\"9f8f89e\" data-element_type=\"column\" data-settings=\"{&quot;background_background&quot;:&quot;classic&quot;}\">\n\t\t\t<div class=\"elementor-widget-wrap elementor-element-populated\">\n\t\t\t\t\t\t<div class=\"elementor-element elementor-element-5eec8c2 elementor-widget elementor-widget-menu-anchor\" data-id=\"5eec8c2\" data-element_type=\"widget\" data-widget_type=\"menu-anchor.default\">\n\t\t\t\t<div class=\"elementor-widget-container\">\n\t\t\t\t\t\t\t<div class=\"elementor-menu-anchor\" id=\"ms1\"><\/div>\n\t\t\t\t\t\t<\/div>\n\t\t\t\t<\/div>\n\t\t\t\t<div class=\"elementor-element elementor-element-59ace73 elementor-widget elementor-widget-spacer\" data-id=\"59ace73\" data-element_type=\"widget\" data-widget_type=\"spacer.default\">\n\t\t\t\t<div class=\"elementor-widget-container\">\n\t\t\t\t\t\t\t<div class=\"elementor-spacer\">\n\t\t\t<div class=\"elementor-spacer-inner\"><\/div>\n\t\t<\/div>\n\t\t\t\t\t\t<\/div>\n\t\t\t\t<\/div>\n\t\t\t\t\t<\/div>\n\t\t<\/div>\n\t\t\t\t<div class=\"elementor-column elementor-col-50 elementor-top-column elementor-element elementor-element-1f97a03\" data-id=\"1f97a03\" data-element_type=\"column\" data-settings=\"{&quot;background_background&quot;:&quot;classic&quot;}\">\n\t\t\t<div class=\"elementor-widget-wrap elementor-element-populated\">\n\t\t\t\t\t\t<div class=\"elementor-element elementor-element-621b5c4 elementor-position-left elementor-view-default elementor-widget elementor-widget-themo-header\" data-id=\"621b5c4\" data-element_type=\"widget\" data-widget_type=\"themo-header.default\">\n\t\t\t\t<div class=\"elementor-widget-container\">\n\t\t\t\t\t\t\t<div class=\"th-header-wrap\">\n        <div class=\"elementor-icon-box-wrapper \">\n                            <div class=\"elementor-icon-box-content\">\n                    <h3 class=\"elementor-icon-box-title\">\n                        Ideas para paseos en plena naturaleza                    <\/h3>\n                                        <p class=\"elementor-icon-box-description\">El senderismo es una oportunidad para reconectar con la naturaleza y aprender m\u00e1s sobre la flora y la fauna locales.\r\nNumerosas zonas naturales protegidas y urbanizadas ofrecen a los caminantes hermosas rutas para reponer fuerzas.  \r\nPanor\u00e1mica de 10 peque\u00f1os parajes naturales para descubrir no lejos de Colmar:\r\n\r\n1. Lago Kruth\r\n2. Los tres castillos de Ribeauvill\u00e9\r\n3. El sendero Maria Raydt\r\n4. Lac Blanc, Lac Noir, Lac du Forlet (des Truites) y Lac Vert\r\n5. Sendero de las Rocas\r\n6. Burgertsmatt en Fischboedle\r\n7. Monte Sainte-Odile y castillos Ottrott\r\n8. El circuito de cascadas de Hohwald\r\n9. El campo de batalla de Vieil Armand\r\n10. El lago Schiessrothried y el Hohneck<\/p>\n\n                                            <div class=\"th-btn-wrap\">\n                                                            <a class=\"btn-1 btn th-btn btn-standard-primary\" href=\"https:\/\/www.visit.alsace\/activites-et-loisirs\/randonnees-balades\/\" target=\"_blank\">\n                                                                            M\u00e1s sobre Paseos y excursiones                                                                    <\/a>\n                            \n                                                    <\/div>\n                                    <\/div>\n            <\/div>\n\n        <\/div>\n\n\t\t\t\t\t\t<\/div>\n\t\t\t\t<\/div>\n\t\t\t\t\t<\/div>\n\t\t<\/div>\n\t\t\t\t\t<\/div>\n\t\t<\/section>\n\t\t\t\t<section class=\"elementor-section elementor-top-section elementor-element elementor-element-735d80f elementor-section-full_width elementor-section-height-default elementor-section-height-default\" data-id=\"735d80f\" data-element_type=\"section\">\n\t\t\t\t\t\t<div class=\"elementor-container elementor-column-gap-default\">\n\t\t\t\t\t<div class=\"elementor-column elementor-col-50 elementor-top-column elementor-element elementor-element-5b07ac8\" data-id=\"5b07ac8\" data-element_type=\"column\" data-settings=\"{&quot;background_background&quot;:&quot;classic&quot;}\">\n\t\t\t<div class=\"elementor-widget-wrap elementor-element-populated\">\n\t\t\t\t\t\t<div class=\"elementor-element elementor-element-c980e7c elementor-position-left elementor-view-default elementor-widget elementor-widget-themo-header\" data-id=\"c980e7c\" data-element_type=\"widget\" data-widget_type=\"themo-header.default\">\n\t\t\t\t<div class=\"elementor-widget-container\">\n\t\t\t\t\t\t\t<div class=\"th-header-wrap\">\n        <div class=\"elementor-icon-box-wrapper \">\n                            <div class=\"elementor-icon-box-content\">\n                    <h3 class=\"elementor-icon-box-title\">\n                        Un destino de ensue\u00f1o para los amantes de las actividades al aire libre                    <\/h3>\n                                        <p class=\"elementor-icon-box-description\">Desde los jardines hasta los numerosos parques, pasando por las monta\u00f1as de mediana altitud, Colmar es tambi\u00e9n un destino de ensue\u00f1o para los amantes del senderismo.\r\n\r\nAdyacente, por un lado, a las estribaciones vit\u00edcolas del Alto Rin y, por otro, al Parque Natural Regional de los Ballons des Vosges, podr\u00e1 pasear durante unas horas para descubrir el patrimonio de los castillos, las laderas y los vi\u00f1edos con vistas panor\u00e1micas hasta donde alcanza la vista, y explorar las riquezas naturales del macizo de los Vosgos.\r\n\r\nPreg\u00fantenos: \u00a1tenemos muchas excursiones que ofrecerle!<\/p>\n\n                                            <div class=\"th-btn-wrap\">\n                                                            <a class=\"btn-1 btn th-btn btn-standard-primary\" href=\"https:\/\/maison1934.com\/decouvrez-les-sommets-des-vosges-avec-la-navette-des-cretes\/\" target=\"_blank\">\n                                                                            M\u00e1s informaci\u00f3n sobre la Lanzadera de las Cumbres (Navette des Cr\u00eates)                                                                    <\/a>\n                            \n                                                    <\/div>\n                                    <\/div>\n            <\/div>\n\n        <\/div>\n\n\t\t\t\t\t\t<\/div>\n\t\t\t\t<\/div>\n\t\t\t\t\t<\/div>\n\t\t<\/div>\n\t\t\t\t<div class=\"elementor-column elementor-col-50 elementor-top-column elementor-element elementor-element-f979e0c\" data-id=\"f979e0c\" data-element_type=\"column\" data-settings=\"{&quot;background_background&quot;:&quot;classic&quot;}\">\n\t\t\t<div class=\"elementor-widget-wrap elementor-element-populated\">\n\t\t\t\t\t\t<div class=\"elementor-element elementor-element-519ff9d elementor-widget elementor-widget-spacer\" data-id=\"519ff9d\" data-element_type=\"widget\" data-widget_type=\"spacer.default\">\n\t\t\t\t<div class=\"elementor-widget-container\">\n\t\t\t\t\t\t\t<div class=\"elementor-spacer\">\n\t\t\t<div class=\"elementor-spacer-inner\"><\/div>\n\t\t<\/div>\n\t\t\t\t\t\t<\/div>\n\t\t\t\t<\/div>\n\t\t\t\t\t<\/div>\n\t\t<\/div>\n\t\t\t\t\t<\/div>\n\t\t<\/section>\n\t\t\t\t<\/div>\n\t\t","protected":false},"excerpt":{"rendered":"<p>Deporte de descubrimiento y contemplaci\u00f3n Disfrute de algunos de los paseos m\u00e1s hermosos, respire aire fresco y explore los senderos que rodean la Maison 1934 de Colmar. Un terreno de juego excepcional Ya sea deportivo o contemplativo, en Alsacia se &hellip; <a href=\"https:\/\/maison1934.com\/es\/en-los-alrededores\/explorar-la-naturaleza\/senderismo\/\">Read More<\/a><\/p>\n","protected":false},"author":1,"featured_media":12293,"parent":8550,"menu_order":1,"comment_status":"closed","ping_status":"closed","template":"","meta":{"_acf_changed":false,"footnotes":""},"class_list":["post-12346","page","type-page","status-publish","has-post-thumbnail","hentry"],"acf":[],"yoast_head":"<!-- This site is optimized with the Yoast SEO plugin v26.7 - https:\/\/yoast.com\/wordpress\/plugins\/seo\/ -->\n<title>Senderismo - Maison 1934<\/title>\n<meta name=\"description\" content=\"Para entregarse a este deporte de descubrimiento y contemplaci\u00f3n, he aqu\u00ed algunas maneras de respirar aire puro y explorar los senderos que rodean la Maison 1934 de Colmar.\" \/>\n<meta name=\"robots\" content=\"index, follow, max-snippet:-1, max-image-preview:large, max-video-preview:-1\" \/>\n<link rel=\"canonical\" href=\"https:\/\/maison1934.com\/es\/en-los-alrededores\/explorar-la-naturaleza\/senderismo\/\" \/>\n<meta property=\"og:locale\" content=\"es_ES\" \/>\n<meta property=\"og:type\" content=\"article\" \/>\n<meta property=\"og:title\" content=\"Paseos y excursiones\" \/>\n<meta property=\"og:description\" content=\"Para entregarse a este deporte de descubrimiento y contemplaci\u00f3n, he aqu\u00ed algunas maneras de respirar aire puro y explorar los senderos que rodean la Maison 1934 de Colmar.\" \/>\n<meta property=\"og:url\" content=\"https:\/\/maison1934.com\/es\/en-los-alrededores\/explorar-la-naturaleza\/senderismo\/\" \/>\n<meta property=\"og:site_name\" content=\"Maison 1934\" \/>\n<meta property=\"article:modified_time\" content=\"2025-03-16T00:22:02+00:00\" \/>\n<meta property=\"og:image\" content=\"https:\/\/maison1934.com\/wp-content\/uploads\/2023\/02\/Randonnees-au-grand-air-Maison-1934-bnb-a-Colmar-10-1024x576.jpg\" \/>\n<meta name=\"twitter:card\" content=\"summary_large_image\" \/>\n<meta name=\"twitter:title\" content=\"Paseos y excursiones\" \/>\n<meta name=\"twitter:description\" content=\"Para entregarse a este deporte de descubrimiento y contemplaci\u00f3n, he aqu\u00ed algunas maneras de respirar aire puro y explorar los senderos que rodean la Maison 1934 de Colmar.\" \/>\n<meta name=\"twitter:image\" content=\"https:\/\/maison1934.com\/wp-content\/uploads\/2023\/02\/Randonnees-au-grand-air-Maison-1934-bnb-a-Colmar-10-1024x576.jpg\" \/>\n<meta name=\"twitter:label1\" content=\"Tiempo de lectura\" \/>\n\t<meta name=\"twitter:data1\" content=\"2 minutos\" \/>\n<script type=\"application\/ld+json\" class=\"yoast-schema-graph\">{\"@context\":\"https:\/\/schema.org\",\"@graph\":[{\"@type\":\"WebPage\",\"@id\":\"https:\/\/maison1934.com\/es\/en-los-alrededores\/explorar-la-naturaleza\/senderismo\/\",\"url\":\"https:\/\/maison1934.com\/es\/en-los-alrededores\/explorar-la-naturaleza\/senderismo\/\",\"name\":\"Senderismo - Maison 1934\",\"isPartOf\":{\"@id\":\"https:\/\/maison1934.com\/es\/#website\"},\"primaryImageOfPage\":{\"@id\":\"https:\/\/maison1934.com\/es\/en-los-alrededores\/explorar-la-naturaleza\/senderismo\/#primaryimage\"},\"image\":{\"@id\":\"https:\/\/maison1934.com\/es\/en-los-alrededores\/explorar-la-naturaleza\/senderismo\/#primaryimage\"},\"thumbnailUrl\":\"https:\/\/maison1934.com\/wp-content\/uploads\/2023\/02\/Randonnees-au-grand-air-Maison-1934-bnb-a-Colmar-9.jpg\",\"datePublished\":\"2023-02-01T20:37:46+00:00\",\"dateModified\":\"2025-03-16T00:22:02+00:00\",\"description\":\"Para entregarse a este deporte de descubrimiento y contemplaci\u00f3n, he aqu\u00ed algunas maneras de respirar aire puro y explorar los senderos que rodean la Maison 1934 de Colmar.\",\"breadcrumb\":{\"@id\":\"https:\/\/maison1934.com\/es\/en-los-alrededores\/explorar-la-naturaleza\/senderismo\/#breadcrumb\"},\"inLanguage\":\"es\",\"potentialAction\":[{\"@type\":\"ReadAction\",\"target\":[\"https:\/\/maison1934.com\/es\/en-los-alrededores\/explorar-la-naturaleza\/senderismo\/\"]}]},{\"@type\":\"ImageObject\",\"inLanguage\":\"es\",\"@id\":\"https:\/\/maison1934.com\/es\/en-los-alrededores\/explorar-la-naturaleza\/senderismo\/#primaryimage\",\"url\":\"https:\/\/maison1934.com\/wp-content\/uploads\/2023\/02\/Randonnees-au-grand-air-Maison-1934-bnb-a-Colmar-9.jpg\",\"contentUrl\":\"https:\/\/maison1934.com\/wp-content\/uploads\/2023\/02\/Randonnees-au-grand-air-Maison-1934-bnb-a-Colmar-9.jpg\",\"width\":1920,\"height\":1080},{\"@type\":\"BreadcrumbList\",\"@id\":\"https:\/\/maison1934.com\/es\/en-los-alrededores\/explorar-la-naturaleza\/senderismo\/#breadcrumb\",\"itemListElement\":[{\"@type\":\"ListItem\",\"position\":1,\"name\":\"Accueil\",\"item\":\"https:\/\/maison1934.com\/es\/\"},{\"@type\":\"ListItem\",\"position\":2,\"name\":\"En los alrededores\",\"item\":\"https:\/\/maison1934.com\/es\/aux-alentours\/\"},{\"@type\":\"ListItem\",\"position\":3,\"name\":\"Explorar la naturaleza\",\"item\":\"https:\/\/maison1934.com\/es\/aux-alentours\/nature-sport\/\"},{\"@type\":\"ListItem\",\"position\":4,\"name\":\"Senderismo\"}]},{\"@type\":\"WebSite\",\"@id\":\"https:\/\/maison1934.com\/es\/#website\",\"url\":\"https:\/\/maison1934.com\/es\/\",\"name\":\"Maison 1934\",\"description\":\"Vos appart&#039;h\u00f4tels \u00e0 Colmar\",\"potentialAction\":[{\"@type\":\"SearchAction\",\"target\":{\"@type\":\"EntryPoint\",\"urlTemplate\":\"https:\/\/maison1934.com\/es\/?s={search_term_string}\"},\"query-input\":{\"@type\":\"PropertyValueSpecification\",\"valueRequired\":true,\"valueName\":\"search_term_string\"}}],\"inLanguage\":\"es\"}]}<\/script>\n<!-- \/ Yoast SEO plugin. -->","yoast_head_json":{"title":"Senderismo - Maison 1934","description":"Para entregarse a este deporte de descubrimiento y contemplaci\u00f3n, he aqu\u00ed algunas maneras de respirar aire puro y explorar los senderos que rodean la Maison 1934 de Colmar.","robots":{"index":"index","follow":"follow","max-snippet":"max-snippet:-1","max-image-preview":"max-image-preview:large","max-video-preview":"max-video-preview:-1"},"canonical":"https:\/\/maison1934.com\/es\/en-los-alrededores\/explorar-la-naturaleza\/senderismo\/","og_locale":"es_ES","og_type":"article","og_title":"Paseos y excursiones","og_description":"Para entregarse a este deporte de descubrimiento y contemplaci\u00f3n, he aqu\u00ed algunas maneras de respirar aire puro y explorar los senderos que rodean la Maison 1934 de Colmar.","og_url":"https:\/\/maison1934.com\/es\/en-los-alrededores\/explorar-la-naturaleza\/senderismo\/","og_site_name":"Maison 1934","article_modified_time":"2025-03-16T00:22:02+00:00","og_image":[{"url":"https:\/\/maison1934.com\/wp-content\/uploads\/2023\/02\/Randonnees-au-grand-air-Maison-1934-bnb-a-Colmar-10-1024x576.jpg","type":"","width":"","height":""}],"twitter_card":"summary_large_image","twitter_title":"Paseos y excursiones","twitter_description":"Para entregarse a este deporte de descubrimiento y contemplaci\u00f3n, he aqu\u00ed algunas maneras de respirar aire puro y explorar los senderos que rodean la Maison 1934 de Colmar.","twitter_image":"https:\/\/maison1934.com\/wp-content\/uploads\/2023\/02\/Randonnees-au-grand-air-Maison-1934-bnb-a-Colmar-10-1024x576.jpg","twitter_misc":{"Tiempo de lectura":"2 minutos"},"schema":{"@context":"https:\/\/schema.org","@graph":[{"@type":"WebPage","@id":"https:\/\/maison1934.com\/es\/en-los-alrededores\/explorar-la-naturaleza\/senderismo\/","url":"https:\/\/maison1934.com\/es\/en-los-alrededores\/explorar-la-naturaleza\/senderismo\/","name":"Senderismo - Maison 1934","isPartOf":{"@id":"https:\/\/maison1934.com\/es\/#website"},"primaryImageOfPage":{"@id":"https:\/\/maison1934.com\/es\/en-los-alrededores\/explorar-la-naturaleza\/senderismo\/#primaryimage"},"image":{"@id":"https:\/\/maison1934.com\/es\/en-los-alrededores\/explorar-la-naturaleza\/senderismo\/#primaryimage"},"thumbnailUrl":"https:\/\/maison1934.com\/wp-content\/uploads\/2023\/02\/Randonnees-au-grand-air-Maison-1934-bnb-a-Colmar-9.jpg","datePublished":"2023-02-01T20:37:46+00:00","dateModified":"2025-03-16T00:22:02+00:00","description":"Para entregarse a este deporte de descubrimiento y contemplaci\u00f3n, he aqu\u00ed algunas maneras de respirar aire puro y explorar los senderos que rodean la Maison 1934 de Colmar.","breadcrumb":{"@id":"https:\/\/maison1934.com\/es\/en-los-alrededores\/explorar-la-naturaleza\/senderismo\/#breadcrumb"},"inLanguage":"es","potentialAction":[{"@type":"ReadAction","target":["https:\/\/maison1934.com\/es\/en-los-alrededores\/explorar-la-naturaleza\/senderismo\/"]}]},{"@type":"ImageObject","inLanguage":"es","@id":"https:\/\/maison1934.com\/es\/en-los-alrededores\/explorar-la-naturaleza\/senderismo\/#primaryimage","url":"https:\/\/maison1934.com\/wp-content\/uploads\/2023\/02\/Randonnees-au-grand-air-Maison-1934-bnb-a-Colmar-9.jpg","contentUrl":"https:\/\/maison1934.com\/wp-content\/uploads\/2023\/02\/Randonnees-au-grand-air-Maison-1934-bnb-a-Colmar-9.jpg","width":1920,"height":1080},{"@type":"BreadcrumbList","@id":"https:\/\/maison1934.com\/es\/en-los-alrededores\/explorar-la-naturaleza\/senderismo\/#breadcrumb","itemListElement":[{"@type":"ListItem","position":1,"name":"Accueil","item":"https:\/\/maison1934.com\/es\/"},{"@type":"ListItem","position":2,"name":"En los alrededores","item":"https:\/\/maison1934.com\/es\/aux-alentours\/"},{"@type":"ListItem","position":3,"name":"Explorar la naturaleza","item":"https:\/\/maison1934.com\/es\/aux-alentours\/nature-sport\/"},{"@type":"ListItem","position":4,"name":"Senderismo"}]},{"@type":"WebSite","@id":"https:\/\/maison1934.com\/es\/#website","url":"https:\/\/maison1934.com\/es\/","name":"Maison 1934","description":"Vos appart&#039;h\u00f4tels \u00e0 Colmar","potentialAction":[{"@type":"SearchAction","target":{"@type":"EntryPoint","urlTemplate":"https:\/\/maison1934.com\/es\/?s={search_term_string}"},"query-input":{"@type":"PropertyValueSpecification","valueRequired":true,"valueName":"search_term_string"}}],"inLanguage":"es"}]}},"_links":{"self":[{"href":"https:\/\/maison1934.com\/es\/wp-json\/wp\/v2\/pages\/12346","targetHints":{"allow":["GET"]}}],"collection":[{"href":"https:\/\/maison1934.com\/es\/wp-json\/wp\/v2\/pages"}],"about":[{"href":"https:\/\/maison1934.com\/es\/wp-json\/wp\/v2\/types\/page"}],"author":[{"embeddable":true,"href":"https:\/\/maison1934.com\/es\/wp-json\/wp\/v2\/users\/1"}],"replies":[{"embeddable":true,"href":"https:\/\/maison1934.com\/es\/wp-json\/wp\/v2\/comments?post=12346"}],"version-history":[{"count":11,"href":"https:\/\/maison1934.com\/es\/wp-json\/wp\/v2\/pages\/12346\/revisions"}],"predecessor-version":[{"id":14781,"href":"https:\/\/maison1934.com\/es\/wp-json\/wp\/v2\/pages\/12346\/revisions\/14781"}],"up":[{"embeddable":true,"href":"https:\/\/maison1934.com\/es\/wp-json\/wp\/v2\/pages\/8550"}],"wp:featuredmedia":[{"embeddable":true,"href":"https:\/\/maison1934.com\/es\/wp-json\/wp\/v2\/media\/12293"}],"wp:attachment":[{"href":"https:\/\/maison1934.com\/es\/wp-json\/wp\/v2\/media?parent=12346"}],"curies":[{"name":"wp","href":"https:\/\/api.w.org\/{rel}","templated":true}]}}