{"id":12374,"date":"2022-05-13T21:13:01","date_gmt":"2022-05-13T19:13:01","guid":{"rendered":"https:\/\/maison1934.com\/condiciones-generales-de-venta\/"},"modified":"2025-03-17T00:13:34","modified_gmt":"2025-03-16T23:13:34","slug":"condiciones-generales-de-venta","status":"publish","type":"page","link":"https:\/\/maison1934.com\/es\/condiciones-generales-de-venta\/","title":{"rendered":"Condiciones generales de venta"},"content":{"rendered":"\t\t<div data-elementor-type=\"wp-page\" data-elementor-id=\"12374\" class=\"elementor elementor-12374 elementor-3793\">\n\t\t\t\t\t\t<section class=\"elementor-section elementor-top-section elementor-element elementor-element-12bd6ca elementor-section-boxed elementor-section-height-default elementor-section-height-default\" data-id=\"12bd6ca\" data-element_type=\"section\">\n\t\t\t\t\t\t<div class=\"elementor-container elementor-column-gap-default\">\n\t\t\t\t\t<div class=\"elementor-column elementor-col-100 elementor-top-column elementor-element elementor-element-460ed1a\" data-id=\"460ed1a\" data-element_type=\"column\">\n\t\t\t<div class=\"elementor-widget-wrap elementor-element-populated\">\n\t\t\t\t\t\t<div class=\"elementor-element elementor-element-73172d2 elementor-widget elementor-widget-text-editor\" data-id=\"73172d2\" data-element_type=\"widget\" data-widget_type=\"text-editor.default\">\n\t\t\t\t<div class=\"elementor-widget-container\">\n\t\t\t\t\t\t\t\t\t<p data-start=\"48\" data-end=\"332\"><em>Al aceptar estas condiciones, usted contribuye a una experiencia positiva y respetuosa tanto para usted mismo como para el equipo de Maison 1934 y los dem\u00e1s hu\u00e9spedes. Estamos a su disposici\u00f3n para cualquier consulta o necesidad especial con el fin de hacer su estancia inolvidable.<\/em><\/p><hr data-start=\"334\" data-end=\"337\" \/><h3 data-start=\"339\" data-end=\"387\"><strong data-start=\"343\" data-end=\"385\">1. Maison 1934 \u2013 Lo que necesita saber<\/strong><\/h3><p data-start=\"389\" data-end=\"621\">\ud83c\udfe1 Maison 1934 es nuestro hogar familiar, no una cadena hotelera internacional.<br data-start=\"468\" data-end=\"471\" \/>Aqu\u00ed no hay recepci\u00f3n 24\/7, pero todo est\u00e1 dise\u00f1ado para que disfrute de su estancia con total autonom\u00eda, con el confort y la asistencia necesarios.<\/p><p data-start=\"623\" data-end=\"749\">Nos comprometemos a ofrecer a cada hu\u00e9sped una experiencia fluida y agradable, respetando el lugar y a los dem\u00e1s visitantes.<\/p><hr data-start=\"751\" data-end=\"754\" \/><h3 data-start=\"756\" data-end=\"783\"><strong data-start=\"760\" data-end=\"781\">2. Reserva y pago<\/strong><\/h3><p data-start=\"785\" data-end=\"1244\">\ud83d\udcb3 Su reserva solo se confirma tras el pago completo de la estancia.<br data-start=\"853\" data-end=\"856\" \/>\ud83d\udce9 Recibir\u00e1 un correo de confirmaci\u00f3n despu\u00e9s del pago (revise su carpeta de spam si no lo recibe).<br data-start=\"955\" data-end=\"958\" \/>\ud83d\udd11 Se requiere un dep\u00f3sito de garant\u00eda de 300 \u20ac a la llegada, que ser\u00e1 reembolsado despu\u00e9s de la revisi\u00f3n final del apartamento tras su salida.<br data-start=\"1101\" data-end=\"1104\" \/>\ud83d\udcb0 Todos los servicios adicionales (desayuno, cama supletoria, masajes, etc.) y la tasa tur\u00edstica deben abonarse en efectivo a la llegada.<\/p><hr data-start=\"1246\" data-end=\"1249\" \/><h3 data-start=\"1251\" data-end=\"1293\"><strong data-start=\"1255\" data-end=\"1291\">3. Comprender nuestros servicios<\/strong><\/h3><p data-start=\"1295\" data-end=\"1552\">\u2728 Ofrecemos servicios adicionales para hacer su estancia a\u00fan m\u00e1s placentera.<br data-start=\"1371\" data-end=\"1374\" \/>\ud83d\udcc6 Estos servicios requieren planificaci\u00f3n previa y conllevan costes adicionales.<br data-start=\"1455\" data-end=\"1458\" \/>\ud83d\ude4f Agradecemos su comprensi\u00f3n y le pedimos que nos comunique sus solicitudes con antelaci\u00f3n.<\/p><hr data-start=\"1554\" data-end=\"1557\" \/><h3 data-start=\"1559\" data-end=\"1595\"><strong data-start=\"1563\" data-end=\"1593\">4. Pol\u00edtica de cancelaci\u00f3n<\/strong><\/h3><p data-start=\"1597\" data-end=\"2107\">\ud83d\udcc6 <strong data-start=\"1600\" data-end=\"1648\">Cancelaci\u00f3n con m\u00e1s de 21 d\u00edas de antelaci\u00f3n<\/strong>: Reembolso de la estancia, descontando una tarifa administrativa del 3% del total.<br data-start=\"1731\" data-end=\"1734\" \/>\u274c <strong data-start=\"1736\" data-end=\"1786\">Cancelaci\u00f3n con menos de 21 d\u00edas de antelaci\u00f3n<\/strong>: No se realiza reembolso, el importe total de la estancia sigue siendo exigible.<br data-start=\"1867\" data-end=\"1870\" \/>\ud83c\udfc3 <strong data-start=\"1873\" data-end=\"1894\">Salida anticipada<\/strong>: No se ofrece reembolso en caso de reducci\u00f3n del tiempo de estancia.<br data-start=\"1963\" data-end=\"1966\" \/>\ud83d\udd04 <strong data-start=\"1969\" data-end=\"2013\">En caso de restricciones gubernamentales<\/strong> (confinamiento, prohibici\u00f3n de viajes), se ofrecer\u00e1 un cambio de fecha sin coste adicional.<\/p><hr data-start=\"2109\" data-end=\"2112\" \/><h3 data-start=\"2114\" data-end=\"2143\"><strong data-start=\"2118\" data-end=\"2141\">5. Llegada y salida<\/strong><\/h3><p data-start=\"2145\" data-end=\"2446\">\ud83d\udeaa <strong data-start=\"2148\" data-end=\"2189\">Una estancia fluida y bien organizada<\/strong><br data-start=\"2189\" data-end=\"2192\" \/>\ud83d\udd55 <strong data-start=\"2195\" data-end=\"2207\">Check-in<\/strong>: A partir de las 17:00 h.<br data-start=\"2233\" data-end=\"2236\" \/>\ud83d\udd59 <strong data-start=\"2239\" data-end=\"2252\">Check-out<\/strong>: Antes de las 10:00 h.<br data-start=\"2275\" data-end=\"2278\" \/>\u23f3 <strong data-start=\"2280\" data-end=\"2322\">Check-in anticipado y check-out tard\u00edo<\/strong>: Disponibles previa solicitud, seg\u00fan disponibilidad, con un suplemento de 30 \u20ac. Se recomienda solicitarlo con antelaci\u00f3n.<\/p><p data-start=\"2448\" data-end=\"2642\">\ud83d\udd11 <strong data-start=\"2451\" data-end=\"2475\">Devoluci\u00f3n de llaves<\/strong><br data-start=\"2475\" data-end=\"2478\" \/>\u2714 \u00bfSabe ya a qu\u00e9 hora planea salir? Inf\u00f3rmenos si podemos despedirnos de usted.<br data-start=\"2557\" data-end=\"2560\" \/>\u2714 En caso contrario, puede dejar la llave en la cerradura exterior de la puerta.<\/p><p data-start=\"2644\" data-end=\"2796\">\ud83d\udcdc Si no se presenta ninguna objeci\u00f3n dentro de las 12 horas posteriores a la llegada, el estado del apartamento se considerar\u00e1 aceptado sin reservas.<\/p><hr data-start=\"2798\" data-end=\"2801\" \/><h3 data-start=\"2803\" data-end=\"2859\"><strong data-start=\"2807\" data-end=\"2857\">6. Capacidad y estancia exclusiva para adultos<\/strong><\/h3><p data-start=\"2861\" data-end=\"3316\">\ud83d\udeab <strong data-start=\"2864\" data-end=\"2885\">Solo para adultos<\/strong><br data-start=\"2885\" data-end=\"2888\" \/>Maison 1934 es un alojamiento exclusivo para adultos, dise\u00f1ado para garantizar un ambiente tranquilo y confortable.<br data-start=\"3003\" data-end=\"3006\" \/>\ud83d\udc65 La reserva es v\u00e1lida para un n\u00famero espec\u00edfico de personas.<br data-start=\"3068\" data-end=\"3071\" \/>\u274c No se permitir\u00e1 el acceso a hu\u00e9spedes adicionales no declarados, sin opci\u00f3n de modificaci\u00f3n ni reembolso.<br data-start=\"3178\" data-end=\"3181\" \/>\ud83d\udeaa El apartamento es exclusivo para los hu\u00e9spedes registrados. Cualquier visita externa debe ser informada y aprobada con antelaci\u00f3n.<\/p><hr data-start=\"3318\" data-end=\"3321\" \/><h3 data-start=\"3323\" data-end=\"3348\"><strong data-start=\"3327\" data-end=\"3346\">7. Aparcamiento<\/strong><\/h3><p data-start=\"3350\" data-end=\"3515\">\ud83d\ude97 <strong data-start=\"3353\" data-end=\"3373\">F\u00e1cil y gratuito<\/strong><br data-start=\"3373\" data-end=\"3376\" \/>\ud83c\udd7f <strong data-start=\"3379\" data-end=\"3443\">Amplio aparcamiento gratuito justo enfrente del alojamiento.<\/strong><br data-start=\"3443\" data-end=\"3446\" \/>\ud83d\udfe6 <strong data-start=\"3449\" data-end=\"3513\">Zona azul (3 horas gratis con disco, disponible a petici\u00f3n).<\/strong><\/p><hr data-start=\"3517\" data-end=\"3520\" \/><h3 data-start=\"3522\" data-end=\"3556\"><strong data-start=\"3526\" data-end=\"3554\">8. Servicios adicionales<\/strong><\/h3><p data-start=\"3558\" data-end=\"3820\">\ud83c\udf7d <strong data-start=\"3561\" data-end=\"3599\">Desayuno \u2013 Solo con reserva previa<\/strong><br data-start=\"3599\" data-end=\"3602\" \/>\ud83d\udd57 Se sirve en el apartamento entre las 8:00 y las 11:00 h.<br data-start=\"3661\" data-end=\"3664\" \/>\ud83d\udcc6 Debe reservarse al hacer la reserva de su estancia o al menos 48 horas antes de la llegada.<br data-start=\"3758\" data-end=\"3761\" \/>\u274c No se pueden garantizar las solicitudes de \u00faltima hora.<\/p><p data-start=\"3822\" data-end=\"3939\">\ud83d\udec4 <strong data-start=\"3825\" data-end=\"3849\">Consigna de equipaje<\/strong><br data-start=\"3849\" data-end=\"3852\" \/>\ud83d\udd59 Disponible entre las 10:00 y las 17:00 h.<br data-start=\"3896\" data-end=\"3899\" \/>\ud83d\udcb0 5 \u20ac por bulto, a pagar en efectivo.<\/p><hr data-start=\"3941\" data-end=\"3944\" \/><h3 data-start=\"3946\" data-end=\"3979\"><strong data-start=\"3950\" data-end=\"3977\">9. Normas y convivencia<\/strong><\/h3><p data-start=\"3981\" data-end=\"4415\">\ud83c\udf3f <strong data-start=\"3984\" data-end=\"4019\">Un ambiente relajado para todos<\/strong><br data-start=\"4019\" data-end=\"4022\" \/>\ud83d\udd07 <strong data-start=\"4025\" data-end=\"4048\">Horario de silencio<\/strong>: De 22:00 a 08:00 h.<br data-start=\"4069\" data-end=\"4072\" \/>\ud83c\udf89 <strong data-start=\"4075\" data-end=\"4113\">No se permiten fiestas ni eventos.<\/strong><br data-start=\"4113\" data-end=\"4116\" \/>\ud83d\udead <strong data-start=\"4119\" data-end=\"4174\">Prohibido fumar en el interior de los apartamentos.<\/strong><br data-start=\"4174\" data-end=\"4177\" \/>\ud83c\udf33 <strong data-start=\"4180\" data-end=\"4228\">Zonas exteriores habilitadas para fumadores.<\/strong><br data-start=\"4228\" data-end=\"4231\" \/>\ud83e\udd7f <strong data-start=\"4234\" data-end=\"4265\">Cuidado del suelo de madera<\/strong>: Nuestro suelo original ha sido restaurado, por lo que solicitamos no usar zapatos en el interior.<br data-start=\"4364\" data-end=\"4367\" \/>\ud83d\udc63 <strong data-start=\"4370\" data-end=\"4413\">Se proporcionan zapatillas de cortes\u00eda.<\/strong><\/p><hr data-start=\"4417\" data-end=\"4420\" \/><h3 data-start=\"4422\" data-end=\"4453\"><strong data-start=\"4426\" data-end=\"4451\">10. Limpieza y salida<\/strong><\/h3><p data-start=\"4455\" data-end=\"4935\">\ud83e\uddf9 Antes de su salida, le agradecemos que:<br data-start=\"4497\" data-end=\"4500\" \/>\u2714 Deje el apartamento ordenado y guarde la vajilla limpia en su lugar.<br data-start=\"4570\" data-end=\"4573\" \/>\u2714 No deje vajilla sucia en el fregadero o el lavavajillas.<br data-start=\"4631\" data-end=\"4634\" \/>\u2714 Apague todas las luces y baje los radiadores.<br data-start=\"4681\" data-end=\"4684\" \/>\u2714 Cierre todas las ventanas.<br data-start=\"4712\" data-end=\"4715\" \/>\u2714 Verifique que no ha olvidado nada.<br data-start=\"4751\" data-end=\"4754\" \/>\u2714 Deposite los residuos reciclables en el punto de recogida junto a la estaci\u00f3n de tren.<br data-start=\"4842\" data-end=\"4845\" \/>\u2714 Deje los residuos no reciclables en los cubos de basura disponibles en el apartamento.<\/p><hr data-start=\"4937\" data-end=\"4940\" \/><h3 data-start=\"4942\" data-end=\"4976\"><strong data-start=\"4946\" data-end=\"4974\">11. Compromiso ecol\u00f3gico<\/strong><\/h3><p data-start=\"4978\" data-end=\"5152\">\ud83c\udf0d <strong data-start=\"4981\" data-end=\"5023\">Un enfoque sostenible para su estancia<\/strong><br data-start=\"5023\" data-end=\"5026\" \/>Maison 1934 promueve un turismo m\u00e1s respetuoso con el medioambiente e invita a sus hu\u00e9spedes a contribuir a esta iniciativa.<\/p><p data-start=\"5154\" data-end=\"5388\">\u267b <strong data-start=\"5156\" data-end=\"5179\">Gesti\u00f3n de residuos<\/strong><br data-start=\"5179\" data-end=\"5182\" \/>\u2705 Se proporcionan bolsas para el reciclaje y gu\u00edas de separaci\u00f3n de residuos en cada apartamento.<br data-start=\"5279\" data-end=\"5282\" \/>\u2705 Contamos con su colaboraci\u00f3n para separar los residuos y depositarlos en el punto de recogida cercano.<\/p><p data-start=\"5390\" data-end=\"5501\">Creemos en un turismo sostenible que permita descubrir Alsacia mientras se respeta su entorno y su comunidad.<\/p><hr data-start=\"5503\" data-end=\"5506\" \/><h3 data-start=\"5508\" data-end=\"5555\"><strong data-start=\"5512\" data-end=\"5553\">12. Responsabilidad y seguro de viaje<\/strong><\/h3><p data-start=\"5557\" data-end=\"5915\">\ud83d\udccc <strong data-start=\"5560\" data-end=\"5597\">Para una estancia sin imprevistos<\/strong><br data-start=\"5597\" data-end=\"5600\" \/>\u274c Los ni\u00f1os no est\u00e1n permitidos en Maison 1934, ya que es un alojamiento exclusivo para adultos.<br data-start=\"5696\" data-end=\"5699\" \/>\ud83c\udfe1 Se espera que los hu\u00e9spedes cuiden las instalaciones y las utilicen de manera responsable.<br data-start=\"5792\" data-end=\"5795\" \/>\ud83d\udee1 Se recomienda contratar un seguro de viaje. Consulte con su aseguradora si su p\u00f3liza cubre alquileres vacacionales.<\/p><hr data-start=\"5917\" data-end=\"5920\" \/><h3 data-start=\"5922\" data-end=\"5944\"><strong data-start=\"5926\" data-end=\"5942\">13. Mascotas<\/strong><\/h3><p data-start=\"5946\" data-end=\"6158\">\ud83d\udc3e <strong data-start=\"5949\" data-end=\"5975\">No se admiten mascotas<\/strong><br data-start=\"5975\" data-end=\"5978\" \/>\ud83d\udc36 Para garantizar la comodidad de todos los hu\u00e9spedes, no se aceptan animales.<br data-start=\"6057\" data-end=\"6060\" \/>\ud83d\udc15\u200d\ud83e\uddba Hay una guarder\u00eda de mascotas cercana. Consulte con nosotros para obtener recomendaciones.<\/p><hr data-start=\"6160\" data-end=\"6163\" \/><h3 data-start=\"6165\" data-end=\"6219\"><strong data-start=\"6169\" data-end=\"6217\">14. Excepciones y circunstancias imprevistas<\/strong><\/h3><p data-start=\"6221\" data-end=\"6391\">En situaciones excepcionales, algunos servicios pueden no estar disponibles temporalmente.<br data-start=\"6311\" data-end=\"6314\" \/>Haremos todo lo posible por minimizar las molestias y mantenerle informado.<\/p><hr data-start=\"6393\" data-end=\"6396\" \/><h3 data-start=\"6398\" data-end=\"6437\"><strong data-start=\"6402\" data-end=\"6435\">15. Respeto y responsabilidad<\/strong><\/h3><p data-start=\"6439\" data-end=\"6604\">\ud83c\udfe1 Este es su hogar durante su estancia. Tr\u00e1telo con cuidado y respete al personal de limpieza, que trabaja con dedicaci\u00f3n para ofrecerle un alojamiento impecable.<\/p><hr data-start=\"6606\" data-end=\"6609\" \/><h3 data-start=\"6611\" data-end=\"6647\"><strong data-start=\"6615\" data-end=\"6645\">16. Compromiso del hu\u00e9sped<\/strong><\/h3><p data-start=\"6649\" data-end=\"6805\">Al cumplir estas condiciones, contribuye a una experiencia positiva y armoniosa tanto para usted como para el equipo de Maison 1934 y los dem\u00e1s hu\u00e9spedes.<\/p><p data-start=\"6807\" data-end=\"6889\">\ud83d\udcde <strong data-start=\"6810\" data-end=\"6887\">Si tiene alguna pregunta o necesita asistencia, estamos a su disposici\u00f3n.<\/strong><\/p><p data-start=\"6891\" data-end=\"6996\" data-is-last-node=\"\" data-is-only-node=\"\">Esperamos darle la bienvenida y ofrecerle una experiencia aut\u00e9ntica y acogedora en el coraz\u00f3n de Alsacia.<\/p>\t\t\t\t\t\t\t\t<\/div>\n\t\t\t\t<\/div>\n\t\t\t\t\t<\/div>\n\t\t<\/div>\n\t\t\t\t\t<\/div>\n\t\t<\/section>\n\t\t\t\t<section class=\"elementor-section elementor-top-section elementor-element elementor-element-32b8e9c elementor-section-boxed elementor-section-height-default elementor-section-height-default\" data-id=\"32b8e9c\" data-element_type=\"section\">\n\t\t\t\t\t\t<div class=\"elementor-container elementor-column-gap-default\">\n\t\t\t\t\t<div class=\"elementor-column elementor-col-100 elementor-top-column elementor-element elementor-element-12d5715\" data-id=\"12d5715\" data-element_type=\"column\">\n\t\t\t<div class=\"elementor-widget-wrap\">\n\t\t\t\t\t\t\t<\/div>\n\t\t<\/div>\n\t\t\t\t\t<\/div>\n\t\t<\/section>\n\t\t\t\t<section class=\"elementor-section elementor-top-section elementor-element elementor-element-8e619bc elementor-section-boxed elementor-section-height-default elementor-section-height-default\" data-id=\"8e619bc\" data-element_type=\"section\" data-settings=\"{&quot;background_background&quot;:&quot;classic&quot;}\">\n\t\t\t\t\t\t<div class=\"elementor-container elementor-column-gap-wider\">\n\t\t\t\t\t<div class=\"elementor-column elementor-col-100 elementor-top-column elementor-element elementor-element-ea29ea3\" data-id=\"ea29ea3\" data-element_type=\"column\">\n\t\t\t<div class=\"elementor-widget-wrap elementor-element-populated\">\n\t\t\t\t\t\t<div class=\"elementor-element elementor-element-5ec2107 elementor-view-default elementor-position-block-start elementor-mobile-position-block-start elementor-widget elementor-widget-icon-box\" data-id=\"5ec2107\" data-element_type=\"widget\" data-widget_type=\"icon-box.default\">\n\t\t\t\t<div class=\"elementor-widget-container\">\n\t\t\t\t\t\t\t<div class=\"elementor-icon-box-wrapper\">\n\n\t\t\t\t\t\t<div class=\"elementor-icon-box-icon\">\n\t\t\t\t<a href=\"https:\/\/maison1934.com\/es\/reserve-su-estancia\/\" class=\"elementor-icon\" tabindex=\"-1\" aria-label=\"Condiciones generales de venta\">\n\t\t\t\t<i aria-hidden=\"true\" class=\"th-linea icon th-linea icon-basic-notebook-pen\"><\/i>\t\t\t\t<\/a>\n\t\t\t<\/div>\n\t\t\t\n\t\t\t\t\t\t<div class=\"elementor-icon-box-content\">\n\n\t\t\t\t\t\t\t\t\t<h2 class=\"elementor-icon-box-title\">\n\t\t\t\t\t\t<a href=\"https:\/\/maison1934.com\/es\/reserve-su-estancia\/\" >\n\t\t\t\t\t\t\tCondiciones generales de venta\t\t\t\t\t\t<\/a>\n\t\t\t\t\t<\/h2>\n\t\t\t\t\n\t\t\t\t\t\t\t\t\t<p class=\"elementor-icon-box-description\">\n\t\t\t\t\t\tEl inquilino se compromete a respetar los t\u00e9rminos de la ley HADOPI durante su estancia\ny de haber le\u00eddo las presentes Condiciones Generales de Venta antes de reservar el alojamiento.\t\t\t\t\t<\/p>\n\t\t\t\t\n\t\t\t<\/div>\n\t\t\t\n\t\t<\/div>\n\t\t\t\t\t\t<\/div>\n\t\t\t\t<\/div>\n\t\t\t\t\t<\/div>\n\t\t<\/div>\n\t\t\t\t\t<\/div>\n\t\t<\/section>\n\t\t\t\t<\/div>\n\t\t","protected":false},"excerpt":{"rendered":"<p>Al aceptar estas condiciones, usted contribuye a una experiencia positiva y respetuosa tanto para usted mismo como para el equipo de Maison 1934 y los dem\u00e1s hu\u00e9spedes. Estamos a su disposici\u00f3n para cualquier consulta o necesidad especial con el fin &hellip; <a href=\"https:\/\/maison1934.com\/es\/condiciones-generales-de-venta\/\">Read More<\/a><\/p>\n","protected":false},"author":2,"featured_media":4965,"parent":0,"menu_order":96,"comment_status":"closed","ping_status":"closed","template":"","meta":{"_acf_changed":false,"footnotes":""},"class_list":["post-12374","page","type-page","status-publish","has-post-thumbnail","hentry"],"acf":[],"yoast_head":"<!-- This site is optimized with the Yoast SEO plugin v26.7 - https:\/\/yoast.com\/wordpress\/plugins\/seo\/ -->\n<title>Condiciones generales de venta - Maison 1934<\/title>\n<meta name=\"description\" content=\"Se aconseja a los hu\u00e9spedes que lean estos T\u00e9rminos y Condiciones antes de reservar su alojamiento.\" \/>\n<meta name=\"robots\" content=\"index, follow, max-snippet:-1, max-image-preview:large, max-video-preview:-1\" \/>\n<link rel=\"canonical\" href=\"https:\/\/maison1934.com\/es\/condiciones-generales-de-venta\/\" \/>\n<meta property=\"og:locale\" content=\"es_ES\" \/>\n<meta property=\"og:type\" content=\"article\" \/>\n<meta property=\"og:title\" content=\"Condiciones generales de venta - Maison 1934\" \/>\n<meta property=\"og:description\" content=\"Se aconseja a los hu\u00e9spedes que lean estos T\u00e9rminos y Condiciones antes de reservar su alojamiento.\" \/>\n<meta property=\"og:url\" content=\"https:\/\/maison1934.com\/es\/condiciones-generales-de-venta\/\" \/>\n<meta property=\"og:site_name\" content=\"Maison 1934\" \/>\n<meta property=\"article:modified_time\" content=\"2025-03-16T23:13:34+00:00\" \/>\n<meta property=\"og:image\" content=\"https:\/\/maison1934.com\/wp-content\/uploads\/2017\/12\/cropped-bellevue_room14.jpg\" \/>\n\t<meta property=\"og:image:width\" content=\"1400\" \/>\n\t<meta property=\"og:image:height\" content=\"933\" \/>\n\t<meta property=\"og:image:type\" content=\"image\/jpeg\" \/>\n<meta name=\"twitter:card\" content=\"summary_large_image\" \/>\n<meta name=\"twitter:label1\" content=\"Tiempo de lectura\" \/>\n\t<meta name=\"twitter:data1\" content=\"18 minutos\" \/>\n<script type=\"application\/ld+json\" class=\"yoast-schema-graph\">{\"@context\":\"https:\/\/schema.org\",\"@graph\":[{\"@type\":\"WebPage\",\"@id\":\"https:\/\/maison1934.com\/es\/condiciones-generales-de-venta\/\",\"url\":\"https:\/\/maison1934.com\/es\/condiciones-generales-de-venta\/\",\"name\":\"Condiciones generales de venta - Maison 1934\",\"isPartOf\":{\"@id\":\"https:\/\/maison1934.com\/es\/#website\"},\"primaryImageOfPage\":{\"@id\":\"https:\/\/maison1934.com\/es\/condiciones-generales-de-venta\/#primaryimage\"},\"image\":{\"@id\":\"https:\/\/maison1934.com\/es\/condiciones-generales-de-venta\/#primaryimage\"},\"thumbnailUrl\":\"https:\/\/maison1934.com\/wp-content\/uploads\/2017\/12\/cropped-bellevue_room14.jpg\",\"datePublished\":\"2022-05-13T19:13:01+00:00\",\"dateModified\":\"2025-03-16T23:13:34+00:00\",\"description\":\"Se aconseja a los hu\u00e9spedes que lean estos T\u00e9rminos y Condiciones antes de reservar su alojamiento.\",\"breadcrumb\":{\"@id\":\"https:\/\/maison1934.com\/es\/condiciones-generales-de-venta\/#breadcrumb\"},\"inLanguage\":\"es\",\"potentialAction\":[{\"@type\":\"ReadAction\",\"target\":[\"https:\/\/maison1934.com\/es\/condiciones-generales-de-venta\/\"]}]},{\"@type\":\"ImageObject\",\"inLanguage\":\"es\",\"@id\":\"https:\/\/maison1934.com\/es\/condiciones-generales-de-venta\/#primaryimage\",\"url\":\"https:\/\/maison1934.com\/wp-content\/uploads\/2017\/12\/cropped-bellevue_room14.jpg\",\"contentUrl\":\"https:\/\/maison1934.com\/wp-content\/uploads\/2017\/12\/cropped-bellevue_room14.jpg\",\"width\":1400,\"height\":933},{\"@type\":\"BreadcrumbList\",\"@id\":\"https:\/\/maison1934.com\/es\/condiciones-generales-de-venta\/#breadcrumb\",\"itemListElement\":[{\"@type\":\"ListItem\",\"position\":1,\"name\":\"Accueil\",\"item\":\"https:\/\/maison1934.com\/es\/\"},{\"@type\":\"ListItem\",\"position\":2,\"name\":\"Condiciones generales de venta\"}]},{\"@type\":\"WebSite\",\"@id\":\"https:\/\/maison1934.com\/es\/#website\",\"url\":\"https:\/\/maison1934.com\/es\/\",\"name\":\"Maison 1934\",\"description\":\"Vos appart&#039;h\u00f4tels \u00e0 Colmar\",\"potentialAction\":[{\"@type\":\"SearchAction\",\"target\":{\"@type\":\"EntryPoint\",\"urlTemplate\":\"https:\/\/maison1934.com\/es\/?s={search_term_string}\"},\"query-input\":{\"@type\":\"PropertyValueSpecification\",\"valueRequired\":true,\"valueName\":\"search_term_string\"}}],\"inLanguage\":\"es\"}]}<\/script>\n<!-- \/ Yoast SEO plugin. -->","yoast_head_json":{"title":"Condiciones generales de venta - Maison 1934","description":"Se aconseja a los hu\u00e9spedes que lean estos T\u00e9rminos y Condiciones antes de reservar su alojamiento.","robots":{"index":"index","follow":"follow","max-snippet":"max-snippet:-1","max-image-preview":"max-image-preview:large","max-video-preview":"max-video-preview:-1"},"canonical":"https:\/\/maison1934.com\/es\/condiciones-generales-de-venta\/","og_locale":"es_ES","og_type":"article","og_title":"Condiciones generales de venta - Maison 1934","og_description":"Se aconseja a los hu\u00e9spedes que lean estos T\u00e9rminos y Condiciones antes de reservar su alojamiento.","og_url":"https:\/\/maison1934.com\/es\/condiciones-generales-de-venta\/","og_site_name":"Maison 1934","article_modified_time":"2025-03-16T23:13:34+00:00","og_image":[{"width":1400,"height":933,"url":"https:\/\/maison1934.com\/wp-content\/uploads\/2017\/12\/cropped-bellevue_room14.jpg","type":"image\/jpeg"}],"twitter_card":"summary_large_image","twitter_misc":{"Tiempo de lectura":"18 minutos"},"schema":{"@context":"https:\/\/schema.org","@graph":[{"@type":"WebPage","@id":"https:\/\/maison1934.com\/es\/condiciones-generales-de-venta\/","url":"https:\/\/maison1934.com\/es\/condiciones-generales-de-venta\/","name":"Condiciones generales de venta - Maison 1934","isPartOf":{"@id":"https:\/\/maison1934.com\/es\/#website"},"primaryImageOfPage":{"@id":"https:\/\/maison1934.com\/es\/condiciones-generales-de-venta\/#primaryimage"},"image":{"@id":"https:\/\/maison1934.com\/es\/condiciones-generales-de-venta\/#primaryimage"},"thumbnailUrl":"https:\/\/maison1934.com\/wp-content\/uploads\/2017\/12\/cropped-bellevue_room14.jpg","datePublished":"2022-05-13T19:13:01+00:00","dateModified":"2025-03-16T23:13:34+00:00","description":"Se aconseja a los hu\u00e9spedes que lean estos T\u00e9rminos y Condiciones antes de reservar su alojamiento.","breadcrumb":{"@id":"https:\/\/maison1934.com\/es\/condiciones-generales-de-venta\/#breadcrumb"},"inLanguage":"es","potentialAction":[{"@type":"ReadAction","target":["https:\/\/maison1934.com\/es\/condiciones-generales-de-venta\/"]}]},{"@type":"ImageObject","inLanguage":"es","@id":"https:\/\/maison1934.com\/es\/condiciones-generales-de-venta\/#primaryimage","url":"https:\/\/maison1934.com\/wp-content\/uploads\/2017\/12\/cropped-bellevue_room14.jpg","contentUrl":"https:\/\/maison1934.com\/wp-content\/uploads\/2017\/12\/cropped-bellevue_room14.jpg","width":1400,"height":933},{"@type":"BreadcrumbList","@id":"https:\/\/maison1934.com\/es\/condiciones-generales-de-venta\/#breadcrumb","itemListElement":[{"@type":"ListItem","position":1,"name":"Accueil","item":"https:\/\/maison1934.com\/es\/"},{"@type":"ListItem","position":2,"name":"Condiciones generales de venta"}]},{"@type":"WebSite","@id":"https:\/\/maison1934.com\/es\/#website","url":"https:\/\/maison1934.com\/es\/","name":"Maison 1934","description":"Vos appart&#039;h\u00f4tels \u00e0 Colmar","potentialAction":[{"@type":"SearchAction","target":{"@type":"EntryPoint","urlTemplate":"https:\/\/maison1934.com\/es\/?s={search_term_string}"},"query-input":{"@type":"PropertyValueSpecification","valueRequired":true,"valueName":"search_term_string"}}],"inLanguage":"es"}]}},"_links":{"self":[{"href":"https:\/\/maison1934.com\/es\/wp-json\/wp\/v2\/pages\/12374","targetHints":{"allow":["GET"]}}],"collection":[{"href":"https:\/\/maison1934.com\/es\/wp-json\/wp\/v2\/pages"}],"about":[{"href":"https:\/\/maison1934.com\/es\/wp-json\/wp\/v2\/types\/page"}],"author":[{"embeddable":true,"href":"https:\/\/maison1934.com\/es\/wp-json\/wp\/v2\/users\/2"}],"replies":[{"embeddable":true,"href":"https:\/\/maison1934.com\/es\/wp-json\/wp\/v2\/comments?post=12374"}],"version-history":[{"count":6,"href":"https:\/\/maison1934.com\/es\/wp-json\/wp\/v2\/pages\/12374\/revisions"}],"predecessor-version":[{"id":15334,"href":"https:\/\/maison1934.com\/es\/wp-json\/wp\/v2\/pages\/12374\/revisions\/15334"}],"wp:featuredmedia":[{"embeddable":true,"href":"https:\/\/maison1934.com\/es\/wp-json\/wp\/v2\/media\/4965"}],"wp:attachment":[{"href":"https:\/\/maison1934.com\/es\/wp-json\/wp\/v2\/media?parent=12374"}],"curies":[{"name":"wp","href":"https:\/\/api.w.org\/{rel}","templated":true}]}}