{"id":8423,"date":"2021-06-01T21:03:22","date_gmt":"2021-06-01T19:03:22","guid":{"rendered":"https:\/\/maison1934.com\/mapa-del-sitio\/"},"modified":"2024-12-02T19:33:37","modified_gmt":"2024-12-02T18:33:37","slug":"mapa-del-sitio","status":"publish","type":"page","link":"https:\/\/maison1934.com\/es\/mapa-del-sitio\/","title":{"rendered":"Mapa del sitio"},"content":{"rendered":"\n<div class=\"wsp-container\"><h2 class=\"wsp-pages-title\">P\u00e1ginas<\/h2>\n<ul class=\"wsp-pages-list\">\n<li class=\"page_item page-item-14624\"><a href=\"https:\/\/maison1934.com\/es\/guia-de-estancia\/\">Gu\u00eda de Estancia<\/a><\/li>\n<li class=\"page_item page-item-8640\"><a href=\"https:\/\/maison1934.com\/es\/\">Maison 1934<\/a><\/li>\n<li class=\"page_item page-item-14293\"><a href=\"https:\/\/maison1934.com\/es\/nos-services\/\">Nuestros Servicios<\/a><\/li>\n<li class=\"page_item page-item-8628\"><a href=\"https:\/\/maison1934.com\/es\/casa-1934\/\">Acerca de Maison 1934<\/a><\/li>\n<li class=\"page_item page-item-14413\"><a href=\"https:\/\/maison1934.com\/es\/tienda-de-tarjetas-de-regalo\/\">Tienda de Tarjetas de Regalo \ud83c\udf81<\/a><\/li>\n<li class=\"page_item page-item-8727\"><a href=\"https:\/\/maison1934.com\/es\/mi-cuenta\/\">Mi cuenta<\/a><\/li>\n<li class=\"page_item page-item-8476\"><a href=\"https:\/\/maison1934.com\/es\/reserve-su-estancia\/\">Reserve su estancia<\/a><\/li>\n<li class=\"page_item page-item-8584 page_item_has_children\"><a href=\"https:\/\/maison1934.com\/es\/en-los-alrededores\/\">En los alrededores<\/a>\n<ul class='children'>\n\t<li class=\"page_item page-item-8550 page_item_has_children\"><a href=\"https:\/\/maison1934.com\/es\/en-los-alrededores\/explorar-la-naturaleza\/\">Explorar la naturaleza<\/a>\n\t<ul class='children'>\n\t\t<li class=\"page_item page-item-12346\"><a href=\"https:\/\/maison1934.com\/es\/en-los-alrededores\/explorar-la-naturaleza\/senderismo\/\">Senderismo<\/a><\/li>\n\t<\/ul>\n<\/li>\n\t<li class=\"page_item page-item-8525\"><a href=\"https:\/\/maison1934.com\/es\/en-los-alrededores\/inspirarse-en-el-arte-y-la-cultura\/\">Inspirarse en el arte y la cultura<\/a><\/li>\n\t<li class=\"page_item page-item-9152\"><a href=\"https:\/\/maison1934.com\/es\/en-los-alrededores\/visitar-colmar\/\">Visitar Colmar<\/a><\/li>\n<\/ul>\n<\/li>\n<li class=\"page_item page-item-12374\"><a href=\"https:\/\/maison1934.com\/es\/condiciones-generales-de-venta\/\">Condiciones generales de venta<\/a><\/li>\n<li class=\"page_item page-item-8611\"><a href=\"https:\/\/maison1934.com\/es\/informacion-legal\/\">Informaci\u00f3n legal<\/a><\/li>\n<li class=\"page_item page-item-8423\"><a href=\"https:\/\/maison1934.com\/es\/mapa-del-sitio\/\">Mapa del sitio<\/a><\/li>\n<li class=\"page_item page-item-8632 page_item_has_children\"><a href=\"https:\/\/maison1934.com\/es\/disfrute-de\/\">Saborear<\/a>\n<ul class='children'>\n\t<li class=\"page_item page-item-8769\"><a href=\"https:\/\/maison1934.com\/es\/disfrute-de\/recetas-tradicionales\/\">Recetas tradicionales<\/a><\/li>\n\t<li class=\"page_item page-item-8564\"><a href=\"https:\/\/maison1934.com\/es\/disfrute-de\/restaurantes\/\">Restaurantes<\/a><\/li>\n\t<li class=\"page_item page-item-8583\"><a href=\"https:\/\/maison1934.com\/es\/disfrute-de\/salones-de-te\/\">Salones de t\u00e9<\/a><\/li>\n\t<li class=\"page_item page-item-12885\"><a href=\"https:\/\/maison1934.com\/es\/disfrute-de\/vinos-de-alsacia\/\">Vinos de Alsacia<\/a><\/li>\n<\/ul>\n<\/li>\n<li class=\"page_item page-item-8400\"><a href=\"https:\/\/maison1934.com\/es\/nuestros-pisos\/\">Nuestros pisos<\/a><\/li>\n<li class=\"page_item page-item-8415\"><a href=\"https:\/\/maison1934.com\/es\/noticias\/\">Noticias<\/a><\/li>\n<li class=\"page_item page-item-8772\"><a href=\"https:\/\/maison1934.com\/es\/solicitud-de-pago\/\">Solicitud de pago<\/a><\/li>\n<li class=\"page_item page-item-8374\"><a href=\"https:\/\/maison1934.com\/es\/resultado-de-la-busqueda\/\">Resultado de la b\u00fasqueda<\/a><\/li>\n<li class=\"page_item page-item-8757\"><a href=\"https:\/\/maison1934.com\/es\/mi-cuenta-2\/\">Mi cuenta<\/a><\/li>\n<li class=\"page_item page-item-8491\"><a href=\"https:\/\/maison1934.com\/es\/donde-encontrarnos\/\">D\u00f3nde encontrarnos<\/a><\/li>\n<\/ul>\n<h2 class=\"wsp-posts-title\">Posts por categor\u00eda<\/h2>\n<ul class=\"wsp-posts-list\">\n\t<li><strong class=\"wsp-category-title\">Category: <a href=\"https:\/\/maison1934.com\/es\/categor&iacute;a\/cosas-que-hacer\/\">Cosas que hacer<\/a><\/strong>\n<ul class=\"wsp-posts-list\">\t\t<li class=\"wsp-post\"><a href=\"https:\/\/maison1934.com\/es\/vinedos-pueblos-y-autobuses-desde-maison-1934\/\">Vi\u00f1edos, Pueblos y Autobuses: Desde Maison 1934<\/a><\/li>\n\t\t<li class=\"wsp-post\"><a href=\"https:\/\/maison1934.com\/es\/agenda-de-los-proximos-acontecimientos-en-colmar\/\">Agenda de los pr\u00f3ximos acontecimientos en Colmar<\/a><\/li>\n\t\t<li class=\"wsp-post\"><a href=\"https:\/\/maison1934.com\/es\/paseo-en-barco-por-colmar\/\">Colmar en barco por el agua<\/a><\/li>\n\t\t<li class=\"wsp-post\"><a href=\"https:\/\/maison1934.com\/es\/el-ecomuseo-de-alsacia-un-pueblo-en-movimiento-para-retroceder-en-el-tiempo\/\">El Ecomuseo de Alsacia: un pueblo en movimiento para retroceder en el tiempo<\/a><\/li>\n\t\t<li class=\"wsp-post\"><a href=\"https:\/\/maison1934.com\/es\/descubrir-colmar-con-ninos\/\">Descubrir Colmar con ni\u00f1os<\/a><\/li>\n<\/ul><\/li>\n\t<li><strong class=\"wsp-category-title\">Category: <a href=\"https:\/\/maison1934.com\/es\/categor&iacute;a\/ecoturismo\/\">Ecoturismo<\/a><\/strong>\n<\/li>\n\t<li><strong class=\"wsp-category-title\">Category: <a href=\"https:\/\/maison1934.com\/es\/categor&iacute;a\/ecoturismo-es\/\">Ecoturismo<\/a><\/strong>\n<ul class=\"wsp-posts-list\">\t\t<li class=\"wsp-post\"><a href=\"https:\/\/maison1934.com\/es\/la-ruta-del-vino-de-alsacia-en-autobus\/\">La Ruta del Vino de Alsacia en autob\u00fas<\/a><\/li>\n<\/ul><\/li>\n\t<li><strong class=\"wsp-category-title\">Category: <a href=\"https:\/\/maison1934.com\/es\/categor&iacute;a\/guia\/\">Gu\u00eda<\/a><\/strong>\n<ul class=\"wsp-posts-list\">\t\t<li class=\"wsp-post\"><a href=\"https:\/\/maison1934.com\/es\/banos-publicos-colmar-guia\/\">Aseos p\u00fablicos en Colmar<\/a><\/li>\n\t\t<li class=\"wsp-post\"><a href=\"https:\/\/maison1934.com\/es\/como-llegar-del-aeropuerto-a-colmar\/\">C\u00f3mo llegar del aeropuerto a Colmar<\/a><\/li>\n<\/ul><\/li>\n\t<li><strong class=\"wsp-category-title\">Category: <a href=\"https:\/\/maison1934.com\/es\/categor&iacute;a\/maison-1934-es\/\">Maison 1934<\/a><\/strong>\n<ul class=\"wsp-posts-list\">\t\t<li class=\"wsp-post\"><a href=\"https:\/\/maison1934.com\/es\/nuestros-pisos-comunicados-viajes-en-familia-en-colmar\/\">Nuestros pisos comunicados: viajes en familia en Colmar<\/a><\/li>\n<\/ul><\/li>\n\t<li><strong class=\"wsp-category-title\">Category: <a href=\"https:\/\/maison1934.com\/es\/categor&iacute;a\/navidad\/\">Navidad<\/a><\/strong>\n<\/li>\n\t<li><strong class=\"wsp-category-title\">Category: <a href=\"https:\/\/maison1934.com\/es\/categor&iacute;a\/primavera\/\">Primavera<\/a><\/strong>\n<\/li>\n\t<li><strong class=\"wsp-category-title\">Category: <a href=\"https:\/\/maison1934.com\/es\/categor&iacute;a\/sin-categorizar\/\">Sin categorizar<\/a><\/strong>\n<ul class=\"wsp-posts-list\">\t\t<li class=\"wsp-post\"><a href=\"https:\/\/maison1934.com\/es\/nuevas-rutas-internacionales-a-traves-de-euroairport\/\">Nuevas rutas internacionales a trav\u00e9s de Euroairport<\/a><\/li>\n\t\t<li class=\"wsp-post\"><a href=\"https:\/\/maison1934.com\/es\/turismo-sostenible\/\">Turismo sostenible<\/a><\/li>\n\t\t<li class=\"wsp-post\"><a href=\"https:\/\/maison1934.com\/es\/crisis-energetica-el-precio-de-la-gasolina-se-ha-disparado\/\">Crisis energ\u00e9tica: \u00a1el precio de la gasolina se ha disparado!<\/a><\/li>\n\t\t<li class=\"wsp-post\"><a href=\"https:\/\/maison1934.com\/es\/el-pueblo-favorito-de-los-franceses\/\">El \u00abpueblo favorito de los franceses\u00bb.<\/a><\/li>\n<\/ul><\/li>\n\t<li><strong class=\"wsp-category-title\">Category: <a href=\"https:\/\/maison1934.com\/es\/categor&iacute;a\/transporte\/\">Transporte<\/a><\/strong>\n<\/li>\n\t<li><strong class=\"wsp-category-title\">Category: <a href=\"https:\/\/maison1934.com\/es\/categor&iacute;a\/verano\/\">Verano<\/a><\/strong>\n<\/li>\n<\/ul>\n<h2 class=\"wsp-mphb_room_types-title\">Tipos de alojamientos<\/h2>\n<ul class=\"wsp-mphb_room_types-list\">\n<li><a href=\"https:\/\/maison1934.com\/es\/accommodation\/atico-de-las-frutas\/\">\u00c1tico de las Frutas<\/a><\/li>\n<li><a href=\"https:\/\/maison1934.com\/es\/accommodation\/jardin-de-las-ciguenas\/\">Jard\u00edn de las Cig\u00fce\u00f1as<\/a><\/li>\n<li><a href=\"https:\/\/maison1934.com\/es\/accommodation\/piso-este-oeste\/\">Piso Este Oeste<\/a><\/li>\n<li><a href=\"https:\/\/maison1934.com\/es\/accommodation\/piso-del-sur\/\">Piso del sur<\/a><\/li>\n<\/ul>\n<\/div>\n","protected":false},"excerpt":{"rendered":"","protected":false},"author":2,"featured_media":0,"parent":0,"menu_order":104,"comment_status":"closed","ping_status":"closed","template":"","meta":{"_acf_changed":false,"footnotes":""},"class_list":["post-8423","page","type-page","status-publish","hentry"],"acf":[],"yoast_head":"<!-- This site is optimized with the Yoast SEO plugin v26.7 - https:\/\/yoast.com\/wordpress\/plugins\/seo\/ -->\n<title>Mapa del sitio - Maison 1934<\/title>\n<meta name=\"robots\" content=\"index, follow, max-snippet:-1, max-image-preview:large, max-video-preview:-1\" \/>\n<link rel=\"canonical\" href=\"https:\/\/maison1934.com\/es\/mapa-del-sitio\/\" \/>\n<meta property=\"og:locale\" content=\"es_ES\" \/>\n<meta property=\"og:type\" content=\"article\" \/>\n<meta property=\"og:title\" content=\"Mapa del sitio - Maison 1934\" \/>\n<meta property=\"og:url\" content=\"https:\/\/maison1934.com\/es\/mapa-del-sitio\/\" \/>\n<meta property=\"og:site_name\" content=\"Maison 1934\" \/>\n<meta property=\"article:modified_time\" content=\"2024-12-02T18:33:37+00:00\" \/>\n<meta name=\"twitter:card\" content=\"summary_large_image\" \/>\n<script type=\"application\/ld+json\" class=\"yoast-schema-graph\">{\"@context\":\"https:\/\/schema.org\",\"@graph\":[{\"@type\":\"WebPage\",\"@id\":\"https:\/\/maison1934.com\/es\/mapa-del-sitio\/\",\"url\":\"https:\/\/maison1934.com\/es\/mapa-del-sitio\/\",\"name\":\"Mapa del sitio - Maison 1934\",\"isPartOf\":{\"@id\":\"https:\/\/maison1934.com\/es\/#website\"},\"datePublished\":\"2021-06-01T19:03:22+00:00\",\"dateModified\":\"2024-12-02T18:33:37+00:00\",\"breadcrumb\":{\"@id\":\"https:\/\/maison1934.com\/es\/mapa-del-sitio\/#breadcrumb\"},\"inLanguage\":\"es\",\"potentialAction\":[{\"@type\":\"ReadAction\",\"target\":[\"https:\/\/maison1934.com\/es\/mapa-del-sitio\/\"]}]},{\"@type\":\"BreadcrumbList\",\"@id\":\"https:\/\/maison1934.com\/es\/mapa-del-sitio\/#breadcrumb\",\"itemListElement\":[{\"@type\":\"ListItem\",\"position\":1,\"name\":\"Accueil\",\"item\":\"https:\/\/maison1934.com\/es\/\"},{\"@type\":\"ListItem\",\"position\":2,\"name\":\"Mapa del sitio\"}]},{\"@type\":\"WebSite\",\"@id\":\"https:\/\/maison1934.com\/es\/#website\",\"url\":\"https:\/\/maison1934.com\/es\/\",\"name\":\"Maison 1934\",\"description\":\"Vos appart&#039;h\u00f4tels \u00e0 Colmar\",\"potentialAction\":[{\"@type\":\"SearchAction\",\"target\":{\"@type\":\"EntryPoint\",\"urlTemplate\":\"https:\/\/maison1934.com\/es\/?s={search_term_string}\"},\"query-input\":{\"@type\":\"PropertyValueSpecification\",\"valueRequired\":true,\"valueName\":\"search_term_string\"}}],\"inLanguage\":\"es\"}]}<\/script>\n<!-- \/ Yoast SEO plugin. -->","yoast_head_json":{"title":"Mapa del sitio - Maison 1934","robots":{"index":"index","follow":"follow","max-snippet":"max-snippet:-1","max-image-preview":"max-image-preview:large","max-video-preview":"max-video-preview:-1"},"canonical":"https:\/\/maison1934.com\/es\/mapa-del-sitio\/","og_locale":"es_ES","og_type":"article","og_title":"Mapa del sitio - Maison 1934","og_url":"https:\/\/maison1934.com\/es\/mapa-del-sitio\/","og_site_name":"Maison 1934","article_modified_time":"2024-12-02T18:33:37+00:00","twitter_card":"summary_large_image","schema":{"@context":"https:\/\/schema.org","@graph":[{"@type":"WebPage","@id":"https:\/\/maison1934.com\/es\/mapa-del-sitio\/","url":"https:\/\/maison1934.com\/es\/mapa-del-sitio\/","name":"Mapa del sitio - Maison 1934","isPartOf":{"@id":"https:\/\/maison1934.com\/es\/#website"},"datePublished":"2021-06-01T19:03:22+00:00","dateModified":"2024-12-02T18:33:37+00:00","breadcrumb":{"@id":"https:\/\/maison1934.com\/es\/mapa-del-sitio\/#breadcrumb"},"inLanguage":"es","potentialAction":[{"@type":"ReadAction","target":["https:\/\/maison1934.com\/es\/mapa-del-sitio\/"]}]},{"@type":"BreadcrumbList","@id":"https:\/\/maison1934.com\/es\/mapa-del-sitio\/#breadcrumb","itemListElement":[{"@type":"ListItem","position":1,"name":"Accueil","item":"https:\/\/maison1934.com\/es\/"},{"@type":"ListItem","position":2,"name":"Mapa del sitio"}]},{"@type":"WebSite","@id":"https:\/\/maison1934.com\/es\/#website","url":"https:\/\/maison1934.com\/es\/","name":"Maison 1934","description":"Vos appart&#039;h\u00f4tels \u00e0 Colmar","potentialAction":[{"@type":"SearchAction","target":{"@type":"EntryPoint","urlTemplate":"https:\/\/maison1934.com\/es\/?s={search_term_string}"},"query-input":{"@type":"PropertyValueSpecification","valueRequired":true,"valueName":"search_term_string"}}],"inLanguage":"es"}]}},"_links":{"self":[{"href":"https:\/\/maison1934.com\/es\/wp-json\/wp\/v2\/pages\/8423","targetHints":{"allow":["GET"]}}],"collection":[{"href":"https:\/\/maison1934.com\/es\/wp-json\/wp\/v2\/pages"}],"about":[{"href":"https:\/\/maison1934.com\/es\/wp-json\/wp\/v2\/types\/page"}],"author":[{"embeddable":true,"href":"https:\/\/maison1934.com\/es\/wp-json\/wp\/v2\/users\/2"}],"replies":[{"embeddable":true,"href":"https:\/\/maison1934.com\/es\/wp-json\/wp\/v2\/comments?post=8423"}],"version-history":[{"count":2,"href":"https:\/\/maison1934.com\/es\/wp-json\/wp\/v2\/pages\/8423\/revisions"}],"predecessor-version":[{"id":8429,"href":"https:\/\/maison1934.com\/es\/wp-json\/wp\/v2\/pages\/8423\/revisions\/8429"}],"wp:attachment":[{"href":"https:\/\/maison1934.com\/es\/wp-json\/wp\/v2\/media?parent=8423"}],"curies":[{"name":"wp","href":"https:\/\/api.w.org\/{rel}","templated":true}]}}