{"id":8450,"date":"2019-03-22T02:45:03","date_gmt":"2019-03-22T01:45:03","guid":{"rendered":"https:\/\/maison1934.com\/confirmacion-de-reserva\/la-transaccion-fracaso\/"},"modified":"2022-09-13T01:13:48","modified_gmt":"2022-09-12T23:13:48","slug":"la-transaccion-fracaso","status":"publish","type":"page","link":"https:\/\/maison1934.com\/es\/confirmacion-de-reserva\/la-transaccion-fracaso\/","title":{"rendered":"La transacci\u00f3n fracas\u00f3"},"content":{"rendered":"\t\t<div data-elementor-type=\"wp-post\" data-elementor-id=\"8450\" class=\"elementor elementor-8450 elementor-187\">\n\t\t\t\t\t\t<section class=\"elementor-section elementor-top-section elementor-element elementor-element-60d47bde elementor-section-height-min-height elementor-section-boxed elementor-section-height-default elementor-section-items-middle\" data-id=\"60d47bde\" data-element_type=\"section\" data-settings=\"{&quot;background_background&quot;:&quot;classic&quot;}\">\n\t\t\t\t\t\t\t<div class=\"elementor-background-overlay\"><\/div>\n\t\t\t\t\t\t\t<div class=\"elementor-container elementor-column-gap-default\">\n\t\t\t\t\t<div class=\"elementor-column elementor-col-100 elementor-top-column elementor-element elementor-element-4a5aabcc\" data-id=\"4a5aabcc\" data-element_type=\"column\">\n\t\t\t<div class=\"elementor-widget-wrap elementor-element-populated\">\n\t\t\t\t\t\t<div class=\"elementor-element elementor-element-3218c274 elementor-widget elementor-widget-spacer\" data-id=\"3218c274\" data-element_type=\"widget\" data-widget_type=\"spacer.default\">\n\t\t\t\t<div class=\"elementor-widget-container\">\n\t\t\t\t\t\t\t<div class=\"elementor-spacer\">\n\t\t\t<div class=\"elementor-spacer-inner\"><\/div>\n\t\t<\/div>\n\t\t\t\t\t\t<\/div>\n\t\t\t\t<\/div>\n\t\t\t\t<div class=\"elementor-element elementor-element-f4d0e82 elementor-view-default elementor-position-top elementor-widget elementor-widget-themo-header\" data-id=\"f4d0e82\" data-element_type=\"widget\" data-widget_type=\"themo-header.default\">\n\t\t\t\t<div class=\"elementor-widget-container\">\n\t\t\t\t\t\t\t<div class=\"th-header-wrap\">\n        <div class=\"elementor-icon-box-wrapper \">\n                            <div class=\"elementor-icon-box-content\">\n                    <h1 class=\"elementor-icon-box-title\">\n                        La transacci\u00f3n fracas\u00f3                    <\/h1>\n                                        <p class=\"elementor-icon-box-description\"><\/p>\n\n                                    <\/div>\n            <\/div>\n\n        <\/div>\n\n\t\t\t\t\t\t<\/div>\n\t\t\t\t<\/div>\n\t\t\t\t\t<\/div>\n\t\t<\/div>\n\t\t\t\t\t<\/div>\n\t\t<\/section>\n\t\t\t\t<section class=\"elementor-section elementor-top-section elementor-element elementor-element-e0f84b9 elementor-section-boxed elementor-section-height-default elementor-section-height-default\" data-id=\"e0f84b9\" data-element_type=\"section\">\n\t\t\t\t\t\t<div class=\"elementor-container elementor-column-gap-default\">\n\t\t\t\t\t<div class=\"elementor-column elementor-col-100 elementor-top-column elementor-element elementor-element-4f886d0\" data-id=\"4f886d0\" data-element_type=\"column\">\n\t\t\t<div class=\"elementor-widget-wrap elementor-element-populated\">\n\t\t\t\t\t\t<div class=\"elementor-element elementor-element-3c3a720f elementor-widget elementor-widget-spacer\" data-id=\"3c3a720f\" data-element_type=\"widget\" data-widget_type=\"spacer.default\">\n\t\t\t\t<div class=\"elementor-widget-container\">\n\t\t\t\t\t\t\t<div class=\"elementor-spacer\">\n\t\t\t<div class=\"elementor-spacer-inner\"><\/div>\n\t\t<\/div>\n\t\t\t\t\t\t<\/div>\n\t\t\t\t<\/div>\n\t\t\t\t<div class=\"elementor-element elementor-element-5cda9fed elementor-widget elementor-widget-text-editor\" data-id=\"5cda9fed\" data-element_type=\"widget\" data-widget_type=\"text-editor.default\">\n\t\t\t\t<div class=\"elementor-widget-container\">\n\t\t\t\t\t\t\t\t\t<p>Lamentablemente, su transacci\u00f3n no puede ser completada en este momento. Por favor, int\u00e9ntelo de nuevo o p\u00f3ngase en contacto con nosotros.<\/p>\n\t\t\t\t\t\t\t\t<\/div>\n\t\t\t\t<\/div>\n\t\t\t\t<div class=\"elementor-element elementor-element-41c73095 elementor-widget elementor-widget-spacer\" data-id=\"41c73095\" data-element_type=\"widget\" data-widget_type=\"spacer.default\">\n\t\t\t\t<div class=\"elementor-widget-container\">\n\t\t\t\t\t\t\t<div class=\"elementor-spacer\">\n\t\t\t<div class=\"elementor-spacer-inner\"><\/div>\n\t\t<\/div>\n\t\t\t\t\t\t<\/div>\n\t\t\t\t<\/div>\n\t\t\t\t\t<\/div>\n\t\t<\/div>\n\t\t\t\t\t<\/div>\n\t\t<\/section>\n\t\t\t\t<\/div>\n\t\t","protected":false},"excerpt":{"rendered":"<p>La transacci\u00f3n fracas\u00f3 Lamentablemente, su transacci\u00f3n no puede ser completada en este momento. Por favor, int\u00e9ntelo de nuevo o p\u00f3ngase en contacto con nosotros.<\/p>\n","protected":false},"author":2,"featured_media":0,"parent":8297,"menu_order":0,"comment_status":"closed","ping_status":"closed","template":"","meta":{"_acf_changed":false,"footnotes":""},"class_list":["post-8450","page","type-page","status-publish","hentry"],"acf":[],"yoast_head":"<!-- This site is optimized with the Yoast SEO plugin v26.7 - https:\/\/yoast.com\/wordpress\/plugins\/seo\/ -->\n<title>La transacci\u00f3n fracas\u00f3 - Maison 1934<\/title>\n<meta name=\"robots\" content=\"index, follow, max-snippet:-1, max-image-preview:large, max-video-preview:-1\" \/>\n<link rel=\"canonical\" href=\"https:\/\/maison1934.com\/es\/confirmacion-de-reserva\/la-transaccion-fracaso\/\" \/>\n<meta property=\"og:locale\" content=\"es_ES\" \/>\n<meta property=\"og:type\" content=\"article\" \/>\n<meta property=\"og:title\" content=\"La transacci\u00f3n fracas\u00f3 - Maison 1934\" \/>\n<meta property=\"og:description\" content=\"La transacci\u00f3n fracas\u00f3 Lamentablemente, su transacci\u00f3n no puede ser completada en este momento. Por favor, int\u00e9ntelo de nuevo o p\u00f3ngase en contacto con nosotros.\" \/>\n<meta property=\"og:url\" content=\"https:\/\/maison1934.com\/es\/confirmacion-de-reserva\/la-transaccion-fracaso\/\" \/>\n<meta property=\"og:site_name\" content=\"Maison 1934\" \/>\n<meta property=\"article:modified_time\" content=\"2022-09-12T23:13:48+00:00\" \/>\n<meta name=\"twitter:card\" content=\"summary_large_image\" \/>\n<script type=\"application\/ld+json\" class=\"yoast-schema-graph\">{\"@context\":\"https:\/\/schema.org\",\"@graph\":[{\"@type\":\"WebPage\",\"@id\":\"https:\/\/maison1934.com\/es\/confirmacion-de-reserva\/la-transaccion-fracaso\/\",\"url\":\"https:\/\/maison1934.com\/es\/confirmacion-de-reserva\/la-transaccion-fracaso\/\",\"name\":\"La transacci\u00f3n fracas\u00f3 - Maison 1934\",\"isPartOf\":{\"@id\":\"https:\/\/maison1934.com\/es\/#website\"},\"datePublished\":\"2019-03-22T01:45:03+00:00\",\"dateModified\":\"2022-09-12T23:13:48+00:00\",\"breadcrumb\":{\"@id\":\"https:\/\/maison1934.com\/es\/confirmacion-de-reserva\/la-transaccion-fracaso\/#breadcrumb\"},\"inLanguage\":\"es\",\"potentialAction\":[{\"@type\":\"ReadAction\",\"target\":[\"https:\/\/maison1934.com\/es\/confirmacion-de-reserva\/la-transaccion-fracaso\/\"]}]},{\"@type\":\"BreadcrumbList\",\"@id\":\"https:\/\/maison1934.com\/es\/confirmacion-de-reserva\/la-transaccion-fracaso\/#breadcrumb\",\"itemListElement\":[{\"@type\":\"ListItem\",\"position\":1,\"name\":\"Accueil\",\"item\":\"https:\/\/maison1934.com\/es\/\"},{\"@type\":\"ListItem\",\"position\":2,\"name\":\"Confirmaci\u00f3n de reserva\",\"item\":\"https:\/\/maison1934.com\/es\/confirmation-reservation\/\"},{\"@type\":\"ListItem\",\"position\":3,\"name\":\"La transacci\u00f3n fracas\u00f3\"}]},{\"@type\":\"WebSite\",\"@id\":\"https:\/\/maison1934.com\/es\/#website\",\"url\":\"https:\/\/maison1934.com\/es\/\",\"name\":\"Maison 1934\",\"description\":\"Vos appart&#039;h\u00f4tels \u00e0 Colmar\",\"potentialAction\":[{\"@type\":\"SearchAction\",\"target\":{\"@type\":\"EntryPoint\",\"urlTemplate\":\"https:\/\/maison1934.com\/es\/?s={search_term_string}\"},\"query-input\":{\"@type\":\"PropertyValueSpecification\",\"valueRequired\":true,\"valueName\":\"search_term_string\"}}],\"inLanguage\":\"es\"}]}<\/script>\n<!-- \/ Yoast SEO plugin. -->","yoast_head_json":{"title":"La transacci\u00f3n fracas\u00f3 - Maison 1934","robots":{"index":"index","follow":"follow","max-snippet":"max-snippet:-1","max-image-preview":"max-image-preview:large","max-video-preview":"max-video-preview:-1"},"canonical":"https:\/\/maison1934.com\/es\/confirmacion-de-reserva\/la-transaccion-fracaso\/","og_locale":"es_ES","og_type":"article","og_title":"La transacci\u00f3n fracas\u00f3 - Maison 1934","og_description":"La transacci\u00f3n fracas\u00f3 Lamentablemente, su transacci\u00f3n no puede ser completada en este momento. Por favor, int\u00e9ntelo de nuevo o p\u00f3ngase en contacto con nosotros.","og_url":"https:\/\/maison1934.com\/es\/confirmacion-de-reserva\/la-transaccion-fracaso\/","og_site_name":"Maison 1934","article_modified_time":"2022-09-12T23:13:48+00:00","twitter_card":"summary_large_image","schema":{"@context":"https:\/\/schema.org","@graph":[{"@type":"WebPage","@id":"https:\/\/maison1934.com\/es\/confirmacion-de-reserva\/la-transaccion-fracaso\/","url":"https:\/\/maison1934.com\/es\/confirmacion-de-reserva\/la-transaccion-fracaso\/","name":"La transacci\u00f3n fracas\u00f3 - Maison 1934","isPartOf":{"@id":"https:\/\/maison1934.com\/es\/#website"},"datePublished":"2019-03-22T01:45:03+00:00","dateModified":"2022-09-12T23:13:48+00:00","breadcrumb":{"@id":"https:\/\/maison1934.com\/es\/confirmacion-de-reserva\/la-transaccion-fracaso\/#breadcrumb"},"inLanguage":"es","potentialAction":[{"@type":"ReadAction","target":["https:\/\/maison1934.com\/es\/confirmacion-de-reserva\/la-transaccion-fracaso\/"]}]},{"@type":"BreadcrumbList","@id":"https:\/\/maison1934.com\/es\/confirmacion-de-reserva\/la-transaccion-fracaso\/#breadcrumb","itemListElement":[{"@type":"ListItem","position":1,"name":"Accueil","item":"https:\/\/maison1934.com\/es\/"},{"@type":"ListItem","position":2,"name":"Confirmaci\u00f3n de reserva","item":"https:\/\/maison1934.com\/es\/confirmation-reservation\/"},{"@type":"ListItem","position":3,"name":"La transacci\u00f3n fracas\u00f3"}]},{"@type":"WebSite","@id":"https:\/\/maison1934.com\/es\/#website","url":"https:\/\/maison1934.com\/es\/","name":"Maison 1934","description":"Vos appart&#039;h\u00f4tels \u00e0 Colmar","potentialAction":[{"@type":"SearchAction","target":{"@type":"EntryPoint","urlTemplate":"https:\/\/maison1934.com\/es\/?s={search_term_string}"},"query-input":{"@type":"PropertyValueSpecification","valueRequired":true,"valueName":"search_term_string"}}],"inLanguage":"es"}]}},"_links":{"self":[{"href":"https:\/\/maison1934.com\/es\/wp-json\/wp\/v2\/pages\/8450","targetHints":{"allow":["GET"]}}],"collection":[{"href":"https:\/\/maison1934.com\/es\/wp-json\/wp\/v2\/pages"}],"about":[{"href":"https:\/\/maison1934.com\/es\/wp-json\/wp\/v2\/types\/page"}],"author":[{"embeddable":true,"href":"https:\/\/maison1934.com\/es\/wp-json\/wp\/v2\/users\/2"}],"replies":[{"embeddable":true,"href":"https:\/\/maison1934.com\/es\/wp-json\/wp\/v2\/comments?post=8450"}],"version-history":[{"count":2,"href":"https:\/\/maison1934.com\/es\/wp-json\/wp\/v2\/pages\/8450\/revisions"}],"predecessor-version":[{"id":8458,"href":"https:\/\/maison1934.com\/es\/wp-json\/wp\/v2\/pages\/8450\/revisions\/8458"}],"up":[{"embeddable":true,"href":"https:\/\/maison1934.com\/es\/wp-json\/wp\/v2\/pages\/8297"}],"wp:attachment":[{"href":"https:\/\/maison1934.com\/es\/wp-json\/wp\/v2\/media?parent=8450"}],"curies":[{"name":"wp","href":"https:\/\/api.w.org\/{rel}","templated":true}]}}