{"id":8550,"date":"2021-07-16T14:16:21","date_gmt":"2021-07-16T12:16:21","guid":{"rendered":"https:\/\/maison1934.com\/explorar-la-naturaleza\/"},"modified":"2023-07-11T18:20:01","modified_gmt":"2023-07-11T16:20:01","slug":"explorar-la-naturaleza","status":"publish","type":"page","link":"https:\/\/maison1934.com\/es\/en-los-alrededores\/explorar-la-naturaleza\/","title":{"rendered":"Explorar la naturaleza"},"content":{"rendered":"\t\t<div data-elementor-type=\"wp-post\" data-elementor-id=\"8550\" class=\"elementor elementor-8550 elementor-592\">\n\t\t\t\t\t\t<section class=\"elementor-section elementor-top-section elementor-element elementor-element-3abe1d47 elementor-section-full_width elementor-section-height-min-height elementor-section-height-default elementor-section-items-middle\" data-id=\"3abe1d47\" data-element_type=\"section\" data-settings=\"{&quot;background_background&quot;:&quot;video&quot;,&quot;background_video_link&quot;:&quot;https:\\\/\\\/youtu.be\\\/i6i-MsrLoL4&quot;,&quot;background_play_on_mobile&quot;:&quot;yes&quot;}\">\n\t\t\t\t\t\t\t\t<div class=\"elementor-background-video-container\" aria-hidden=\"true\">\n\t\t\t\t\t\t\t\t\t\t\t\t\t<div class=\"elementor-background-video-embed\"><\/div>\n\t\t\t\t\t\t\t\t\t\t\t\t<\/div>\n\t\t\t\t\t\t\t\t\t<div class=\"elementor-background-overlay\"><\/div>\n\t\t\t\t\t\t\t<div class=\"elementor-container elementor-column-gap-default\">\n\t\t\t\t\t<div class=\"elementor-column elementor-col-100 elementor-top-column elementor-element elementor-element-1cd780e3\" data-id=\"1cd780e3\" data-element_type=\"column\">\n\t\t\t<div class=\"elementor-widget-wrap elementor-element-populated\">\n\t\t\t\t\t\t<div class=\"elementor-element elementor-element-367392ab elementor-widget elementor-widget-spacer\" data-id=\"367392ab\" data-element_type=\"widget\" data-widget_type=\"spacer.default\">\n\t\t\t\t<div class=\"elementor-widget-container\">\n\t\t\t\t\t\t\t<div class=\"elementor-spacer\">\n\t\t\t<div class=\"elementor-spacer-inner\"><\/div>\n\t\t<\/div>\n\t\t\t\t\t\t<\/div>\n\t\t\t\t<\/div>\n\t\t\t\t<div class=\"elementor-element elementor-element-2745faf1 elementor-view-default elementor-position-top elementor-invisible elementor-widget elementor-widget-themo-header\" data-id=\"2745faf1\" data-element_type=\"widget\" data-settings=\"{&quot;_animation&quot;:&quot;fadeIn&quot;}\" data-widget_type=\"themo-header.default\">\n\t\t\t\t<div class=\"elementor-widget-container\">\n\t\t\t\t\t\t\t<div class=\"th-header-wrap\">\n        <div class=\"elementor-icon-box-wrapper \">\n                            <div class=\"elementor-icon-box-content\">\n                    <h1 class=\"elementor-icon-box-title\">\n                        Naturaleza+Deporte                    <\/h1>\n                                        <p class=\"elementor-icon-box-description\">Tomar el aire alrededor de la Maison 1934<\/p>\n\n                                    <\/div>\n            <\/div>\n\n        <\/div>\n\n\t\t\t\t\t\t<\/div>\n\t\t\t\t<\/div>\n\t\t\t\t\t<\/div>\n\t\t<\/div>\n\t\t\t\t\t<\/div>\n\t\t<\/section>\n\t\t\t\t<section class=\"elementor-section elementor-top-section elementor-element elementor-element-be10648 elementor-section-boxed elementor-section-height-default elementor-section-height-default\" data-id=\"be10648\" data-element_type=\"section\">\n\t\t\t\t\t\t<div class=\"elementor-container elementor-column-gap-default\">\n\t\t\t\t\t<div class=\"elementor-column elementor-col-100 elementor-top-column elementor-element elementor-element-7b34fb2\" data-id=\"7b34fb2\" data-element_type=\"column\">\n\t\t\t<div class=\"elementor-widget-wrap elementor-element-populated\">\n\t\t\t\t\t\t<div class=\"elementor-element elementor-element-644fadd elementor-widget elementor-widget-spacer\" data-id=\"644fadd\" data-element_type=\"widget\" data-widget_type=\"spacer.default\">\n\t\t\t\t<div class=\"elementor-widget-container\">\n\t\t\t\t\t\t\t<div class=\"elementor-spacer\">\n\t\t\t<div class=\"elementor-spacer-inner\"><\/div>\n\t\t<\/div>\n\t\t\t\t\t\t<\/div>\n\t\t\t\t<\/div>\n\t\t\t\t\t<\/div>\n\t\t<\/div>\n\t\t\t\t\t<\/div>\n\t\t<\/section>\n\t\t\t\t<section class=\"elementor-section elementor-top-section elementor-element elementor-element-ca99606 elementor-section-boxed elementor-section-height-default elementor-section-height-default\" data-id=\"ca99606\" data-element_type=\"section\">\n\t\t\t\t\t\t<div class=\"elementor-container elementor-column-gap-default\">\n\t\t\t\t\t<div class=\"elementor-column elementor-col-100 elementor-top-column elementor-element elementor-element-148d156\" data-id=\"148d156\" data-element_type=\"column\">\n\t\t\t<div class=\"elementor-widget-wrap elementor-element-populated\">\n\t\t\t\t\t\t<div class=\"elementor-element elementor-element-6639377 elementor-widget elementor-widget-spacer\" data-id=\"6639377\" data-element_type=\"widget\" data-widget_type=\"spacer.default\">\n\t\t\t\t<div class=\"elementor-widget-container\">\n\t\t\t\t\t\t\t<div class=\"elementor-spacer\">\n\t\t\t<div class=\"elementor-spacer-inner\"><\/div>\n\t\t<\/div>\n\t\t\t\t\t\t<\/div>\n\t\t\t\t<\/div>\n\t\t\t\t\t<\/div>\n\t\t<\/div>\n\t\t\t\t\t<\/div>\n\t\t<\/section>\n\t\t\t\t<section class=\"elementor-section elementor-top-section elementor-element elementor-element-51c13bc elementor-section-full_width elementor-section-height-default elementor-section-height-default\" data-id=\"51c13bc\" data-element_type=\"section\">\n\t\t\t\t\t\t<div class=\"elementor-container elementor-column-gap-default\">\n\t\t\t\t\t<div class=\"elementor-column elementor-col-50 elementor-top-column elementor-element elementor-element-5f663de\" data-id=\"5f663de\" data-element_type=\"column\" data-settings=\"{&quot;background_background&quot;:&quot;classic&quot;}\">\n\t\t\t<div class=\"elementor-widget-wrap elementor-element-populated\">\n\t\t\t\t\t\t<div class=\"elementor-element elementor-element-bf9c9f6 elementor-position-left elementor-view-default elementor-widget elementor-widget-themo-header\" data-id=\"bf9c9f6\" data-element_type=\"widget\" data-widget_type=\"themo-header.default\">\n\t\t\t\t<div class=\"elementor-widget-container\">\n\t\t\t\t\t\t\t<div class=\"th-header-wrap\">\n        <div class=\"elementor-icon-box-wrapper \">\n                            <div class=\"elementor-icon-box-content\">\n                    <h3 class=\"elementor-icon-box-title\">\n                        Colmar y la movilidad suave                    <\/h3>\n                                        <p class=\"elementor-icon-box-description\">A lo largo del r\u00edo Lauch, la Peque\u00f1a Venecia se puede visitar a pie, en bicicleta o en barco: \u00a1Colmar es una ciudad a escala humana!\n\nOptar por una bicicleta para sus exploraciones es una magn\u00edfica soluci\u00f3n en la ciudad y a lo largo de la Ruta del Vino: ser\u00e1 la oportunidad perfecta para hacer algo de deporte, mientras descubre los lugares emblem\u00e1ticos de los alrededores.\n\n\u00bfQu\u00e9 puede ser m\u00e1s divertido que pedalear alegremente, con la nariz al viento, mientras se huele el delicioso aroma de las vi\u00f1as?\n\nJordan V\u00e9lo Taxi tambi\u00e9n puede llevarle a dar un paseo en su bicicleta de transporte, con salida en la Maison 1934, para dar hermosos paseos por la ciudad (20 euros por 30 minutos \/ 35 euros por 1 hora).\n\nLa tienda de alquiler de bicicletas m\u00e1s cercana est\u00e1 a 300 metros y hay varias m\u00e1s en la ciudad.<\/p>\n\n                                            <div class=\"th-btn-wrap\">\n                                                            <a class=\"btn-1 btn th-btn btn-standard-accent\" href=\"https:\/\/www.velodocteurs.com\/\" target=\"_blank\">\n                                                                            Leer m\u00e1s                                                                    <\/a>\n                            \n                                                    <\/div>\n                                    <\/div>\n            <\/div>\n\n        <\/div>\n\n\t\t\t\t\t\t<\/div>\n\t\t\t\t<\/div>\n\t\t\t\t\t<\/div>\n\t\t<\/div>\n\t\t\t\t<div class=\"elementor-column elementor-col-50 elementor-top-column elementor-element elementor-element-028fbdc\" data-id=\"028fbdc\" data-element_type=\"column\" data-settings=\"{&quot;background_background&quot;:&quot;classic&quot;}\">\n\t\t\t<div class=\"elementor-widget-wrap elementor-element-populated\">\n\t\t\t\t\t\t<div class=\"elementor-element elementor-element-0c1b316 elementor-widget elementor-widget-spacer\" data-id=\"0c1b316\" data-element_type=\"widget\" data-widget_type=\"spacer.default\">\n\t\t\t\t<div class=\"elementor-widget-container\">\n\t\t\t\t\t\t\t<div class=\"elementor-spacer\">\n\t\t\t<div class=\"elementor-spacer-inner\"><\/div>\n\t\t<\/div>\n\t\t\t\t\t\t<\/div>\n\t\t\t\t<\/div>\n\t\t\t\t\t<\/div>\n\t\t<\/div>\n\t\t\t\t\t<\/div>\n\t\t<\/section>\n\t\t\t\t<section class=\"elementor-section elementor-top-section elementor-element elementor-element-4299551 elementor-section-full_width elementor-section-height-default elementor-section-height-default\" data-id=\"4299551\" data-element_type=\"section\" data-settings=\"{&quot;background_background&quot;:&quot;slideshow&quot;,&quot;background_slideshow_gallery&quot;:[{&quot;id&quot;:1858,&quot;url&quot;:&quot;https:\\\/\\\/maison1934.com\\\/wp-content\\\/uploads\\\/2022\\\/04\\\/PSX_20220129_203558-scaled.jpg&quot;}],&quot;background_slideshow_loop&quot;:&quot;yes&quot;,&quot;background_slideshow_slide_duration&quot;:5000,&quot;background_slideshow_slide_transition&quot;:&quot;fade&quot;,&quot;background_slideshow_transition_duration&quot;:500}\">\n\t\t\t\t\t\t<div class=\"elementor-container elementor-column-gap-default\">\n\t\t\t\t\t<div class=\"elementor-column elementor-col-50 elementor-top-column elementor-element elementor-element-56567a9\" data-id=\"56567a9\" data-element_type=\"column\" data-settings=\"{&quot;background_background&quot;:&quot;classic&quot;}\">\n\t\t\t<div class=\"elementor-widget-wrap elementor-element-populated\">\n\t\t\t\t\t\t<div class=\"elementor-element elementor-element-675118e elementor-widget elementor-widget-menu-anchor\" data-id=\"675118e\" data-element_type=\"widget\" data-widget_type=\"menu-anchor.default\">\n\t\t\t\t<div class=\"elementor-widget-container\">\n\t\t\t\t\t\t\t<div class=\"elementor-menu-anchor\" id=\"ms1\"><\/div>\n\t\t\t\t\t\t<\/div>\n\t\t\t\t<\/div>\n\t\t\t\t<div class=\"elementor-element elementor-element-68a13eb elementor-widget elementor-widget-spacer\" data-id=\"68a13eb\" data-element_type=\"widget\" data-widget_type=\"spacer.default\">\n\t\t\t\t<div class=\"elementor-widget-container\">\n\t\t\t\t\t\t\t<div class=\"elementor-spacer\">\n\t\t\t<div class=\"elementor-spacer-inner\"><\/div>\n\t\t<\/div>\n\t\t\t\t\t\t<\/div>\n\t\t\t\t<\/div>\n\t\t\t\t\t<\/div>\n\t\t<\/div>\n\t\t\t\t<div class=\"elementor-column elementor-col-50 elementor-top-column elementor-element elementor-element-521612b\" data-id=\"521612b\" data-element_type=\"column\" data-settings=\"{&quot;background_background&quot;:&quot;classic&quot;}\">\n\t\t\t<div class=\"elementor-widget-wrap elementor-element-populated\">\n\t\t\t\t\t\t<div class=\"elementor-element elementor-element-ef19d5a elementor-position-left elementor-view-default elementor-widget elementor-widget-themo-header\" data-id=\"ef19d5a\" data-element_type=\"widget\" data-widget_type=\"themo-header.default\">\n\t\t\t\t<div class=\"elementor-widget-container\">\n\t\t\t\t\t\t\t<div class=\"th-header-wrap\">\n        <div class=\"elementor-icon-box-wrapper \">\n                            <div class=\"elementor-icon-box-content\">\n                    <h3 class=\"elementor-icon-box-title\">\n                        \u00bfD\u00f3nde alquilar las bicicletas?                    <\/h3>\n                                        <p class=\"elementor-icon-box-description\">Colmar V\u00e9lo - V\u00e9lodocteurs\nServicio de alquiler y reparaci\u00f3n de bicicletas en Colmar\nDirecci\u00f3n: 9 Place de la Gare, 68000 Colmar\nHorario de apertura: 09:00-12:00, 14:00-18:00 (cerrado el domingo y el lunes)\n\nCiclos Lulu\nDirecci\u00f3n: 28 Avenue Jean de Lattre de Tassigny, 68000 Colmar\nHorario: 10:00-12:30, 14:00-18:30 (lunes, martes, jueves y viernes)\nS\u00e1bado 09:00-12:30, 14:00-18:00 (mi\u00e9rcoles y s\u00e1bado)\n(cerrado el domingo y el lunes)\n\nLe V\u00e9lo Libre - Alquiler de bicicletas en autoservicio\n37 Rue Turenne\nHorario de apertura: 06:00-23:30\n\nAlsa Cyclo Tours ofrece visitas guiadas a la Ruta del Vino desde Colmar (Tour des Gastronomes, A la D\u00e9couverte du Vignoble, etc.)  \nDirecci\u00f3n: 5 Rue du Chasseur, 68000 Colmar\nHora: 09:15-17:45\nTel\u00e9fono: 03 89 41 72 74<\/p>\n\n                                            <div class=\"th-btn-wrap\">\n                                                            <a class=\"btn-1 btn th-btn btn-standard-accent\" href=\"https:\/\/alsacyclotours.alsace\/\" target=\"_blank\">\n                                                                            Leer m\u00e1s                                                                    <\/a>\n                            \n                                                    <\/div>\n                                    <\/div>\n            <\/div>\n\n        <\/div>\n\n\t\t\t\t\t\t<\/div>\n\t\t\t\t<\/div>\n\t\t\t\t\t<\/div>\n\t\t<\/div>\n\t\t\t\t\t<\/div>\n\t\t<\/section>\n\t\t\t\t<section class=\"elementor-section elementor-top-section elementor-element elementor-element-8d2a042 elementor-section-full_width elementor-section-height-default elementor-section-height-default\" data-id=\"8d2a042\" data-element_type=\"section\">\n\t\t\t\t\t\t<div class=\"elementor-container elementor-column-gap-default\">\n\t\t\t\t\t<div class=\"elementor-column elementor-col-50 elementor-top-column elementor-element elementor-element-9ae1c0f\" data-id=\"9ae1c0f\" data-element_type=\"column\" data-settings=\"{&quot;background_background&quot;:&quot;classic&quot;}\">\n\t\t\t<div class=\"elementor-widget-wrap elementor-element-populated\">\n\t\t\t\t\t\t<div class=\"elementor-element elementor-element-d1cfa38 elementor-position-left elementor-view-default elementor-widget elementor-widget-themo-header\" data-id=\"d1cfa38\" data-element_type=\"widget\" data-widget_type=\"themo-header.default\">\n\t\t\t\t<div class=\"elementor-widget-container\">\n\t\t\t\t\t\t\t<div class=\"th-header-wrap\">\n        <div class=\"elementor-icon-box-wrapper \">\n                            <div class=\"elementor-icon-box-content\">\n                    <h3 class=\"elementor-icon-box-title\">\n                        Ir de excursi\u00f3n                    <\/h3>\n                                        <p class=\"elementor-icon-box-description\">Desde los jardines hasta los numerosos parques, pasando por las monta\u00f1as de media altura, Colmar es tambi\u00e9n un destino de ensue\u00f1o para los excursionistas.\n\nAl lado de las estribaciones vit\u00edcolas del Haut-Rhin, por un lado, y del Parque Natural Regional de los Ballons des Vosges, por otro, podr\u00e1 caminar durante unas horas para descubrir el patrimonio de los castillos fortificados, las laderas y los vi\u00f1edos con vistas panor\u00e1micas que se extienden hasta donde alcanza la vista, y para explorar las riquezas naturales de los montes Vosgos.\n\nPreg\u00fantenos: \u00a1tenemos muchas excursiones que ofrecerle!<\/p>\n\n                                            <div class=\"th-btn-wrap\">\n                                                            <a class=\"btn-1 btn th-btn btn-standard-accent\" href=\"https:\/\/maison1934.com\/es\/en-los-alrededores\/explorar-la-naturaleza\/senderismo\/\" target=\"_blank\">\n                                                                            Leer m\u00e1s acerca del senderismo                                                                    <\/a>\n                            \n                                                    <\/div>\n                                    <\/div>\n            <\/div>\n\n        <\/div>\n\n\t\t\t\t\t\t<\/div>\n\t\t\t\t<\/div>\n\t\t\t\t\t<\/div>\n\t\t<\/div>\n\t\t\t\t<div class=\"elementor-column elementor-col-50 elementor-top-column elementor-element elementor-element-f87a316\" data-id=\"f87a316\" data-element_type=\"column\" data-settings=\"{&quot;background_background&quot;:&quot;classic&quot;}\">\n\t\t\t<div class=\"elementor-widget-wrap elementor-element-populated\">\n\t\t\t\t\t\t<div class=\"elementor-element elementor-element-6587d89 elementor-widget elementor-widget-spacer\" data-id=\"6587d89\" data-element_type=\"widget\" data-widget_type=\"spacer.default\">\n\t\t\t\t<div class=\"elementor-widget-container\">\n\t\t\t\t\t\t\t<div class=\"elementor-spacer\">\n\t\t\t<div class=\"elementor-spacer-inner\"><\/div>\n\t\t<\/div>\n\t\t\t\t\t\t<\/div>\n\t\t\t\t<\/div>\n\t\t\t\t\t<\/div>\n\t\t<\/div>\n\t\t\t\t\t<\/div>\n\t\t<\/section>\n\t\t\t\t<section class=\"elementor-section elementor-top-section elementor-element elementor-element-a340d70 elementor-section-boxed elementor-section-height-default elementor-section-height-default\" data-id=\"a340d70\" data-element_type=\"section\">\n\t\t\t\t\t\t<div class=\"elementor-container elementor-column-gap-default\">\n\t\t\t\t\t<div class=\"elementor-column elementor-col-100 elementor-top-column elementor-element elementor-element-5d8b857\" data-id=\"5d8b857\" data-element_type=\"column\">\n\t\t\t<div class=\"elementor-widget-wrap elementor-element-populated\">\n\t\t\t\t\t\t<div class=\"elementor-element elementor-element-fe0f367 elementor-widget elementor-widget-spacer\" data-id=\"fe0f367\" data-element_type=\"widget\" data-widget_type=\"spacer.default\">\n\t\t\t\t<div class=\"elementor-widget-container\">\n\t\t\t\t\t\t\t<div class=\"elementor-spacer\">\n\t\t\t<div class=\"elementor-spacer-inner\"><\/div>\n\t\t<\/div>\n\t\t\t\t\t\t<\/div>\n\t\t\t\t<\/div>\n\t\t\t\t\t<\/div>\n\t\t<\/div>\n\t\t\t\t\t<\/div>\n\t\t<\/section>\n\t\t\t\t<\/div>\n\t\t","protected":false},"excerpt":{"rendered":"<p>Naturaleza+Deporte Tomar el aire alrededor de la Maison 1934 Colmar y la movilidad suave A lo largo del r\u00edo Lauch, la Peque\u00f1a Venecia se puede visitar a pie, en bicicleta o en barco: \u00a1Colmar es una ciudad a escala humana! &hellip; <a href=\"https:\/\/maison1934.com\/es\/en-los-alrededores\/explorar-la-naturaleza\/\">Read More<\/a><\/p>\n","protected":false},"author":2,"featured_media":0,"parent":8584,"menu_order":9,"comment_status":"closed","ping_status":"closed","template":"","meta":{"_acf_changed":false,"footnotes":""},"class_list":["post-8550","page","type-page","status-publish","hentry"],"acf":[],"yoast_head":"<!-- This site is optimized with the Yoast SEO plugin v26.7 - https:\/\/yoast.com\/wordpress\/plugins\/seo\/ -->\n<title>Explorar la naturaleza - Maison 1934<\/title>\n<meta name=\"robots\" content=\"index, follow, max-snippet:-1, max-image-preview:large, max-video-preview:-1\" \/>\n<link rel=\"canonical\" href=\"https:\/\/maison1934.com\/es\/en-los-alrededores\/explorar-la-naturaleza\/\" \/>\n<meta property=\"og:locale\" content=\"es_ES\" \/>\n<meta property=\"og:type\" content=\"article\" \/>\n<meta property=\"og:title\" content=\"Explorar la naturaleza - Maison 1934\" \/>\n<meta property=\"og:description\" content=\"Naturaleza+Deporte Tomar el aire alrededor de la Maison 1934 Colmar y la movilidad suave A lo largo del r\u00edo Lauch, la Peque\u00f1a Venecia se puede visitar a pie, en bicicleta o en barco: \u00a1Colmar es una ciudad a escala humana! &hellip; Read More\" \/>\n<meta property=\"og:url\" content=\"https:\/\/maison1934.com\/es\/en-los-alrededores\/explorar-la-naturaleza\/\" \/>\n<meta property=\"og:site_name\" content=\"Maison 1934\" \/>\n<meta property=\"article:modified_time\" content=\"2023-07-11T16:20:01+00:00\" \/>\n<meta name=\"twitter:card\" content=\"summary_large_image\" \/>\n<meta name=\"twitter:label1\" content=\"Tiempo de lectura\" \/>\n\t<meta name=\"twitter:data1\" content=\"2 minutos\" \/>\n<script type=\"application\/ld+json\" class=\"yoast-schema-graph\">{\"@context\":\"https:\/\/schema.org\",\"@graph\":[{\"@type\":\"WebPage\",\"@id\":\"https:\/\/maison1934.com\/es\/en-los-alrededores\/explorar-la-naturaleza\/\",\"url\":\"https:\/\/maison1934.com\/es\/en-los-alrededores\/explorar-la-naturaleza\/\",\"name\":\"Explorar la naturaleza - Maison 1934\",\"isPartOf\":{\"@id\":\"https:\/\/maison1934.com\/es\/#website\"},\"datePublished\":\"2021-07-16T12:16:21+00:00\",\"dateModified\":\"2023-07-11T16:20:01+00:00\",\"breadcrumb\":{\"@id\":\"https:\/\/maison1934.com\/es\/en-los-alrededores\/explorar-la-naturaleza\/#breadcrumb\"},\"inLanguage\":\"es\",\"potentialAction\":[{\"@type\":\"ReadAction\",\"target\":[\"https:\/\/maison1934.com\/es\/en-los-alrededores\/explorar-la-naturaleza\/\"]}]},{\"@type\":\"BreadcrumbList\",\"@id\":\"https:\/\/maison1934.com\/es\/en-los-alrededores\/explorar-la-naturaleza\/#breadcrumb\",\"itemListElement\":[{\"@type\":\"ListItem\",\"position\":1,\"name\":\"Accueil\",\"item\":\"https:\/\/maison1934.com\/es\/\"},{\"@type\":\"ListItem\",\"position\":2,\"name\":\"En los alrededores\",\"item\":\"https:\/\/maison1934.com\/es\/aux-alentours\/\"},{\"@type\":\"ListItem\",\"position\":3,\"name\":\"Explorar la naturaleza\"}]},{\"@type\":\"WebSite\",\"@id\":\"https:\/\/maison1934.com\/es\/#website\",\"url\":\"https:\/\/maison1934.com\/es\/\",\"name\":\"Maison 1934\",\"description\":\"Vos appart&#039;h\u00f4tels \u00e0 Colmar\",\"potentialAction\":[{\"@type\":\"SearchAction\",\"target\":{\"@type\":\"EntryPoint\",\"urlTemplate\":\"https:\/\/maison1934.com\/es\/?s={search_term_string}\"},\"query-input\":{\"@type\":\"PropertyValueSpecification\",\"valueRequired\":true,\"valueName\":\"search_term_string\"}}],\"inLanguage\":\"es\"}]}<\/script>\n<!-- \/ Yoast SEO plugin. -->","yoast_head_json":{"title":"Explorar la naturaleza - Maison 1934","robots":{"index":"index","follow":"follow","max-snippet":"max-snippet:-1","max-image-preview":"max-image-preview:large","max-video-preview":"max-video-preview:-1"},"canonical":"https:\/\/maison1934.com\/es\/en-los-alrededores\/explorar-la-naturaleza\/","og_locale":"es_ES","og_type":"article","og_title":"Explorar la naturaleza - Maison 1934","og_description":"Naturaleza+Deporte Tomar el aire alrededor de la Maison 1934 Colmar y la movilidad suave A lo largo del r\u00edo Lauch, la Peque\u00f1a Venecia se puede visitar a pie, en bicicleta o en barco: \u00a1Colmar es una ciudad a escala humana! &hellip; Read More","og_url":"https:\/\/maison1934.com\/es\/en-los-alrededores\/explorar-la-naturaleza\/","og_site_name":"Maison 1934","article_modified_time":"2023-07-11T16:20:01+00:00","twitter_card":"summary_large_image","twitter_misc":{"Tiempo de lectura":"2 minutos"},"schema":{"@context":"https:\/\/schema.org","@graph":[{"@type":"WebPage","@id":"https:\/\/maison1934.com\/es\/en-los-alrededores\/explorar-la-naturaleza\/","url":"https:\/\/maison1934.com\/es\/en-los-alrededores\/explorar-la-naturaleza\/","name":"Explorar la naturaleza - Maison 1934","isPartOf":{"@id":"https:\/\/maison1934.com\/es\/#website"},"datePublished":"2021-07-16T12:16:21+00:00","dateModified":"2023-07-11T16:20:01+00:00","breadcrumb":{"@id":"https:\/\/maison1934.com\/es\/en-los-alrededores\/explorar-la-naturaleza\/#breadcrumb"},"inLanguage":"es","potentialAction":[{"@type":"ReadAction","target":["https:\/\/maison1934.com\/es\/en-los-alrededores\/explorar-la-naturaleza\/"]}]},{"@type":"BreadcrumbList","@id":"https:\/\/maison1934.com\/es\/en-los-alrededores\/explorar-la-naturaleza\/#breadcrumb","itemListElement":[{"@type":"ListItem","position":1,"name":"Accueil","item":"https:\/\/maison1934.com\/es\/"},{"@type":"ListItem","position":2,"name":"En los alrededores","item":"https:\/\/maison1934.com\/es\/aux-alentours\/"},{"@type":"ListItem","position":3,"name":"Explorar la naturaleza"}]},{"@type":"WebSite","@id":"https:\/\/maison1934.com\/es\/#website","url":"https:\/\/maison1934.com\/es\/","name":"Maison 1934","description":"Vos appart&#039;h\u00f4tels \u00e0 Colmar","potentialAction":[{"@type":"SearchAction","target":{"@type":"EntryPoint","urlTemplate":"https:\/\/maison1934.com\/es\/?s={search_term_string}"},"query-input":{"@type":"PropertyValueSpecification","valueRequired":true,"valueName":"search_term_string"}}],"inLanguage":"es"}]}},"_links":{"self":[{"href":"https:\/\/maison1934.com\/es\/wp-json\/wp\/v2\/pages\/8550","targetHints":{"allow":["GET"]}}],"collection":[{"href":"https:\/\/maison1934.com\/es\/wp-json\/wp\/v2\/pages"}],"about":[{"href":"https:\/\/maison1934.com\/es\/wp-json\/wp\/v2\/types\/page"}],"author":[{"embeddable":true,"href":"https:\/\/maison1934.com\/es\/wp-json\/wp\/v2\/users\/2"}],"replies":[{"embeddable":true,"href":"https:\/\/maison1934.com\/es\/wp-json\/wp\/v2\/comments?post=8550"}],"version-history":[{"count":10,"href":"https:\/\/maison1934.com\/es\/wp-json\/wp\/v2\/pages\/8550\/revisions"}],"predecessor-version":[{"id":12967,"href":"https:\/\/maison1934.com\/es\/wp-json\/wp\/v2\/pages\/8550\/revisions\/12967"}],"up":[{"embeddable":true,"href":"https:\/\/maison1934.com\/es\/wp-json\/wp\/v2\/pages\/8584"}],"wp:attachment":[{"href":"https:\/\/maison1934.com\/es\/wp-json\/wp\/v2\/media?parent=8550"}],"curies":[{"name":"wp","href":"https:\/\/api.w.org\/{rel}","templated":true}]}}