{"id":8564,"date":"2021-07-16T14:27:30","date_gmt":"2021-07-16T12:27:30","guid":{"rendered":"https:\/\/maison1934.com\/restaurantes\/"},"modified":"2025-03-16T11:58:35","modified_gmt":"2025-03-16T10:58:35","slug":"restaurantes","status":"publish","type":"page","link":"https:\/\/maison1934.com\/es\/disfrute-de\/restaurantes\/","title":{"rendered":"Restaurantes"},"content":{"rendered":"\t\t<div data-elementor-type=\"wp-post\" data-elementor-id=\"8564\" class=\"elementor elementor-8564 elementor-625\">\n\t\t\t\t\t\t<section class=\"elementor-section elementor-top-section elementor-element elementor-element-3abe1d47 elementor-section-full_width elementor-section-height-min-height elementor-section-height-default elementor-section-items-middle\" data-id=\"3abe1d47\" data-element_type=\"section\" data-settings=\"{&quot;background_background&quot;:&quot;classic&quot;}\">\n\t\t\t\t\t\t\t<div class=\"elementor-background-overlay\"><\/div>\n\t\t\t\t\t\t\t<div class=\"elementor-container elementor-column-gap-default\">\n\t\t\t\t\t<div class=\"elementor-column elementor-col-100 elementor-top-column elementor-element elementor-element-1cd780e3\" data-id=\"1cd780e3\" data-element_type=\"column\">\n\t\t\t<div class=\"elementor-widget-wrap elementor-element-populated\">\n\t\t\t\t\t\t<div class=\"elementor-element elementor-element-367392ab elementor-widget elementor-widget-spacer\" data-id=\"367392ab\" data-element_type=\"widget\" data-widget_type=\"spacer.default\">\n\t\t\t\t<div class=\"elementor-widget-container\">\n\t\t\t\t\t\t\t<div class=\"elementor-spacer\">\n\t\t\t<div class=\"elementor-spacer-inner\"><\/div>\n\t\t<\/div>\n\t\t\t\t\t\t<\/div>\n\t\t\t\t<\/div>\n\t\t\t\t<div class=\"elementor-element elementor-element-2745faf1 elementor-view-default elementor-position-top elementor-invisible elementor-widget elementor-widget-themo-header\" data-id=\"2745faf1\" data-element_type=\"widget\" data-settings=\"{&quot;_animation&quot;:&quot;fadeIn&quot;}\" data-widget_type=\"themo-header.default\">\n\t\t\t\t<div class=\"elementor-widget-container\">\n\t\t\t\t\t\t\t<div class=\"th-header-wrap\">\n        <div class=\"elementor-icon-box-wrapper \">\n                            <div class=\"elementor-icon-box-content\">\n                    <h1 class=\"elementor-icon-box-title\">\n                        Restaurantes                    <\/h1>\n                                        <p class=\"elementor-icon-box-description\">Los mejores est\u00e1n incluidos en la lista\r\n(\u00a1y hay otros!)<\/p>\n\n                                    <\/div>\n            <\/div>\n\n        <\/div>\n\n\t\t\t\t\t\t<\/div>\n\t\t\t\t<\/div>\n\t\t\t\t\t<\/div>\n\t\t<\/div>\n\t\t\t\t\t<\/div>\n\t\t<\/section>\n\t\t\t\t<section class=\"elementor-section elementor-top-section elementor-element elementor-element-0c6996f elementor-section-full_width elementor-section-height-default elementor-section-height-default\" data-id=\"0c6996f\" data-element_type=\"section\" data-settings=\"{&quot;background_background&quot;:&quot;slideshow&quot;,&quot;background_slideshow_gallery&quot;:[{&quot;id&quot;:1858,&quot;url&quot;:&quot;https:\\\/\\\/maison1934.com\\\/wp-content\\\/uploads\\\/2022\\\/04\\\/PSX_20220129_203558-scaled.jpg&quot;}],&quot;background_slideshow_loop&quot;:&quot;yes&quot;,&quot;background_slideshow_slide_duration&quot;:5000,&quot;background_slideshow_slide_transition&quot;:&quot;fade&quot;,&quot;background_slideshow_transition_duration&quot;:500}\">\n\t\t\t\t\t\t<div class=\"elementor-container elementor-column-gap-default\">\n\t\t\t\t\t<div class=\"elementor-column elementor-col-50 elementor-top-column elementor-element elementor-element-a860425\" data-id=\"a860425\" data-element_type=\"column\" data-settings=\"{&quot;background_background&quot;:&quot;classic&quot;}\">\n\t\t\t<div class=\"elementor-widget-wrap elementor-element-populated\">\n\t\t\t\t\t\t<div class=\"elementor-element elementor-element-b737f62 elementor-widget elementor-widget-menu-anchor\" data-id=\"b737f62\" data-element_type=\"widget\" data-widget_type=\"menu-anchor.default\">\n\t\t\t\t<div class=\"elementor-widget-container\">\n\t\t\t\t\t\t\t<div class=\"elementor-menu-anchor\" id=\"more1\"><\/div>\n\t\t\t\t\t\t<\/div>\n\t\t\t\t<\/div>\n\t\t\t\t<div class=\"elementor-element elementor-element-f5f7891 elementor-widget elementor-widget-spacer\" data-id=\"f5f7891\" data-element_type=\"widget\" data-widget_type=\"spacer.default\">\n\t\t\t\t<div class=\"elementor-widget-container\">\n\t\t\t\t\t\t\t<div class=\"elementor-spacer\">\n\t\t\t<div class=\"elementor-spacer-inner\"><\/div>\n\t\t<\/div>\n\t\t\t\t\t\t<\/div>\n\t\t\t\t<\/div>\n\t\t\t\t\t<\/div>\n\t\t<\/div>\n\t\t\t\t<div class=\"elementor-column elementor-col-50 elementor-top-column elementor-element elementor-element-7cdc429\" data-id=\"7cdc429\" data-element_type=\"column\" data-settings=\"{&quot;background_background&quot;:&quot;classic&quot;}\">\n\t\t\t<div class=\"elementor-widget-wrap elementor-element-populated\">\n\t\t\t\t\t\t<div class=\"elementor-element elementor-element-2d7ba34 elementor-position-left elementor-view-default elementor-widget elementor-widget-themo-header\" data-id=\"2d7ba34\" data-element_type=\"widget\" data-widget_type=\"themo-header.default\">\n\t\t\t\t<div class=\"elementor-widget-container\">\n\t\t\t\t\t\t\t<div class=\"th-header-wrap\">\n        <div class=\"elementor-icon-box-wrapper \">\n                            <div class=\"elementor-icon-box-content\">\n                    <h3 class=\"elementor-icon-box-title\">\n                        Un viaje culinario                    <\/h3>\n                                        <p class=\"elementor-icon-box-description\"><\/p>\n\n                                    <\/div>\n            <\/div>\n\n        <\/div>\n\n\t\t\t\t\t\t<\/div>\n\t\t\t\t<\/div>\n\t\t\t\t<div class=\"elementor-element elementor-element-5171ea9 elementor-widget elementor-widget-text-editor\" data-id=\"5171ea9\" data-element_type=\"widget\" data-widget_type=\"text-editor.default\">\n\t\t\t\t<div class=\"elementor-widget-container\">\n\t\t\t\t\t\t\t\t\t<p>Al igual que la propia Alsacia, la cocina local de Colmar mezcla influencias francesas y alemanas. Si le apetece derrochar, Colmar cuenta con 10 restaurantes con estrellas Michelin, siendo el JY&#8217;s, de dos estrellas, el m\u00e1s impresionante del canal.<\/p>\n<p style=\"margin: 0cm; font-size: 16px; font-family: Nunito; font-weight: 400; color: #5c5c5c; font-style: normal; background-image: initial; background-position: initial; background-size: initial; background-repeat: initial; background-attachment: initial; background-origin: initial; background-clip: initial;\">M\u00e1s discretos, La Soi y su deliciosa tarte flamb\u00e9e y el r\u00fastico Caveau Saint Pierre y en la terraza junto al agua para degustar platos tradicionales alsacianos. Y guarda espacio para los incre\u00edbles pasteles de Gilg&#8217;s Patisserie.<\/p>\n<p>Adem\u00e1s de <a href=\"https:\/\/maison1934.com\/es\/disfrute-de\/recetas-tradicionales\/\">las especialidades alsacianas<\/a> que ya hemos descrito, tambi\u00e9n podr\u00e1 degustar coq au riesling, kougelhopf, matelote du Rhin o choucroute acompa\u00f1ados de vinos finos y grands crus.<\/p>\n<p>Buen Provecho!<\/p>\n\t\t\t\t\t\t\t\t<\/div>\n\t\t\t\t<\/div>\n\t\t\t\t\t<\/div>\n\t\t<\/div>\n\t\t\t\t\t<\/div>\n\t\t<\/section>\n\t\t\t\t<section class=\"elementor-section elementor-top-section elementor-element elementor-element-6b5628b elementor-section-full_width elementor-section-height-default elementor-section-height-default\" data-id=\"6b5628b\" data-element_type=\"section\">\n\t\t\t\t\t\t<div class=\"elementor-container elementor-column-gap-default\">\n\t\t\t\t\t<div class=\"elementor-column elementor-col-50 elementor-top-column elementor-element elementor-element-09593c4\" data-id=\"09593c4\" data-element_type=\"column\" data-settings=\"{&quot;background_background&quot;:&quot;classic&quot;}\">\n\t\t\t<div class=\"elementor-widget-wrap elementor-element-populated\">\n\t\t\t\t\t\t<div class=\"elementor-element elementor-element-7bb7063 elementor-position-left elementor-view-default elementor-widget elementor-widget-themo-header\" data-id=\"7bb7063\" data-element_type=\"widget\" data-widget_type=\"themo-header.default\">\n\t\t\t\t<div class=\"elementor-widget-container\">\n\t\t\t\t\t\t\t<div class=\"th-header-wrap\">\n        <div class=\"elementor-icon-box-wrapper \">\n                            <div class=\"elementor-icon-box-content\">\n                    <h3 class=\"elementor-icon-box-title\">\n                        \u00a1Qu\u00e9 dif\u00edcil elecci\u00f3n!                    <\/h3>\n                                        <p class=\"elementor-icon-box-description\">Nada mejor para emprender un delicioso viaje culinario en la capital de los vinos de Alsacia que conocer nuestras mejores direcciones, cuidadosamente seleccionadas y probadas para usted: \u00a1piense en reservar su mesa con antelaci\u00f3n a su estancia! Estamos aqu\u00ed para ayudarle.<\/p>\n\n                                    <\/div>\n            <\/div>\n\n        <\/div>\n\n\t\t\t\t\t\t<\/div>\n\t\t\t\t<\/div>\n\t\t\t\t<div class=\"elementor-element elementor-element-afb535b elementor-widget elementor-widget-text-editor\" data-id=\"afb535b\" data-element_type=\"widget\" data-widget_type=\"text-editor.default\">\n\t\t\t\t<div class=\"elementor-widget-container\">\n\t\t\t\t\t\t\t\t\t<h3 data-start=\"246\" data-end=\"297\">\ud83c\udf3f <strong data-start=\"253\" data-end=\"265\">L\u2019Arp\u00e8ge<\/strong> \u2013 \u00a1Uno de nuestros favoritos!<\/h3><p data-start=\"298\" data-end=\"550\"><strong data-start=\"298\" data-end=\"344\">Cocina ecol\u00f3gica \ud83e\udd57, vegetariana y vegana.<\/strong><br data-start=\"344\" data-end=\"347\" \/>\u00a1Una deliciosa mezcla de sabores franceses e internacionales que cautivar\u00e1 todos los paladares!<br data-start=\"442\" data-end=\"445\" \/>\ud83d\udccd <strong data-start=\"448\" data-end=\"461\">Direcci\u00f3n<\/strong>: 1 Rue Saint-Martin<br data-start=\"481\" data-end=\"484\" \/>\u23f0 <strong data-start=\"486\" data-end=\"498\">Horarios<\/strong>: 12:00\u201313:45, 19:00\u201321:00 (cerrado domingo y lunes)<\/p><hr data-start=\"552\" data-end=\"555\" \/><h3 data-start=\"557\" data-end=\"618\">\ud83c\udf7b <strong data-start=\"564\" data-end=\"587\">Brasserie l&#8217;Auberge<\/strong> \u2013 \u00a1Nuestra vecina preferida!<\/h3><p data-start=\"619\" data-end=\"845\"><strong data-start=\"619\" data-end=\"648\">Especialidades alsacianas<\/strong> en un ambiente c\u00e1lido y aut\u00e9ntico.<br data-start=\"683\" data-end=\"686\" \/>\u00a1Perfecto para disfrutar de una comida t\u00edpicamente alsaciana!<br data-start=\"747\" data-end=\"750\" \/>\ud83d\udccd <strong data-start=\"753\" data-end=\"766\">Direcci\u00f3n<\/strong>: 7 Pl. de la Gare<br data-start=\"784\" data-end=\"787\" \/>\u23f0 <strong data-start=\"789\" data-end=\"801\">Horarios<\/strong>: 11:45\u201314:30, 18:45\u201322:30 (cerrado domingo)<\/p><hr data-start=\"847\" data-end=\"850\" \/><h3 data-start=\"852\" data-end=\"882\">\ud83c\udff0 <strong data-start=\"859\" data-end=\"880\">La Cour des Anges<\/strong><\/h3><p data-start=\"883\" data-end=\"1139\">Un restaurante elegante con una <strong data-start=\"915\" data-end=\"948\">cocina tradicional y refinada<\/strong>, que combina las <strong data-start=\"966\" data-end=\"995\">especialidades alsacianas<\/strong> con influencias contempor\u00e1neas.<br data-start=\"1027\" data-end=\"1030\" \/>\ud83d\udccd <strong data-start=\"1033\" data-end=\"1046\">Direcci\u00f3n<\/strong>: 8 Rue des T\u00eates, 68000 Colmar<br data-start=\"1077\" data-end=\"1080\" \/>\u23f0 <strong data-start=\"1082\" data-end=\"1094\">Horarios<\/strong>: 12:00\u201314:00, 19:00\u201321:00 (cerrado el lunes)<\/p><hr data-start=\"1141\" data-end=\"1144\" \/><h3 data-start=\"1146\" data-end=\"1184\">\ud83c\udf7d\ufe0f <strong data-start=\"1154\" data-end=\"1182\">La Cocotte de Grand-M\u00e8re<\/strong><\/h3><p data-start=\"1185\" data-end=\"1405\"><strong data-start=\"1185\" data-end=\"1211\">Cocina francesa casera<\/strong>, \u00a1como en casa!<br data-start=\"1227\" data-end=\"1230\" \/>Para disfrutar de una comida reconfortante llena de sabores y amor.<br data-start=\"1297\" data-end=\"1300\" \/>\ud83d\udccd <strong data-start=\"1303\" data-end=\"1316\">Direcci\u00f3n<\/strong>: 14 Pl. de l&#8217;\u00c9cole<br data-start=\"1335\" data-end=\"1338\" \/>\u23f0 <strong data-start=\"1340\" data-end=\"1352\">Horarios<\/strong>: 12:00\u201314:00, 19:00\u201321:00 (cerrado s\u00e1bado y domingo)<\/p><hr data-start=\"1407\" data-end=\"1410\" \/><h3 data-start=\"1412\" data-end=\"1449\">\ud83c\udf77 <strong data-start=\"1419\" data-end=\"1447\">Caveau Saint Pierre Menu<\/strong><\/h3><p data-start=\"1450\" data-end=\"1713\">Un aut\u00e9ntico restaurante <strong data-start=\"1475\" data-end=\"1488\">alsaciano<\/strong> en un ambiente acogedor y c\u00e1lido.<br data-start=\"1522\" data-end=\"1525\" \/>\u00a1El lugar perfecto para disfrutar de <strong data-start=\"1562\" data-end=\"1597\">platos tradicionales alsacianos<\/strong>!<br data-start=\"1598\" data-end=\"1601\" \/>\ud83d\udccd <strong data-start=\"1604\" data-end=\"1617\">Direcci\u00f3n<\/strong>: 24 Rue de la Herse, 68000 Colmar<br data-start=\"1651\" data-end=\"1654\" \/>\u23f0 <strong data-start=\"1656\" data-end=\"1668\">Horarios<\/strong>: 14:30, 18:45\u201321:00 (abierto todos los d\u00edas)<\/p><hr data-start=\"1715\" data-end=\"1718\" \/><h3 data-start=\"1720\" data-end=\"1739\">\ud83e\udd56 <strong data-start=\"1727\" data-end=\"1737\">La So\u00ef<\/strong><\/h3><p data-start=\"1740\" data-end=\"1939\">Un lugar encantador para disfrutar de <strong data-start=\"1778\" data-end=\"1807\">cocina francesa deliciosa<\/strong> en un ambiente amigable.<br data-start=\"1832\" data-end=\"1835\" \/>\ud83d\udccd <strong data-start=\"1838\" data-end=\"1851\">Direcci\u00f3n<\/strong>: 17 Rue des Marchands<br data-start=\"1873\" data-end=\"1876\" \/>\u23f0 <strong data-start=\"1878\" data-end=\"1890\">Horarios<\/strong>: Abierto todos los d\u00edas 12:00\u201313:30, 19:00\u201321:00<\/p><hr data-start=\"1941\" data-end=\"1944\" \/><h3 data-start=\"1946\" data-end=\"1977\">\ud83c\udf70 <strong data-start=\"1953\" data-end=\"1975\">Jadis et Gourmande<\/strong><\/h3><p data-start=\"1978\" data-end=\"2207\"><strong data-start=\"1978\" data-end=\"2021\">Especialidades alsacianas y sal\u00f3n de t\u00e9<\/strong> en un ambiente acogedor y amigable.<br data-start=\"2057\" data-end=\"2060\" \/>\u00a1Ideal para una pausa dulce o una comida ligera!<br data-start=\"2108\" data-end=\"2111\" \/>\ud83d\udccd <strong data-start=\"2114\" data-end=\"2127\">Direcci\u00f3n<\/strong>: 8 place du march\u00e9 aux fruits<br data-start=\"2157\" data-end=\"2160\" \/>\u23f0 <strong data-start=\"2162\" data-end=\"2174\">Horarios<\/strong>: 08:00 &#8211; 18:00 (cerrado domingo)<\/p><hr data-start=\"2209\" data-end=\"2212\" \/><h3 data-start=\"2214\" data-end=\"2247\"><strong data-start=\"2221\" data-end=\"2245\">\ud83c\udfa8 L&#8217;Atelier du Peintre<\/strong><\/h3><p data-start=\"2248\" data-end=\"2468\">Para los amantes de la <strong data-start=\"2271\" data-end=\"2303\">cocina gastron\u00f3mica francesa<\/strong>, \u00a1este establecimiento es una experiencia culinaria \u00fanica!<br data-start=\"2362\" data-end=\"2365\" \/>\ud83d\udccd <strong data-start=\"2368\" data-end=\"2381\">Direcci\u00f3n<\/strong>: 1 Rue Schongauer<br data-start=\"2399\" data-end=\"2402\" \/>\u23f0 <strong data-start=\"2404\" data-end=\"2416\">Horarios<\/strong>: 12:00\u201314:00, 19:00\u201321:30 (cerrado domingo y lunes)<\/p><hr data-start=\"2470\" data-end=\"2473\" \/><h3 data-start=\"2475\" data-end=\"2509\">\ud83e\udd9e <strong data-start=\"2482\" data-end=\"2507\">Restaurant Le Quai 21<\/strong><\/h3><p data-start=\"2510\" data-end=\"2710\"><strong data-start=\"2510\" data-end=\"2541\">Cocina alsaciana innovadora<\/strong> para una experiencia gastron\u00f3mica moderna y sabrosa.<br data-start=\"2594\" data-end=\"2597\" \/>\ud83d\udccd <strong data-start=\"2600\" data-end=\"2613\">Direcci\u00f3n<\/strong>: 21 Quai de la Poissonnerie<br data-start=\"2641\" data-end=\"2644\" \/>\u23f0 <strong data-start=\"2646\" data-end=\"2658\">Horarios<\/strong>: 12:00\u201313:30, 19:00\u201320:30 (cerrado domingo y lunes)<\/p>\t\t\t\t\t\t\t\t<\/div>\n\t\t\t\t<\/div>\n\t\t\t\t<div class=\"elementor-element elementor-element-91a9de5 th-btn-align-center elementor-widget elementor-widget-themo-button\" data-id=\"91a9de5\" data-element_type=\"widget\" data-widget_type=\"themo-button.default\">\n\t\t\t\t<div class=\"elementor-widget-container\">\n\t\t\t\t\t\n                \t\t\t<a class=\"btn-1 btn th-btn btn-standard-primary\" href=\"https:\/\/maison1934.com\/ou-nous-trouver\/#contact\">\n\t\t\t\t\t\t\t\t\tM\u00e1s informaci\u00f3n\t\t\t\t\t\t\t<\/a>\n\t\t\n        \n\t\t\t\t\t\t<\/div>\n\t\t\t\t<\/div>\n\t\t\t\t\t<\/div>\n\t\t<\/div>\n\t\t\t\t<div class=\"elementor-column elementor-col-50 elementor-top-column elementor-element elementor-element-2cdf0c1\" data-id=\"2cdf0c1\" data-element_type=\"column\" data-settings=\"{&quot;background_background&quot;:&quot;classic&quot;}\">\n\t\t\t<div class=\"elementor-widget-wrap elementor-element-populated\">\n\t\t\t\t\t\t<div class=\"elementor-element elementor-element-6253e78 elementor-widget elementor-widget-spacer\" data-id=\"6253e78\" data-element_type=\"widget\" data-widget_type=\"spacer.default\">\n\t\t\t\t<div class=\"elementor-widget-container\">\n\t\t\t\t\t\t\t<div class=\"elementor-spacer\">\n\t\t\t<div class=\"elementor-spacer-inner\"><\/div>\n\t\t<\/div>\n\t\t\t\t\t\t<\/div>\n\t\t\t\t<\/div>\n\t\t\t\t\t<\/div>\n\t\t<\/div>\n\t\t\t\t\t<\/div>\n\t\t<\/section>\n\t\t\t\t<section class=\"elementor-section elementor-top-section elementor-element elementor-element-a340d70 elementor-section-boxed elementor-section-height-default elementor-section-height-default\" data-id=\"a340d70\" data-element_type=\"section\">\n\t\t\t\t\t\t<div class=\"elementor-container elementor-column-gap-default\">\n\t\t\t\t\t<div class=\"elementor-column elementor-col-100 elementor-top-column elementor-element elementor-element-5d8b857\" data-id=\"5d8b857\" data-element_type=\"column\">\n\t\t\t<div class=\"elementor-widget-wrap elementor-element-populated\">\n\t\t\t\t\t\t<div class=\"elementor-element elementor-element-fe0f367 elementor-widget elementor-widget-spacer\" data-id=\"fe0f367\" data-element_type=\"widget\" data-widget_type=\"spacer.default\">\n\t\t\t\t<div class=\"elementor-widget-container\">\n\t\t\t\t\t\t\t<div class=\"elementor-spacer\">\n\t\t\t<div class=\"elementor-spacer-inner\"><\/div>\n\t\t<\/div>\n\t\t\t\t\t\t<\/div>\n\t\t\t\t<\/div>\n\t\t\t\t\t<\/div>\n\t\t<\/div>\n\t\t\t\t\t<\/div>\n\t\t<\/section>\n\t\t\t\t<\/div>\n\t\t","protected":false},"excerpt":{"rendered":"<p>Restaurantes Los mejores est\u00e1n incluidos en la lista (\u00a1y hay otros!) Un viaje culinario Al igual que la propia Alsacia, la cocina local de Colmar mezcla influencias francesas y alemanas. Si le apetece derrochar, Colmar cuenta con 10 restaurantes con &hellip; <a href=\"https:\/\/maison1934.com\/es\/disfrute-de\/restaurantes\/\">Read More<\/a><\/p>\n","protected":false},"author":2,"featured_media":0,"parent":8632,"menu_order":9,"comment_status":"closed","ping_status":"closed","template":"","meta":{"_acf_changed":false,"footnotes":""},"class_list":["post-8564","page","type-page","status-publish","hentry"],"acf":[],"yoast_head":"<!-- This site is optimized with the Yoast SEO plugin v26.7 - https:\/\/yoast.com\/wordpress\/plugins\/seo\/ -->\n<title>Restaurantes - Maison 1934<\/title>\n<meta name=\"description\" content=\"\u00a1Qu\u00e9 dif\u00edcil elecci\u00f3n! La regi\u00f3n de Colmar est\u00e1 llena de excelentes direcciones y cuenta con un total de 13 estrellas Michelin para 200,000 habitantes.\" \/>\n<meta name=\"robots\" content=\"index, follow, max-snippet:-1, max-image-preview:large, max-video-preview:-1\" \/>\n<link rel=\"canonical\" href=\"https:\/\/maison1934.com\/es\/disfrute-de\/restaurantes\/\" \/>\n<meta property=\"og:locale\" content=\"es_ES\" \/>\n<meta property=\"og:type\" content=\"article\" \/>\n<meta property=\"og:title\" content=\"Restaurantes - Maison 1934\" \/>\n<meta property=\"og:description\" content=\"\u00a1Qu\u00e9 dif\u00edcil elecci\u00f3n! La regi\u00f3n de Colmar est\u00e1 llena de excelentes direcciones y cuenta con un total de 13 estrellas Michelin para 200,000 habitantes.\" \/>\n<meta property=\"og:url\" content=\"https:\/\/maison1934.com\/es\/disfrute-de\/restaurantes\/\" \/>\n<meta property=\"og:site_name\" content=\"Maison 1934\" \/>\n<meta property=\"article:modified_time\" content=\"2025-03-16T10:58:35+00:00\" \/>\n<meta name=\"twitter:card\" content=\"summary_large_image\" \/>\n<meta name=\"twitter:label1\" content=\"Tiempo de lectura\" \/>\n\t<meta name=\"twitter:data1\" content=\"8 minutos\" \/>\n<script type=\"application\/ld+json\" class=\"yoast-schema-graph\">{\"@context\":\"https:\/\/schema.org\",\"@graph\":[{\"@type\":\"WebPage\",\"@id\":\"https:\/\/maison1934.com\/es\/disfrute-de\/restaurantes\/\",\"url\":\"https:\/\/maison1934.com\/es\/disfrute-de\/restaurantes\/\",\"name\":\"Restaurantes - Maison 1934\",\"isPartOf\":{\"@id\":\"https:\/\/maison1934.com\/es\/#website\"},\"datePublished\":\"2021-07-16T12:27:30+00:00\",\"dateModified\":\"2025-03-16T10:58:35+00:00\",\"description\":\"\u00a1Qu\u00e9 dif\u00edcil elecci\u00f3n! La regi\u00f3n de Colmar est\u00e1 llena de excelentes direcciones y cuenta con un total de 13 estrellas Michelin para 200,000 habitantes.\",\"breadcrumb\":{\"@id\":\"https:\/\/maison1934.com\/es\/disfrute-de\/restaurantes\/#breadcrumb\"},\"inLanguage\":\"es\",\"potentialAction\":[{\"@type\":\"ReadAction\",\"target\":[\"https:\/\/maison1934.com\/es\/disfrute-de\/restaurantes\/\"]}]},{\"@type\":\"BreadcrumbList\",\"@id\":\"https:\/\/maison1934.com\/es\/disfrute-de\/restaurantes\/#breadcrumb\",\"itemListElement\":[{\"@type\":\"ListItem\",\"position\":1,\"name\":\"Accueil\",\"item\":\"https:\/\/maison1934.com\/es\/\"},{\"@type\":\"ListItem\",\"position\":2,\"name\":\"Saborear\",\"item\":\"https:\/\/maison1934.com\/es\/savourer\/\"},{\"@type\":\"ListItem\",\"position\":3,\"name\":\"Restaurantes\"}]},{\"@type\":\"WebSite\",\"@id\":\"https:\/\/maison1934.com\/es\/#website\",\"url\":\"https:\/\/maison1934.com\/es\/\",\"name\":\"Maison 1934\",\"description\":\"Vos appart&#039;h\u00f4tels \u00e0 Colmar\",\"potentialAction\":[{\"@type\":\"SearchAction\",\"target\":{\"@type\":\"EntryPoint\",\"urlTemplate\":\"https:\/\/maison1934.com\/es\/?s={search_term_string}\"},\"query-input\":{\"@type\":\"PropertyValueSpecification\",\"valueRequired\":true,\"valueName\":\"search_term_string\"}}],\"inLanguage\":\"es\"}]}<\/script>\n<!-- \/ Yoast SEO plugin. -->","yoast_head_json":{"title":"Restaurantes - Maison 1934","description":"\u00a1Qu\u00e9 dif\u00edcil elecci\u00f3n! La regi\u00f3n de Colmar est\u00e1 llena de excelentes direcciones y cuenta con un total de 13 estrellas Michelin para 200,000 habitantes.","robots":{"index":"index","follow":"follow","max-snippet":"max-snippet:-1","max-image-preview":"max-image-preview:large","max-video-preview":"max-video-preview:-1"},"canonical":"https:\/\/maison1934.com\/es\/disfrute-de\/restaurantes\/","og_locale":"es_ES","og_type":"article","og_title":"Restaurantes - Maison 1934","og_description":"\u00a1Qu\u00e9 dif\u00edcil elecci\u00f3n! La regi\u00f3n de Colmar est\u00e1 llena de excelentes direcciones y cuenta con un total de 13 estrellas Michelin para 200,000 habitantes.","og_url":"https:\/\/maison1934.com\/es\/disfrute-de\/restaurantes\/","og_site_name":"Maison 1934","article_modified_time":"2025-03-16T10:58:35+00:00","twitter_card":"summary_large_image","twitter_misc":{"Tiempo de lectura":"8 minutos"},"schema":{"@context":"https:\/\/schema.org","@graph":[{"@type":"WebPage","@id":"https:\/\/maison1934.com\/es\/disfrute-de\/restaurantes\/","url":"https:\/\/maison1934.com\/es\/disfrute-de\/restaurantes\/","name":"Restaurantes - Maison 1934","isPartOf":{"@id":"https:\/\/maison1934.com\/es\/#website"},"datePublished":"2021-07-16T12:27:30+00:00","dateModified":"2025-03-16T10:58:35+00:00","description":"\u00a1Qu\u00e9 dif\u00edcil elecci\u00f3n! La regi\u00f3n de Colmar est\u00e1 llena de excelentes direcciones y cuenta con un total de 13 estrellas Michelin para 200,000 habitantes.","breadcrumb":{"@id":"https:\/\/maison1934.com\/es\/disfrute-de\/restaurantes\/#breadcrumb"},"inLanguage":"es","potentialAction":[{"@type":"ReadAction","target":["https:\/\/maison1934.com\/es\/disfrute-de\/restaurantes\/"]}]},{"@type":"BreadcrumbList","@id":"https:\/\/maison1934.com\/es\/disfrute-de\/restaurantes\/#breadcrumb","itemListElement":[{"@type":"ListItem","position":1,"name":"Accueil","item":"https:\/\/maison1934.com\/es\/"},{"@type":"ListItem","position":2,"name":"Saborear","item":"https:\/\/maison1934.com\/es\/savourer\/"},{"@type":"ListItem","position":3,"name":"Restaurantes"}]},{"@type":"WebSite","@id":"https:\/\/maison1934.com\/es\/#website","url":"https:\/\/maison1934.com\/es\/","name":"Maison 1934","description":"Vos appart&#039;h\u00f4tels \u00e0 Colmar","potentialAction":[{"@type":"SearchAction","target":{"@type":"EntryPoint","urlTemplate":"https:\/\/maison1934.com\/es\/?s={search_term_string}"},"query-input":{"@type":"PropertyValueSpecification","valueRequired":true,"valueName":"search_term_string"}}],"inLanguage":"es"}]}},"_links":{"self":[{"href":"https:\/\/maison1934.com\/es\/wp-json\/wp\/v2\/pages\/8564","targetHints":{"allow":["GET"]}}],"collection":[{"href":"https:\/\/maison1934.com\/es\/wp-json\/wp\/v2\/pages"}],"about":[{"href":"https:\/\/maison1934.com\/es\/wp-json\/wp\/v2\/types\/page"}],"author":[{"embeddable":true,"href":"https:\/\/maison1934.com\/es\/wp-json\/wp\/v2\/users\/2"}],"replies":[{"embeddable":true,"href":"https:\/\/maison1934.com\/es\/wp-json\/wp\/v2\/comments?post=8564"}],"version-history":[{"count":9,"href":"https:\/\/maison1934.com\/es\/wp-json\/wp\/v2\/pages\/8564\/revisions"}],"predecessor-version":[{"id":14941,"href":"https:\/\/maison1934.com\/es\/wp-json\/wp\/v2\/pages\/8564\/revisions\/14941"}],"up":[{"embeddable":true,"href":"https:\/\/maison1934.com\/es\/wp-json\/wp\/v2\/pages\/8632"}],"wp:attachment":[{"href":"https:\/\/maison1934.com\/es\/wp-json\/wp\/v2\/media?parent=8564"}],"curies":[{"name":"wp","href":"https:\/\/api.w.org\/{rel}","templated":true}]}}