{"id":8583,"date":"2021-07-16T14:30:55","date_gmt":"2021-07-16T12:30:55","guid":{"rendered":"https:\/\/maison1934.com\/salones-de-te\/"},"modified":"2025-03-16T03:05:48","modified_gmt":"2025-03-16T02:05:48","slug":"salones-de-te","status":"publish","type":"page","link":"https:\/\/maison1934.com\/es\/disfrute-de\/salones-de-te\/","title":{"rendered":"Salones de t\u00e9"},"content":{"rendered":"\t\t<div data-elementor-type=\"wp-post\" data-elementor-id=\"8583\" class=\"elementor elementor-8583 elementor-634\">\n\t\t\t\t\t\t<section class=\"elementor-section elementor-top-section elementor-element elementor-element-3abe1d47 elementor-section-full_width elementor-section-height-min-height elementor-section-height-default elementor-section-items-middle\" data-id=\"3abe1d47\" data-element_type=\"section\" data-settings=\"{&quot;background_background&quot;:&quot;classic&quot;}\">\n\t\t\t\t\t\t\t<div class=\"elementor-background-overlay\"><\/div>\n\t\t\t\t\t\t\t<div class=\"elementor-container elementor-column-gap-default\">\n\t\t\t\t\t<div class=\"elementor-column elementor-col-100 elementor-top-column elementor-element elementor-element-1cd780e3\" data-id=\"1cd780e3\" data-element_type=\"column\">\n\t\t\t<div class=\"elementor-widget-wrap elementor-element-populated\">\n\t\t\t\t\t\t<div class=\"elementor-element elementor-element-367392ab elementor-widget elementor-widget-spacer\" data-id=\"367392ab\" data-element_type=\"widget\" data-widget_type=\"spacer.default\">\n\t\t\t\t<div class=\"elementor-widget-container\">\n\t\t\t\t\t\t\t<div class=\"elementor-spacer\">\n\t\t\t<div class=\"elementor-spacer-inner\"><\/div>\n\t\t<\/div>\n\t\t\t\t\t\t<\/div>\n\t\t\t\t<\/div>\n\t\t\t\t<div class=\"elementor-element elementor-element-2745faf1 elementor-view-default elementor-position-top elementor-invisible elementor-widget elementor-widget-themo-header\" data-id=\"2745faf1\" data-element_type=\"widget\" data-settings=\"{&quot;_animation&quot;:&quot;fadeIn&quot;}\" data-widget_type=\"themo-header.default\">\n\t\t\t\t<div class=\"elementor-widget-container\">\n\t\t\t\t\t\t\t<div class=\"th-header-wrap\">\n        <div class=\"elementor-icon-box-wrapper \">\n                            <div class=\"elementor-icon-box-content\">\n                    <h1 class=\"elementor-icon-box-title\">\n                        Salones de t\u00e9                    <\/h1>\n                                        <p class=\"elementor-icon-box-description\">Una instituci\u00f3n que no deben perderse los gourmets<\/p>\n\n                                    <\/div>\n            <\/div>\n\n        <\/div>\n\n\t\t\t\t\t\t<\/div>\n\t\t\t\t<\/div>\n\t\t\t\t\t<\/div>\n\t\t<\/div>\n\t\t\t\t\t<\/div>\n\t\t<\/section>\n\t\t\t\t<section class=\"elementor-section elementor-top-section elementor-element elementor-element-be10648 elementor-section-boxed elementor-section-height-default elementor-section-height-default\" data-id=\"be10648\" data-element_type=\"section\">\n\t\t\t\t\t\t<div class=\"elementor-container elementor-column-gap-default\">\n\t\t\t\t\t<div class=\"elementor-column elementor-col-100 elementor-top-column elementor-element elementor-element-7b34fb2\" data-id=\"7b34fb2\" data-element_type=\"column\">\n\t\t\t<div class=\"elementor-widget-wrap elementor-element-populated\">\n\t\t\t\t\t\t<div class=\"elementor-element elementor-element-644fadd elementor-widget elementor-widget-spacer\" data-id=\"644fadd\" data-element_type=\"widget\" data-widget_type=\"spacer.default\">\n\t\t\t\t<div class=\"elementor-widget-container\">\n\t\t\t\t\t\t\t<div class=\"elementor-spacer\">\n\t\t\t<div class=\"elementor-spacer-inner\"><\/div>\n\t\t<\/div>\n\t\t\t\t\t\t<\/div>\n\t\t\t\t<\/div>\n\t\t\t\t\t<\/div>\n\t\t<\/div>\n\t\t\t\t\t<\/div>\n\t\t<\/section>\n\t\t\t\t<section class=\"elementor-section elementor-top-section elementor-element elementor-element-b0be76b elementor-section-full_width elementor-section-height-default elementor-section-height-default\" data-id=\"b0be76b\" data-element_type=\"section\" data-settings=\"{&quot;background_background&quot;:&quot;slideshow&quot;,&quot;background_slideshow_gallery&quot;:[{&quot;id&quot;:1858,&quot;url&quot;:&quot;https:\\\/\\\/maison1934.com\\\/wp-content\\\/uploads\\\/2022\\\/04\\\/PSX_20220129_203558-scaled.jpg&quot;}],&quot;background_slideshow_loop&quot;:&quot;yes&quot;,&quot;background_slideshow_slide_duration&quot;:5000,&quot;background_slideshow_slide_transition&quot;:&quot;fade&quot;,&quot;background_slideshow_transition_duration&quot;:500}\">\n\t\t\t\t\t\t<div class=\"elementor-container elementor-column-gap-default\">\n\t\t\t\t\t<div class=\"elementor-column elementor-col-50 elementor-top-column elementor-element elementor-element-8a937e2\" data-id=\"8a937e2\" data-element_type=\"column\" data-settings=\"{&quot;background_background&quot;:&quot;classic&quot;}\">\n\t\t\t<div class=\"elementor-widget-wrap elementor-element-populated\">\n\t\t\t\t\t\t<div class=\"elementor-element elementor-element-8244ed7 elementor-widget elementor-widget-menu-anchor\" data-id=\"8244ed7\" data-element_type=\"widget\" data-widget_type=\"menu-anchor.default\">\n\t\t\t\t<div class=\"elementor-widget-container\">\n\t\t\t\t\t\t\t<div class=\"elementor-menu-anchor\" id=\"more1\"><\/div>\n\t\t\t\t\t\t<\/div>\n\t\t\t\t<\/div>\n\t\t\t\t<div class=\"elementor-element elementor-element-f9cdd3b elementor-widget elementor-widget-spacer\" data-id=\"f9cdd3b\" data-element_type=\"widget\" data-widget_type=\"spacer.default\">\n\t\t\t\t<div class=\"elementor-widget-container\">\n\t\t\t\t\t\t\t<div class=\"elementor-spacer\">\n\t\t\t<div class=\"elementor-spacer-inner\"><\/div>\n\t\t<\/div>\n\t\t\t\t\t\t<\/div>\n\t\t\t\t<\/div>\n\t\t\t\t\t<\/div>\n\t\t<\/div>\n\t\t\t\t<div class=\"elementor-column elementor-col-50 elementor-top-column elementor-element elementor-element-5a95ac8\" data-id=\"5a95ac8\" data-element_type=\"column\" data-settings=\"{&quot;background_background&quot;:&quot;classic&quot;}\">\n\t\t\t<div class=\"elementor-widget-wrap elementor-element-populated\">\n\t\t\t\t\t\t<div class=\"elementor-element elementor-element-3fb5f13 elementor-position-left elementor-view-default elementor-widget elementor-widget-themo-header\" data-id=\"3fb5f13\" data-element_type=\"widget\" data-widget_type=\"themo-header.default\">\n\t\t\t\t<div class=\"elementor-widget-container\">\n\t\t\t\t\t\t\t<div class=\"th-header-wrap\">\n        <div class=\"elementor-icon-box-wrapper \">\n                            <div class=\"elementor-icon-box-content\">\n                    <h3 class=\"elementor-icon-box-title\">\n                        Caf\u00e9-Kuchen                    <\/h3>\n                                        <p class=\"elementor-icon-box-description\"><\/p>\n\n                                    <\/div>\n            <\/div>\n\n        <\/div>\n\n\t\t\t\t\t\t<\/div>\n\t\t\t\t<\/div>\n\t\t\t\t<div class=\"elementor-element elementor-element-dd79df7 elementor-widget elementor-widget-text-editor\" data-id=\"dd79df7\" data-element_type=\"widget\" data-widget_type=\"text-editor.default\">\n\t\t\t\t<div class=\"elementor-widget-container\">\n\t\t\t\t\t\t\t\t\t<p data-start=\"1149\" data-end=\"1502\">Al igual que muchas otras especialidades alsacianas que ya hemos descrito, el <strong data-start=\"1227\" data-end=\"1244\">\u00abCaf\u00e9-Kuchen\u00bb<\/strong> es una merienda tradicional entre el almuerzo y la cena, heredada de Alemania. Ya sea una deliciosa tarta casera de frutas o una obra maestra de pasteler\u00eda decorada con arte, un buen trozo de pastel siempre acompa\u00f1a a un buen caf\u00e9 en este momento del d\u00eda.<\/p>\n<p data-start=\"1504\" data-end=\"1788\">En los salones de t\u00e9 y caf\u00e9s de Alsacia encontrar\u00e1 innumerables variedades de pasteles: <strong data-start=\"1592\" data-end=\"1676\">Tarta Selva Negra, Charlotte, Crottin, \u00d3pera, Paris-Brest, Saint-Honor\u00e9, \u00c9clairs<\/strong>, adem\u00e1s de muchas tartas o strudels preparados con <strong data-start=\"1728\" data-end=\"1785\">frutas frescas como mirabeles, ar\u00e1ndanos y muchas m\u00e1s<\/strong>.<\/p>\n<p data-start=\"1790\" data-end=\"2039\">Dado que el caf\u00e9 y la pasteler\u00eda forman parte esencial del estilo de vida alsaciano, tal vez sea porque hacer un pastel para alguien \u2013 ya sea para una celebraci\u00f3n, un cumplea\u00f1os o simplemente por placer \u2013 es un gesto de amor t\u00edpicamente alsaciano.<\/p>\n<p data-start=\"2041\" data-end=\"2066\"><strong data-start=\"2041\" data-end=\"2060\">\u00a1Buen provecho!<\/strong> \ud83c\udf70\u2615<\/p>\n\t\t\t\t\t\t\t\t<\/div>\n\t\t\t\t<\/div>\n\t\t\t\t\t<\/div>\n\t\t<\/div>\n\t\t\t\t\t<\/div>\n\t\t<\/section>\n\t\t\t\t<section class=\"elementor-section elementor-top-section elementor-element elementor-element-c95065b elementor-section-full_width elementor-section-height-default elementor-section-height-default\" data-id=\"c95065b\" data-element_type=\"section\">\n\t\t\t\t\t\t<div class=\"elementor-container elementor-column-gap-default\">\n\t\t\t\t\t<div class=\"elementor-column elementor-col-50 elementor-top-column elementor-element elementor-element-2b156ca\" data-id=\"2b156ca\" data-element_type=\"column\" data-settings=\"{&quot;background_background&quot;:&quot;classic&quot;}\">\n\t\t\t<div class=\"elementor-widget-wrap elementor-element-populated\">\n\t\t\t\t\t\t<div class=\"elementor-element elementor-element-1eba29f elementor-position-left elementor-view-default elementor-widget elementor-widget-themo-header\" data-id=\"1eba29f\" data-element_type=\"widget\" data-widget_type=\"themo-header.default\">\n\t\t\t\t<div class=\"elementor-widget-container\">\n\t\t\t\t\t\t\t<div class=\"th-header-wrap\">\n        <div class=\"elementor-icon-box-wrapper \">\n                            <div class=\"elementor-icon-box-content\">\n                    <h3 class=\"elementor-icon-box-title\">\n                        \u00a1Qu\u00e9 dif\u00edcil elecci\u00f3n!                    <\/h3>\n                                        <p class=\"elementor-icon-box-description\">No hay nada mejor que emprender un hermoso viaje culinario en la capital de los vinos de Alsacia conociendo nuestras mejores direcciones, cuidadosamente probadas para usted. \u00a1Recuerde reservar su mesa con antelaci\u00f3n! Estamos aqu\u00ed para ayudarle.<\/p>\n\n                                    <\/div>\n            <\/div>\n\n        <\/div>\n\n\t\t\t\t\t\t<\/div>\n\t\t\t\t<\/div>\n\t\t\t\t<div class=\"elementor-element elementor-element-97ae761 elementor-position-left elementor-view-default elementor-widget elementor-widget-themo-header\" data-id=\"97ae761\" data-element_type=\"widget\" data-widget_type=\"themo-header.default\">\n\t\t\t\t<div class=\"elementor-widget-container\">\n\t\t\t\t\t\t\t<div class=\"th-header-wrap\">\n        <div class=\"elementor-icon-box-wrapper \">\n                            <div class=\"elementor-icon-box-content\">\n                    <h2 class=\"elementor-icon-box-title\">\n                        L'Art\u00e9mise                    <\/h2>\n                                        <p class=\"elementor-icon-box-description\">\ud83d\udccd 10 Rue des \u00c9coles\r\n\ud83d\udd70 Horario: 10:00\u201318:00 (cerrado martes y mi\u00e9rcoles)<\/p>\n\n                                    <\/div>\n            <\/div>\n\n        <\/div>\n\n\t\t\t\t\t\t<\/div>\n\t\t\t\t<\/div>\n\t\t\t\t<div class=\"elementor-element elementor-element-7b27901 elementor-position-left elementor-view-default elementor-widget elementor-widget-themo-header\" data-id=\"7b27901\" data-element_type=\"widget\" data-widget_type=\"themo-header.default\">\n\t\t\t\t<div class=\"elementor-widget-container\">\n\t\t\t\t\t\t\t<div class=\"th-header-wrap\">\n        <div class=\"elementor-icon-box-wrapper \">\n                            <div class=\"elementor-icon-box-content\">\n                    <h2 class=\"elementor-icon-box-title\">\n                        Le Boudoir                    <\/h2>\n                                        <p class=\"elementor-icon-box-description\">\ud83d\udccd 15 Grand Rue\r\n\ud83d\udd70 Horario: 08:30\u201318:00 (cerrado domingo)<\/p>\n\n                                    <\/div>\n            <\/div>\n\n        <\/div>\n\n\t\t\t\t\t\t<\/div>\n\t\t\t\t<\/div>\n\t\t\t\t<div class=\"elementor-element elementor-element-d2088d5 elementor-position-left elementor-view-default elementor-widget elementor-widget-themo-header\" data-id=\"d2088d5\" data-element_type=\"widget\" data-widget_type=\"themo-header.default\">\n\t\t\t\t<div class=\"elementor-widget-container\">\n\t\t\t\t\t\t\t<div class=\"th-header-wrap\">\n        <div class=\"elementor-icon-box-wrapper \">\n                            <div class=\"elementor-icon-box-content\">\n                    <h2 class=\"elementor-icon-box-title\">\n                        L'Atelier de Yann                    <\/h2>\n                                        <p class=\"elementor-icon-box-description\">\ud83d\udccd 11 Pl. de la Cath\u00e9drale\r\n\ud83d\udd70 Horario: 08:30\u201318:00 (cerrado domingo)<\/p>\n\n                                    <\/div>\n            <\/div>\n\n        <\/div>\n\n\t\t\t\t\t\t<\/div>\n\t\t\t\t<\/div>\n\t\t\t\t<div class=\"elementor-element elementor-element-7ee1395 elementor-position-left elementor-view-default elementor-widget elementor-widget-themo-header\" data-id=\"7ee1395\" data-element_type=\"widget\" data-widget_type=\"themo-header.default\">\n\t\t\t\t<div class=\"elementor-widget-container\">\n\t\t\t\t\t\t\t<div class=\"th-header-wrap\">\n        <div class=\"elementor-icon-box-wrapper \">\n                            <div class=\"elementor-icon-box-content\">\n                    <h2 class=\"elementor-icon-box-title\">\n                        Virevol'Th\u00e9s &amp; Gourmandises                    <\/h2>\n                                        <p class=\"elementor-icon-box-description\">\ud83d\udccd 2 Rue Rapp\r\n\ud83d\udd70 Horario: 09:00\u201318:00 (cerrado lunes y domingo)<\/p>\n\n                                    <\/div>\n            <\/div>\n\n        <\/div>\n\n\t\t\t\t\t\t<\/div>\n\t\t\t\t<\/div>\n\t\t\t\t<div class=\"elementor-element elementor-element-cdd0cad elementor-position-left elementor-view-default elementor-widget elementor-widget-themo-header\" data-id=\"cdd0cad\" data-element_type=\"widget\" data-widget_type=\"themo-header.default\">\n\t\t\t\t<div class=\"elementor-widget-container\">\n\t\t\t\t\t\t\t<div class=\"th-header-wrap\">\n        <div class=\"elementor-icon-box-wrapper \">\n                            <div class=\"elementor-icon-box-content\">\n                    <h2 class=\"elementor-icon-box-title\">\n                        L'Essence du Th\u00e9                    <\/h2>\n                                        <p class=\"elementor-icon-box-description\">\ud83d\udccd 38 Bis Rue des Marchands, Colmar\r\n\ud83d\udd70 Horario: 10:00\u201318:30 (cerrado domingo)<\/p>\n\n                                    <\/div>\n            <\/div>\n\n        <\/div>\n\n\t\t\t\t\t\t<\/div>\n\t\t\t\t<\/div>\n\t\t\t\t<div class=\"elementor-element elementor-element-abc62fd elementor-position-left elementor-view-default elementor-widget elementor-widget-themo-header\" data-id=\"abc62fd\" data-element_type=\"widget\" data-widget_type=\"themo-header.default\">\n\t\t\t\t<div class=\"elementor-widget-container\">\n\t\t\t\t\t\t\t<div class=\"th-header-wrap\">\n        <div class=\"elementor-icon-box-wrapper \">\n                            <div class=\"elementor-icon-box-content\">\n                    <h2 class=\"elementor-icon-box-title\">\n                        Salon de Th\u00e9 Grand\u2019Rue (Estrasburgo)                    <\/h2>\n                                        <p class=\"elementor-icon-box-description\">\ud83d\udccd 80 Grand\u2019Rue, Estrasburgo\r\n\ud83d\udd70 Horario: 08:30\u201318:30, de martes a s\u00e1bado\r\n\ud83d\udc9b (\u00a1Un lugar que nos encanta!)<\/p>\n\n                                    <\/div>\n            <\/div>\n\n        <\/div>\n\n\t\t\t\t\t\t<\/div>\n\t\t\t\t<\/div>\n\t\t\t\t<div class=\"elementor-element elementor-element-2391333 th-btn-align-center elementor-widget elementor-widget-themo-button\" data-id=\"2391333\" data-element_type=\"widget\" data-widget_type=\"themo-button.default\">\n\t\t\t\t<div class=\"elementor-widget-container\">\n\t\t\t\t\t\n                \t\t\t<a class=\"btn-1 btn th-btn btn-standard-primary\" href=\"https:\/\/maison1934.com\/ou-nous-trouver\/#contact\">\n\t\t\t\t\t\t\t\t\tDescubra m\u00e1s\t\t\t\t\t\t\t<\/a>\n\t\t\n        \n\t\t\t\t\t\t<\/div>\n\t\t\t\t<\/div>\n\t\t\t\t\t<\/div>\n\t\t<\/div>\n\t\t\t\t<div class=\"elementor-column elementor-col-50 elementor-top-column elementor-element elementor-element-0d756b1\" data-id=\"0d756b1\" data-element_type=\"column\" data-settings=\"{&quot;background_background&quot;:&quot;classic&quot;}\">\n\t\t\t<div class=\"elementor-widget-wrap elementor-element-populated\">\n\t\t\t\t\t\t<div class=\"elementor-element elementor-element-c74dabd elementor-widget elementor-widget-spacer\" data-id=\"c74dabd\" data-element_type=\"widget\" data-widget_type=\"spacer.default\">\n\t\t\t\t<div class=\"elementor-widget-container\">\n\t\t\t\t\t\t\t<div class=\"elementor-spacer\">\n\t\t\t<div class=\"elementor-spacer-inner\"><\/div>\n\t\t<\/div>\n\t\t\t\t\t\t<\/div>\n\t\t\t\t<\/div>\n\t\t\t\t\t<\/div>\n\t\t<\/div>\n\t\t\t\t\t<\/div>\n\t\t<\/section>\n\t\t\t\t<section class=\"elementor-section elementor-top-section elementor-element elementor-element-a340d70 elementor-section-boxed elementor-section-height-default elementor-section-height-default\" data-id=\"a340d70\" data-element_type=\"section\">\n\t\t\t\t\t\t<div class=\"elementor-container elementor-column-gap-default\">\n\t\t\t\t\t<div class=\"elementor-column elementor-col-100 elementor-top-column elementor-element elementor-element-5d8b857\" data-id=\"5d8b857\" data-element_type=\"column\">\n\t\t\t<div class=\"elementor-widget-wrap elementor-element-populated\">\n\t\t\t\t\t\t<div class=\"elementor-element elementor-element-fe0f367 elementor-widget elementor-widget-spacer\" data-id=\"fe0f367\" data-element_type=\"widget\" data-widget_type=\"spacer.default\">\n\t\t\t\t<div class=\"elementor-widget-container\">\n\t\t\t\t\t\t\t<div class=\"elementor-spacer\">\n\t\t\t<div class=\"elementor-spacer-inner\"><\/div>\n\t\t<\/div>\n\t\t\t\t\t\t<\/div>\n\t\t\t\t<\/div>\n\t\t\t\t\t<\/div>\n\t\t<\/div>\n\t\t\t\t\t<\/div>\n\t\t<\/section>\n\t\t\t\t<\/div>\n\t\t","protected":false},"excerpt":{"rendered":"<p>Salones de t\u00e9 Una instituci\u00f3n que no deben perderse los gourmets Caf\u00e9-Kuchen Al igual que muchas otras especialidades alsacianas que ya hemos descrito, el \u00abCaf\u00e9-Kuchen\u00bb es una merienda tradicional entre el almuerzo y la cena, heredada de Alemania. Ya sea &hellip; <a href=\"https:\/\/maison1934.com\/es\/disfrute-de\/salones-de-te\/\">Read More<\/a><\/p>\n","protected":false},"author":2,"featured_media":0,"parent":8632,"menu_order":9,"comment_status":"closed","ping_status":"closed","template":"","meta":{"_acf_changed":false,"footnotes":""},"class_list":["post-8583","page","type-page","status-publish","hentry"],"acf":[],"yoast_head":"<!-- This site is optimized with the Yoast SEO plugin v26.7 - https:\/\/yoast.com\/wordpress\/plugins\/seo\/ -->\n<title>Salones de t\u00e9 - Maison 1934<\/title>\n<meta name=\"robots\" content=\"index, follow, max-snippet:-1, max-image-preview:large, max-video-preview:-1\" \/>\n<link rel=\"canonical\" href=\"https:\/\/maison1934.com\/es\/disfrute-de\/salones-de-te\/\" \/>\n<meta property=\"og:locale\" content=\"es_ES\" \/>\n<meta property=\"og:type\" content=\"article\" \/>\n<meta property=\"og:title\" content=\"Salones de t\u00e9 - Maison 1934\" \/>\n<meta property=\"og:description\" content=\"Salones de t\u00e9 Una instituci\u00f3n que no deben perderse los gourmets Caf\u00e9-Kuchen Al igual que muchas otras especialidades alsacianas que ya hemos descrito, el \u00abCaf\u00e9-Kuchen\u00bb es una merienda tradicional entre el almuerzo y la cena, heredada de Alemania. Ya sea &hellip; Read More\" \/>\n<meta property=\"og:url\" content=\"https:\/\/maison1934.com\/es\/disfrute-de\/salones-de-te\/\" \/>\n<meta property=\"og:site_name\" content=\"Maison 1934\" \/>\n<meta property=\"article:modified_time\" content=\"2025-03-16T02:05:48+00:00\" \/>\n<meta name=\"twitter:card\" content=\"summary_large_image\" \/>\n<meta name=\"twitter:label1\" content=\"Tiempo de lectura\" \/>\n\t<meta name=\"twitter:data1\" content=\"2 minutos\" \/>\n<script type=\"application\/ld+json\" class=\"yoast-schema-graph\">{\"@context\":\"https:\/\/schema.org\",\"@graph\":[{\"@type\":\"WebPage\",\"@id\":\"https:\/\/maison1934.com\/es\/disfrute-de\/salones-de-te\/\",\"url\":\"https:\/\/maison1934.com\/es\/disfrute-de\/salones-de-te\/\",\"name\":\"Salones de t\u00e9 - Maison 1934\",\"isPartOf\":{\"@id\":\"https:\/\/maison1934.com\/es\/#website\"},\"datePublished\":\"2021-07-16T12:30:55+00:00\",\"dateModified\":\"2025-03-16T02:05:48+00:00\",\"breadcrumb\":{\"@id\":\"https:\/\/maison1934.com\/es\/disfrute-de\/salones-de-te\/#breadcrumb\"},\"inLanguage\":\"es\",\"potentialAction\":[{\"@type\":\"ReadAction\",\"target\":[\"https:\/\/maison1934.com\/es\/disfrute-de\/salones-de-te\/\"]}]},{\"@type\":\"BreadcrumbList\",\"@id\":\"https:\/\/maison1934.com\/es\/disfrute-de\/salones-de-te\/#breadcrumb\",\"itemListElement\":[{\"@type\":\"ListItem\",\"position\":1,\"name\":\"Accueil\",\"item\":\"https:\/\/maison1934.com\/es\/\"},{\"@type\":\"ListItem\",\"position\":2,\"name\":\"Saborear\",\"item\":\"https:\/\/maison1934.com\/es\/savourer\/\"},{\"@type\":\"ListItem\",\"position\":3,\"name\":\"Salones de t\u00e9\"}]},{\"@type\":\"WebSite\",\"@id\":\"https:\/\/maison1934.com\/es\/#website\",\"url\":\"https:\/\/maison1934.com\/es\/\",\"name\":\"Maison 1934\",\"description\":\"Vos appart&#039;h\u00f4tels \u00e0 Colmar\",\"potentialAction\":[{\"@type\":\"SearchAction\",\"target\":{\"@type\":\"EntryPoint\",\"urlTemplate\":\"https:\/\/maison1934.com\/es\/?s={search_term_string}\"},\"query-input\":{\"@type\":\"PropertyValueSpecification\",\"valueRequired\":true,\"valueName\":\"search_term_string\"}}],\"inLanguage\":\"es\"}]}<\/script>\n<!-- \/ Yoast SEO plugin. -->","yoast_head_json":{"title":"Salones de t\u00e9 - Maison 1934","robots":{"index":"index","follow":"follow","max-snippet":"max-snippet:-1","max-image-preview":"max-image-preview:large","max-video-preview":"max-video-preview:-1"},"canonical":"https:\/\/maison1934.com\/es\/disfrute-de\/salones-de-te\/","og_locale":"es_ES","og_type":"article","og_title":"Salones de t\u00e9 - Maison 1934","og_description":"Salones de t\u00e9 Una instituci\u00f3n que no deben perderse los gourmets Caf\u00e9-Kuchen Al igual que muchas otras especialidades alsacianas que ya hemos descrito, el \u00abCaf\u00e9-Kuchen\u00bb es una merienda tradicional entre el almuerzo y la cena, heredada de Alemania. Ya sea &hellip; Read More","og_url":"https:\/\/maison1934.com\/es\/disfrute-de\/salones-de-te\/","og_site_name":"Maison 1934","article_modified_time":"2025-03-16T02:05:48+00:00","twitter_card":"summary_large_image","twitter_misc":{"Tiempo de lectura":"2 minutos"},"schema":{"@context":"https:\/\/schema.org","@graph":[{"@type":"WebPage","@id":"https:\/\/maison1934.com\/es\/disfrute-de\/salones-de-te\/","url":"https:\/\/maison1934.com\/es\/disfrute-de\/salones-de-te\/","name":"Salones de t\u00e9 - Maison 1934","isPartOf":{"@id":"https:\/\/maison1934.com\/es\/#website"},"datePublished":"2021-07-16T12:30:55+00:00","dateModified":"2025-03-16T02:05:48+00:00","breadcrumb":{"@id":"https:\/\/maison1934.com\/es\/disfrute-de\/salones-de-te\/#breadcrumb"},"inLanguage":"es","potentialAction":[{"@type":"ReadAction","target":["https:\/\/maison1934.com\/es\/disfrute-de\/salones-de-te\/"]}]},{"@type":"BreadcrumbList","@id":"https:\/\/maison1934.com\/es\/disfrute-de\/salones-de-te\/#breadcrumb","itemListElement":[{"@type":"ListItem","position":1,"name":"Accueil","item":"https:\/\/maison1934.com\/es\/"},{"@type":"ListItem","position":2,"name":"Saborear","item":"https:\/\/maison1934.com\/es\/savourer\/"},{"@type":"ListItem","position":3,"name":"Salones de t\u00e9"}]},{"@type":"WebSite","@id":"https:\/\/maison1934.com\/es\/#website","url":"https:\/\/maison1934.com\/es\/","name":"Maison 1934","description":"Vos appart&#039;h\u00f4tels \u00e0 Colmar","potentialAction":[{"@type":"SearchAction","target":{"@type":"EntryPoint","urlTemplate":"https:\/\/maison1934.com\/es\/?s={search_term_string}"},"query-input":{"@type":"PropertyValueSpecification","valueRequired":true,"valueName":"search_term_string"}}],"inLanguage":"es"}]}},"_links":{"self":[{"href":"https:\/\/maison1934.com\/es\/wp-json\/wp\/v2\/pages\/8583","targetHints":{"allow":["GET"]}}],"collection":[{"href":"https:\/\/maison1934.com\/es\/wp-json\/wp\/v2\/pages"}],"about":[{"href":"https:\/\/maison1934.com\/es\/wp-json\/wp\/v2\/types\/page"}],"author":[{"embeddable":true,"href":"https:\/\/maison1934.com\/es\/wp-json\/wp\/v2\/users\/2"}],"replies":[{"embeddable":true,"href":"https:\/\/maison1934.com\/es\/wp-json\/wp\/v2\/comments?post=8583"}],"version-history":[{"count":9,"href":"https:\/\/maison1934.com\/es\/wp-json\/wp\/v2\/pages\/8583\/revisions"}],"predecessor-version":[{"id":14883,"href":"https:\/\/maison1934.com\/es\/wp-json\/wp\/v2\/pages\/8583\/revisions\/14883"}],"up":[{"embeddable":true,"href":"https:\/\/maison1934.com\/es\/wp-json\/wp\/v2\/pages\/8632"}],"wp:attachment":[{"href":"https:\/\/maison1934.com\/es\/wp-json\/wp\/v2\/media?parent=8583"}],"curies":[{"name":"wp","href":"https:\/\/api.w.org\/{rel}","templated":true}]}}