{"id":8769,"date":"2021-07-16T14:31:58","date_gmt":"2021-07-16T12:31:58","guid":{"rendered":"https:\/\/maison1934.com\/disfrute-de\/recetas-tradicionales\/"},"modified":"2025-03-16T02:15:17","modified_gmt":"2025-03-16T01:15:17","slug":"recetas-tradicionales","status":"publish","type":"page","link":"https:\/\/maison1934.com\/es\/disfrute-de\/recetas-tradicionales\/","title":{"rendered":"Recetas tradicionales"},"content":{"rendered":"\t\t<div data-elementor-type=\"wp-post\" data-elementor-id=\"8769\" class=\"elementor elementor-8769 elementor-639\">\n\t\t\t\t\t\t<section class=\"elementor-section elementor-top-section elementor-element elementor-element-3abe1d47 elementor-section-full_width elementor-section-height-min-height elementor-section-height-default elementor-section-items-middle\" data-id=\"3abe1d47\" data-element_type=\"section\" data-settings=\"{&quot;background_background&quot;:&quot;classic&quot;}\">\n\t\t\t\t\t\t\t<div class=\"elementor-background-overlay\"><\/div>\n\t\t\t\t\t\t\t<div class=\"elementor-container elementor-column-gap-default\">\n\t\t\t\t\t<div class=\"elementor-column elementor-col-100 elementor-top-column elementor-element elementor-element-1cd780e3\" data-id=\"1cd780e3\" data-element_type=\"column\">\n\t\t\t<div class=\"elementor-widget-wrap elementor-element-populated\">\n\t\t\t\t\t\t<div class=\"elementor-element elementor-element-367392ab elementor-widget elementor-widget-spacer\" data-id=\"367392ab\" data-element_type=\"widget\" data-widget_type=\"spacer.default\">\n\t\t\t\t<div class=\"elementor-widget-container\">\n\t\t\t\t\t\t\t<div class=\"elementor-spacer\">\n\t\t\t<div class=\"elementor-spacer-inner\"><\/div>\n\t\t<\/div>\n\t\t\t\t\t\t<\/div>\n\t\t\t\t<\/div>\n\t\t\t\t<div class=\"elementor-element elementor-element-2745faf1 elementor-view-default elementor-position-top elementor-invisible elementor-widget elementor-widget-themo-header\" data-id=\"2745faf1\" data-element_type=\"widget\" data-settings=\"{&quot;_animation&quot;:&quot;fadeIn&quot;}\" data-widget_type=\"themo-header.default\">\n\t\t\t\t<div class=\"elementor-widget-container\">\n\t\t\t\t\t\t\t<div class=\"th-header-wrap\">\n        <div class=\"elementor-icon-box-wrapper \">\n                            <div class=\"elementor-icon-box-content\">\n                    <h1 class=\"elementor-icon-box-title\">\n                        Recetas tradicionales                    <\/h1>\n                                        <p class=\"elementor-icon-box-description\">Encu\u00e9ntrate en la far\u00e1ndula de los nombres ex\u00f3ticos<\/p>\n\n                                    <\/div>\n            <\/div>\n\n        <\/div>\n\n\t\t\t\t\t\t<\/div>\n\t\t\t\t<\/div>\n\t\t\t\t\t<\/div>\n\t\t<\/div>\n\t\t\t\t\t<\/div>\n\t\t<\/section>\n\t\t\t\t<section class=\"elementor-section elementor-top-section elementor-element elementor-element-be10648 elementor-section-boxed elementor-section-height-default elementor-section-height-default\" data-id=\"be10648\" data-element_type=\"section\">\n\t\t\t\t\t\t<div class=\"elementor-container elementor-column-gap-default\">\n\t\t\t\t\t<div class=\"elementor-column elementor-col-100 elementor-top-column elementor-element elementor-element-7b34fb2\" data-id=\"7b34fb2\" data-element_type=\"column\">\n\t\t\t<div class=\"elementor-widget-wrap elementor-element-populated\">\n\t\t\t\t\t\t<div class=\"elementor-element elementor-element-644fadd elementor-widget elementor-widget-spacer\" data-id=\"644fadd\" data-element_type=\"widget\" data-widget_type=\"spacer.default\">\n\t\t\t\t<div class=\"elementor-widget-container\">\n\t\t\t\t\t\t\t<div class=\"elementor-spacer\">\n\t\t\t<div class=\"elementor-spacer-inner\"><\/div>\n\t\t<\/div>\n\t\t\t\t\t\t<\/div>\n\t\t\t\t<\/div>\n\t\t\t\t\t<\/div>\n\t\t<\/div>\n\t\t\t\t\t<\/div>\n\t\t<\/section>\n\t\t\t\t<section class=\"elementor-section elementor-top-section elementor-element elementor-element-f48df3f elementor-section-full_width elementor-section-height-default elementor-section-height-default\" data-id=\"f48df3f\" data-element_type=\"section\" data-settings=\"{&quot;background_background&quot;:&quot;slideshow&quot;,&quot;background_slideshow_gallery&quot;:[{&quot;id&quot;:1858,&quot;url&quot;:&quot;https:\\\/\\\/maison1934.com\\\/wp-content\\\/uploads\\\/2022\\\/04\\\/PSX_20220129_203558-scaled.jpg&quot;}],&quot;background_slideshow_loop&quot;:&quot;yes&quot;,&quot;background_slideshow_slide_duration&quot;:5000,&quot;background_slideshow_slide_transition&quot;:&quot;fade&quot;,&quot;background_slideshow_transition_duration&quot;:500}\">\n\t\t\t\t\t\t<div class=\"elementor-container elementor-column-gap-default\">\n\t\t\t\t\t<div class=\"elementor-column elementor-col-50 elementor-top-column elementor-element elementor-element-2ff2406\" data-id=\"2ff2406\" data-element_type=\"column\" data-settings=\"{&quot;background_background&quot;:&quot;classic&quot;}\">\n\t\t\t<div class=\"elementor-widget-wrap elementor-element-populated\">\n\t\t\t\t\t\t<div class=\"elementor-element elementor-element-2e136fe elementor-widget elementor-widget-menu-anchor\" data-id=\"2e136fe\" data-element_type=\"widget\" data-widget_type=\"menu-anchor.default\">\n\t\t\t\t<div class=\"elementor-widget-container\">\n\t\t\t\t\t\t\t<div class=\"elementor-menu-anchor\" id=\"more1\"><\/div>\n\t\t\t\t\t\t<\/div>\n\t\t\t\t<\/div>\n\t\t\t\t<div class=\"elementor-element elementor-element-d3fb2f1 elementor-widget elementor-widget-spacer\" data-id=\"d3fb2f1\" data-element_type=\"widget\" data-widget_type=\"spacer.default\">\n\t\t\t\t<div class=\"elementor-widget-container\">\n\t\t\t\t\t\t\t<div class=\"elementor-spacer\">\n\t\t\t<div class=\"elementor-spacer-inner\"><\/div>\n\t\t<\/div>\n\t\t\t\t\t\t<\/div>\n\t\t\t\t<\/div>\n\t\t\t\t\t<\/div>\n\t\t<\/div>\n\t\t\t\t<div class=\"elementor-column elementor-col-50 elementor-top-column elementor-element elementor-element-ed6a377\" data-id=\"ed6a377\" data-element_type=\"column\" data-settings=\"{&quot;background_background&quot;:&quot;classic&quot;}\">\n\t\t\t<div class=\"elementor-widget-wrap elementor-element-populated\">\n\t\t\t\t\t\t<div class=\"elementor-element elementor-element-96dcc35 elementor-position-left elementor-view-default elementor-widget elementor-widget-themo-header\" data-id=\"96dcc35\" data-element_type=\"widget\" data-widget_type=\"themo-header.default\">\n\t\t\t\t<div class=\"elementor-widget-container\">\n\t\t\t\t\t\t\t<div class=\"th-header-wrap\">\n        <div class=\"elementor-icon-box-wrapper \">\n                            <div class=\"elementor-icon-box-content\">\n                    <h3 class=\"elementor-icon-box-title\">\n                        Esta impronunciable gastronom\u00eda alsaciana                    <\/h3>\n                                        <p class=\"elementor-icon-box-description\"><\/p>\n\n                                    <\/div>\n            <\/div>\n\n        <\/div>\n\n\t\t\t\t\t\t<\/div>\n\t\t\t\t<\/div>\n\t\t\t\t<div class=\"elementor-element elementor-element-ba04fd8 elementor-widget elementor-widget-text-editor\" data-id=\"ba04fd8\" data-element_type=\"widget\" data-widget_type=\"text-editor.default\">\n\t\t\t\t<div class=\"elementor-widget-container\">\n\t\t\t\t\t\t\t\t\t<p data-start=\"56\" data-end=\"279\">\u00bfNos visitas y quieres descubrir la gastronom\u00eda alsaciana? \u00a1Merece la pena! Seguramente ya conoces la famosa <strong data-start=\"165\" data-end=\"179\">choucroute<\/strong>, que imaginas demasiado contundente, y la <strong data-start=\"222\" data-end=\"239\">tarte flamb\u00e9e<\/strong>, platos imprescindibles de la regi\u00f3n.<\/p>\n<p data-start=\"281\" data-end=\"477\">La hospitalidad alsaciana no es un mito y se disfruta plenamente con estos sabrosos platos, en un ambiente acogedor y amigable, en la mesa de la mayor\u00eda de los <strong data-start=\"441\" data-end=\"474\">restaurantes que recomendamos<\/strong>.<\/p>\n<p data-start=\"479\" data-end=\"566\">Aqu\u00ed tienes una peque\u00f1a lista para que puedas practicar su pronunciaci\u00f3n desde ahora:<\/p>\n\t\t\t\t\t\t\t\t<\/div>\n\t\t\t\t<\/div>\n\t\t\t\t<div class=\"elementor-element elementor-element-315a504 elementor-view-default elementor-position-block-start elementor-mobile-position-block-start elementor-widget elementor-widget-icon-box\" data-id=\"315a504\" data-element_type=\"widget\" data-widget_type=\"icon-box.default\">\n\t\t\t\t<div class=\"elementor-widget-container\">\n\t\t\t\t\t\t\t<div class=\"elementor-icon-box-wrapper\">\n\n\t\t\t\t\t\t<div class=\"elementor-icon-box-icon\">\n\t\t\t\t<span  class=\"elementor-icon\">\n\t\t\t\t<i aria-hidden=\"true\" class=\"th-trip travelpack th-trip travelpack-direction-sign\"><\/i>\t\t\t\t<\/span>\n\t\t\t<\/div>\n\t\t\t\n\t\t\t\t\t\t<div class=\"elementor-icon-box-content\">\n\n\t\t\t\t\t\t\t\t\t<h3 class=\"elementor-icon-box-title\">\n\t\t\t\t\t\t<span  >\n\t\t\t\t\t\t\t\u00a1Demasiadas opciones !\t\t\t\t\t\t<\/span>\n\t\t\t\t\t<\/h3>\n\t\t\t\t\n\t\t\t\t\t\t\t\t\t<p class=\"elementor-icon-box-description\">\n\t\t\t\t\t\tNo hay nada mejor para emprender un maravilloso viaje culinario en la capital de los vinos de Alsacia que conocer nuestras mejores direcciones, cuidadosamente seleccionadas para ti. \u00a1No olvides reservar tu mesa con antelaci\u00f3n!\r\n\r\n\ud83d\udccc Estamos aqu\u00ed para ayudarte. Descubre m\u00e1s sobre los restaurantes aqu\u00ed.\t\t\t\t\t<\/p>\n\t\t\t\t\n\t\t\t<\/div>\n\t\t\t\n\t\t<\/div>\n\t\t\t\t\t\t<\/div>\n\t\t\t\t<\/div>\n\t\t\t\t<div class=\"elementor-element elementor-element-9b6c474 th-btn-align-center elementor-widget elementor-widget-themo-button\" data-id=\"9b6c474\" data-element_type=\"widget\" data-widget_type=\"themo-button.default\">\n\t\t\t\t<div class=\"elementor-widget-container\">\n\t\t\t\t\t\n                \t\t\t<a class=\"btn-1 btn th-btn btn-standard-primary\" href=\"https:\/\/maison1934.com\/savourer\/restaurants\/\">\n\t\t\t\t\t\t\t\t\tDescubre m\u00e1s sobre los restaurantes aqu\u00ed.\t\t\t\t\t\t\t<\/a>\n\t\t\n        \n\t\t\t\t\t\t<\/div>\n\t\t\t\t<\/div>\n\t\t\t\t\t<\/div>\n\t\t<\/div>\n\t\t\t\t\t<\/div>\n\t\t<\/section>\n\t\t\t\t<section class=\"elementor-section elementor-top-section elementor-element elementor-element-fde5bad elementor-section-full_width elementor-section-height-default elementor-section-height-default\" data-id=\"fde5bad\" data-element_type=\"section\">\n\t\t\t\t\t\t<div class=\"elementor-container elementor-column-gap-default\">\n\t\t\t\t\t<div class=\"elementor-column elementor-col-50 elementor-top-column elementor-element elementor-element-2f377de\" data-id=\"2f377de\" data-element_type=\"column\" data-settings=\"{&quot;background_background&quot;:&quot;classic&quot;}\">\n\t\t\t<div class=\"elementor-widget-wrap elementor-element-populated\">\n\t\t\t\t\t\t<div class=\"elementor-element elementor-element-0a655fe elementor-position-left elementor-view-default elementor-widget elementor-widget-themo-header\" data-id=\"0a655fe\" data-element_type=\"widget\" data-widget_type=\"themo-header.default\">\n\t\t\t\t<div class=\"elementor-widget-container\">\n\t\t\t\t\t\t\t<div class=\"th-header-wrap\">\n        <div class=\"elementor-icon-box-wrapper \">\n                            <div class=\"elementor-icon-box-content\">\n                    <h2 class=\"elementor-icon-box-title\">\n                        Las pastas alsacianas: los spaetzles                    <\/h2>\n                                        <p class=\"elementor-icon-box-description\">Pensabas que solo en Italia la pasta era una instituci\u00f3n, \u00bfverdad? Pues Alsacia ofrece su propia versi\u00f3n, deliciosa y diferente. Aqu\u00ed, la pasta se prepara con huevo y se llama spaetzle, una palabra que significa \u201cgorrioncitos\u201d, y suele acompa\u00f1ar nuestros generosos platos de carne con salsa.<\/p>\n\n                                    <\/div>\n            <\/div>\n\n        <\/div>\n\n\t\t\t\t\t\t<\/div>\n\t\t\t\t<\/div>\n\t\t\t\t<div class=\"elementor-element elementor-element-ae8cbce elementor-position-left elementor-view-default elementor-widget elementor-widget-themo-header\" data-id=\"ae8cbce\" data-element_type=\"widget\" data-widget_type=\"themo-header.default\">\n\t\t\t\t<div class=\"elementor-widget-container\">\n\t\t\t\t\t\t\t<div class=\"th-header-wrap\">\n        <div class=\"elementor-icon-box-wrapper \">\n                            <div class=\"elementor-icon-box-content\">\n                    <h2 class=\"elementor-icon-box-title\">\n                        Un estofado alsaciano: el baeckeoffe                    <\/h2>\n                                        <p class=\"elementor-icon-box-description\">Este plato t\u00edpicamente alsaciano se prepara con:\r\n\u2705 Tres tipos de carne diferentes (ternera, cordero, cerdo)\r\n\u2705 Verduras variadas (zanahorias, patatas, repollo)\r\n\u2705 Cebolla, hierbas y vino blanco de Alsacia para darle sabor\r\nEstos ingredientes se cocinan juntos a fuego lento durante todo un d\u00eda en un recipiente de barro sellado con masa de pan.<\/p>\n\n                                    <\/div>\n            <\/div>\n\n        <\/div>\n\n\t\t\t\t\t\t<\/div>\n\t\t\t\t<\/div>\n\t\t\t\t<div class=\"elementor-element elementor-element-895fe25 elementor-position-left elementor-view-default elementor-widget elementor-widget-themo-header\" data-id=\"895fe25\" data-element_type=\"widget\" data-widget_type=\"themo-header.default\">\n\t\t\t\t<div class=\"elementor-widget-container\">\n\t\t\t\t\t\t\t<div class=\"th-header-wrap\">\n        <div class=\"elementor-icon-box-wrapper \">\n                            <div class=\"elementor-icon-box-content\">\n                    <h2 class=\"elementor-icon-box-title\">\n                        El codillo de cerdo                    <\/h2>\n                                        <p class=\"elementor-icon-box-description\">El codillo de cerdo es un cl\u00e1sico de las mesas alsacianas y se puede disfrutar de muchas maneras: natural, con miel, con mostaza, con cerveza o acompa\u00f1ado de una salsa\u2026 \u00a1de munster, por supuesto!. Se sirve con patatas y ensalada (para darle un toque m\u00e1s ligero \ud83d\ude09).<\/p>\n\n                                    <\/div>\n            <\/div>\n\n        <\/div>\n\n\t\t\t\t\t\t<\/div>\n\t\t\t\t<\/div>\n\t\t\t\t<div class=\"elementor-element elementor-element-0fc4b85 elementor-position-left elementor-view-default elementor-widget elementor-widget-themo-header\" data-id=\"0fc4b85\" data-element_type=\"widget\" data-widget_type=\"themo-header.default\">\n\t\t\t\t<div class=\"elementor-widget-container\">\n\t\t\t\t\t\t\t<div class=\"th-header-wrap\">\n        <div class=\"elementor-icon-box-wrapper \">\n                            <div class=\"elementor-icon-box-content\">\n                    <h2 class=\"elementor-icon-box-title\">\n                        Fleischnakas, los \u201ccaracoles de carne\u201d                    <\/h2>\n                                        <p class=\"elementor-icon-box-description\">No te vayas sin probar los fleischnakas. Su nombre significa literalmente \"caracoles de carne\", porque la carne de cerdo y ternera, sazonada con hierbas o tomate (seg\u00fan la receta), se enrolla en una masa de pasta. Tradicionalmente, se elabora con la carne del pot-au-feu del d\u00eda anterior. Se dora en una sart\u00e9n y luego se cocina en un caldo arom\u00e1tico.<\/p>\n\n                                    <\/div>\n            <\/div>\n\n        <\/div>\n\n\t\t\t\t\t\t<\/div>\n\t\t\t\t<\/div>\n\t\t\t\t<div class=\"elementor-element elementor-element-1481b92 elementor-position-left elementor-view-default elementor-widget elementor-widget-themo-header\" data-id=\"1481b92\" data-element_type=\"widget\" data-widget_type=\"themo-header.default\">\n\t\t\t\t<div class=\"elementor-widget-container\">\n\t\t\t\t\t\t\t<div class=\"th-header-wrap\">\n        <div class=\"elementor-icon-box-wrapper \">\n                            <div class=\"elementor-icon-box-content\">\n                    <h2 class=\"elementor-icon-box-title\">\n                        El plato m\u00e1s famoso: la choucroute garnie                     <\/h2>\n                                        <p class=\"elementor-icon-box-description\">Aunque es el plato m\u00e1s conocido de Alsacia, \u00a1no hay que perd\u00e9rselo!\r\nLa choucroute se compone de col fermentada, patatas y varias piezas de cerdo: tocino, paleta ahumada, salchichas de Montb\u00e9liard o Frankfurt. Se acompa\u00f1a con r\u00e1bano picante (el wasabi alsaciano) o mostaza.<\/p>\n\n                                    <\/div>\n            <\/div>\n\n        <\/div>\n\n\t\t\t\t\t\t<\/div>\n\t\t\t\t<\/div>\n\t\t\t\t<div class=\"elementor-element elementor-element-36271a5 elementor-position-left elementor-view-default elementor-widget elementor-widget-themo-header\" data-id=\"36271a5\" data-element_type=\"widget\" data-widget_type=\"themo-header.default\">\n\t\t\t\t<div class=\"elementor-widget-container\">\n\t\t\t\t\t\t\t<div class=\"th-header-wrap\">\n        <div class=\"elementor-icon-box-wrapper \">\n                            <div class=\"elementor-icon-box-content\">\n                    <h2 class=\"elementor-icon-box-title\">\n                        La Flammekueche: \u00a1se come con las manos!                    <\/h2>\n                                        <p class=\"elementor-icon-box-description\">Esta especie de pizza alsaciana es, en realidad, una masa de pan muy fina, cubierta con crema fresca, tiras de tocino y cebolla cruda en rodajas. Se pueden agregar queso rallado, champi\u00f1ones, munster o incluso\u2026 \u00a1choucroute!.\r\n\r\nSe cocina en un horno de le\u00f1a y es perfecta para compartir como aperitivo, plato principal o incluso como postre, ya que existe una versi\u00f3n dulce con manzana caramelizada.<\/p>\n\n                                    <\/div>\n            <\/div>\n\n        <\/div>\n\n\t\t\t\t\t\t<\/div>\n\t\t\t\t<\/div>\n\t\t\t\t<div class=\"elementor-element elementor-element-e714ef8 th-btn-align-center elementor-widget elementor-widget-themo-button\" data-id=\"e714ef8\" data-element_type=\"widget\" data-widget_type=\"themo-button.default\">\n\t\t\t\t<div class=\"elementor-widget-container\">\n\t\t\t\t\t\n                \t\t\t<a class=\"btn-1 btn th-btn btn-standard-primary\" href=\"https:\/\/maison1934.com\/ou-nous-trouver\/#contact\">\n\t\t\t\t\t\t\t\t\tDescubre m\u00e1s aqu\u00ed.\t\t\t\t\t\t\t<\/a>\n\t\t\n        \n\t\t\t\t\t\t<\/div>\n\t\t\t\t<\/div>\n\t\t\t\t\t<\/div>\n\t\t<\/div>\n\t\t\t\t<div class=\"elementor-column elementor-col-50 elementor-top-column elementor-element elementor-element-352c17c\" data-id=\"352c17c\" data-element_type=\"column\" data-settings=\"{&quot;background_background&quot;:&quot;classic&quot;}\">\n\t\t\t<div class=\"elementor-widget-wrap elementor-element-populated\">\n\t\t\t\t\t\t<div class=\"elementor-element elementor-element-c5ff902 elementor-widget elementor-widget-spacer\" data-id=\"c5ff902\" data-element_type=\"widget\" data-widget_type=\"spacer.default\">\n\t\t\t\t<div class=\"elementor-widget-container\">\n\t\t\t\t\t\t\t<div class=\"elementor-spacer\">\n\t\t\t<div class=\"elementor-spacer-inner\"><\/div>\n\t\t<\/div>\n\t\t\t\t\t\t<\/div>\n\t\t\t\t<\/div>\n\t\t\t\t\t<\/div>\n\t\t<\/div>\n\t\t\t\t\t<\/div>\n\t\t<\/section>\n\t\t\t\t<\/div>\n\t\t","protected":false},"excerpt":{"rendered":"<p>Recetas tradicionales Encu\u00e9ntrate en la far\u00e1ndula de los nombres ex\u00f3ticos Esta impronunciable gastronom\u00eda alsaciana \u00bfNos visitas y quieres descubrir la gastronom\u00eda alsaciana? \u00a1Merece la pena! Seguramente ya conoces la famosa choucroute, que imaginas demasiado contundente, y la tarte flamb\u00e9e, platos &hellip; <a href=\"https:\/\/maison1934.com\/es\/disfrute-de\/recetas-tradicionales\/\">Read More<\/a><\/p>\n","protected":false},"author":2,"featured_media":0,"parent":8632,"menu_order":1,"comment_status":"closed","ping_status":"closed","template":"","meta":{"_acf_changed":false,"footnotes":""},"class_list":["post-8769","page","type-page","status-publish","hentry"],"acf":[],"yoast_head":"<!-- This site is optimized with the Yoast SEO plugin v26.7 - https:\/\/yoast.com\/wordpress\/plugins\/seo\/ -->\n<title>Recetas tradicionales - Maison 1934<\/title>\n<meta name=\"robots\" content=\"index, follow, max-snippet:-1, max-image-preview:large, max-video-preview:-1\" \/>\n<link rel=\"canonical\" href=\"https:\/\/maison1934.com\/es\/disfrute-de\/recetas-tradicionales\/\" \/>\n<meta property=\"og:locale\" content=\"es_ES\" \/>\n<meta property=\"og:type\" content=\"article\" \/>\n<meta property=\"og:title\" content=\"Recetas tradicionales - Maison 1934\" \/>\n<meta property=\"og:description\" content=\"Recetas tradicionales Encu\u00e9ntrate en la far\u00e1ndula de los nombres ex\u00f3ticos Esta impronunciable gastronom\u00eda alsaciana \u00bfNos visitas y quieres descubrir la gastronom\u00eda alsaciana? \u00a1Merece la pena! Seguramente ya conoces la famosa choucroute, que imaginas demasiado contundente, y la tarte flamb\u00e9e, platos &hellip; Read More\" \/>\n<meta property=\"og:url\" content=\"https:\/\/maison1934.com\/es\/disfrute-de\/recetas-tradicionales\/\" \/>\n<meta property=\"og:site_name\" content=\"Maison 1934\" \/>\n<meta property=\"article:modified_time\" content=\"2025-03-16T01:15:17+00:00\" \/>\n<meta name=\"twitter:card\" content=\"summary_large_image\" \/>\n<meta name=\"twitter:label1\" content=\"Tiempo de lectura\" \/>\n\t<meta name=\"twitter:data1\" content=\"3 minutos\" \/>\n<script type=\"application\/ld+json\" class=\"yoast-schema-graph\">{\"@context\":\"https:\/\/schema.org\",\"@graph\":[{\"@type\":\"WebPage\",\"@id\":\"https:\/\/maison1934.com\/es\/disfrute-de\/recetas-tradicionales\/\",\"url\":\"https:\/\/maison1934.com\/es\/disfrute-de\/recetas-tradicionales\/\",\"name\":\"Recetas tradicionales - Maison 1934\",\"isPartOf\":{\"@id\":\"https:\/\/maison1934.com\/es\/#website\"},\"datePublished\":\"2021-07-16T12:31:58+00:00\",\"dateModified\":\"2025-03-16T01:15:17+00:00\",\"breadcrumb\":{\"@id\":\"https:\/\/maison1934.com\/es\/disfrute-de\/recetas-tradicionales\/#breadcrumb\"},\"inLanguage\":\"es\",\"potentialAction\":[{\"@type\":\"ReadAction\",\"target\":[\"https:\/\/maison1934.com\/es\/disfrute-de\/recetas-tradicionales\/\"]}]},{\"@type\":\"BreadcrumbList\",\"@id\":\"https:\/\/maison1934.com\/es\/disfrute-de\/recetas-tradicionales\/#breadcrumb\",\"itemListElement\":[{\"@type\":\"ListItem\",\"position\":1,\"name\":\"Accueil\",\"item\":\"https:\/\/maison1934.com\/es\/\"},{\"@type\":\"ListItem\",\"position\":2,\"name\":\"Saborear\",\"item\":\"https:\/\/maison1934.com\/es\/savourer\/\"},{\"@type\":\"ListItem\",\"position\":3,\"name\":\"Recetas tradicionales\"}]},{\"@type\":\"WebSite\",\"@id\":\"https:\/\/maison1934.com\/es\/#website\",\"url\":\"https:\/\/maison1934.com\/es\/\",\"name\":\"Maison 1934\",\"description\":\"Vos appart&#039;h\u00f4tels \u00e0 Colmar\",\"potentialAction\":[{\"@type\":\"SearchAction\",\"target\":{\"@type\":\"EntryPoint\",\"urlTemplate\":\"https:\/\/maison1934.com\/es\/?s={search_term_string}\"},\"query-input\":{\"@type\":\"PropertyValueSpecification\",\"valueRequired\":true,\"valueName\":\"search_term_string\"}}],\"inLanguage\":\"es\"}]}<\/script>\n<!-- \/ Yoast SEO plugin. -->","yoast_head_json":{"title":"Recetas tradicionales - Maison 1934","robots":{"index":"index","follow":"follow","max-snippet":"max-snippet:-1","max-image-preview":"max-image-preview:large","max-video-preview":"max-video-preview:-1"},"canonical":"https:\/\/maison1934.com\/es\/disfrute-de\/recetas-tradicionales\/","og_locale":"es_ES","og_type":"article","og_title":"Recetas tradicionales - Maison 1934","og_description":"Recetas tradicionales Encu\u00e9ntrate en la far\u00e1ndula de los nombres ex\u00f3ticos Esta impronunciable gastronom\u00eda alsaciana \u00bfNos visitas y quieres descubrir la gastronom\u00eda alsaciana? \u00a1Merece la pena! Seguramente ya conoces la famosa choucroute, que imaginas demasiado contundente, y la tarte flamb\u00e9e, platos &hellip; Read More","og_url":"https:\/\/maison1934.com\/es\/disfrute-de\/recetas-tradicionales\/","og_site_name":"Maison 1934","article_modified_time":"2025-03-16T01:15:17+00:00","twitter_card":"summary_large_image","twitter_misc":{"Tiempo de lectura":"3 minutos"},"schema":{"@context":"https:\/\/schema.org","@graph":[{"@type":"WebPage","@id":"https:\/\/maison1934.com\/es\/disfrute-de\/recetas-tradicionales\/","url":"https:\/\/maison1934.com\/es\/disfrute-de\/recetas-tradicionales\/","name":"Recetas tradicionales - Maison 1934","isPartOf":{"@id":"https:\/\/maison1934.com\/es\/#website"},"datePublished":"2021-07-16T12:31:58+00:00","dateModified":"2025-03-16T01:15:17+00:00","breadcrumb":{"@id":"https:\/\/maison1934.com\/es\/disfrute-de\/recetas-tradicionales\/#breadcrumb"},"inLanguage":"es","potentialAction":[{"@type":"ReadAction","target":["https:\/\/maison1934.com\/es\/disfrute-de\/recetas-tradicionales\/"]}]},{"@type":"BreadcrumbList","@id":"https:\/\/maison1934.com\/es\/disfrute-de\/recetas-tradicionales\/#breadcrumb","itemListElement":[{"@type":"ListItem","position":1,"name":"Accueil","item":"https:\/\/maison1934.com\/es\/"},{"@type":"ListItem","position":2,"name":"Saborear","item":"https:\/\/maison1934.com\/es\/savourer\/"},{"@type":"ListItem","position":3,"name":"Recetas tradicionales"}]},{"@type":"WebSite","@id":"https:\/\/maison1934.com\/es\/#website","url":"https:\/\/maison1934.com\/es\/","name":"Maison 1934","description":"Vos appart&#039;h\u00f4tels \u00e0 Colmar","potentialAction":[{"@type":"SearchAction","target":{"@type":"EntryPoint","urlTemplate":"https:\/\/maison1934.com\/es\/?s={search_term_string}"},"query-input":{"@type":"PropertyValueSpecification","valueRequired":true,"valueName":"search_term_string"}}],"inLanguage":"es"}]}},"_links":{"self":[{"href":"https:\/\/maison1934.com\/es\/wp-json\/wp\/v2\/pages\/8769","targetHints":{"allow":["GET"]}}],"collection":[{"href":"https:\/\/maison1934.com\/es\/wp-json\/wp\/v2\/pages"}],"about":[{"href":"https:\/\/maison1934.com\/es\/wp-json\/wp\/v2\/types\/page"}],"author":[{"embeddable":true,"href":"https:\/\/maison1934.com\/es\/wp-json\/wp\/v2\/users\/2"}],"replies":[{"embeddable":true,"href":"https:\/\/maison1934.com\/es\/wp-json\/wp\/v2\/comments?post=8769"}],"version-history":[{"count":7,"href":"https:\/\/maison1934.com\/es\/wp-json\/wp\/v2\/pages\/8769\/revisions"}],"predecessor-version":[{"id":14838,"href":"https:\/\/maison1934.com\/es\/wp-json\/wp\/v2\/pages\/8769\/revisions\/14838"}],"up":[{"embeddable":true,"href":"https:\/\/maison1934.com\/es\/wp-json\/wp\/v2\/pages\/8632"}],"wp:attachment":[{"href":"https:\/\/maison1934.com\/es\/wp-json\/wp\/v2\/media?parent=8769"}],"curies":[{"name":"wp","href":"https:\/\/api.w.org\/{rel}","templated":true}]}}