{"id":8604,"date":"2021-07-16T14:30:55","date_gmt":"2021-07-16T12:30:55","guid":{"rendered":"https:\/\/maison1934.com\/geniet-van\/theesalons\/"},"modified":"2025-03-16T03:09:08","modified_gmt":"2025-03-16T02:09:08","slug":"theesalons","status":"publish","type":"page","link":"https:\/\/maison1934.com\/nl\/geniet-van\/theesalons\/","title":{"rendered":"Theesalons"},"content":{"rendered":"\t\t<div data-elementor-type=\"wp-post\" data-elementor-id=\"8604\" class=\"elementor elementor-8604 elementor-634\">\n\t\t\t\t\t\t<section class=\"elementor-section elementor-top-section elementor-element elementor-element-3abe1d47 elementor-section-full_width elementor-section-height-min-height elementor-section-height-default elementor-section-items-middle\" data-id=\"3abe1d47\" data-element_type=\"section\" data-settings=\"{&quot;background_background&quot;:&quot;classic&quot;}\">\n\t\t\t\t\t\t\t<div class=\"elementor-background-overlay\"><\/div>\n\t\t\t\t\t\t\t<div class=\"elementor-container elementor-column-gap-default\">\n\t\t\t\t\t<div class=\"elementor-column elementor-col-100 elementor-top-column elementor-element elementor-element-1cd780e3\" data-id=\"1cd780e3\" data-element_type=\"column\">\n\t\t\t<div class=\"elementor-widget-wrap elementor-element-populated\">\n\t\t\t\t\t\t<div class=\"elementor-element elementor-element-367392ab elementor-widget elementor-widget-spacer\" data-id=\"367392ab\" data-element_type=\"widget\" data-widget_type=\"spacer.default\">\n\t\t\t\t<div class=\"elementor-widget-container\">\n\t\t\t\t\t\t\t<div class=\"elementor-spacer\">\n\t\t\t<div class=\"elementor-spacer-inner\"><\/div>\n\t\t<\/div>\n\t\t\t\t\t\t<\/div>\n\t\t\t\t<\/div>\n\t\t\t\t<div class=\"elementor-element elementor-element-2745faf1 elementor-view-default elementor-position-top elementor-invisible elementor-widget elementor-widget-themo-header\" data-id=\"2745faf1\" data-element_type=\"widget\" data-settings=\"{&quot;_animation&quot;:&quot;fadeIn&quot;}\" data-widget_type=\"themo-header.default\">\n\t\t\t\t<div class=\"elementor-widget-container\">\n\t\t\t\t\t\t\t<div class=\"th-header-wrap\">\n        <div class=\"elementor-icon-box-wrapper \">\n                            <div class=\"elementor-icon-box-content\">\n                    <h1 class=\"elementor-icon-box-title\">\n                        Theesalons                    <\/h1>\n                                        <p class=\"elementor-icon-box-description\">Een niet te missen instelling voor fijnproevers<\/p>\n\n                                    <\/div>\n            <\/div>\n\n        <\/div>\n\n\t\t\t\t\t\t<\/div>\n\t\t\t\t<\/div>\n\t\t\t\t\t<\/div>\n\t\t<\/div>\n\t\t\t\t\t<\/div>\n\t\t<\/section>\n\t\t\t\t<section class=\"elementor-section elementor-top-section elementor-element elementor-element-be10648 elementor-section-boxed elementor-section-height-default elementor-section-height-default\" data-id=\"be10648\" data-element_type=\"section\">\n\t\t\t\t\t\t<div class=\"elementor-container elementor-column-gap-default\">\n\t\t\t\t\t<div class=\"elementor-column elementor-col-100 elementor-top-column elementor-element elementor-element-7b34fb2\" data-id=\"7b34fb2\" data-element_type=\"column\">\n\t\t\t<div class=\"elementor-widget-wrap elementor-element-populated\">\n\t\t\t\t\t\t<div class=\"elementor-element elementor-element-644fadd elementor-widget elementor-widget-spacer\" data-id=\"644fadd\" data-element_type=\"widget\" data-widget_type=\"spacer.default\">\n\t\t\t\t<div class=\"elementor-widget-container\">\n\t\t\t\t\t\t\t<div class=\"elementor-spacer\">\n\t\t\t<div class=\"elementor-spacer-inner\"><\/div>\n\t\t<\/div>\n\t\t\t\t\t\t<\/div>\n\t\t\t\t<\/div>\n\t\t\t\t\t<\/div>\n\t\t<\/div>\n\t\t\t\t\t<\/div>\n\t\t<\/section>\n\t\t\t\t<section class=\"elementor-section elementor-top-section elementor-element elementor-element-b0be76b elementor-section-full_width elementor-section-height-default elementor-section-height-default\" data-id=\"b0be76b\" data-element_type=\"section\" data-settings=\"{&quot;background_background&quot;:&quot;slideshow&quot;,&quot;background_slideshow_gallery&quot;:[{&quot;id&quot;:1858,&quot;url&quot;:&quot;https:\\\/\\\/maison1934.com\\\/wp-content\\\/uploads\\\/2022\\\/04\\\/PSX_20220129_203558-scaled.jpg&quot;}],&quot;background_slideshow_loop&quot;:&quot;yes&quot;,&quot;background_slideshow_slide_duration&quot;:5000,&quot;background_slideshow_slide_transition&quot;:&quot;fade&quot;,&quot;background_slideshow_transition_duration&quot;:500}\">\n\t\t\t\t\t\t<div class=\"elementor-container elementor-column-gap-default\">\n\t\t\t\t\t<div class=\"elementor-column elementor-col-50 elementor-top-column elementor-element elementor-element-8a937e2\" data-id=\"8a937e2\" data-element_type=\"column\" data-settings=\"{&quot;background_background&quot;:&quot;classic&quot;}\">\n\t\t\t<div class=\"elementor-widget-wrap elementor-element-populated\">\n\t\t\t\t\t\t<div class=\"elementor-element elementor-element-8244ed7 elementor-widget elementor-widget-menu-anchor\" data-id=\"8244ed7\" data-element_type=\"widget\" data-widget_type=\"menu-anchor.default\">\n\t\t\t\t<div class=\"elementor-widget-container\">\n\t\t\t\t\t\t\t<div class=\"elementor-menu-anchor\" id=\"more1\"><\/div>\n\t\t\t\t\t\t<\/div>\n\t\t\t\t<\/div>\n\t\t\t\t<div class=\"elementor-element elementor-element-f9cdd3b elementor-widget elementor-widget-spacer\" data-id=\"f9cdd3b\" data-element_type=\"widget\" data-widget_type=\"spacer.default\">\n\t\t\t\t<div class=\"elementor-widget-container\">\n\t\t\t\t\t\t\t<div class=\"elementor-spacer\">\n\t\t\t<div class=\"elementor-spacer-inner\"><\/div>\n\t\t<\/div>\n\t\t\t\t\t\t<\/div>\n\t\t\t\t<\/div>\n\t\t\t\t\t<\/div>\n\t\t<\/div>\n\t\t\t\t<div class=\"elementor-column elementor-col-50 elementor-top-column elementor-element elementor-element-5a95ac8\" data-id=\"5a95ac8\" data-element_type=\"column\" data-settings=\"{&quot;background_background&quot;:&quot;classic&quot;}\">\n\t\t\t<div class=\"elementor-widget-wrap elementor-element-populated\">\n\t\t\t\t\t\t<div class=\"elementor-element elementor-element-3fb5f13 elementor-position-left elementor-view-default elementor-widget elementor-widget-themo-header\" data-id=\"3fb5f13\" data-element_type=\"widget\" data-widget_type=\"themo-header.default\">\n\t\t\t\t<div class=\"elementor-widget-container\">\n\t\t\t\t\t\t\t<div class=\"th-header-wrap\">\n        <div class=\"elementor-icon-box-wrapper \">\n                            <div class=\"elementor-icon-box-content\">\n                    <h3 class=\"elementor-icon-box-title\">\n                        Koffiepauze op zijn Elzassisch \u2013 Caf\u00e9 Kuchen                    <\/h3>\n                                        <p class=\"elementor-icon-box-description\"><\/p>\n\n                                    <\/div>\n            <\/div>\n\n        <\/div>\n\n\t\t\t\t\t\t<\/div>\n\t\t\t\t<\/div>\n\t\t\t\t<div class=\"elementor-element elementor-element-dd79df7 elementor-widget elementor-widget-text-editor\" data-id=\"dd79df7\" data-element_type=\"widget\" data-widget_type=\"text-editor.default\">\n\t\t\t\t<div class=\"elementor-widget-container\">\n\t\t\t\t\t\t\t\t\t<p data-start=\"60\" data-end=\"470\">Net als andere <strong data-start=\"75\" data-end=\"115\">traditionele Elzasser specialiteiten<\/strong>, is <strong data-start=\"120\" data-end=\"163\">&#8220;een koffie nemen&#8221; of een &#8220;Caf\u00e9 Kuchen&#8221;<\/strong> een typische gewoonte in de regio, overgenomen uit Duitsland. Dit <strong data-start=\"230\" data-end=\"275\">zoete tussendoortje tussen lunch en diner<\/strong> bestaat uit een heerlijke taart \u2013 ofwel <strong data-start=\"316\" data-end=\"347\">een huisgemaakte fruittaart<\/strong> of een kunstig gedecoreerd meesterwerk van een patissier \u2013 die perfect past bij een kop koffie op dit moment van de dag!<\/p>\n<p data-start=\"472\" data-end=\"816\">In de theesalons en caf\u00e9s van de Elzas zijn er <strong data-start=\"519\" data-end=\"552\">ontelbare varianten van gebak<\/strong> te vinden. Van de beroemde <strong data-start=\"580\" data-end=\"628\">Schwarzw\u00e4lder Kirschtorte (Zwarte Woudtaart)<\/strong> tot <strong data-start=\"633\" data-end=\"700\">charlottes, crottins, op\u00e9ra, Paris-Brest, Saint-Honor\u00e9, \u00e9clairs<\/strong>, en talloze taarten of <strong data-start=\"724\" data-end=\"736\">strudels<\/strong>, meestal bereid met <strong data-start=\"757\" data-end=\"783\">verse seizoensvruchten<\/strong> zoals mirabellen en bosbessen.<\/p>\n<p data-start=\"818\" data-end=\"1059\">Als koffie met gebak zo diep geworteld is in de Elzasser levensstijl, komt dat misschien omdat <strong data-start=\"913\" data-end=\"1056\">een taart bakken voor iemand \u2013 of het nu voor een feest, een verjaardag of gewoon uit plezier is \u2013 een typisch Elzasser teken van liefde is<\/strong>.<\/p>\n<h3 data-start=\"1061\" data-end=\"1119\" data-is-last-node=\"\" data-is-only-node=\"\"><strong data-start=\"1065\" data-end=\"1119\" data-is-last-node=\"\">Bon app\u00e9tit en geniet van je koffie met gebak! \ud83c\udf70\u2615<\/strong><\/h3>\n\t\t\t\t\t\t\t\t<\/div>\n\t\t\t\t<\/div>\n\t\t\t\t\t<\/div>\n\t\t<\/div>\n\t\t\t\t\t<\/div>\n\t\t<\/section>\n\t\t\t\t<section class=\"elementor-section elementor-top-section elementor-element elementor-element-c95065b elementor-section-full_width elementor-section-height-default elementor-section-height-default\" data-id=\"c95065b\" data-element_type=\"section\">\n\t\t\t\t\t\t<div class=\"elementor-container elementor-column-gap-default\">\n\t\t\t\t\t<div class=\"elementor-column elementor-col-50 elementor-top-column elementor-element elementor-element-2b156ca\" data-id=\"2b156ca\" data-element_type=\"column\" data-settings=\"{&quot;background_background&quot;:&quot;classic&quot;}\">\n\t\t\t<div class=\"elementor-widget-wrap elementor-element-populated\">\n\t\t\t\t\t\t<div class=\"elementor-element elementor-element-1eba29f elementor-position-left elementor-view-default elementor-widget elementor-widget-themo-header\" data-id=\"1eba29f\" data-element_type=\"widget\" data-widget_type=\"themo-header.default\">\n\t\t\t\t<div class=\"elementor-widget-container\">\n\t\t\t\t\t\t\t<div class=\"th-header-wrap\">\n        <div class=\"elementor-icon-box-wrapper \">\n                            <div class=\"elementor-icon-box-content\">\n                    <h3 class=\"elementor-icon-box-title\">\n                        Keuzestress!                    <\/h3>\n                                        <p class=\"elementor-icon-box-description\">Net als andere traditionele Elzasser specialiteiten, is het nemen van een \"Caf\u00e9-Kuchen\" een typische zoete pauze tussen de lunch en het diner, een gewoonte die uit Duitsland is overgenomen. Of het nu een huisgemaakte fruittaart is of een meesterwerk van een patissier met een verfijnde decoratie, een heerlijk stuk gebak hoort absoluut bij een goede koffie op dit moment van de dag!\r\n\r\nIn de theesalons en caf\u00e9s van Colmar vind je een eindeloze variatie aan gebak: van de beroemde Schwarzw\u00e4lder Kirschtorte (Zwarte Woudtaart) tot charlottes, crottins, opera\u2019s, Paris-Brest, Saint-Honor\u00e9, \u00e9clairs en talloze taarten of strudels, meestal bereid met verse seizoensvruchten (zoals mirabellen en bosbessen).\r\n\r\nAls koffie met gebak zo diep geworteld is in de Elzasser levensstijl, komt dat misschien omdat een taart bakken voor iemand \u2013 of het nu voor een feest, een verjaardag of gewoon uit plezier is \u2013 een echt teken van liefde is in deze regio.<\/p>\n\n                                    <\/div>\n            <\/div>\n\n        <\/div>\n\n\t\t\t\t\t\t<\/div>\n\t\t\t\t<\/div>\n\t\t\t\t<div class=\"elementor-element elementor-element-97ae761 elementor-position-left elementor-view-default elementor-widget elementor-widget-themo-header\" data-id=\"97ae761\" data-element_type=\"widget\" data-widget_type=\"themo-header.default\">\n\t\t\t\t<div class=\"elementor-widget-container\">\n\t\t\t\t\t\t\t<div class=\"th-header-wrap\">\n        <div class=\"elementor-icon-box-wrapper \">\n                            <div class=\"elementor-icon-box-content\">\n                    <h2 class=\"elementor-icon-box-title\">\n                        L'Art\u00e9mise                    <\/h2>\n                                        <p class=\"elementor-icon-box-description\">\ud83d\udccd 10 Rue des \u00c9coles | Openingstijden: 10:00\u201318:00 (gesloten op dinsdag en woensdag)<\/p>\n\n                                    <\/div>\n            <\/div>\n\n        <\/div>\n\n\t\t\t\t\t\t<\/div>\n\t\t\t\t<\/div>\n\t\t\t\t<div class=\"elementor-element elementor-element-7b27901 elementor-position-left elementor-view-default elementor-widget elementor-widget-themo-header\" data-id=\"7b27901\" data-element_type=\"widget\" data-widget_type=\"themo-header.default\">\n\t\t\t\t<div class=\"elementor-widget-container\">\n\t\t\t\t\t\t\t<div class=\"th-header-wrap\">\n        <div class=\"elementor-icon-box-wrapper \">\n                            <div class=\"elementor-icon-box-content\">\n                    <h2 class=\"elementor-icon-box-title\">\n                        Le Boudoir                    <\/h2>\n                                        <p class=\"elementor-icon-box-description\">\ud83d\udccd 15 Grand Rue | Openingstijden: 08:30\u201318:00 (gesloten op zondag)<\/p>\n\n                                    <\/div>\n            <\/div>\n\n        <\/div>\n\n\t\t\t\t\t\t<\/div>\n\t\t\t\t<\/div>\n\t\t\t\t<div class=\"elementor-element elementor-element-d2088d5 elementor-position-left elementor-view-default elementor-widget elementor-widget-themo-header\" data-id=\"d2088d5\" data-element_type=\"widget\" data-widget_type=\"themo-header.default\">\n\t\t\t\t<div class=\"elementor-widget-container\">\n\t\t\t\t\t\t\t<div class=\"th-header-wrap\">\n        <div class=\"elementor-icon-box-wrapper \">\n                            <div class=\"elementor-icon-box-content\">\n                    <h2 class=\"elementor-icon-box-title\">\n                        L'Atelier de Yann                    <\/h2>\n                                        <p class=\"elementor-icon-box-description\">\ud83d\udccd 11 Pl. de la Cath\u00e9drale | Openingstijden: 08:30\u201318:00 (gesloten op zondag)<\/p>\n\n                                    <\/div>\n            <\/div>\n\n        <\/div>\n\n\t\t\t\t\t\t<\/div>\n\t\t\t\t<\/div>\n\t\t\t\t<div class=\"elementor-element elementor-element-7ee1395 elementor-position-left elementor-view-default elementor-widget elementor-widget-themo-header\" data-id=\"7ee1395\" data-element_type=\"widget\" data-widget_type=\"themo-header.default\">\n\t\t\t\t<div class=\"elementor-widget-container\">\n\t\t\t\t\t\t\t<div class=\"th-header-wrap\">\n        <div class=\"elementor-icon-box-wrapper \">\n                            <div class=\"elementor-icon-box-content\">\n                    <h2 class=\"elementor-icon-box-title\">\n                        Virevol'Th\u00e9s &amp; Gourmandises                    <\/h2>\n                                        <p class=\"elementor-icon-box-description\">\ud83d\udccd 2 Rue Rapp | Openingstijden: 09:00\u201318:00 (gesloten op maandag en zondag)<\/p>\n\n                                    <\/div>\n            <\/div>\n\n        <\/div>\n\n\t\t\t\t\t\t<\/div>\n\t\t\t\t<\/div>\n\t\t\t\t<div class=\"elementor-element elementor-element-cdd0cad elementor-position-left elementor-view-default elementor-widget elementor-widget-themo-header\" data-id=\"cdd0cad\" data-element_type=\"widget\" data-widget_type=\"themo-header.default\">\n\t\t\t\t<div class=\"elementor-widget-container\">\n\t\t\t\t\t\t\t<div class=\"th-header-wrap\">\n        <div class=\"elementor-icon-box-wrapper \">\n                            <div class=\"elementor-icon-box-content\">\n                    <h2 class=\"elementor-icon-box-title\">\n                        L'Essence du Th\u00e9                    <\/h2>\n                                        <p class=\"elementor-icon-box-description\">\ud83d\udccd 38 Bis Rue des Marchands | Openingstijden: 10:00\u201318:30 (gesloten op zondag)<\/p>\n\n                                    <\/div>\n            <\/div>\n\n        <\/div>\n\n\t\t\t\t\t\t<\/div>\n\t\t\t\t<\/div>\n\t\t\t\t<div class=\"elementor-element elementor-element-abc62fd elementor-position-left elementor-view-default elementor-widget elementor-widget-themo-header\" data-id=\"abc62fd\" data-element_type=\"widget\" data-widget_type=\"themo-header.default\">\n\t\t\t\t<div class=\"elementor-widget-container\">\n\t\t\t\t\t\t\t<div class=\"th-header-wrap\">\n        <div class=\"elementor-icon-box-wrapper \">\n                            <div class=\"elementor-icon-box-content\">\n                    <h2 class=\"elementor-icon-box-title\">\n                        Salon de Th\u00e9 Grand'Rue (in Straatsburg)                    <\/h2>\n                                        <p class=\"elementor-icon-box-description\">\ud83d\udccd 80 Grand'Rue, Straatsburg | Openingstijden: 08:30\u201318:30 (dinsdag tot zaterdag)<\/p>\n\n                                    <\/div>\n            <\/div>\n\n        <\/div>\n\n\t\t\t\t\t\t<\/div>\n\t\t\t\t<\/div>\n\t\t\t\t<div class=\"elementor-element elementor-element-2391333 th-btn-align-center elementor-widget elementor-widget-themo-button\" data-id=\"2391333\" data-element_type=\"widget\" data-widget_type=\"themo-button.default\">\n\t\t\t\t<div class=\"elementor-widget-container\">\n\t\t\t\t\t\n                \t\t\t<a class=\"btn-1 btn th-btn btn-standard-primary\" href=\"https:\/\/maison1934.com\/ou-nous-trouver\/#contact\">\n\t\t\t\t\t\t\t\t\tMeer informatie\t\t\t\t\t\t\t<\/a>\n\t\t\n        \n\t\t\t\t\t\t<\/div>\n\t\t\t\t<\/div>\n\t\t\t\t\t<\/div>\n\t\t<\/div>\n\t\t\t\t<div class=\"elementor-column elementor-col-50 elementor-top-column elementor-element elementor-element-0d756b1\" data-id=\"0d756b1\" data-element_type=\"column\" data-settings=\"{&quot;background_background&quot;:&quot;classic&quot;}\">\n\t\t\t<div class=\"elementor-widget-wrap elementor-element-populated\">\n\t\t\t\t\t\t<div class=\"elementor-element elementor-element-c74dabd elementor-widget elementor-widget-spacer\" data-id=\"c74dabd\" data-element_type=\"widget\" data-widget_type=\"spacer.default\">\n\t\t\t\t<div class=\"elementor-widget-container\">\n\t\t\t\t\t\t\t<div class=\"elementor-spacer\">\n\t\t\t<div class=\"elementor-spacer-inner\"><\/div>\n\t\t<\/div>\n\t\t\t\t\t\t<\/div>\n\t\t\t\t<\/div>\n\t\t\t\t\t<\/div>\n\t\t<\/div>\n\t\t\t\t\t<\/div>\n\t\t<\/section>\n\t\t\t\t<section class=\"elementor-section elementor-top-section elementor-element elementor-element-a340d70 elementor-section-boxed elementor-section-height-default elementor-section-height-default\" data-id=\"a340d70\" data-element_type=\"section\">\n\t\t\t\t\t\t<div class=\"elementor-container elementor-column-gap-default\">\n\t\t\t\t\t<div class=\"elementor-column elementor-col-100 elementor-top-column elementor-element elementor-element-5d8b857\" data-id=\"5d8b857\" data-element_type=\"column\">\n\t\t\t<div class=\"elementor-widget-wrap elementor-element-populated\">\n\t\t\t\t\t\t<div class=\"elementor-element elementor-element-fe0f367 elementor-widget elementor-widget-spacer\" data-id=\"fe0f367\" data-element_type=\"widget\" data-widget_type=\"spacer.default\">\n\t\t\t\t<div class=\"elementor-widget-container\">\n\t\t\t\t\t\t\t<div class=\"elementor-spacer\">\n\t\t\t<div class=\"elementor-spacer-inner\"><\/div>\n\t\t<\/div>\n\t\t\t\t\t\t<\/div>\n\t\t\t\t<\/div>\n\t\t\t\t\t<\/div>\n\t\t<\/div>\n\t\t\t\t\t<\/div>\n\t\t<\/section>\n\t\t\t\t<\/div>\n\t\t","protected":false},"excerpt":{"rendered":"<p>Theesalons Een niet te missen instelling voor fijnproevers Koffiepauze op zijn Elzassisch \u2013 Caf\u00e9 Kuchen Net als andere traditionele Elzasser specialiteiten, is &#8220;een koffie nemen&#8221; of een &#8220;Caf\u00e9 Kuchen&#8221; een typische gewoonte in de regio, overgenomen uit Duitsland. Dit zoete &hellip; <a href=\"https:\/\/maison1934.com\/nl\/geniet-van\/theesalons\/\">Read More<\/a><\/p>\n","protected":false},"author":2,"featured_media":0,"parent":8520,"menu_order":9,"comment_status":"closed","ping_status":"closed","template":"","meta":{"_acf_changed":false,"footnotes":""},"class_list":["post-8604","page","type-page","status-publish","hentry"],"acf":[],"yoast_head":"<!-- This site is optimized with the Yoast SEO plugin v26.7 - https:\/\/yoast.com\/wordpress\/plugins\/seo\/ -->\n<title>Theesalons - Maison 1934<\/title>\n<meta name=\"robots\" content=\"index, follow, max-snippet:-1, max-image-preview:large, max-video-preview:-1\" \/>\n<link rel=\"canonical\" href=\"https:\/\/maison1934.com\/nl\/geniet-van\/theesalons\/\" \/>\n<meta property=\"og:locale\" content=\"nl_NL\" \/>\n<meta property=\"og:type\" content=\"article\" \/>\n<meta property=\"og:title\" content=\"Theesalons - Maison 1934\" \/>\n<meta property=\"og:description\" content=\"Theesalons Een niet te missen instelling voor fijnproevers Koffiepauze op zijn Elzassisch \u2013 Caf\u00e9 Kuchen Net als andere traditionele Elzasser specialiteiten, is &#8220;een koffie nemen&#8221; of een &#8220;Caf\u00e9 Kuchen&#8221; een typische gewoonte in de regio, overgenomen uit Duitsland. Dit zoete &hellip; Read More\" \/>\n<meta property=\"og:url\" content=\"https:\/\/maison1934.com\/nl\/geniet-van\/theesalons\/\" \/>\n<meta property=\"og:site_name\" content=\"Maison 1934\" \/>\n<meta property=\"article:modified_time\" content=\"2025-03-16T02:09:08+00:00\" \/>\n<meta name=\"twitter:card\" content=\"summary_large_image\" \/>\n<meta name=\"twitter:label1\" content=\"Geschatte leestijd\" \/>\n\t<meta name=\"twitter:data1\" content=\"2 minuten\" \/>\n<script type=\"application\/ld+json\" class=\"yoast-schema-graph\">{\"@context\":\"https:\/\/schema.org\",\"@graph\":[{\"@type\":\"WebPage\",\"@id\":\"https:\/\/maison1934.com\/nl\/geniet-van\/theesalons\/\",\"url\":\"https:\/\/maison1934.com\/nl\/geniet-van\/theesalons\/\",\"name\":\"Theesalons - Maison 1934\",\"isPartOf\":{\"@id\":\"https:\/\/maison1934.com\/nl\/#website\"},\"datePublished\":\"2021-07-16T12:30:55+00:00\",\"dateModified\":\"2025-03-16T02:09:08+00:00\",\"breadcrumb\":{\"@id\":\"https:\/\/maison1934.com\/nl\/geniet-van\/theesalons\/#breadcrumb\"},\"inLanguage\":\"nl-NL\",\"potentialAction\":[{\"@type\":\"ReadAction\",\"target\":[\"https:\/\/maison1934.com\/nl\/geniet-van\/theesalons\/\"]}]},{\"@type\":\"BreadcrumbList\",\"@id\":\"https:\/\/maison1934.com\/nl\/geniet-van\/theesalons\/#breadcrumb\",\"itemListElement\":[{\"@type\":\"ListItem\",\"position\":1,\"name\":\"Accueil\",\"item\":\"https:\/\/maison1934.com\/nl\/\"},{\"@type\":\"ListItem\",\"position\":2,\"name\":\"Genieten\",\"item\":\"https:\/\/maison1934.com\/nl\/savourer\/\"},{\"@type\":\"ListItem\",\"position\":3,\"name\":\"Theesalons\"}]},{\"@type\":\"WebSite\",\"@id\":\"https:\/\/maison1934.com\/nl\/#website\",\"url\":\"https:\/\/maison1934.com\/nl\/\",\"name\":\"Maison 1934\",\"description\":\"Vos appart&#039;h\u00f4tels \u00e0 Colmar\",\"potentialAction\":[{\"@type\":\"SearchAction\",\"target\":{\"@type\":\"EntryPoint\",\"urlTemplate\":\"https:\/\/maison1934.com\/nl\/?s={search_term_string}\"},\"query-input\":{\"@type\":\"PropertyValueSpecification\",\"valueRequired\":true,\"valueName\":\"search_term_string\"}}],\"inLanguage\":\"nl-NL\"}]}<\/script>\n<!-- \/ Yoast SEO plugin. -->","yoast_head_json":{"title":"Theesalons - Maison 1934","robots":{"index":"index","follow":"follow","max-snippet":"max-snippet:-1","max-image-preview":"max-image-preview:large","max-video-preview":"max-video-preview:-1"},"canonical":"https:\/\/maison1934.com\/nl\/geniet-van\/theesalons\/","og_locale":"nl_NL","og_type":"article","og_title":"Theesalons - Maison 1934","og_description":"Theesalons Een niet te missen instelling voor fijnproevers Koffiepauze op zijn Elzassisch \u2013 Caf\u00e9 Kuchen Net als andere traditionele Elzasser specialiteiten, is &#8220;een koffie nemen&#8221; of een &#8220;Caf\u00e9 Kuchen&#8221; een typische gewoonte in de regio, overgenomen uit Duitsland. Dit zoete &hellip; Read More","og_url":"https:\/\/maison1934.com\/nl\/geniet-van\/theesalons\/","og_site_name":"Maison 1934","article_modified_time":"2025-03-16T02:09:08+00:00","twitter_card":"summary_large_image","twitter_misc":{"Geschatte leestijd":"2 minuten"},"schema":{"@context":"https:\/\/schema.org","@graph":[{"@type":"WebPage","@id":"https:\/\/maison1934.com\/nl\/geniet-van\/theesalons\/","url":"https:\/\/maison1934.com\/nl\/geniet-van\/theesalons\/","name":"Theesalons - Maison 1934","isPartOf":{"@id":"https:\/\/maison1934.com\/nl\/#website"},"datePublished":"2021-07-16T12:30:55+00:00","dateModified":"2025-03-16T02:09:08+00:00","breadcrumb":{"@id":"https:\/\/maison1934.com\/nl\/geniet-van\/theesalons\/#breadcrumb"},"inLanguage":"nl-NL","potentialAction":[{"@type":"ReadAction","target":["https:\/\/maison1934.com\/nl\/geniet-van\/theesalons\/"]}]},{"@type":"BreadcrumbList","@id":"https:\/\/maison1934.com\/nl\/geniet-van\/theesalons\/#breadcrumb","itemListElement":[{"@type":"ListItem","position":1,"name":"Accueil","item":"https:\/\/maison1934.com\/nl\/"},{"@type":"ListItem","position":2,"name":"Genieten","item":"https:\/\/maison1934.com\/nl\/savourer\/"},{"@type":"ListItem","position":3,"name":"Theesalons"}]},{"@type":"WebSite","@id":"https:\/\/maison1934.com\/nl\/#website","url":"https:\/\/maison1934.com\/nl\/","name":"Maison 1934","description":"Vos appart&#039;h\u00f4tels \u00e0 Colmar","potentialAction":[{"@type":"SearchAction","target":{"@type":"EntryPoint","urlTemplate":"https:\/\/maison1934.com\/nl\/?s={search_term_string}"},"query-input":{"@type":"PropertyValueSpecification","valueRequired":true,"valueName":"search_term_string"}}],"inLanguage":"nl-NL"}]}},"_links":{"self":[{"href":"https:\/\/maison1934.com\/nl\/wp-json\/wp\/v2\/pages\/8604","targetHints":{"allow":["GET"]}}],"collection":[{"href":"https:\/\/maison1934.com\/nl\/wp-json\/wp\/v2\/pages"}],"about":[{"href":"https:\/\/maison1934.com\/nl\/wp-json\/wp\/v2\/types\/page"}],"author":[{"embeddable":true,"href":"https:\/\/maison1934.com\/nl\/wp-json\/wp\/v2\/users\/2"}],"replies":[{"embeddable":true,"href":"https:\/\/maison1934.com\/nl\/wp-json\/wp\/v2\/comments?post=8604"}],"version-history":[{"count":16,"href":"https:\/\/maison1934.com\/nl\/wp-json\/wp\/v2\/pages\/8604\/revisions"}],"predecessor-version":[{"id":14887,"href":"https:\/\/maison1934.com\/nl\/wp-json\/wp\/v2\/pages\/8604\/revisions\/14887"}],"up":[{"embeddable":true,"href":"https:\/\/maison1934.com\/nl\/wp-json\/wp\/v2\/pages\/8520"}],"wp:attachment":[{"href":"https:\/\/maison1934.com\/nl\/wp-json\/wp\/v2\/media?parent=8604"}],"curies":[{"name":"wp","href":"https:\/\/api.w.org\/{rel}","templated":true}]}}